{"id":89442,"date":"2018-04-20T09:40:31","date_gmt":"2022-11-04T16:06:41","guid":{"rendered":"https:\/\/staging.agrovin.com\/sem%20categoria\/compakcel-100\/"},"modified":"2025-10-06T10:16:43","modified_gmt":"2025-10-06T08:16:43","slug":"compakcel-100","status":"publish","type":"product","link":"https:\/\/agrovin.com\/pt-pt\/produtos-enologia\/filtracao\/compakcel-100\/","title":{"rendered":"COMPAKCEL 100"},"content":{"rendered":"<h3>CARACTER\u00cdSTICAS<\/h3>\n<ul>\n<li>Aumento da efici\u00eancia da filtra\u00e7\u00e3o.<\/li>\n<li>Melhora a estabilidade do pr\u00e9-tratamento durante a filtra\u00e7\u00e3o e o desempenho do peso do filtrado.<\/li>\n<li>Molhagem r\u00e1pida atrav\u00e9s da redu\u00e7\u00e3o do tempo de forma\u00e7\u00e3o precoce.<\/li>\n<li>Distribui\u00e7\u00e3o homog\u00e9nea do pr\u00e9-revestimento sobre toda a superf\u00edcie do filtro.<\/li>\n<li>Elevado poder de adsor\u00e7\u00e3o de humidade e col\u00f3ides em suspens\u00e3o, gra\u00e7as \u00e0 elevada \u00e1rea de superf\u00edcie espec\u00edfica do produto e \u00e0 sua qu\u00edmica de superf\u00edcie especial.<\/li>\n<li>Resist\u00eancia aos choques de press\u00e3o, especialmente nos filtros de placa verticais. &#8211; Separa\u00e7\u00e3o f\u00e1cil do pr\u00e9-revestimento no final da filtra\u00e7\u00e3o, mesmo em filtros de descarga autom\u00e1tica.<\/li>\n<\/ul>\n<h3>CANDIDATURA<\/h3>\n<p>Algumas das aplica\u00e7\u00f5es da Compakcel s\u00e3o:<\/p>\n<ul>\n<li>Remo\u00e7\u00e3o de humidade e s\u00f3lidos em \u00f3leos comest\u00edveis.<\/li>\n<li>Remo\u00e7\u00e3o de humidade e s\u00f3lidos de \u00f3leos industriais.<\/li>\n<li>Filtra\u00e7\u00e3o de sumos e concentrados.<\/li>\n<li>Remo\u00e7\u00e3o de gorduras em l\u00edquidos aquosos.<\/li>\n<li>Filtra\u00e7\u00e3o de l\u00edquidos alimentares em geral.<\/li>\n<li>Assistente de filtra\u00e7\u00e3o na ind\u00fastria farmac\u00eautica e qu\u00edmica.<\/li>\n<\/ul>\n","protected":false},"excerpt":{"rendered":"<p>Compakcel \u00e9 um auxiliar de filtra\u00e7\u00e3o a ser utilizado no processo de pr\u00e9-tratamento, antes do in\u00edcio da filtra\u00e7\u00e3o, melhorando a forma\u00e7\u00e3o da filtra\u00e7\u00e3o.<\/p>\n","protected":false},"featured_media":34805,"template":"","meta":{"_acf_changed":false,"inline_featured_image":false,"site-sidebar-layout":"default","site-content-layout":"default","ast-site-content-layout":"default","site-content-style":"default","site-sidebar-style":"default","ast-global-header-display":"","ast-banner-title-visibility":"","ast-main-header-display":"","ast-hfb-above-header-display":"","ast-hfb-below-header-display":"","ast-hfb-mobile-header-display":"","site-post-title":"","ast-breadcrumbs-content":"","ast-featured-img":"","footer-sml-layout":"","ast-disable-related-posts":"","theme-transparent-header-meta":"default","adv-header-id-meta":"","stick-header-meta":"","header-above-stick-meta":"","header-main-stick-meta":"","header-below-stick-meta":"","astra-migrate-meta-layouts":"set","ast-page-background-enabled":"default","ast-page-background-meta":{"desktop":{"background-color":"var(--ast-global-color-5)","background-image":"","background-repeat":"repeat","background-position":"center center","background-size":"auto","background-attachment":"scroll","background-type":"","background-media":"","overlay-type":"","overlay-color":"","overlay-opacity":"","overlay-gradient":""},"tablet":{"background-color":"","background-image":"","background-repeat":"repeat","background-position":"center center","background-size":"auto","background-attachment":"scroll","background-type":"","background-media":"","overlay-type":"","overlay-color":"","overlay-opacity":"","overlay-gradient":""},"mobile":{"background-color":"","background-image":"","background-repeat":"repeat","background-position":"center center","background-size":"auto","background-attachment":"scroll","background-type":"","background-media":"","overlay-type":"","overlay-color":"","overlay-opacity":"","overlay-gradient":""}},"ast-content-background-meta":{"desktop":{"background-color":"var(--ast-global-color-4)","background-image":"","background-repeat":"repeat","background-position":"center center","background-size":"auto","background-attachment":"scroll","background-type":"","background-media":"","overlay-type":"","overlay-color":"","overlay-opacity":"","overlay-gradient":""},"tablet":{"background-color":"var(--ast-global-color-4)","background-image":"","background-repeat":"repeat","background-position":"center center","background-size":"auto","background-attachment":"scroll","background-type":"","background-media":"","overlay-type":"","overlay-color":"","overlay-opacity":"","overlay-gradient":""},"mobile":{"background-color":"var(--ast-global-color-4)","background-image":"","background-repeat":"repeat","background-position":"center center","background-size":"auto","background-attachment":"scroll","background-type":"","background-media":"","overlay-type":"","overlay-color":"","overlay-opacity":"","overlay-gradient":""}}},"product_brand":[],"product_cat":[359],"product_tag":[658],"class_list":{"0":"post-89442","1":"product","2":"type-product","3":"status-publish","4":"has-post-thumbnail","6":"product_cat-filtracao","7":"product_tag-silicato-de-ativado-e-celulose","8":"pa_ecologico-eu-autorizada","9":"pa_ecologico-nop-usda-autorizada","10":"desktop-align-left","11":"tablet-align-left","12":"mobile-align-left","14":"first","15":"instock","16":"virtual","17":"product-type-simple"},"acf":[],"_links":{"self":[{"href":"https:\/\/agrovin.com\/pt-pt\/wp-json\/wp\/v2\/product\/89442","targetHints":{"allow":["GET"]}}],"collection":[{"href":"https:\/\/agrovin.com\/pt-pt\/wp-json\/wp\/v2\/product"}],"about":[{"href":"https:\/\/agrovin.com\/pt-pt\/wp-json\/wp\/v2\/types\/product"}],"version-history":[{"count":1,"href":"https:\/\/agrovin.com\/pt-pt\/wp-json\/wp\/v2\/product\/89442\/revisions"}],"predecessor-version":[{"id":122211,"href":"https:\/\/agrovin.com\/pt-pt\/wp-json\/wp\/v2\/product\/89442\/revisions\/122211"}],"wp:featuredmedia":[{"embeddable":true,"href":"https:\/\/agrovin.com\/pt-pt\/wp-json\/wp\/v2\/media\/34805"}],"wp:attachment":[{"href":"https:\/\/agrovin.com\/pt-pt\/wp-json\/wp\/v2\/media?parent=89442"}],"wp:term":[{"taxonomy":"product_brand","embeddable":true,"href":"https:\/\/agrovin.com\/pt-pt\/wp-json\/wp\/v2\/product_brand?post=89442"},{"taxonomy":"product_cat","embeddable":true,"href":"https:\/\/agrovin.com\/pt-pt\/wp-json\/wp\/v2\/product_cat?post=89442"},{"taxonomy":"product_tag","embeddable":true,"href":"https:\/\/agrovin.com\/pt-pt\/wp-json\/wp\/v2\/product_tag?post=89442"}],"curies":[{"name":"wp","href":"https:\/\/api.w.org\/{rel}","templated":true}]}}