{"id":89432,"date":"2018-04-20T09:19:35","date_gmt":"2022-11-04T16:06:26","guid":{"rendered":"https:\/\/staging.agrovin.com\/sem%20categoria\/randalite\/"},"modified":"2022-11-05T16:10:11","modified_gmt":"2022-11-05T15:10:11","slug":"randalite","status":"publish","type":"product","link":"https:\/\/agrovin.com\/pt-pt\/produtos-enologia\/filtracao\/randalite\/","title":{"rendered":"RANDALITE"},"content":{"rendered":"<h3>CARACTER\u00cdSTICAS<\/h3>\n<p>A perolita randalita tem \u00e1gua oclu\u00edda em combina\u00e7\u00e3o, o que lhe confere a propriedade excepcional de se expandir quando sujeita a temperaturas elevadas.<\/p>\n<p>A perlite expandida, ap\u00f3s delicados processos de esmagamento e classifica\u00e7\u00e3o, \u00e9 transformada num auxiliar de filtragem cujas part\u00edculas encravadas podem formar um bolo incompress\u00edvel, com 80-90 % de espa\u00e7os ocos, atrav\u00e9s dos quais os l\u00edquidos a filtrar passar\u00e3o, retendo os elementos s\u00f3lidos em suspens\u00e3o, mesmo os de tamanho microsc\u00f3pico.<\/p>\n<h3>CANDIDATURA<\/h3>\n<p>O randalite \u00e9 utilizado para a filtragem de l\u00edquidos farmac\u00eauticos ou alimentares, tais como vinho, glucose, a\u00e7\u00facar, cerveja, mostos, licores, \u00e1gua, \u00f3leos e produtos farmac\u00eauticos em geral.<\/p>\n<p>O randalite \u00e9 uma perlite especialmente adequada para fazer um pr\u00e9-tratamento consistente e f\u00e1cil de gerir em filtros de v\u00e1cuo. Devido \u00e0 sua baixa granulometria, permite a obten\u00e7\u00e3o de l\u00edquidos com boa limpeza.<\/p>\n","protected":false},"excerpt":{"rendered":"<p>Randalite s\u00e3o perlites resultantes do processamento de uma rocha vulc\u00e2nica cuja composi\u00e7\u00e3o qu\u00edmica consiste principalmente em di\u00f3xido de sil\u00edcio (SiO2) e \u00f3xido de alum\u00ednio (Al2O3), bem como outros compostos.<\/p>\n","protected":false},"featured_media":22032,"template":"","meta":{"_acf_changed":false,"inline_featured_image":false,"site-sidebar-layout":"default","site-content-layout":"default","ast-site-content-layout":"default","site-content-style":"default","site-sidebar-style":"default","ast-global-header-display":"","ast-banner-title-visibility":"","ast-main-header-display":"","ast-hfb-above-header-display":"","ast-hfb-below-header-display":"","ast-hfb-mobile-header-display":"","site-post-title":"","ast-breadcrumbs-content":"","ast-featured-img":"","footer-sml-layout":"","ast-disable-related-posts":"","theme-transparent-header-meta":"default","adv-header-id-meta":"","stick-header-meta":"","header-above-stick-meta":"","header-main-stick-meta":"","header-below-stick-meta":"","astra-migrate-meta-layouts":"default","ast-page-background-enabled":"default","ast-page-background-meta":{"desktop":{"background-color":"var(--ast-global-color-5)","background-image":"","background-repeat":"repeat","background-position":"center center","background-size":"auto","background-attachment":"scroll","background-type":"","background-media":"","overlay-type":"","overlay-color":"","overlay-opacity":"","overlay-gradient":""},"tablet":{"background-color":"","background-image":"","background-repeat":"repeat","background-position":"center center","background-size":"auto","background-attachment":"scroll","background-type":"","background-media":"","overlay-type":"","overlay-color":"","overlay-opacity":"","overlay-gradient":""},"mobile":{"background-color":"","background-image":"","background-repeat":"repeat","background-position":"center center","background-size":"auto","background-attachment":"scroll","background-type":"","background-media":"","overlay-type":"","overlay-color":"","overlay-opacity":"","overlay-gradient":""}},"ast-content-background-meta":{"desktop":{"background-color":"var(--ast-global-color-4)","background-image":"","background-repeat":"repeat","background-position":"center center","background-size":"auto","background-attachment":"scroll","background-type":"","background-media":"","overlay-type":"","overlay-color":"","overlay-opacity":"","overlay-gradient":""},"tablet":{"background-color":"var(--ast-global-color-4)","background-image":"","background-repeat":"repeat","background-position":"center center","background-size":"auto","background-attachment":"scroll","background-type":"","background-media":"","overlay-type":"","overlay-color":"","overlay-opacity":"","overlay-gradient":""},"mobile":{"background-color":"var(--ast-global-color-4)","background-image":"","background-repeat":"repeat","background-position":"center center","background-size":"auto","background-attachment":"scroll","background-type":"","background-media":"","overlay-type":"","overlay-color":"","overlay-opacity":"","overlay-gradient":""}}},"product_brand":[],"product_cat":[359],"product_tag":[],"class_list":{"0":"post-89432","1":"product","2":"type-product","3":"status-publish","4":"has-post-thumbnail","6":"product_cat-filtracao","7":"pa_ecologico-eu-autorizada","8":"pa_ecologico-nop-usda-autorizada","9":"desktop-align-left","10":"tablet-align-left","11":"mobile-align-left","13":"first","14":"instock","15":"virtual","16":"product-type-simple"},"acf":[],"_links":{"self":[{"href":"https:\/\/agrovin.com\/pt-pt\/wp-json\/wp\/v2\/product\/89432","targetHints":{"allow":["GET"]}}],"collection":[{"href":"https:\/\/agrovin.com\/pt-pt\/wp-json\/wp\/v2\/product"}],"about":[{"href":"https:\/\/agrovin.com\/pt-pt\/wp-json\/wp\/v2\/types\/product"}],"version-history":[{"count":0,"href":"https:\/\/agrovin.com\/pt-pt\/wp-json\/wp\/v2\/product\/89432\/revisions"}],"wp:featuredmedia":[{"embeddable":true,"href":"https:\/\/agrovin.com\/pt-pt\/wp-json\/wp\/v2\/media\/22032"}],"wp:attachment":[{"href":"https:\/\/agrovin.com\/pt-pt\/wp-json\/wp\/v2\/media?parent=89432"}],"wp:term":[{"taxonomy":"product_brand","embeddable":true,"href":"https:\/\/agrovin.com\/pt-pt\/wp-json\/wp\/v2\/product_brand?post=89432"},{"taxonomy":"product_cat","embeddable":true,"href":"https:\/\/agrovin.com\/pt-pt\/wp-json\/wp\/v2\/product_cat?post=89432"},{"taxonomy":"product_tag","embeddable":true,"href":"https:\/\/agrovin.com\/pt-pt\/wp-json\/wp\/v2\/product_tag?post=89432"}],"curies":[{"name":"wp","href":"https:\/\/api.w.org\/{rel}","templated":true}]}}