{"id":89422,"date":"2018-04-20T07:40:54","date_gmt":"2022-11-04T16:06:11","guid":{"rendered":"https:\/\/staging.agrovin.com\/sem%20categoria\/radicel\/"},"modified":"2022-11-05T16:21:21","modified_gmt":"2022-11-05T15:21:21","slug":"radicel","status":"publish","type":"product","link":"https:\/\/agrovin.com\/pt-pt\/produtos-enologia\/filtracao\/radicel\/","title":{"rendered":"RADICEL"},"content":{"rendered":"<h3>CARACTER\u00cdSTICAS<\/h3>\n<p>Gra\u00e7as ao pr\u00e9-tratamento, Radicel adquire uma alta capacidade de adsor\u00e7\u00e3o, tornando a celulose adequada para a forma\u00e7\u00e3o de pr\u00e9-revestimentos homog\u00e9neos em camadas filtrantes. Permite uma maior efici\u00eancia na filtra\u00e7\u00e3o, bem como uma elevada capacidade de reten\u00e7\u00e3o de profundidade, devido \u00e0 complexa rede que forma. \u00c9 altamente resistente a choques de press\u00e3o devido \u00e0 sua alta elasticidade, especialmente quando se trabalha com filtros com placas verticais.<\/p>\n<h3>CANDIDATURA<\/h3>\n<p>Na filtra\u00e7\u00e3o de:<\/p>\n<ul>\n<li>L\u00edquidos da ind\u00fastria alimentar: vinhos, mostos, sumos, cervejas, cidras e outros.<\/li>\n<li>L\u00edquidos de outras ind\u00fastrias: qu\u00edmica, farmac\u00eautica, etc., actuando como suporte para o pr\u00e9-tratamento dos panos de filtragem.<\/li>\n<\/ul>\n<p>Devido ao seu processo especial de fabrico, alcan\u00e7a uma molhagem perfeita ap\u00f3s mistura com terra de diatom\u00e1ceas e, portanto, uma camada filtrante completamente homog\u00e9nea.<\/p>\n","protected":false},"excerpt":{"rendered":"<p>Radicel \u00e9 um auxiliar de filtra\u00e7\u00e3o feito de celulose pura. \u00c9 um substrato quimicamente inerte, insol\u00favel em l\u00edquidos alimentares.<\/p>\n","protected":false},"featured_media":20308,"template":"","meta":{"_acf_changed":false,"inline_featured_image":false,"site-sidebar-layout":"default","site-content-layout":"default","ast-site-content-layout":"default","site-content-style":"default","site-sidebar-style":"default","ast-global-header-display":"","ast-banner-title-visibility":"","ast-main-header-display":"","ast-hfb-above-header-display":"","ast-hfb-below-header-display":"","ast-hfb-mobile-header-display":"","site-post-title":"","ast-breadcrumbs-content":"","ast-featured-img":"","footer-sml-layout":"","ast-disable-related-posts":"","theme-transparent-header-meta":"default","adv-header-id-meta":"","stick-header-meta":"","header-above-stick-meta":"","header-main-stick-meta":"","header-below-stick-meta":"","astra-migrate-meta-layouts":"default","ast-page-background-enabled":"default","ast-page-background-meta":{"desktop":{"background-color":"var(--ast-global-color-5)","background-image":"","background-repeat":"repeat","background-position":"center center","background-size":"auto","background-attachment":"scroll","background-type":"","background-media":"","overlay-type":"","overlay-color":"","overlay-opacity":"","overlay-gradient":""},"tablet":{"background-color":"","background-image":"","background-repeat":"repeat","background-position":"center center","background-size":"auto","background-attachment":"scroll","background-type":"","background-media":"","overlay-type":"","overlay-color":"","overlay-opacity":"","overlay-gradient":""},"mobile":{"background-color":"","background-image":"","background-repeat":"repeat","background-position":"center center","background-size":"auto","background-attachment":"scroll","background-type":"","background-media":"","overlay-type":"","overlay-color":"","overlay-opacity":"","overlay-gradient":""}},"ast-content-background-meta":{"desktop":{"background-color":"var(--ast-global-color-4)","background-image":"","background-repeat":"repeat","background-position":"center center","background-size":"auto","background-attachment":"scroll","background-type":"","background-media":"","overlay-type":"","overlay-color":"","overlay-opacity":"","overlay-gradient":""},"tablet":{"background-color":"var(--ast-global-color-4)","background-image":"","background-repeat":"repeat","background-position":"center center","background-size":"auto","background-attachment":"scroll","background-type":"","background-media":"","overlay-type":"","overlay-color":"","overlay-opacity":"","overlay-gradient":""},"mobile":{"background-color":"var(--ast-global-color-4)","background-image":"","background-repeat":"repeat","background-position":"center center","background-size":"auto","background-attachment":"scroll","background-type":"","background-media":"","overlay-type":"","overlay-color":"","overlay-opacity":"","overlay-gradient":""}}},"product_brand":[],"product_cat":[359],"product_tag":[],"class_list":{"0":"post-89422","1":"product","2":"type-product","3":"status-publish","4":"has-post-thumbnail","6":"product_cat-filtracao","7":"pa_ecologico-eu-autorizada","8":"pa_ecologico-nop-usda-autorizada","9":"desktop-align-left","10":"tablet-align-left","11":"mobile-align-left","13":"first","14":"instock","15":"virtual","16":"product-type-simple"},"acf":[],"_links":{"self":[{"href":"https:\/\/agrovin.com\/pt-pt\/wp-json\/wp\/v2\/product\/89422","targetHints":{"allow":["GET"]}}],"collection":[{"href":"https:\/\/agrovin.com\/pt-pt\/wp-json\/wp\/v2\/product"}],"about":[{"href":"https:\/\/agrovin.com\/pt-pt\/wp-json\/wp\/v2\/types\/product"}],"version-history":[{"count":0,"href":"https:\/\/agrovin.com\/pt-pt\/wp-json\/wp\/v2\/product\/89422\/revisions"}],"wp:featuredmedia":[{"embeddable":true,"href":"https:\/\/agrovin.com\/pt-pt\/wp-json\/wp\/v2\/media\/20308"}],"wp:attachment":[{"href":"https:\/\/agrovin.com\/pt-pt\/wp-json\/wp\/v2\/media?parent=89422"}],"wp:term":[{"taxonomy":"product_brand","embeddable":true,"href":"https:\/\/agrovin.com\/pt-pt\/wp-json\/wp\/v2\/product_brand?post=89422"},{"taxonomy":"product_cat","embeddable":true,"href":"https:\/\/agrovin.com\/pt-pt\/wp-json\/wp\/v2\/product_cat?post=89422"},{"taxonomy":"product_tag","embeddable":true,"href":"https:\/\/agrovin.com\/pt-pt\/wp-json\/wp\/v2\/product_tag?post=89422"}],"curies":[{"name":"wp","href":"https:\/\/api.w.org\/{rel}","templated":true}]}}