{"id":89417,"date":"2018-04-20T07:28:56","date_gmt":"2022-11-04T16:06:04","guid":{"rendered":"https:\/\/staging.agrovin.com\/sem%20categoria\/hidroxido-de-sodio-50\/"},"modified":"2025-10-06T10:26:54","modified_gmt":"2025-10-06T08:26:54","slug":"hidroxido-sodico-50","status":"publish","type":"product","link":"https:\/\/agrovin.com\/pt-pt\/produtos-enologia\/outros\/hidroxido-sodico-50\/","title":{"rendered":"HIDR\u00d3XIDO S\u00d3DICO 50%"},"content":{"rendered":"<h3>CARACTER\u00cdSTICAS<\/h3>\n<ul>\n<li>L\u00edquido incolor.<\/li>\n<li>Sol\u00favel em \u00e1gua.<\/li>\n<li>Detergente l\u00edquido fortemente alcalino.<\/li>\n<li>Boa capacidade de molhagem, aumentando a sua penetra\u00e7\u00e3o e dissolu\u00e7\u00e3o de sujidade.<\/li>\n<li>N\u00e3o produz espuma, facilitando o enxaguamento subsequente. -Pode ser doseado automaticamente.<\/li>\n<li>Compat\u00edvel com revestimentos de a\u00e7o inoxid\u00e1vel, ferro, vidro, telha e ep\u00f3xi resistente aos \u00e1lcalis.<\/li>\n<\/ul>\n<h3>CANDIDATURAS<\/h3>\n<ul>\n<li>Limpeza interior de v\u00e1rios recipientes: tanques, barris e outros recipientes.<\/li>\n<li>Limpeza de pavimentos fortemente oleados.<\/li>\n<li>T\u00faneis de lavagem autom\u00e1tica para caixotes, tabuleiros, etc.<\/li>\n<li>Limpeza de m\u00e1quinas (centr\u00edfugas).<\/li>\n<li>Lavagem de garrafas.<\/li>\n<li>Solu\u00e7\u00e3o de neutraliza\u00e7\u00e3o para o sistema FreeK\u207a<\/li>\n<\/ul>\n<h3>DOSAGEM<\/h3>\n<div class=\"page\" title=\"P\u00e1gina 1\">\n<div class=\"layoutArea\">\n<div class=\"column\">\n<p>A dosagem a ser aplicada depender\u00e1 da superf\u00edcie ou recipiente em que ser\u00e1 utilizada, bem como do grau de limpeza desejado.<\/p>\n<\/div>\n<\/div>\n<\/div>\n","protected":false},"excerpt":{"rendered":"<p>O hidr\u00f3xido de s\u00f3dio (NaOH) tamb\u00e9m conhecido como soda c\u00e1ustica \u00e9 um hidr\u00f3xido c\u00e1ustico amplamente utilizado na ind\u00fastria, principalmente como base qu\u00edmica.<\/p>\n","protected":false},"featured_media":34793,"template":"","meta":{"_acf_changed":false,"inline_featured_image":false,"site-sidebar-layout":"default","site-content-layout":"default","ast-site-content-layout":"default","site-content-style":"default","site-sidebar-style":"default","ast-global-header-display":"","ast-banner-title-visibility":"","ast-main-header-display":"","ast-hfb-above-header-display":"","ast-hfb-below-header-display":"","ast-hfb-mobile-header-display":"","site-post-title":"","ast-breadcrumbs-content":"","ast-featured-img":"","footer-sml-layout":"","ast-disable-related-posts":"","theme-transparent-header-meta":"default","adv-header-id-meta":"","stick-header-meta":"","header-above-stick-meta":"","header-main-stick-meta":"","header-below-stick-meta":"","astra-migrate-meta-layouts":"set","ast-page-background-enabled":"default","ast-page-background-meta":{"desktop":{"background-color":"var(--ast-global-color-5)","background-image":"","background-repeat":"repeat","background-position":"center center","background-size":"auto","background-attachment":"scroll","background-type":"","background-media":"","overlay-type":"","overlay-color":"","overlay-opacity":"","overlay-gradient":""},"tablet":{"background-color":"","background-image":"","background-repeat":"repeat","background-position":"center center","background-size":"auto","background-attachment":"scroll","background-type":"","background-media":"","overlay-type":"","overlay-color":"","overlay-opacity":"","overlay-gradient":""},"mobile":{"background-color":"","background-image":"","background-repeat":"repeat","background-position":"center center","background-size":"auto","background-attachment":"scroll","background-type":"","background-media":"","overlay-type":"","overlay-color":"","overlay-opacity":"","overlay-gradient":""}},"ast-content-background-meta":{"desktop":{"background-color":"var(--ast-global-color-4)","background-image":"","background-repeat":"repeat","background-position":"center center","background-size":"auto","background-attachment":"scroll","background-type":"","background-media":"","overlay-type":"","overlay-color":"","overlay-opacity":"","overlay-gradient":""},"tablet":{"background-color":"var(--ast-global-color-4)","background-image":"","background-repeat":"repeat","background-position":"center center","background-size":"auto","background-attachment":"scroll","background-type":"","background-media":"","overlay-type":"","overlay-color":"","overlay-opacity":"","overlay-gradient":""},"mobile":{"background-color":"var(--ast-global-color-4)","background-image":"","background-repeat":"repeat","background-position":"center center","background-size":"auto","background-attachment":"scroll","background-type":"","background-media":"","overlay-type":"","overlay-color":"","overlay-opacity":"","overlay-gradient":""}}},"product_brand":[],"product_cat":[1407],"product_tag":[],"class_list":{"0":"post-89417","1":"product","2":"type-product","3":"status-publish","4":"has-post-thumbnail","6":"product_cat-outros","7":"desktop-align-left","8":"tablet-align-left","9":"mobile-align-left","11":"first","12":"instock","13":"virtual","14":"product-type-simple"},"acf":[],"_links":{"self":[{"href":"https:\/\/agrovin.com\/pt-pt\/wp-json\/wp\/v2\/product\/89417","targetHints":{"allow":["GET"]}}],"collection":[{"href":"https:\/\/agrovin.com\/pt-pt\/wp-json\/wp\/v2\/product"}],"about":[{"href":"https:\/\/agrovin.com\/pt-pt\/wp-json\/wp\/v2\/types\/product"}],"version-history":[{"count":1,"href":"https:\/\/agrovin.com\/pt-pt\/wp-json\/wp\/v2\/product\/89417\/revisions"}],"predecessor-version":[{"id":122219,"href":"https:\/\/agrovin.com\/pt-pt\/wp-json\/wp\/v2\/product\/89417\/revisions\/122219"}],"wp:featuredmedia":[{"embeddable":true,"href":"https:\/\/agrovin.com\/pt-pt\/wp-json\/wp\/v2\/media\/34793"}],"wp:attachment":[{"href":"https:\/\/agrovin.com\/pt-pt\/wp-json\/wp\/v2\/media?parent=89417"}],"wp:term":[{"taxonomy":"product_brand","embeddable":true,"href":"https:\/\/agrovin.com\/pt-pt\/wp-json\/wp\/v2\/product_brand?post=89417"},{"taxonomy":"product_cat","embeddable":true,"href":"https:\/\/agrovin.com\/pt-pt\/wp-json\/wp\/v2\/product_cat?post=89417"},{"taxonomy":"product_tag","embeddable":true,"href":"https:\/\/agrovin.com\/pt-pt\/wp-json\/wp\/v2\/product_tag?post=89417"}],"curies":[{"name":"wp","href":"https:\/\/api.w.org\/{rel}","templated":true}]}}