{"id":89412,"date":"2018-04-20T07:39:28","date_gmt":"2022-11-04T16:05:57","guid":{"rendered":"https:\/\/staging.agrovin.com\/sem%20categoria\/radifil-rw-20-30-50-60-70\/"},"modified":"2025-10-06T10:25:55","modified_gmt":"2025-10-06T08:25:55","slug":"radifil-rw-20-30-50-60-70","status":"publish","type":"product","link":"https:\/\/agrovin.com\/pt-pt\/produtos-enologia\/filtracao\/radifil-rw-20-30-50-60-70\/","title":{"rendered":"RADIFIL RW (20, 30, 50, 60, 70)"},"content":{"rendered":"<h3>CARACTER\u00cdSTICAS<\/h3>\n<p>As diatom\u00e1ceas s\u00e3o derivadas de rochas sedimentares altamente porosas, consistindo essencialmente em conchas siliciosas fossilizadas de algas unicelulares microcosc\u00f3picas e s\u00e3o utilizadas como auxiliares de filtra\u00e7\u00e3o, devido \u00e0 sua porosidade e elevada capacidade de adsor\u00e7\u00e3o.<\/p>\n<p>Devido \u00e0 sua elevada porosidade, a diatomite extra\u00edda das pedreiras cont\u00e9m 60-70% de \u00e1gua. Depois de mo\u00eddo, o min\u00e9rio \u00e9 seco, triturado e depois purificado at\u00e9 se formar p\u00f3.<\/p>\n<p>As diatom\u00e1ceas Radifil RW s\u00e3o ent\u00e3o calcinadas em fornos entre 800 e 1100o C. Esta calcina\u00e7\u00e3o remove a mat\u00e9ria org\u00e2nica e aglomera as diatom\u00e1ceas, sem alterar a sua porosidade.<\/p>\n<p>Depois de arrefecido, o produto \u00e9 mo\u00eddo e depois classificado de modo a fazer cortes precisos de tamanho de part\u00edculas, respondendo \u00e0s v\u00e1rias aplica\u00e7\u00f5es.<\/p>\n<h3>CANDIDATURA<\/h3>\n<p>Filtra\u00e7\u00e3o de bebidas tais como mostos, vinhos, cervejas, sumos, cidras, \u00f3leos e gorduras.<\/p>\n","protected":false},"excerpt":{"rendered":"<p>Radifil RW s\u00e3o terras diatom\u00e1ceas com uma permeabilidade m\u00e9dia entre 0,90 e 17,5 esp\u00e9cies de di\u00e1toma.<\/p>\n","protected":false},"featured_media":20830,"template":"","meta":{"_acf_changed":false,"inline_featured_image":false,"site-sidebar-layout":"default","site-content-layout":"default","ast-site-content-layout":"default","site-content-style":"default","site-sidebar-style":"default","ast-global-header-display":"","ast-banner-title-visibility":"","ast-main-header-display":"","ast-hfb-above-header-display":"","ast-hfb-below-header-display":"","ast-hfb-mobile-header-display":"","site-post-title":"","ast-breadcrumbs-content":"","ast-featured-img":"","footer-sml-layout":"","ast-disable-related-posts":"","theme-transparent-header-meta":"default","adv-header-id-meta":"","stick-header-meta":"","header-above-stick-meta":"","header-main-stick-meta":"","header-below-stick-meta":"","astra-migrate-meta-layouts":"set","ast-page-background-enabled":"default","ast-page-background-meta":{"desktop":{"background-color":"var(--ast-global-color-5)","background-image":"","background-repeat":"repeat","background-position":"center center","background-size":"auto","background-attachment":"scroll","background-type":"","background-media":"","overlay-type":"","overlay-color":"","overlay-opacity":"","overlay-gradient":""},"tablet":{"background-color":"","background-image":"","background-repeat":"repeat","background-position":"center center","background-size":"auto","background-attachment":"scroll","background-type":"","background-media":"","overlay-type":"","overlay-color":"","overlay-opacity":"","overlay-gradient":""},"mobile":{"background-color":"","background-image":"","background-repeat":"repeat","background-position":"center center","background-size":"auto","background-attachment":"scroll","background-type":"","background-media":"","overlay-type":"","overlay-color":"","overlay-opacity":"","overlay-gradient":""}},"ast-content-background-meta":{"desktop":{"background-color":"var(--ast-global-color-4)","background-image":"","background-repeat":"repeat","background-position":"center center","background-size":"auto","background-attachment":"scroll","background-type":"","background-media":"","overlay-type":"","overlay-color":"","overlay-opacity":"","overlay-gradient":""},"tablet":{"background-color":"var(--ast-global-color-4)","background-image":"","background-repeat":"repeat","background-position":"center center","background-size":"auto","background-attachment":"scroll","background-type":"","background-media":"","overlay-type":"","overlay-color":"","overlay-opacity":"","overlay-gradient":""},"mobile":{"background-color":"var(--ast-global-color-4)","background-image":"","background-repeat":"repeat","background-position":"center center","background-size":"auto","background-attachment":"scroll","background-type":"","background-media":"","overlay-type":"","overlay-color":"","overlay-opacity":"","overlay-gradient":""}}},"product_brand":[],"product_cat":[359],"product_tag":[],"class_list":{"0":"post-89412","1":"product","2":"type-product","3":"status-publish","4":"has-post-thumbnail","6":"product_cat-filtracao","7":"pa_ecologico-eu-autorizada","8":"desktop-align-left","9":"tablet-align-left","10":"mobile-align-left","12":"first","13":"instock","14":"virtual","15":"product-type-simple"},"acf":[],"_links":{"self":[{"href":"https:\/\/agrovin.com\/pt-pt\/wp-json\/wp\/v2\/product\/89412","targetHints":{"allow":["GET"]}}],"collection":[{"href":"https:\/\/agrovin.com\/pt-pt\/wp-json\/wp\/v2\/product"}],"about":[{"href":"https:\/\/agrovin.com\/pt-pt\/wp-json\/wp\/v2\/types\/product"}],"version-history":[{"count":1,"href":"https:\/\/agrovin.com\/pt-pt\/wp-json\/wp\/v2\/product\/89412\/revisions"}],"predecessor-version":[{"id":122218,"href":"https:\/\/agrovin.com\/pt-pt\/wp-json\/wp\/v2\/product\/89412\/revisions\/122218"}],"wp:featuredmedia":[{"embeddable":true,"href":"https:\/\/agrovin.com\/pt-pt\/wp-json\/wp\/v2\/media\/20830"}],"wp:attachment":[{"href":"https:\/\/agrovin.com\/pt-pt\/wp-json\/wp\/v2\/media?parent=89412"}],"wp:term":[{"taxonomy":"product_brand","embeddable":true,"href":"https:\/\/agrovin.com\/pt-pt\/wp-json\/wp\/v2\/product_brand?post=89412"},{"taxonomy":"product_cat","embeddable":true,"href":"https:\/\/agrovin.com\/pt-pt\/wp-json\/wp\/v2\/product_cat?post=89412"},{"taxonomy":"product_tag","embeddable":true,"href":"https:\/\/agrovin.com\/pt-pt\/wp-json\/wp\/v2\/product_tag?post=89412"}],"curies":[{"name":"wp","href":"https:\/\/api.w.org\/{rel}","templated":true}]}}