{"id":89402,"date":"2018-04-19T15:00:59","date_gmt":"2022-11-04T16:05:40","guid":{"rendered":"https:\/\/staging.agrovin.com\/sem%20categoria\/viniferm-e-104\/"},"modified":"2022-11-05T15:20:34","modified_gmt":"2022-11-05T14:20:34","slug":"viniferm-oe-104","status":"publish","type":"product","link":"https:\/\/agrovin.com\/pt-pt\/produtos-enologia\/bacterias-lacticas\/viniferm-oe-104\/","title":{"rendered":"VINIFERM OE 104"},"content":{"rendered":"<h3>CARACTER\u00cdSTICAS<\/h3>\n<p>O Viniferm acetileno 104 garante um maior n\u00famero e viabilidade das bact\u00e9rias l\u00e1cticas do que as culturas l\u00e1cticas convencionais.<\/p>\n<p>As cepas Oenococcus oeni em Viniferm &#8216;104 v\u00eam da selec\u00e7\u00e3o natural das regi\u00f5es vin\u00edcolas da Pen\u00ednsula Ib\u00e9rica e est\u00e3o perfeitamente adaptadas \u00e0s condi\u00e7\u00f5es enol\u00f3gicas das nossas latitudes. Caracterizam-se pelo m\u00e1ximo respeito pelo car\u00e1cter varietal do vinho, tanto em termos anal\u00edticos como sensoriais.<\/p>\n<p>A aplica\u00e7\u00e3o de acepipes seleccionados de Vinifermes 104 culturas l\u00edquidas limita o risco de produ\u00e7\u00e3o de aminas biog\u00e9nicas.<\/p>\n<h3>CANDIDATURA<\/h3>\n<ul>\n<li>Cultura de Oenococcus oeni adaptada a vinhos com alta express\u00e3o polifen\u00f3lica.<\/li>\n<li>Particularmente adequado para a produ\u00e7\u00e3o de vinhos tintos com macera\u00e7\u00f5es longas e\/ou elevado teor total de polifen\u00f3is.<\/li>\n<li>Adequado para todas as variedades vermelhas: Tempranillo, Garnacha, Monastrell, Merlot, Cabernet Sauvignon, Syrah.<\/li>\n<li>Excelentes resultados na fermenta\u00e7\u00e3o malol\u00e1ctica em barris.<\/li>\n<\/ul>\n<h3>DOSAGEM<\/h3>\n<ul>\n<li>1 l: Dosagem para 10.000 litros de vinho (100hl).<\/li>\n<li>500 ml: Dosagem para 5.000 litros de vinho (50hl).<\/li>\n<li>30 ml: Dosagem para barril (225 l).<\/li>\n<\/ul>\n","protected":false},"excerpt":{"rendered":"<p>Os acepipes 104 s\u00e3o culturas l\u00edquidas prontas a usar de bact\u00e9rias l\u00e1cticas adaptadas \u00e0s condi\u00e7\u00f5es do vinho. Est\u00e3o em condi\u00e7\u00f5es \u00f3ptimas para iniciar a fermenta\u00e7\u00e3o malol\u00e1ctica a partir do momento da inocula\u00e7\u00e3o.<\/p>\n","protected":false},"featured_media":121638,"template":"","meta":{"_acf_changed":false,"inline_featured_image":false,"site-sidebar-layout":"default","site-content-layout":"default","ast-site-content-layout":"default","site-content-style":"default","site-sidebar-style":"default","ast-global-header-display":"","ast-banner-title-visibility":"","ast-main-header-display":"","ast-hfb-above-header-display":"","ast-hfb-below-header-display":"","ast-hfb-mobile-header-display":"","site-post-title":"","ast-breadcrumbs-content":"","ast-featured-img":"","footer-sml-layout":"","ast-disable-related-posts":"","theme-transparent-header-meta":"default","adv-header-id-meta":"","stick-header-meta":"","header-above-stick-meta":"","header-main-stick-meta":"","header-below-stick-meta":"","astra-migrate-meta-layouts":"default","ast-page-background-enabled":"default","ast-page-background-meta":{"desktop":{"background-color":"var(--ast-global-color-5)","background-image":"","background-repeat":"repeat","background-position":"center center","background-size":"auto","background-attachment":"scroll","background-type":"","background-media":"","overlay-type":"","overlay-color":"","overlay-opacity":"","overlay-gradient":""},"tablet":{"background-color":"","background-image":"","background-repeat":"repeat","background-position":"center center","background-size":"auto","background-attachment":"scroll","background-type":"","background-media":"","overlay-type":"","overlay-color":"","overlay-opacity":"","overlay-gradient":""},"mobile":{"background-color":"","background-image":"","background-repeat":"repeat","background-position":"center center","background-size":"auto","background-attachment":"scroll","background-type":"","background-media":"","overlay-type":"","overlay-color":"","overlay-opacity":"","overlay-gradient":""}},"ast-content-background-meta":{"desktop":{"background-color":"var(--ast-global-color-4)","background-image":"","background-repeat":"repeat","background-position":"center center","background-size":"auto","background-attachment":"scroll","background-type":"","background-media":"","overlay-type":"","overlay-color":"","overlay-opacity":"","overlay-gradient":""},"tablet":{"background-color":"var(--ast-global-color-4)","background-image":"","background-repeat":"repeat","background-position":"center center","background-size":"auto","background-attachment":"scroll","background-type":"","background-media":"","overlay-type":"","overlay-color":"","overlay-opacity":"","overlay-gradient":""},"mobile":{"background-color":"var(--ast-global-color-4)","background-image":"","background-repeat":"repeat","background-position":"center center","background-size":"auto","background-attachment":"scroll","background-type":"","background-media":"","overlay-type":"","overlay-color":"","overlay-opacity":"","overlay-gradient":""}}},"product_brand":[],"product_cat":[157],"product_tag":[],"class_list":{"0":"post-89402","1":"product","2":"type-product","3":"status-publish","4":"has-post-thumbnail","6":"product_cat-bacterias-lacticas","7":"desktop-align-left","8":"tablet-align-left","9":"mobile-align-left","11":"first","12":"instock","13":"virtual","14":"product-type-simple"},"acf":[],"_links":{"self":[{"href":"https:\/\/agrovin.com\/pt-pt\/wp-json\/wp\/v2\/product\/89402","targetHints":{"allow":["GET"]}}],"collection":[{"href":"https:\/\/agrovin.com\/pt-pt\/wp-json\/wp\/v2\/product"}],"about":[{"href":"https:\/\/agrovin.com\/pt-pt\/wp-json\/wp\/v2\/types\/product"}],"version-history":[{"count":0,"href":"https:\/\/agrovin.com\/pt-pt\/wp-json\/wp\/v2\/product\/89402\/revisions"}],"wp:featuredmedia":[{"embeddable":true,"href":"https:\/\/agrovin.com\/pt-pt\/wp-json\/wp\/v2\/media\/121638"}],"wp:attachment":[{"href":"https:\/\/agrovin.com\/pt-pt\/wp-json\/wp\/v2\/media?parent=89402"}],"wp:term":[{"taxonomy":"product_brand","embeddable":true,"href":"https:\/\/agrovin.com\/pt-pt\/wp-json\/wp\/v2\/product_brand?post=89402"},{"taxonomy":"product_cat","embeddable":true,"href":"https:\/\/agrovin.com\/pt-pt\/wp-json\/wp\/v2\/product_cat?post=89402"},{"taxonomy":"product_tag","embeddable":true,"href":"https:\/\/agrovin.com\/pt-pt\/wp-json\/wp\/v2\/product_tag?post=89402"}],"curies":[{"name":"wp","href":"https:\/\/api.w.org\/{rel}","templated":true}]}}