{"id":89387,"date":"2018-04-19T15:56:17","date_gmt":"2022-11-04T16:05:18","guid":{"rendered":"https:\/\/staging.agrovin.com\/sem%20categoria\/croer-do\/"},"modified":"2022-11-05T15:43:25","modified_gmt":"2022-11-05T14:43:25","slug":"croer-do","status":"publish","type":"product","link":"https:\/\/agrovin.com\/pt-pt\/produtos-enologia\/outros\/croer-do\/","title":{"rendered":"CROER DO"},"content":{"rendered":"<h3>CANDIDATURA<\/h3>\n<p>Eliminar os aromas de redu\u00e7\u00e3o em mostos e vinhos brancos.<\/p>\n<h3>COMPOSI\u00c7\u00c3O<\/h3>\n<p>Croer DO Pine carv\u00e3o activado de madeira de pinho.<\/p>\n<h3>INSTRU\u00c7\u00d5ES DE UTILIZA\u00c7\u00c3O<\/h3>\n<ol>\n<li>Dissolver o Croer DO em 2 vezes o seu peso no produto a ser tratado.<\/li>\n<li>Adicionar a solu\u00e7\u00e3o ao volume total do produto a ser tratado por meio de uma bomba, at\u00e9 \u00e0 sua completa homogeneiza\u00e7\u00e3o.<\/li>\n<li>Deixar actuar durante 2 horas, at\u00e9 ser decantado.<\/li>\n<li>Filtrar o produto para remover o carbono em suspens\u00e3o.<\/li>\n<\/ol>\n<h3>QUALIDADES ORGANOL\u00c9PTICAS<\/h3>\n<p>A aplica\u00e7\u00e3o do Croer DO tem um efeito desodorizante, bem como a remo\u00e7\u00e3o de poluentes.<\/p>\n<h3>DOSAGEM<\/h3>\n<p>Dose recomendada: 5 &#8211; 10 g\/hl<\/p>\n<p>Dose m\u00e1xima autorizada: 100 g\/hl.<\/p>\n","protected":false},"excerpt":{"rendered":"<p>Croer DO \u00e9 um carv\u00e3o activado a vapor de \u00e1gua produzido a partir de madeira de pinho. Caracteriza-se por um grande n\u00famero de micro e mesoporos adequados para a remo\u00e7\u00e3o de pequenas mol\u00e9culas.<\/p>\n","protected":false},"featured_media":24193,"template":"","meta":{"_acf_changed":false,"inline_featured_image":false,"site-sidebar-layout":"default","site-content-layout":"default","ast-site-content-layout":"default","site-content-style":"default","site-sidebar-style":"default","ast-global-header-display":"","ast-banner-title-visibility":"","ast-main-header-display":"","ast-hfb-above-header-display":"","ast-hfb-below-header-display":"","ast-hfb-mobile-header-display":"","site-post-title":"","ast-breadcrumbs-content":"","ast-featured-img":"","footer-sml-layout":"","ast-disable-related-posts":"","theme-transparent-header-meta":"default","adv-header-id-meta":"","stick-header-meta":"","header-above-stick-meta":"","header-main-stick-meta":"","header-below-stick-meta":"","astra-migrate-meta-layouts":"default","ast-page-background-enabled":"default","ast-page-background-meta":{"desktop":{"background-color":"var(--ast-global-color-5)","background-image":"","background-repeat":"repeat","background-position":"center center","background-size":"auto","background-attachment":"scroll","background-type":"","background-media":"","overlay-type":"","overlay-color":"","overlay-opacity":"","overlay-gradient":""},"tablet":{"background-color":"","background-image":"","background-repeat":"repeat","background-position":"center center","background-size":"auto","background-attachment":"scroll","background-type":"","background-media":"","overlay-type":"","overlay-color":"","overlay-opacity":"","overlay-gradient":""},"mobile":{"background-color":"","background-image":"","background-repeat":"repeat","background-position":"center center","background-size":"auto","background-attachment":"scroll","background-type":"","background-media":"","overlay-type":"","overlay-color":"","overlay-opacity":"","overlay-gradient":""}},"ast-content-background-meta":{"desktop":{"background-color":"var(--ast-global-color-4)","background-image":"","background-repeat":"repeat","background-position":"center center","background-size":"auto","background-attachment":"scroll","background-type":"","background-media":"","overlay-type":"","overlay-color":"","overlay-opacity":"","overlay-gradient":""},"tablet":{"background-color":"var(--ast-global-color-4)","background-image":"","background-repeat":"repeat","background-position":"center center","background-size":"auto","background-attachment":"scroll","background-type":"","background-media":"","overlay-type":"","overlay-color":"","overlay-opacity":"","overlay-gradient":""},"mobile":{"background-color":"var(--ast-global-color-4)","background-image":"","background-repeat":"repeat","background-position":"center center","background-size":"auto","background-attachment":"scroll","background-type":"","background-media":"","overlay-type":"","overlay-color":"","overlay-opacity":"","overlay-gradient":""}}},"product_brand":[],"product_cat":[1407],"product_tag":[],"class_list":{"0":"post-89387","1":"product","2":"type-product","3":"status-publish","4":"has-post-thumbnail","6":"product_cat-outros","7":"pa_ecologico-eu-autorizada","8":"pa_ecologico-nop-usda-autorizada","9":"pa_objetivo-clarificacao","10":"desktop-align-left","11":"tablet-align-left","12":"mobile-align-left","14":"first","15":"instock","16":"virtual","17":"product-type-simple"},"acf":[],"_links":{"self":[{"href":"https:\/\/agrovin.com\/pt-pt\/wp-json\/wp\/v2\/product\/89387","targetHints":{"allow":["GET"]}}],"collection":[{"href":"https:\/\/agrovin.com\/pt-pt\/wp-json\/wp\/v2\/product"}],"about":[{"href":"https:\/\/agrovin.com\/pt-pt\/wp-json\/wp\/v2\/types\/product"}],"version-history":[{"count":0,"href":"https:\/\/agrovin.com\/pt-pt\/wp-json\/wp\/v2\/product\/89387\/revisions"}],"wp:featuredmedia":[{"embeddable":true,"href":"https:\/\/agrovin.com\/pt-pt\/wp-json\/wp\/v2\/media\/24193"}],"wp:attachment":[{"href":"https:\/\/agrovin.com\/pt-pt\/wp-json\/wp\/v2\/media?parent=89387"}],"wp:term":[{"taxonomy":"product_brand","embeddable":true,"href":"https:\/\/agrovin.com\/pt-pt\/wp-json\/wp\/v2\/product_brand?post=89387"},{"taxonomy":"product_cat","embeddable":true,"href":"https:\/\/agrovin.com\/pt-pt\/wp-json\/wp\/v2\/product_cat?post=89387"},{"taxonomy":"product_tag","embeddable":true,"href":"https:\/\/agrovin.com\/pt-pt\/wp-json\/wp\/v2\/product_tag?post=89387"}],"curies":[{"name":"wp","href":"https:\/\/api.w.org\/{rel}","templated":true}]}}