{"id":89367,"date":"2018-04-19T14:45:00","date_gmt":"2022-11-04T16:04:50","guid":{"rendered":"https:\/\/staging.agrovin.com\/sem%20categoria\/viniferm-nstd\/"},"modified":"2022-11-05T15:15:15","modified_gmt":"2022-11-05T14:15:15","slug":"viniferm-nstd","status":"publish","type":"product","link":"https:\/\/agrovin.com\/pt-pt\/produtos-enologia\/leveduras\/viniferm-nstd\/","title":{"rendered":"VINIFERM NSTD"},"content":{"rendered":"<h3>CARACTER\u00cdSTICAS<\/h3>\n<p>No nariz: Aumenta a complexidade e o espectro arom\u00e1tico dos vinhos. Intensifica os registos florais atrav\u00e9s da produ\u00e7\u00e3o de etanol de \u03b2-fenil (rosa, flor branca) e o car\u00e1cter varietal atrav\u00e9s da sua potente actividade de \u03b2-lyase (toranja, boxwood).<\/p>\n<p>Na boca: D\u00e1 redondeza e volume aos vinhos devido \u00e0 sua importante liberta\u00e7\u00e3o de manoprote\u00ednas.<\/p>\n<h3>CANDIDATURA<\/h3>\n<ul>\n<li>Vinhos brancos e tintos de castas em que \u00e9 importante acentuar as sensa\u00e7\u00f5es no paladar.<\/li>\n<li>Fermenta\u00e7\u00f5es controladas de variedades neutras onde se deseja um aumento da complexidade arom\u00e1tica.<\/li>\n<li>Produ\u00e7\u00e3o de vinhos ros\u00e9s com car\u00e1cter floral e volume aumentado no paladar.<\/li>\n<\/ul>\n<h3>DOSAGEM<\/h3>\n<p>Vinifica\u00e7\u00e3o 20-30 g\/hl<\/p>\n","protected":false},"excerpt":{"rendered":"<p>Viniferm NS TD \u00e9 uma cepa de Torulaspora delbrueckii seleccionada pela sua aptid\u00e3o para o melhoramento sensorial dos vinhos.<\/p>\n","protected":false},"featured_media":31383,"template":"","meta":{"_acf_changed":false,"inline_featured_image":false,"site-sidebar-layout":"default","site-content-layout":"default","ast-site-content-layout":"default","site-content-style":"default","site-sidebar-style":"default","ast-global-header-display":"","ast-banner-title-visibility":"","ast-main-header-display":"","ast-hfb-above-header-display":"","ast-hfb-below-header-display":"","ast-hfb-mobile-header-display":"","site-post-title":"","ast-breadcrumbs-content":"","ast-featured-img":"","footer-sml-layout":"","ast-disable-related-posts":"","theme-transparent-header-meta":"default","adv-header-id-meta":"","stick-header-meta":"","header-above-stick-meta":"","header-main-stick-meta":"","header-below-stick-meta":"","astra-migrate-meta-layouts":"default","ast-page-background-enabled":"default","ast-page-background-meta":{"desktop":{"background-color":"var(--ast-global-color-5)","background-image":"","background-repeat":"repeat","background-position":"center center","background-size":"auto","background-attachment":"scroll","background-type":"","background-media":"","overlay-type":"","overlay-color":"","overlay-opacity":"","overlay-gradient":""},"tablet":{"background-color":"","background-image":"","background-repeat":"repeat","background-position":"center center","background-size":"auto","background-attachment":"scroll","background-type":"","background-media":"","overlay-type":"","overlay-color":"","overlay-opacity":"","overlay-gradient":""},"mobile":{"background-color":"","background-image":"","background-repeat":"repeat","background-position":"center center","background-size":"auto","background-attachment":"scroll","background-type":"","background-media":"","overlay-type":"","overlay-color":"","overlay-opacity":"","overlay-gradient":""}},"ast-content-background-meta":{"desktop":{"background-color":"var(--ast-global-color-4)","background-image":"","background-repeat":"repeat","background-position":"center center","background-size":"auto","background-attachment":"scroll","background-type":"","background-media":"","overlay-type":"","overlay-color":"","overlay-opacity":"","overlay-gradient":""},"tablet":{"background-color":"var(--ast-global-color-4)","background-image":"","background-repeat":"repeat","background-position":"center center","background-size":"auto","background-attachment":"scroll","background-type":"","background-media":"","overlay-type":"","overlay-color":"","overlay-opacity":"","overlay-gradient":""},"mobile":{"background-color":"var(--ast-global-color-4)","background-image":"","background-repeat":"repeat","background-position":"center center","background-size":"auto","background-attachment":"scroll","background-type":"","background-media":"","overlay-type":"","overlay-color":"","overlay-opacity":"","overlay-gradient":""}}},"product_brand":[],"product_cat":[2088],"product_tag":[],"class_list":{"0":"post-89367","1":"product","2":"type-product","3":"status-publish","4":"has-post-thumbnail","6":"product_cat-leveduras","7":"pa_aplicacion-fa-e-fml-pt","8":"pa_estilo-de-vino-branco","9":"pa_estilo-de-vino-espumante","10":"pa_estilo-de-vino-rose-pt","11":"pa_estilo-de-vino-tinto-pt","12":"desktop-align-left","13":"tablet-align-left","14":"mobile-align-left","16":"first","17":"instock","18":"virtual","19":"product-type-simple"},"acf":[],"_links":{"self":[{"href":"https:\/\/agrovin.com\/pt-pt\/wp-json\/wp\/v2\/product\/89367","targetHints":{"allow":["GET"]}}],"collection":[{"href":"https:\/\/agrovin.com\/pt-pt\/wp-json\/wp\/v2\/product"}],"about":[{"href":"https:\/\/agrovin.com\/pt-pt\/wp-json\/wp\/v2\/types\/product"}],"version-history":[{"count":0,"href":"https:\/\/agrovin.com\/pt-pt\/wp-json\/wp\/v2\/product\/89367\/revisions"}],"wp:featuredmedia":[{"embeddable":true,"href":"https:\/\/agrovin.com\/pt-pt\/wp-json\/wp\/v2\/media\/31383"}],"wp:attachment":[{"href":"https:\/\/agrovin.com\/pt-pt\/wp-json\/wp\/v2\/media?parent=89367"}],"wp:term":[{"taxonomy":"product_brand","embeddable":true,"href":"https:\/\/agrovin.com\/pt-pt\/wp-json\/wp\/v2\/product_brand?post=89367"},{"taxonomy":"product_cat","embeddable":true,"href":"https:\/\/agrovin.com\/pt-pt\/wp-json\/wp\/v2\/product_cat?post=89367"},{"taxonomy":"product_tag","embeddable":true,"href":"https:\/\/agrovin.com\/pt-pt\/wp-json\/wp\/v2\/product_tag?post=89367"}],"curies":[{"name":"wp","href":"https:\/\/api.w.org\/{rel}","templated":true}]}}