{"id":89362,"date":"2018-04-19T14:28:07","date_gmt":"2022-11-04T16:04:42","guid":{"rendered":"https:\/\/staging.agrovin.com\/sem%20categoria\/viniferm-pdm\/"},"modified":"2022-11-05T16:58:20","modified_gmt":"2022-11-05T15:58:20","slug":"viniferm-pdm","status":"publish","type":"product","link":"https:\/\/agrovin.com\/pt-pt\/produtos-enologia\/leveduras\/viniferm-pdm\/","title":{"rendered":"VINIFERM PDM"},"content":{"rendered":"<h3>CARACTER\u00cdSTICAS<\/h3>\n<p>A sua actividade de fermenta\u00e7\u00e3o \u00e9 \u00f3ptima em situa\u00e7\u00f5es de car\u00eancia nutricional ou com uvas de elevado teor alco\u00f3lico potencial.<\/p>\n<h3>CANDIDATURA<\/h3>\n<ul>\n<li>Adaptado \u00e0 fermenta\u00e7\u00e3o de mostos fortemente clarificados, com baixo teor de subst\u00e2ncias azotadas e factores de crescimento.<\/li>\n<li>Fermenta\u00e7\u00f5es a baixa temperatura.<\/li>\n<li>Vinhos tintos de alto teor alco\u00f3lico e ros\u00e9s altamente clarificados.<\/li>\n<li>\u00c9 utilizado com sucesso em casos de fermenta\u00e7\u00e3o presa com elevado teor de \u00e1lcool e baixo teor de a\u00e7\u00facar.<\/li>\n<li>Excelentes resultados na fermenta\u00e7\u00e3o secund\u00e1ria, tanto em tanque como em garrafa.<\/li>\n<li>Fase de curta dura\u00e7\u00e3o e espuma\u00e7\u00e3o gradual, conferindo caracteres finos e elegantes.<\/li>\n<\/ul>\n<h3>DOSAGEM<\/h3>\n<ul>\n<li>Vinifica\u00e7\u00e3o 20-30 g\/hl<\/li>\n<li>Espumante 30-40 g\/hl<\/li>\n<li>A fermenta\u00e7\u00e3o p\u00e1ra 30-50 g\/hl<\/li>\n<\/ul>\n","protected":false},"excerpt":{"rendered":"<p>Viniferm PDM \u00e9 uma levedura capaz de fermentar a baixas temperaturas e com mostos altamente clarificados.<\/p>\n","protected":false},"featured_media":27049,"template":"","meta":{"_acf_changed":false,"inline_featured_image":false,"site-sidebar-layout":"default","site-content-layout":"default","ast-site-content-layout":"default","site-content-style":"default","site-sidebar-style":"default","ast-global-header-display":"","ast-banner-title-visibility":"","ast-main-header-display":"","ast-hfb-above-header-display":"","ast-hfb-below-header-display":"","ast-hfb-mobile-header-display":"","site-post-title":"","ast-breadcrumbs-content":"","ast-featured-img":"","footer-sml-layout":"","ast-disable-related-posts":"","theme-transparent-header-meta":"default","adv-header-id-meta":"","stick-header-meta":"","header-above-stick-meta":"","header-main-stick-meta":"","header-below-stick-meta":"","astra-migrate-meta-layouts":"default","ast-page-background-enabled":"default","ast-page-background-meta":{"desktop":{"background-color":"var(--ast-global-color-5)","background-image":"","background-repeat":"repeat","background-position":"center center","background-size":"auto","background-attachment":"scroll","background-type":"","background-media":"","overlay-type":"","overlay-color":"","overlay-opacity":"","overlay-gradient":""},"tablet":{"background-color":"","background-image":"","background-repeat":"repeat","background-position":"center center","background-size":"auto","background-attachment":"scroll","background-type":"","background-media":"","overlay-type":"","overlay-color":"","overlay-opacity":"","overlay-gradient":""},"mobile":{"background-color":"","background-image":"","background-repeat":"repeat","background-position":"center center","background-size":"auto","background-attachment":"scroll","background-type":"","background-media":"","overlay-type":"","overlay-color":"","overlay-opacity":"","overlay-gradient":""}},"ast-content-background-meta":{"desktop":{"background-color":"var(--ast-global-color-4)","background-image":"","background-repeat":"repeat","background-position":"center center","background-size":"auto","background-attachment":"scroll","background-type":"","background-media":"","overlay-type":"","overlay-color":"","overlay-opacity":"","overlay-gradient":""},"tablet":{"background-color":"var(--ast-global-color-4)","background-image":"","background-repeat":"repeat","background-position":"center center","background-size":"auto","background-attachment":"scroll","background-type":"","background-media":"","overlay-type":"","overlay-color":"","overlay-opacity":"","overlay-gradient":""},"mobile":{"background-color":"var(--ast-global-color-4)","background-image":"","background-repeat":"repeat","background-position":"center center","background-size":"auto","background-attachment":"scroll","background-type":"","background-media":"","overlay-type":"","overlay-color":"","overlay-opacity":"","overlay-gradient":""}}},"product_brand":[],"product_cat":[2088],"product_tag":[810,404],"class_list":{"0":"post-89362","1":"product","2":"type-product","3":"status-publish","4":"has-post-thumbnail","6":"product_cat-leveduras","7":"product_tag-paradas-de-fermentacao","8":"product_tag-seguranca-fermentativa","9":"pa_aplicacion-fa-e-fml-pt","10":"pa_ecologico-eu-autorizada","11":"pa_ecologico-nop-usda-autorizada","12":"pa_estilo-de-vino-branco","13":"pa_estilo-de-vino-espumante","14":"pa_estilo-de-vino-rose-pt","15":"pa_objetivo-reativar-paragens-fermentacao","16":"pa_objetivo-seguranca-fermentativa","17":"pa_vegano-vegan-pt-pt","18":"desktop-align-left","19":"tablet-align-left","20":"mobile-align-left","22":"first","23":"instock","24":"shipping-taxable","25":"product-type-simple"},"acf":[],"_links":{"self":[{"href":"https:\/\/agrovin.com\/pt-pt\/wp-json\/wp\/v2\/product\/89362","targetHints":{"allow":["GET"]}}],"collection":[{"href":"https:\/\/agrovin.com\/pt-pt\/wp-json\/wp\/v2\/product"}],"about":[{"href":"https:\/\/agrovin.com\/pt-pt\/wp-json\/wp\/v2\/types\/product"}],"version-history":[{"count":0,"href":"https:\/\/agrovin.com\/pt-pt\/wp-json\/wp\/v2\/product\/89362\/revisions"}],"wp:featuredmedia":[{"embeddable":true,"href":"https:\/\/agrovin.com\/pt-pt\/wp-json\/wp\/v2\/media\/27049"}],"wp:attachment":[{"href":"https:\/\/agrovin.com\/pt-pt\/wp-json\/wp\/v2\/media?parent=89362"}],"wp:term":[{"taxonomy":"product_brand","embeddable":true,"href":"https:\/\/agrovin.com\/pt-pt\/wp-json\/wp\/v2\/product_brand?post=89362"},{"taxonomy":"product_cat","embeddable":true,"href":"https:\/\/agrovin.com\/pt-pt\/wp-json\/wp\/v2\/product_cat?post=89362"},{"taxonomy":"product_tag","embeddable":true,"href":"https:\/\/agrovin.com\/pt-pt\/wp-json\/wp\/v2\/product_tag?post=89362"}],"curies":[{"name":"wp","href":"https:\/\/api.w.org\/{rel}","templated":true}]}}