{"id":89342,"date":"2018-04-19T13:47:36","date_gmt":"2022-11-04T16:04:12","guid":{"rendered":"https:\/\/staging.agrovin.com\/sem%20categoria\/viniferm-klr\/"},"modified":"2024-04-23T21:50:31","modified_gmt":"2024-04-23T20:50:31","slug":"viniferm-klr","status":"publish","type":"product","link":"https:\/\/agrovin.com\/pt-pt\/produtos-enologia\/leveduras\/viniferm-klr\/","title":{"rendered":"VINIFERM KLR"},"content":{"rendered":"<h3>CANDIDATURA<\/h3>\n<ul>\n<li>Tens\u00e3o espec\u00edfica para flash e termovinifica\u00e7\u00e3o.<\/li>\n<li>Viniferm KLR , devido ao seu car\u00e1cter assassino, assegura uma boa e completa fermenta\u00e7\u00e3o alco\u00f3lica, consumindo todos os a\u00e7\u00facares do mosto, mesmo em condi\u00e7\u00f5es dif\u00edceis tais como: temperaturas de fermenta\u00e7\u00e3o extremas, mostos pobres em azoto assimil\u00e1vel e \u00e1cidos gordos, n\u00edveis elevados de \u00e1lcool, mostos altamente clarificados.<\/li>\n<li>Viniferm KLR respeita a tipicidade das vinhas que produzem poucos compostos arom\u00e1ticos, contribuindo positivamente para a complexidade e fineza arom\u00e1tica.<\/li>\n<li>Viniferm KLR \u00e9 recomendado para a vinifica\u00e7\u00e3o a baixa temperatura de vinhos brancos, ros\u00e9s e tintos, preservando a tipicidade varietal das vinhas.<\/li>\n<\/ul>\n<h3>DOSAGEM<\/h3>\n<ul>\n<li>Vinifica\u00e7\u00e3o 20-30 g\/hl.<\/li>\n<\/ul>\n","protected":false},"excerpt":{"rendered":"<p>Viniferm KLR \u00e9 uma levedura assassina (fen\u00f3tipo K2), assegurando o estabelecimento r\u00e1pido e completo da levedura em condi\u00e7\u00f5es dif\u00edceis tais como: altas temperaturas, grandes volumes ou popula\u00e7\u00f5es elevadas de leveduras ind\u00edgenas.<\/p>\n","protected":false},"featured_media":27115,"template":"","meta":{"_acf_changed":false,"inline_featured_image":false,"site-sidebar-layout":"default","site-content-layout":"default","ast-site-content-layout":"default","site-content-style":"default","site-sidebar-style":"default","ast-global-header-display":"","ast-banner-title-visibility":"","ast-main-header-display":"","ast-hfb-above-header-display":"","ast-hfb-below-header-display":"","ast-hfb-mobile-header-display":"","site-post-title":"","ast-breadcrumbs-content":"","ast-featured-img":"","footer-sml-layout":"","ast-disable-related-posts":"","theme-transparent-header-meta":"default","adv-header-id-meta":"","stick-header-meta":"","header-above-stick-meta":"","header-main-stick-meta":"","header-below-stick-meta":"","astra-migrate-meta-layouts":"default","ast-page-background-enabled":"default","ast-page-background-meta":{"desktop":{"background-color":"var(--ast-global-color-5)","background-image":"","background-repeat":"repeat","background-position":"center center","background-size":"auto","background-attachment":"scroll","background-type":"","background-media":"","overlay-type":"","overlay-color":"","overlay-opacity":"","overlay-gradient":""},"tablet":{"background-color":"","background-image":"","background-repeat":"repeat","background-position":"center center","background-size":"auto","background-attachment":"scroll","background-type":"","background-media":"","overlay-type":"","overlay-color":"","overlay-opacity":"","overlay-gradient":""},"mobile":{"background-color":"","background-image":"","background-repeat":"repeat","background-position":"center center","background-size":"auto","background-attachment":"scroll","background-type":"","background-media":"","overlay-type":"","overlay-color":"","overlay-opacity":"","overlay-gradient":""}},"ast-content-background-meta":{"desktop":{"background-color":"var(--ast-global-color-4)","background-image":"","background-repeat":"repeat","background-position":"center center","background-size":"auto","background-attachment":"scroll","background-type":"","background-media":"","overlay-type":"","overlay-color":"","overlay-opacity":"","overlay-gradient":""},"tablet":{"background-color":"var(--ast-global-color-4)","background-image":"","background-repeat":"repeat","background-position":"center center","background-size":"auto","background-attachment":"scroll","background-type":"","background-media":"","overlay-type":"","overlay-color":"","overlay-opacity":"","overlay-gradient":""},"mobile":{"background-color":"var(--ast-global-color-4)","background-image":"","background-repeat":"repeat","background-position":"center center","background-size":"auto","background-attachment":"scroll","background-type":"","background-media":"","overlay-type":"","overlay-color":"","overlay-opacity":"","overlay-gradient":""}}},"product_brand":[],"product_cat":[2088],"product_tag":[350],"class_list":{"0":"post-89342","1":"product","2":"type-product","3":"status-publish","4":"has-post-thumbnail","6":"product_cat-leveduras","7":"product_tag-aromas-varietales-pt-pt","8":"pa_aplicacion-fa-e-fml-pt","9":"pa_ecologico-eu-autorizada","10":"pa_ecologico-nop-usda-autorizada","11":"pa_estilo-de-vino-tinto-pt","12":"pa_vegano-vegan-pt-pt","13":"desktop-align-left","14":"tablet-align-left","15":"mobile-align-left","17":"first","18":"instock","19":"virtual","20":"product-type-simple"},"acf":[],"_links":{"self":[{"href":"https:\/\/agrovin.com\/pt-pt\/wp-json\/wp\/v2\/product\/89342","targetHints":{"allow":["GET"]}}],"collection":[{"href":"https:\/\/agrovin.com\/pt-pt\/wp-json\/wp\/v2\/product"}],"about":[{"href":"https:\/\/agrovin.com\/pt-pt\/wp-json\/wp\/v2\/types\/product"}],"version-history":[{"count":0,"href":"https:\/\/agrovin.com\/pt-pt\/wp-json\/wp\/v2\/product\/89342\/revisions"}],"wp:featuredmedia":[{"embeddable":true,"href":"https:\/\/agrovin.com\/pt-pt\/wp-json\/wp\/v2\/media\/27115"}],"wp:attachment":[{"href":"https:\/\/agrovin.com\/pt-pt\/wp-json\/wp\/v2\/media?parent=89342"}],"wp:term":[{"taxonomy":"product_brand","embeddable":true,"href":"https:\/\/agrovin.com\/pt-pt\/wp-json\/wp\/v2\/product_brand?post=89342"},{"taxonomy":"product_cat","embeddable":true,"href":"https:\/\/agrovin.com\/pt-pt\/wp-json\/wp\/v2\/product_cat?post=89342"},{"taxonomy":"product_tag","embeddable":true,"href":"https:\/\/agrovin.com\/pt-pt\/wp-json\/wp\/v2\/product_tag?post=89342"}],"curies":[{"name":"wp","href":"https:\/\/api.w.org\/{rel}","templated":true}]}}