{"id":89332,"date":"2018-04-19T11:05:39","date_gmt":"2022-11-04T16:03:58","guid":{"rendered":"https:\/\/staging.agrovin.com\/sem%20categoria\/viniferm-3d\/"},"modified":"2024-10-29T15:24:01","modified_gmt":"2024-10-29T13:24:01","slug":"viniferm-3d","status":"publish","type":"product","link":"https:\/\/agrovin.com\/pt-pt\/produtos-enologia\/leveduras\/viniferm-3d\/","title":{"rendered":"VINIFERM 3D"},"content":{"rendered":"<h3>CANDIDATURA<\/h3>\n<p>Excelente para a produ\u00e7\u00e3o de qualidade de variedades vermelhas como Cabernet Sauvignon, Merlot, Tempranillo, Monastrell.<\/p>\n<h3>DOSAGEM<\/h3>\n<ul>\n<li>Vinifica\u00e7\u00e3o 20-30 g\/hl<\/li>\n<\/ul>\n","protected":false},"excerpt":{"rendered":"<p>Viniferm 3D, levedura para vinhos mediterr\u00e2nicos, ajuda a desenvolver as caracter\u00edsticas arom\u00e1ticas e gustativas das uvas tintas de qualidade. Na boca intensifica o sabor residual e acrescenta presen\u00e7a e volume, suavizando a frac\u00e7\u00e3o fen\u00f3lica, suavizando a adstring\u00eancia e real\u00e7ando os taninos doces.<\/p>\n","protected":false},"featured_media":27079,"template":"","meta":{"_acf_changed":false,"inline_featured_image":false,"site-sidebar-layout":"default","site-content-layout":"default","ast-site-content-layout":"default","site-content-style":"default","site-sidebar-style":"default","ast-global-header-display":"","ast-banner-title-visibility":"","ast-main-header-display":"","ast-hfb-above-header-display":"","ast-hfb-below-header-display":"","ast-hfb-mobile-header-display":"","site-post-title":"","ast-breadcrumbs-content":"","ast-featured-img":"","footer-sml-layout":"","ast-disable-related-posts":"","theme-transparent-header-meta":"default","adv-header-id-meta":"","stick-header-meta":"","header-above-stick-meta":"","header-main-stick-meta":"","header-below-stick-meta":"","astra-migrate-meta-layouts":"set","ast-page-background-enabled":"default","ast-page-background-meta":{"desktop":{"background-color":"var(--ast-global-color-5)","background-image":"","background-repeat":"repeat","background-position":"center center","background-size":"auto","background-attachment":"scroll","background-type":"","background-media":"","overlay-type":"","overlay-color":"","overlay-opacity":"","overlay-gradient":""},"tablet":{"background-color":"","background-image":"","background-repeat":"repeat","background-position":"center center","background-size":"auto","background-attachment":"scroll","background-type":"","background-media":"","overlay-type":"","overlay-color":"","overlay-opacity":"","overlay-gradient":""},"mobile":{"background-color":"","background-image":"","background-repeat":"repeat","background-position":"center center","background-size":"auto","background-attachment":"scroll","background-type":"","background-media":"","overlay-type":"","overlay-color":"","overlay-opacity":"","overlay-gradient":""}},"ast-content-background-meta":{"desktop":{"background-color":"var(--ast-global-color-4)","background-image":"","background-repeat":"repeat","background-position":"center center","background-size":"auto","background-attachment":"scroll","background-type":"","background-media":"","overlay-type":"","overlay-color":"","overlay-opacity":"","overlay-gradient":""},"tablet":{"background-color":"var(--ast-global-color-4)","background-image":"","background-repeat":"repeat","background-position":"center center","background-size":"auto","background-attachment":"scroll","background-type":"","background-media":"","overlay-type":"","overlay-color":"","overlay-opacity":"","overlay-gradient":""},"mobile":{"background-color":"var(--ast-global-color-4)","background-image":"","background-repeat":"repeat","background-position":"center center","background-size":"auto","background-attachment":"scroll","background-type":"","background-media":"","overlay-type":"","overlay-color":"","overlay-opacity":"","overlay-gradient":""}}},"product_brand":[],"product_cat":[2088],"product_tag":[350,351],"class_list":{"0":"post-89332","1":"product","2":"type-product","3":"status-publish","4":"has-post-thumbnail","6":"product_cat-leveduras","7":"product_tag-aromas-varietales-pt-pt","8":"product_tag-estructura-y-volumen-en-boca-pt-pt","9":"pa_aplicacion-fa-e-fml-pt","10":"pa_ecologico-eu-autorizada","11":"pa_ecologico-nop-usda-autorizada","12":"pa_estilo-de-vino-barrica","13":"pa_estilo-de-vino-branco","14":"pa_estilo-de-vino-rose-pt","15":"pa_estilo-de-vino-tinto-pt","16":"pa_vegano-vegan-pt-pt","17":"desktop-align-left","18":"tablet-align-left","19":"mobile-align-left","21":"first","22":"instock","23":"shipping-taxable","24":"product-type-simple"},"acf":[],"_links":{"self":[{"href":"https:\/\/agrovin.com\/pt-pt\/wp-json\/wp\/v2\/product\/89332","targetHints":{"allow":["GET"]}}],"collection":[{"href":"https:\/\/agrovin.com\/pt-pt\/wp-json\/wp\/v2\/product"}],"about":[{"href":"https:\/\/agrovin.com\/pt-pt\/wp-json\/wp\/v2\/types\/product"}],"version-history":[{"count":1,"href":"https:\/\/agrovin.com\/pt-pt\/wp-json\/wp\/v2\/product\/89332\/revisions"}],"predecessor-version":[{"id":116977,"href":"https:\/\/agrovin.com\/pt-pt\/wp-json\/wp\/v2\/product\/89332\/revisions\/116977"}],"wp:featuredmedia":[{"embeddable":true,"href":"https:\/\/agrovin.com\/pt-pt\/wp-json\/wp\/v2\/media\/27079"}],"wp:attachment":[{"href":"https:\/\/agrovin.com\/pt-pt\/wp-json\/wp\/v2\/media?parent=89332"}],"wp:term":[{"taxonomy":"product_brand","embeddable":true,"href":"https:\/\/agrovin.com\/pt-pt\/wp-json\/wp\/v2\/product_brand?post=89332"},{"taxonomy":"product_cat","embeddable":true,"href":"https:\/\/agrovin.com\/pt-pt\/wp-json\/wp\/v2\/product_cat?post=89332"},{"taxonomy":"product_tag","embeddable":true,"href":"https:\/\/agrovin.com\/pt-pt\/wp-json\/wp\/v2\/product_tag?post=89332"}],"curies":[{"name":"wp","href":"https:\/\/api.w.org\/{rel}","templated":true}]}}