{"id":89277,"date":"2018-04-19T09:31:44","date_gmt":"2022-11-04T16:02:34","guid":{"rendered":"https:\/\/staging.agrovin.com\/sem%20categoria\/paixao-viniferm\/"},"modified":"2022-11-05T16:22:51","modified_gmt":"2022-11-05T15:22:51","slug":"viniferm-pasion","status":"publish","type":"product","link":"https:\/\/agrovin.com\/pt-pt\/produtos-enologia\/leveduras\/viniferm-pasion\/","title":{"rendered":"VINIFERM PASI\u00d3N"},"content":{"rendered":"<h3>CANDIDATURA<\/h3>\n<ul>\n<li>Produ\u00e7\u00e3o de vinho branco, particularmente de castas neutras como a Air\u00e9n, Palomino e Macabeo.<\/li>\n<li>Produ\u00e7\u00e3o de vinho ros\u00e9.<\/li>\n<li>Adequado para a fermenta\u00e7\u00e3o de vinho de base de cava.<\/li>\n<\/ul>\n<h3>DOSAGEM<\/h3>\n<ul>\n<li>Vinifica\u00e7\u00e3o 20-30 g\/hl<\/li>\n<\/ul>\n","protected":false},"excerpt":{"rendered":"<p>A Viniferm PASION \u00e9 uma levedura seleccionada para vinifica\u00e7\u00e3o devido \u00e0 sua produ\u00e7\u00e3o de \u00e9steres fermentativos.<\/p>\n","protected":false},"featured_media":27043,"template":"","meta":{"_acf_changed":false,"inline_featured_image":false,"site-sidebar-layout":"default","site-content-layout":"default","ast-site-content-layout":"default","site-content-style":"default","site-sidebar-style":"default","ast-global-header-display":"","ast-banner-title-visibility":"","ast-main-header-display":"","ast-hfb-above-header-display":"","ast-hfb-below-header-display":"","ast-hfb-mobile-header-display":"","site-post-title":"","ast-breadcrumbs-content":"","ast-featured-img":"","footer-sml-layout":"","ast-disable-related-posts":"","theme-transparent-header-meta":"default","adv-header-id-meta":"","stick-header-meta":"","header-above-stick-meta":"","header-main-stick-meta":"","header-below-stick-meta":"","astra-migrate-meta-layouts":"default","ast-page-background-enabled":"default","ast-page-background-meta":{"desktop":{"background-color":"var(--ast-global-color-5)","background-image":"","background-repeat":"repeat","background-position":"center center","background-size":"auto","background-attachment":"scroll","background-type":"","background-media":"","overlay-type":"","overlay-color":"","overlay-opacity":"","overlay-gradient":""},"tablet":{"background-color":"","background-image":"","background-repeat":"repeat","background-position":"center center","background-size":"auto","background-attachment":"scroll","background-type":"","background-media":"","overlay-type":"","overlay-color":"","overlay-opacity":"","overlay-gradient":""},"mobile":{"background-color":"","background-image":"","background-repeat":"repeat","background-position":"center center","background-size":"auto","background-attachment":"scroll","background-type":"","background-media":"","overlay-type":"","overlay-color":"","overlay-opacity":"","overlay-gradient":""}},"ast-content-background-meta":{"desktop":{"background-color":"var(--ast-global-color-4)","background-image":"","background-repeat":"repeat","background-position":"center center","background-size":"auto","background-attachment":"scroll","background-type":"","background-media":"","overlay-type":"","overlay-color":"","overlay-opacity":"","overlay-gradient":""},"tablet":{"background-color":"var(--ast-global-color-4)","background-image":"","background-repeat":"repeat","background-position":"center center","background-size":"auto","background-attachment":"scroll","background-type":"","background-media":"","overlay-type":"","overlay-color":"","overlay-opacity":"","overlay-gradient":""},"mobile":{"background-color":"var(--ast-global-color-4)","background-image":"","background-repeat":"repeat","background-position":"center center","background-size":"auto","background-attachment":"scroll","background-type":"","background-media":"","overlay-type":"","overlay-color":"","overlay-opacity":"","overlay-gradient":""}}},"product_brand":[],"product_cat":[2088],"product_tag":[],"class_list":{"0":"post-89277","1":"product","2":"type-product","3":"status-publish","4":"has-post-thumbnail","6":"product_cat-leveduras","7":"pa_aplicacion-fa-e-fml-pt","8":"pa_ecologico-eu-autorizada","9":"pa_ecologico-nop-usda-autorizada","10":"pa_estilo-de-vino-branco","11":"pa_estilo-de-vino-rose-pt","12":"pa_objetivo-aromas-fermentativos-pt","13":"pa_vegano-vegan-pt-pt","14":"desktop-align-left","15":"tablet-align-left","16":"mobile-align-left","18":"first","19":"instock","20":"virtual","21":"product-type-simple"},"acf":[],"_links":{"self":[{"href":"https:\/\/agrovin.com\/pt-pt\/wp-json\/wp\/v2\/product\/89277","targetHints":{"allow":["GET"]}}],"collection":[{"href":"https:\/\/agrovin.com\/pt-pt\/wp-json\/wp\/v2\/product"}],"about":[{"href":"https:\/\/agrovin.com\/pt-pt\/wp-json\/wp\/v2\/types\/product"}],"version-history":[{"count":0,"href":"https:\/\/agrovin.com\/pt-pt\/wp-json\/wp\/v2\/product\/89277\/revisions"}],"wp:featuredmedia":[{"embeddable":true,"href":"https:\/\/agrovin.com\/pt-pt\/wp-json\/wp\/v2\/media\/27043"}],"wp:attachment":[{"href":"https:\/\/agrovin.com\/pt-pt\/wp-json\/wp\/v2\/media?parent=89277"}],"wp:term":[{"taxonomy":"product_brand","embeddable":true,"href":"https:\/\/agrovin.com\/pt-pt\/wp-json\/wp\/v2\/product_brand?post=89277"},{"taxonomy":"product_cat","embeddable":true,"href":"https:\/\/agrovin.com\/pt-pt\/wp-json\/wp\/v2\/product_cat?post=89277"},{"taxonomy":"product_tag","embeddable":true,"href":"https:\/\/agrovin.com\/pt-pt\/wp-json\/wp\/v2\/product_tag?post=89277"}],"curies":[{"name":"wp","href":"https:\/\/api.w.org\/{rel}","templated":true}]}}