{"id":89267,"date":"2018-04-19T09:30:48","date_gmt":"2022-11-04T16:02:19","guid":{"rendered":"https:\/\/staging.agrovin.com\/sem%20categoria\/divulgacao-de-viniferm\/"},"modified":"2022-11-05T16:18:10","modified_gmt":"2022-11-05T15:18:10","slug":"viniferm-revelacion","status":"publish","type":"product","link":"https:\/\/agrovin.com\/pt-pt\/produtos-enologia\/leveduras\/viniferm-revelacion\/","title":{"rendered":"VINIFERM REVELACI\u00d3N"},"content":{"rendered":"<h3>CARACTER\u00cdSTICAS<\/h3>\n<p>Combina a liberta\u00e7\u00e3o de ti\u00f3is vol\u00e1teis com a express\u00e3o de aromas fermentativos, principalmente florais na natureza.<\/p>\n<h3>CANDIDATURA<\/h3>\n<ul>\n<li>Produ\u00e7\u00e3o de vinhos brancos varietais de grande eleg\u00e2ncia e complexidade.<\/li>\n<li>Vinhos brancos tecnol\u00f3gicos com um perfil arom\u00e1tico marcado e condi\u00e7\u00f5es de fermenta\u00e7\u00e3o dif\u00edceis.<\/li>\n<li>Adequado para fermenta\u00e7\u00f5es com perfil t\u00e9rmico invertido, com controlo de temperatura a 18\u00baC durante os primeiros 2 ou 3 dias, e depois baixar a temperatura para 14\u00baC no prazo de 24 horas.<\/li>\n<li>Intensifica o car\u00e1cter varietal de Verdejo e Sauvignon Blanc. Adequado para variedades como Colombard, Gros, e Petit Manseng, Semillon, e Riesling.<\/li>\n<li>Nos vinhos ros\u00e9, excelentes resultados em Garnacha Merlot e Syrah.<\/li>\n<li>Mesmo em variedades mais neutras, a complexidade arom\u00e1tica aumenta consideravelmente.<\/li>\n<\/ul>\n<h3><strong>DOSAGEM<\/strong><\/h3>\n<ul>\n<li>Vinifica\u00e7\u00e3o 20-30 g\/hl<\/li>\n<\/ul>\n","protected":false},"excerpt":{"rendered":"<p>A viniferm REVELACI\u00d3N \u00e9 a casta ideal para aumentar a complexidade arom\u00e1tica dos vinhos.<\/p>\n","protected":false},"featured_media":27121,"template":"","meta":{"_acf_changed":false,"inline_featured_image":false,"site-sidebar-layout":"default","site-content-layout":"default","ast-site-content-layout":"default","site-content-style":"default","site-sidebar-style":"default","ast-global-header-display":"","ast-banner-title-visibility":"","ast-main-header-display":"","ast-hfb-above-header-display":"","ast-hfb-below-header-display":"","ast-hfb-mobile-header-display":"","site-post-title":"","ast-breadcrumbs-content":"","ast-featured-img":"","footer-sml-layout":"","ast-disable-related-posts":"","theme-transparent-header-meta":"default","adv-header-id-meta":"","stick-header-meta":"","header-above-stick-meta":"","header-main-stick-meta":"","header-below-stick-meta":"","astra-migrate-meta-layouts":"default","ast-page-background-enabled":"default","ast-page-background-meta":{"desktop":{"background-color":"var(--ast-global-color-5)","background-image":"","background-repeat":"repeat","background-position":"center center","background-size":"auto","background-attachment":"scroll","background-type":"","background-media":"","overlay-type":"","overlay-color":"","overlay-opacity":"","overlay-gradient":""},"tablet":{"background-color":"","background-image":"","background-repeat":"repeat","background-position":"center center","background-size":"auto","background-attachment":"scroll","background-type":"","background-media":"","overlay-type":"","overlay-color":"","overlay-opacity":"","overlay-gradient":""},"mobile":{"background-color":"","background-image":"","background-repeat":"repeat","background-position":"center center","background-size":"auto","background-attachment":"scroll","background-type":"","background-media":"","overlay-type":"","overlay-color":"","overlay-opacity":"","overlay-gradient":""}},"ast-content-background-meta":{"desktop":{"background-color":"var(--ast-global-color-4)","background-image":"","background-repeat":"repeat","background-position":"center center","background-size":"auto","background-attachment":"scroll","background-type":"","background-media":"","overlay-type":"","overlay-color":"","overlay-opacity":"","overlay-gradient":""},"tablet":{"background-color":"var(--ast-global-color-4)","background-image":"","background-repeat":"repeat","background-position":"center center","background-size":"auto","background-attachment":"scroll","background-type":"","background-media":"","overlay-type":"","overlay-color":"","overlay-opacity":"","overlay-gradient":""},"mobile":{"background-color":"var(--ast-global-color-4)","background-image":"","background-repeat":"repeat","background-position":"center center","background-size":"auto","background-attachment":"scroll","background-type":"","background-media":"","overlay-type":"","overlay-color":"","overlay-opacity":"","overlay-gradient":""}}},"product_brand":[],"product_cat":[2088],"product_tag":[350],"class_list":{"0":"post-89267","1":"product","2":"type-product","3":"status-publish","4":"has-post-thumbnail","6":"product_cat-leveduras","7":"product_tag-aromas-varietales-pt-pt","8":"pa_aplicacion-fa-e-fml-pt","9":"pa_ecologico-eu-autorizada","10":"pa_ecologico-nop-usda-autorizada","11":"pa_estilo-de-vino-branco","12":"pa_estilo-de-vino-rose-pt","13":"pa_vegano-vegan-pt-pt","14":"desktop-align-left","15":"tablet-align-left","16":"mobile-align-left","18":"first","19":"instock","20":"virtual","21":"product-type-simple"},"acf":[],"_links":{"self":[{"href":"https:\/\/agrovin.com\/pt-pt\/wp-json\/wp\/v2\/product\/89267","targetHints":{"allow":["GET"]}}],"collection":[{"href":"https:\/\/agrovin.com\/pt-pt\/wp-json\/wp\/v2\/product"}],"about":[{"href":"https:\/\/agrovin.com\/pt-pt\/wp-json\/wp\/v2\/types\/product"}],"version-history":[{"count":0,"href":"https:\/\/agrovin.com\/pt-pt\/wp-json\/wp\/v2\/product\/89267\/revisions"}],"wp:featuredmedia":[{"embeddable":true,"href":"https:\/\/agrovin.com\/pt-pt\/wp-json\/wp\/v2\/media\/27121"}],"wp:attachment":[{"href":"https:\/\/agrovin.com\/pt-pt\/wp-json\/wp\/v2\/media?parent=89267"}],"wp:term":[{"taxonomy":"product_brand","embeddable":true,"href":"https:\/\/agrovin.com\/pt-pt\/wp-json\/wp\/v2\/product_brand?post=89267"},{"taxonomy":"product_cat","embeddable":true,"href":"https:\/\/agrovin.com\/pt-pt\/wp-json\/wp\/v2\/product_cat?post=89267"},{"taxonomy":"product_tag","embeddable":true,"href":"https:\/\/agrovin.com\/pt-pt\/wp-json\/wp\/v2\/product_tag?post=89267"}],"curies":[{"name":"wp","href":"https:\/\/api.w.org\/{rel}","templated":true}]}}