{"id":89257,"date":"2018-04-19T07:07:27","date_gmt":"2022-11-04T16:02:05","guid":{"rendered":"https:\/\/staging.agrovin.com\/sem%20categoria\/metavimon\/"},"modified":"2025-06-27T09:53:35","modified_gmt":"2025-06-27T07:53:35","slug":"metavimon","status":"publish","type":"product","link":"https:\/\/agrovin.com\/pt-pt\/produtos-enologia\/estabilizantes\/metavimon\/","title":{"rendered":"METAVIMON"},"content":{"rendered":"<h3>CARACTER\u00cdSTICAS<\/h3>\n<p>Actua inibindo a cristaliza\u00e7\u00e3o dos sais de bitartarato de pot\u00e1ssio e de tartarato de c\u00e1lcio, impedindo assim que as mol\u00e9culas de tartarato insolubilizadas se juntem e impedindo assim o crescimento de cristais.<\/p>\n<p>Quando adicionado ao vinho, o Metavimon \u00e9 lentamente hidrolisado e transformado novamente em \u00e1cido tart\u00e1rico e perde gradualmente a sua actividade.<\/p>\n<p>A efic\u00e1cia do Metavimon depende da temperatura de armazenamento do vinho tratado. A baixas temperaturas, a sua hidr\u00f3lise \u00e9 mais lenta.<\/p>\n<p>O Metavimon tem uma elevada taxa de esterifica\u00e7\u00e3o.<\/p>\n<h3>CANDIDATURA<\/h3>\n<p>Adequado para vinhos brancos, ros\u00e9s e tintos tart\u00e1ricos inst\u00e1veis, onde \u00e9 necess\u00e1rio evitar a precipita\u00e7\u00e3o devida aos sais tart\u00e1ricos.<\/p>\n<h3>DOSAGEM<\/h3>\n<div class=\"page\" title=\"P\u00e1gina 1\">\n<div class=\"section\">\n<div class=\"layoutArea\">\n<div class=\"column\">\n<p>Vinho acabado: <span style=\"font-size: 16px;\">5-10 g\/hl<\/span><\/p>\n<\/div>\n<\/div>\n<\/div>\n<\/div>\n","protected":false},"excerpt":{"rendered":"<p>O Metavimon tem a propriedade de inibir a cristaliza\u00e7\u00e3o do bitartarato de pot\u00e1ssio e do tartarato de c\u00e1lcio neutro.<\/p>\n","protected":false},"featured_media":34422,"template":"","meta":{"_acf_changed":false,"inline_featured_image":false,"site-sidebar-layout":"default","site-content-layout":"default","ast-site-content-layout":"default","site-content-style":"default","site-sidebar-style":"default","ast-global-header-display":"","ast-banner-title-visibility":"","ast-main-header-display":"","ast-hfb-above-header-display":"","ast-hfb-below-header-display":"","ast-hfb-mobile-header-display":"","site-post-title":"","ast-breadcrumbs-content":"","ast-featured-img":"","footer-sml-layout":"","ast-disable-related-posts":"","theme-transparent-header-meta":"default","adv-header-id-meta":"","stick-header-meta":"","header-above-stick-meta":"","header-main-stick-meta":"","header-below-stick-meta":"","astra-migrate-meta-layouts":"set","ast-page-background-enabled":"default","ast-page-background-meta":{"desktop":{"background-color":"var(--ast-global-color-5)","background-image":"","background-repeat":"repeat","background-position":"center center","background-size":"auto","background-attachment":"scroll","background-type":"","background-media":"","overlay-type":"","overlay-color":"","overlay-opacity":"","overlay-gradient":""},"tablet":{"background-color":"","background-image":"","background-repeat":"repeat","background-position":"center center","background-size":"auto","background-attachment":"scroll","background-type":"","background-media":"","overlay-type":"","overlay-color":"","overlay-opacity":"","overlay-gradient":""},"mobile":{"background-color":"","background-image":"","background-repeat":"repeat","background-position":"center center","background-size":"auto","background-attachment":"scroll","background-type":"","background-media":"","overlay-type":"","overlay-color":"","overlay-opacity":"","overlay-gradient":""}},"ast-content-background-meta":{"desktop":{"background-color":"var(--ast-global-color-4)","background-image":"","background-repeat":"repeat","background-position":"center center","background-size":"auto","background-attachment":"scroll","background-type":"","background-media":"","overlay-type":"","overlay-color":"","overlay-opacity":"","overlay-gradient":""},"tablet":{"background-color":"var(--ast-global-color-4)","background-image":"","background-repeat":"repeat","background-position":"center center","background-size":"auto","background-attachment":"scroll","background-type":"","background-media":"","overlay-type":"","overlay-color":"","overlay-opacity":"","overlay-gradient":""},"mobile":{"background-color":"var(--ast-global-color-4)","background-image":"","background-repeat":"repeat","background-position":"center center","background-size":"auto","background-attachment":"scroll","background-type":"","background-media":"","overlay-type":"","overlay-color":"","overlay-opacity":"","overlay-gradient":""}}},"product_brand":[],"product_cat":[182],"product_tag":[413],"class_list":{"0":"post-89257","1":"product","2":"type-product","3":"status-publish","4":"has-post-thumbnail","6":"product_cat-estabilizantes","7":"product_tag-estabilidade-tartarica","8":"pa_ecologico-eu-autorizada","9":"pa_objetivo-estabilizacao","10":"desktop-align-left","11":"tablet-align-left","12":"mobile-align-left","14":"first","15":"instock","16":"virtual","17":"product-type-simple"},"acf":[],"_links":{"self":[{"href":"https:\/\/agrovin.com\/pt-pt\/wp-json\/wp\/v2\/product\/89257","targetHints":{"allow":["GET"]}}],"collection":[{"href":"https:\/\/agrovin.com\/pt-pt\/wp-json\/wp\/v2\/product"}],"about":[{"href":"https:\/\/agrovin.com\/pt-pt\/wp-json\/wp\/v2\/types\/product"}],"version-history":[{"count":1,"href":"https:\/\/agrovin.com\/pt-pt\/wp-json\/wp\/v2\/product\/89257\/revisions"}],"predecessor-version":[{"id":120461,"href":"https:\/\/agrovin.com\/pt-pt\/wp-json\/wp\/v2\/product\/89257\/revisions\/120461"}],"wp:featuredmedia":[{"embeddable":true,"href":"https:\/\/agrovin.com\/pt-pt\/wp-json\/wp\/v2\/media\/34422"}],"wp:attachment":[{"href":"https:\/\/agrovin.com\/pt-pt\/wp-json\/wp\/v2\/media?parent=89257"}],"wp:term":[{"taxonomy":"product_brand","embeddable":true,"href":"https:\/\/agrovin.com\/pt-pt\/wp-json\/wp\/v2\/product_brand?post=89257"},{"taxonomy":"product_cat","embeddable":true,"href":"https:\/\/agrovin.com\/pt-pt\/wp-json\/wp\/v2\/product_cat?post=89257"},{"taxonomy":"product_tag","embeddable":true,"href":"https:\/\/agrovin.com\/pt-pt\/wp-json\/wp\/v2\/product_tag?post=89257"}],"curies":[{"name":"wp","href":"https:\/\/api.w.org\/{rel}","templated":true}]}}