{"id":89230,"date":"2018-05-09T09:50:20","date_gmt":"2022-11-04T15:47:42","guid":{"rendered":"https:\/\/staging.agrovin.com\/?post_type=product&#038;p=89230"},"modified":"2023-02-21T10:35:57","modified_gmt":"2023-02-21T09:35:57","slug":"beco-pr","status":"publish","type":"product","link":"https:\/\/agrovin.com\/pt-pt\/produtos-enologia\/filtracao\/beco-pr\/","title":{"rendered":"BECO PR"},"content":{"rendered":"<p><span class=\"filtracion-n\" style=\"color: #000000;\">Filtra\u00e7\u00e3o com elevado poder de reten\u00e7\u00e3o de microrganismos e endotoxinas.<\/span><\/p>\n<p><strong><br \/>\n<span class=\"filtracion-n\" style=\"color: #000000;\"> BECO PR sterile S 100, PR sterile S 80, PR sterile 40.<\/span><br \/>\n<\/strong><\/p>\n<p><span class=\"textosbloque\">Placas filtrantes de profundidade BECO com um elevado grau de reten\u00e7\u00e3o de microrganismos e pequenas part\u00edculas coloidais, devido \u00e0 baixa porosidade intersticial das fibras de celulose e \u00e0 aplica\u00e7\u00e3o de um potencial electrocin\u00e9tico com um elevado efeito de adsor\u00e7\u00e3o. Estas placas filtrantes s\u00e3o caracterizadas por elevadas taxas de reten\u00e7\u00e3o de endotoxinas.<\/span><\/p>\n<p><span class=\"filtracion-n\" style=\"color: #000000;\">Filtra\u00e7\u00e3o fina redutora de microrganismos.<\/span><\/p>\n<p><strong><br \/>\n<span class=\"filtracion-n\" style=\"color: #000000;\"> BECO PR 12.<\/span><br \/>\n<\/strong><\/p>\n<p><span class=\"textosbloque\">Placas filtrantes BECO para um elevado grau de clarifica\u00e7\u00e3o. Devido ao seu grau nominal, estas placas ret\u00eam part\u00edculas de tamanho pequeno e natureza vari\u00e1vel, o que, juntamente com o poder de reten\u00e7\u00e3o de microrganismos, as torna adequadas para a filtragem final ou polimento de alimentos l\u00edquidos. Podem tamb\u00e9m ser utilizados na pr\u00e1tica como pr\u00e9-filtros eficientes em processos de membrana como a osmose inversa e ultrafiltra\u00e7\u00e3o ou em processos de troca i\u00f3nica para a protec\u00e7\u00e3o de colunas cromatogr\u00e1ficas.<\/span><\/p>\n<p><span class=\"filtracion-n\" style=\"color: #000000;\">Filtra\u00e7\u00e3o clarificante.<\/span><\/p>\n<p><strong><br \/>\n<span class=\"filtracion-n\" style=\"color: #000000;\"> BECO PR 5, PR 1.<\/span><br \/>\n<\/strong><\/p>\n<p><span class=\"textosbloque\">Placas filtrantes BECO com uma estrutura fibrosa de porosidade vari\u00e1vel variando de um grau nominal de 0,8 _m a 5 _m, o que assegura uma elevada capacidade de reten\u00e7\u00e3o de turbidez em profundidade e uma redu\u00e7\u00e3o significativa da popula\u00e7\u00e3o microbiana.<\/span><\/p>\n","protected":false},"excerpt":{"rendered":"<p>Placa de filtro de profundidade para a ind\u00fastria farmac\u00eautica.<\/p>\n","protected":false},"featured_media":19217,"template":"","meta":{"_acf_changed":false,"inline_featured_image":false,"site-sidebar-layout":"default","site-content-layout":"default","ast-site-content-layout":"default","site-content-style":"default","site-sidebar-style":"default","ast-global-header-display":"","ast-banner-title-visibility":"","ast-main-header-display":"","ast-hfb-above-header-display":"","ast-hfb-below-header-display":"","ast-hfb-mobile-header-display":"","site-post-title":"","ast-breadcrumbs-content":"","ast-featured-img":"","footer-sml-layout":"","ast-disable-related-posts":"","theme-transparent-header-meta":"default","adv-header-id-meta":"","stick-header-meta":"","header-above-stick-meta":"","header-main-stick-meta":"","header-below-stick-meta":"","astra-migrate-meta-layouts":"default","ast-page-background-enabled":"default","ast-page-background-meta":{"desktop":{"background-color":"var(--ast-global-color-5)","background-image":"","background-repeat":"repeat","background-position":"center center","background-size":"auto","background-attachment":"scroll","background-type":"","background-media":"","overlay-type":"","overlay-color":"","overlay-opacity":"","overlay-gradient":""},"tablet":{"background-color":"","background-image":"","background-repeat":"repeat","background-position":"center center","background-size":"auto","background-attachment":"scroll","background-type":"","background-media":"","overlay-type":"","overlay-color":"","overlay-opacity":"","overlay-gradient":""},"mobile":{"background-color":"","background-image":"","background-repeat":"repeat","background-position":"center center","background-size":"auto","background-attachment":"scroll","background-type":"","background-media":"","overlay-type":"","overlay-color":"","overlay-opacity":"","overlay-gradient":""}},"ast-content-background-meta":{"desktop":{"background-color":"var(--ast-global-color-4)","background-image":"","background-repeat":"repeat","background-position":"center center","background-size":"auto","background-attachment":"scroll","background-type":"","background-media":"","overlay-type":"","overlay-color":"","overlay-opacity":"","overlay-gradient":""},"tablet":{"background-color":"var(--ast-global-color-4)","background-image":"","background-repeat":"repeat","background-position":"center center","background-size":"auto","background-attachment":"scroll","background-type":"","background-media":"","overlay-type":"","overlay-color":"","overlay-opacity":"","overlay-gradient":""},"mobile":{"background-color":"var(--ast-global-color-4)","background-image":"","background-repeat":"repeat","background-position":"center center","background-size":"auto","background-attachment":"scroll","background-type":"","background-media":"","overlay-type":"","overlay-color":"","overlay-opacity":"","overlay-gradient":""}}},"product_brand":[],"product_cat":[359],"product_tag":[],"class_list":{"0":"post-89230","1":"product","2":"type-product","3":"status-publish","4":"has-post-thumbnail","6":"product_cat-filtracao","7":"desktop-align-left","8":"tablet-align-left","9":"mobile-align-left","11":"first","12":"instock","13":"virtual","14":"product-type-simple"},"acf":[],"_links":{"self":[{"href":"https:\/\/agrovin.com\/pt-pt\/wp-json\/wp\/v2\/product\/89230","targetHints":{"allow":["GET"]}}],"collection":[{"href":"https:\/\/agrovin.com\/pt-pt\/wp-json\/wp\/v2\/product"}],"about":[{"href":"https:\/\/agrovin.com\/pt-pt\/wp-json\/wp\/v2\/types\/product"}],"version-history":[{"count":0,"href":"https:\/\/agrovin.com\/pt-pt\/wp-json\/wp\/v2\/product\/89230\/revisions"}],"wp:featuredmedia":[{"embeddable":true,"href":"https:\/\/agrovin.com\/pt-pt\/wp-json\/wp\/v2\/media\/19217"}],"wp:attachment":[{"href":"https:\/\/agrovin.com\/pt-pt\/wp-json\/wp\/v2\/media?parent=89230"}],"wp:term":[{"taxonomy":"product_brand","embeddable":true,"href":"https:\/\/agrovin.com\/pt-pt\/wp-json\/wp\/v2\/product_brand?post=89230"},{"taxonomy":"product_cat","embeddable":true,"href":"https:\/\/agrovin.com\/pt-pt\/wp-json\/wp\/v2\/product_cat?post=89230"},{"taxonomy":"product_tag","embeddable":true,"href":"https:\/\/agrovin.com\/pt-pt\/wp-json\/wp\/v2\/product_tag?post=89230"}],"curies":[{"name":"wp","href":"https:\/\/api.w.org\/{rel}","templated":true}]}}