{"id":89105,"date":"2022-05-25T16:58:40","date_gmt":"2022-11-04T14:17:57","guid":{"rendered":"https:\/\/staging.agrovin.com\/sem%20categoria\/espirito-no1-puro\/"},"modified":"2025-03-27T16:18:00","modified_gmt":"2025-03-27T14:18:00","slug":"spirit-no1-pure","status":"publish","type":"product","link":"https:\/\/agrovin.com\/pt-pt\/produtos-enologia\/alternativos-de-carvalho\/spirit-no1-pure\/","title":{"rendered":"SPIRIT N\u00ba1 PURE"},"content":{"rendered":"<h3>CARACTER\u00cdSTICAS<\/h3>\n<p>Aumenta as sensa\u00e7\u00f5es \u00e0 entrada da boca e no centro com a sua untuosidade. Aumenta a estrutura do vinho. Muito adequado para real\u00e7ar as sensa\u00e7\u00f5es de fruta sem a evidente lenhosidade.<br \/>\nRecomendado para vinhos onde se procura um aumento das sensa\u00e7\u00f5es frutadas com uma contribui\u00e7\u00e3o muito ligeira de madeira.<br \/>\nTamb\u00e9m \u00e9 recomendado para vinhos com redu\u00e7\u00e3o ou vinhos com baixo potencial redox, a fim de os abrir e permitir que se exprimam melhor.<\/p>\n<h3>DOSAGEM<\/h3>\n<ul>\n<li>Vinho 1 &#8211; 5 g\/l<\/li>\n<\/ul>\n<p>Tanto a dose como a dura\u00e7\u00e3o do tratamento depender\u00e3o do grau de recidiva e da intensidade das caracter\u00edsticas desejadas.<br \/>\nTempo de contacto recomendado: 4 semanas.<br \/>\nRecomenda-se o pr\u00e9-teste para determinar a dosagem e as provas frequentes para determinar o tempo \u00f3ptimo de tratamento.<\/p>\n<p>&nbsp;<\/p>\n","protected":false},"excerpt":{"rendered":"<p>O Spirit n\u00ba1 Pure \u00e9 uma lasca que mistura diferentes origens bot\u00e2nicas e torradas para alcan\u00e7ar propriedades \u00fanicas de do\u00e7ura e respeito pelo fruto.<\/p>\n<p>\u00c9 utilizado para definir o perfil frutado dos vinhos com uma ligeira adi\u00e7\u00e3o de madeira, real\u00e7ando as nuances doces tanto no nariz, gra\u00e7as \u00e0 adi\u00e7\u00e3o de lactonas e vanilina, como no paladar. Notas subtis de vegeta\u00e7\u00e3o rasteira e at\u00e9 notas brancas de flores.<\/p>\n","protected":false},"featured_media":118658,"template":"","meta":{"_acf_changed":false,"inline_featured_image":false,"site-sidebar-layout":"default","site-content-layout":"default","ast-site-content-layout":"default","site-content-style":"default","site-sidebar-style":"default","ast-global-header-display":"","ast-banner-title-visibility":"","ast-main-header-display":"","ast-hfb-above-header-display":"","ast-hfb-below-header-display":"","ast-hfb-mobile-header-display":"","site-post-title":"","ast-breadcrumbs-content":"","ast-featured-img":"","footer-sml-layout":"","ast-disable-related-posts":"","theme-transparent-header-meta":"default","adv-header-id-meta":"","stick-header-meta":"","header-above-stick-meta":"","header-main-stick-meta":"","header-below-stick-meta":"","astra-migrate-meta-layouts":"set","ast-page-background-enabled":"default","ast-page-background-meta":{"desktop":{"background-color":"var(--ast-global-color-5)","background-image":"","background-repeat":"repeat","background-position":"center center","background-size":"auto","background-attachment":"scroll","background-type":"","background-media":"","overlay-type":"","overlay-color":"","overlay-opacity":"","overlay-gradient":""},"tablet":{"background-color":"","background-image":"","background-repeat":"repeat","background-position":"center center","background-size":"auto","background-attachment":"scroll","background-type":"","background-media":"","overlay-type":"","overlay-color":"","overlay-opacity":"","overlay-gradient":""},"mobile":{"background-color":"","background-image":"","background-repeat":"repeat","background-position":"center center","background-size":"auto","background-attachment":"scroll","background-type":"","background-media":"","overlay-type":"","overlay-color":"","overlay-opacity":"","overlay-gradient":""}},"ast-content-background-meta":{"desktop":{"background-color":"var(--ast-global-color-4)","background-image":"","background-repeat":"repeat","background-position":"center center","background-size":"auto","background-attachment":"scroll","background-type":"","background-media":"","overlay-type":"","overlay-color":"","overlay-opacity":"","overlay-gradient":""},"tablet":{"background-color":"var(--ast-global-color-4)","background-image":"","background-repeat":"repeat","background-position":"center center","background-size":"auto","background-attachment":"scroll","background-type":"","background-media":"","overlay-type":"","overlay-color":"","overlay-opacity":"","overlay-gradient":""},"mobile":{"background-color":"var(--ast-global-color-4)","background-image":"","background-repeat":"repeat","background-position":"center center","background-size":"auto","background-attachment":"scroll","background-type":"","background-media":"","overlay-type":"","overlay-color":"","overlay-opacity":"","overlay-gradient":""}}},"product_brand":[],"product_cat":[222],"product_tag":[],"class_list":{"0":"post-89105","1":"product","2":"type-product","3":"status-publish","4":"has-post-thumbnail","6":"product_cat-alternativos-de-carvalho","7":"pa_objetivo-definicao","8":"desktop-align-left","9":"tablet-align-left","10":"mobile-align-left","12":"first","13":"instock","14":"shipping-taxable","15":"product-type-simple"},"acf":[],"_links":{"self":[{"href":"https:\/\/agrovin.com\/pt-pt\/wp-json\/wp\/v2\/product\/89105","targetHints":{"allow":["GET"]}}],"collection":[{"href":"https:\/\/agrovin.com\/pt-pt\/wp-json\/wp\/v2\/product"}],"about":[{"href":"https:\/\/agrovin.com\/pt-pt\/wp-json\/wp\/v2\/types\/product"}],"version-history":[{"count":2,"href":"https:\/\/agrovin.com\/pt-pt\/wp-json\/wp\/v2\/product\/89105\/revisions"}],"predecessor-version":[{"id":118929,"href":"https:\/\/agrovin.com\/pt-pt\/wp-json\/wp\/v2\/product\/89105\/revisions\/118929"}],"wp:featuredmedia":[{"embeddable":true,"href":"https:\/\/agrovin.com\/pt-pt\/wp-json\/wp\/v2\/media\/118658"}],"wp:attachment":[{"href":"https:\/\/agrovin.com\/pt-pt\/wp-json\/wp\/v2\/media?parent=89105"}],"wp:term":[{"taxonomy":"product_brand","embeddable":true,"href":"https:\/\/agrovin.com\/pt-pt\/wp-json\/wp\/v2\/product_brand?post=89105"},{"taxonomy":"product_cat","embeddable":true,"href":"https:\/\/agrovin.com\/pt-pt\/wp-json\/wp\/v2\/product_cat?post=89105"},{"taxonomy":"product_tag","embeddable":true,"href":"https:\/\/agrovin.com\/pt-pt\/wp-json\/wp\/v2\/product_tag?post=89105"}],"curies":[{"name":"wp","href":"https:\/\/api.w.org\/{rel}","templated":true}]}}