{"id":89097,"date":"2022-05-25T11:50:40","date_gmt":"2022-11-04T14:16:48","guid":{"rendered":"https:\/\/staging.agrovin.com\/sem%20categoria\/proveget-100\/"},"modified":"2023-08-28T10:22:30","modified_gmt":"2023-08-28T09:22:30","slug":"proveget-100","status":"publish","type":"product","link":"https:\/\/agrovin.com\/pt-pt\/produtos-enologia\/flotacao-produtos-enologia\/proveget-100\/","title":{"rendered":"PROVEGET 100"},"content":{"rendered":"<h3>CARACTER\u00cdSTICAS<\/h3>\n<p>O tratamento com Proveget 100 \u00e9 muito apropriado para vinhos topo-de-gama, respeitando a cor, a estrutura e a express\u00e3o arom\u00e1tica.<\/p>\n<p>O Proveget 100 \u00e9 obtido a partir de mat\u00e9ria-prima livre de organismos geneticamente modificados (n\u00e3o OGM).<\/p>\n<h3>CANDIDATURA<\/h3>\n<ul>\n<li>Deve ser clarificado.<\/li>\n<li>Clarifica\u00e7\u00e3o de vinhos tintos e brancos.<\/li>\n<\/ul>\n<h3>DOSAGEM<\/h3>\n<div class=\"page\" title=\"P\u00e1gina 1\">\n<div class=\"section\">\n<div class=\"layoutArea\">\n<div class=\"column\">\n<p>Deve flutuar: 5-20 g\/hl<\/p>\n<p>Tratamento obrigat\u00f3rio na vinifica\u00e7\u00e3o: 20-50 g\/hl<\/p>\n<p>Vinho: 10-30 g\/hl<\/p>\n<\/div>\n<\/div>\n<\/div>\n<\/div>\n","protected":false},"excerpt":{"rendered":"<p>Proveget 100 \u00e9 um clarificador vegetal obtido a partir de prote\u00edna de ervilha que melhora a clareza e suaviza a adstring\u00eancia t\u00e2nica sem modificar o equil\u00edbrio polifen\u00f3lico.<\/p>\n","protected":false},"featured_media":25536,"template":"","meta":{"_acf_changed":false,"inline_featured_image":false,"site-sidebar-layout":"default","site-content-layout":"default","ast-site-content-layout":"default","site-content-style":"default","site-sidebar-style":"default","ast-global-header-display":"","ast-banner-title-visibility":"","ast-main-header-display":"","ast-hfb-above-header-display":"","ast-hfb-below-header-display":"","ast-hfb-mobile-header-display":"","site-post-title":"","ast-breadcrumbs-content":"","ast-featured-img":"","footer-sml-layout":"","ast-disable-related-posts":"","theme-transparent-header-meta":"default","adv-header-id-meta":"","stick-header-meta":"","header-above-stick-meta":"","header-main-stick-meta":"","header-below-stick-meta":"","astra-migrate-meta-layouts":"default","ast-page-background-enabled":"default","ast-page-background-meta":{"desktop":{"background-color":"var(--ast-global-color-5)","background-image":"","background-repeat":"repeat","background-position":"center center","background-size":"auto","background-attachment":"scroll","background-type":"","background-media":"","overlay-type":"","overlay-color":"","overlay-opacity":"","overlay-gradient":""},"tablet":{"background-color":"","background-image":"","background-repeat":"repeat","background-position":"center center","background-size":"auto","background-attachment":"scroll","background-type":"","background-media":"","overlay-type":"","overlay-color":"","overlay-opacity":"","overlay-gradient":""},"mobile":{"background-color":"","background-image":"","background-repeat":"repeat","background-position":"center center","background-size":"auto","background-attachment":"scroll","background-type":"","background-media":"","overlay-type":"","overlay-color":"","overlay-opacity":"","overlay-gradient":""}},"ast-content-background-meta":{"desktop":{"background-color":"var(--ast-global-color-4)","background-image":"","background-repeat":"repeat","background-position":"center center","background-size":"auto","background-attachment":"scroll","background-type":"","background-media":"","overlay-type":"","overlay-color":"","overlay-opacity":"","overlay-gradient":""},"tablet":{"background-color":"var(--ast-global-color-4)","background-image":"","background-repeat":"repeat","background-position":"center center","background-size":"auto","background-attachment":"scroll","background-type":"","background-media":"","overlay-type":"","overlay-color":"","overlay-opacity":"","overlay-gradient":""},"mobile":{"background-color":"var(--ast-global-color-4)","background-image":"","background-repeat":"repeat","background-position":"center center","background-size":"auto","background-attachment":"scroll","background-type":"","background-media":"","overlay-type":"","overlay-color":"","overlay-opacity":"","overlay-gradient":""}}},"product_brand":[],"product_cat":[167,686],"product_tag":[737],"class_list":{"0":"post-89097","1":"product","2":"type-product","3":"status-publish","4":"has-post-thumbnail","6":"product_cat-clarificantes","7":"product_cat-flotacao-produtos-enologia","8":"product_tag-vinho-terminado","9":"pa_ecologico-eu-autorizada","10":"pa_ecologico-nop-usda-autorizada","11":"pa_estilo-de-vino-branco","12":"pa_estilo-de-vino-rose-pt","13":"pa_estilo-de-vino-tinto-pt","14":"pa_objetivo-clarificacao","15":"pa_objetivo-estabilidade-da-cor","16":"pa_objetivo-melhoramento-sensorial","17":"pa_origen-vegetal-pt-pt","18":"pa_vegano-vegan-pt-pt","19":"desktop-align-left","20":"tablet-align-left","21":"mobile-align-left","23":"first","24":"instock","25":"virtual","26":"product-type-simple"},"acf":[],"_links":{"self":[{"href":"https:\/\/agrovin.com\/pt-pt\/wp-json\/wp\/v2\/product\/89097","targetHints":{"allow":["GET"]}}],"collection":[{"href":"https:\/\/agrovin.com\/pt-pt\/wp-json\/wp\/v2\/product"}],"about":[{"href":"https:\/\/agrovin.com\/pt-pt\/wp-json\/wp\/v2\/types\/product"}],"version-history":[{"count":0,"href":"https:\/\/agrovin.com\/pt-pt\/wp-json\/wp\/v2\/product\/89097\/revisions"}],"wp:featuredmedia":[{"embeddable":true,"href":"https:\/\/agrovin.com\/pt-pt\/wp-json\/wp\/v2\/media\/25536"}],"wp:attachment":[{"href":"https:\/\/agrovin.com\/pt-pt\/wp-json\/wp\/v2\/media?parent=89097"}],"wp:term":[{"taxonomy":"product_brand","embeddable":true,"href":"https:\/\/agrovin.com\/pt-pt\/wp-json\/wp\/v2\/product_brand?post=89097"},{"taxonomy":"product_cat","embeddable":true,"href":"https:\/\/agrovin.com\/pt-pt\/wp-json\/wp\/v2\/product_cat?post=89097"},{"taxonomy":"product_tag","embeddable":true,"href":"https:\/\/agrovin.com\/pt-pt\/wp-json\/wp\/v2\/product_tag?post=89097"}],"curies":[{"name":"wp","href":"https:\/\/api.w.org\/{rel}","templated":true}]}}