{"id":89089,"date":"2021-06-14T08:38:41","date_gmt":"2022-11-04T14:16:34","guid":{"rendered":"https:\/\/staging.agrovin.com\/sem%20categoria\/mannoplus-nd\/"},"modified":"2024-10-28T19:44:47","modified_gmt":"2024-10-28T17:44:47","slug":"mannoplus-nd","status":"publish","type":"product","link":"https:\/\/agrovin.com\/pt-pt\/produtos-enologia\/polissacarideos-e-manoproteinas\/mannoplus-nd\/","title":{"rendered":"MANNOPLUS ND"},"content":{"rendered":"<h3>Caracter\u00edsticas<\/h3>\n<p>MannoPLUS ND \u00e9 uma manoprote\u00edna purificada em forma l\u00edquida, preparada para aplica\u00e7\u00e3o directa no vinho.<\/p>\n<ul>\n<li>Contribui para as caracter\u00edsticas sensoriais do vinho, proporcionando densidade, suavidade e corpo.<\/li>\n<li>Pole taninos agressivos, reduzindo a adstring\u00eancia. A t\u00edlia, o tanino excessivo da madeira.<\/li>\n<li>Restabelece o equil\u00edbrio \u00e1cido atrav\u00e9s do aumento da sensa\u00e7\u00e3o bucal positiva.<\/li>\n<li>Melhora a estabilidade tart\u00e1rica ao evitar a cristaliza\u00e7\u00e3o de sais de \u00e1cido tart\u00e1rico. Melhora a estabilidade proteica.<\/li>\n<li>Melhora a estabilidade da cor atrav\u00e9s da forma\u00e7\u00e3o de col\u00f3ides protectores e complexos est\u00e1veis com taninos.<br \/>\nNa segunda fermenta\u00e7\u00e3o: aumento de volume na boca e persist\u00eancia da espuma.<br \/>\nDevido \u00e0 interven\u00e7\u00e3o organol\u00e9ptica das manoprote\u00ednas, acrescenta suavidade e aumenta consideravelmente a sensa\u00e7\u00e3o<br \/>\nvolume na boca. N\u00e3o acrescenta qualquer registo arom\u00e1tico adicional ao vinho.<\/li>\n<\/ul>\n<h3>Aplica\u00e7\u00e3o<\/h3>\n<p>Para vinhos brancos e tintos. Aplica\u00e7\u00e3o no vinho acabado, \u00faltimo tratamento antes do engarrafamento. Para vinhos a filtrar: Mannoplus ND \u00e9 adicionado pelo menos 24 horas antes da \u00faltima filtra\u00e7\u00e3o. O Mannoplus ND dificilmente aumenta a taxa de entupimento de vinhos bem preparados. A microfiltra\u00e7\u00e3o ap\u00f3s o tratamento \u00e9 desnecess\u00e1ria.<\/p>\n<p>Recomenda-se conhecer o \u00edndice de entupimento antes de passar o vinho por microfiltra\u00e7\u00e3o. Para vinhos que n\u00e3o quer filtrar: adicionar Mannoplus ND 24<br \/>\nhoras antes do engarrafamento. Uma vez adicionado, o vinho pode ser convenientemente sulfitado e engarrafado. Para vinhos espumantes: Aplica\u00e7\u00e3o em conjunto com o licor de expedi\u00e7\u00e3o.<\/p>\n<h3>DOSAGEM<\/h3>\n<div class=\"page\" title=\"P\u00e1gina 2\">\n<div class=\"layoutArea\">\n<div class=\"column\">\n<p>Vinho tinto: <span style=\"font-size: 16px;\">25-75 ml\/hl<\/span><\/p>\n<\/div>\n<\/div>\n<div class=\"layoutArea\">\n<div class=\"column\">\n<p>Vinho branco: <span style=\"font-size: 16px;\">10-50 ml\/hl<\/span><\/p>\n<\/div>\n<\/div>\n<div class=\"layoutArea\">\n<div class=\"column\">\n<p>Vinho espumante: <span style=\"font-size: 16px;\">10-50 ml\/hl<\/span><\/p>\n<\/div>\n<\/div>\n<\/div>\n","protected":false},"excerpt":{"rendered":"<h5>ESTILO DE VINHO:<\/h5>\n<p><img decoding=\"async\" class=\"alignnone size-full wp-image-4976 lazyloaded\" src=\"https:\/\/agrovin.com\/wp-content\/uploads\/2018\/03\/blanco.png\" alt=\"\" width=\"50\" height=\"44\" data-src=\"https:\/\/agrovin.com\/wp-content\/uploads\/2018\/03\/blanco.png\" \/><img decoding=\"async\" class=\"alignnone size-full wp-image-4979 lazyloaded\" src=\"https:\/\/agrovin.com\/wp-content\/uploads\/2018\/03\/rosado.png\" alt=\"\" width=\"50\" height=\"44\" data-src=\"https:\/\/agrovin.com\/wp-content\/uploads\/2018\/03\/rosado.png\" \/><img decoding=\"async\" class=\"alignnone size-full wp-image-4980 lazyloaded\" src=\"https:\/\/agrovin.com\/wp-content\/uploads\/2018\/03\/tinto.png\" alt=\"\" width=\"50\" height=\"44\" data-src=\"https:\/\/agrovin.com\/wp-content\/uploads\/2018\/03\/tinto.png\" \/><img loading=\"lazy\" decoding=\"async\" class=\"alignnone size-full wp-image-4975 lazyloaded\" src=\"https:\/\/agrovin.com\/wp-content\/uploads\/2018\/03\/barrica.png\" alt=\"\" width=\"50\" height=\"44\" data-src=\"https:\/\/agrovin.com\/wp-content\/uploads\/2018\/03\/barrica.png\" \/><\/p>\n<h5>CARACTER\u00cdSTICAS:<\/h5>\n<p>Manoprote\u00edna purificada, em forma l\u00edquida, pronta para aplica\u00e7\u00e3o directa no vinho.<\/p>\n<p>Contribui para as caracter\u00edsticas sensoriais do vinho, proporcionando densidade, suavidade e corpo.<\/p>\n<p>Restabelece o equil\u00edbrio \u00e1cido.<\/p>\n<p>Melhora a estabilidade tart\u00e1rica, proteica e crom\u00e1tica.<\/p>\n<p>Na segunda fermenta\u00e7\u00e3o: aumento de volume na boca e persist\u00eancia da espuma.<\/p>\n","protected":false},"featured_media":50514,"template":"","meta":{"_acf_changed":false,"inline_featured_image":false,"site-sidebar-layout":"default","site-content-layout":"default","ast-site-content-layout":"default","site-content-style":"default","site-sidebar-style":"default","ast-global-header-display":"","ast-banner-title-visibility":"","ast-main-header-display":"","ast-hfb-above-header-display":"","ast-hfb-below-header-display":"","ast-hfb-mobile-header-display":"","site-post-title":"","ast-breadcrumbs-content":"","ast-featured-img":"","footer-sml-layout":"","ast-disable-related-posts":"","theme-transparent-header-meta":"default","adv-header-id-meta":"","stick-header-meta":"","header-above-stick-meta":"","header-main-stick-meta":"","header-below-stick-meta":"","astra-migrate-meta-layouts":"set","ast-page-background-enabled":"default","ast-page-background-meta":{"desktop":{"background-color":"var(--ast-global-color-5)","background-image":"","background-repeat":"repeat","background-position":"center center","background-size":"auto","background-attachment":"scroll","background-type":"","background-media":"","overlay-type":"","overlay-color":"","overlay-opacity":"","overlay-gradient":""},"tablet":{"background-color":"","background-image":"","background-repeat":"repeat","background-position":"center center","background-size":"auto","background-attachment":"scroll","background-type":"","background-media":"","overlay-type":"","overlay-color":"","overlay-opacity":"","overlay-gradient":""},"mobile":{"background-color":"","background-image":"","background-repeat":"repeat","background-position":"center center","background-size":"auto","background-attachment":"scroll","background-type":"","background-media":"","overlay-type":"","overlay-color":"","overlay-opacity":"","overlay-gradient":""}},"ast-content-background-meta":{"desktop":{"background-color":"var(--ast-global-color-4)","background-image":"","background-repeat":"repeat","background-position":"center center","background-size":"auto","background-attachment":"scroll","background-type":"","background-media":"","overlay-type":"","overlay-color":"","overlay-opacity":"","overlay-gradient":""},"tablet":{"background-color":"var(--ast-global-color-4)","background-image":"","background-repeat":"repeat","background-position":"center center","background-size":"auto","background-attachment":"scroll","background-type":"","background-media":"","overlay-type":"","overlay-color":"","overlay-opacity":"","overlay-gradient":""},"mobile":{"background-color":"var(--ast-global-color-4)","background-image":"","background-repeat":"repeat","background-position":"center center","background-size":"auto","background-attachment":"scroll","background-type":"","background-media":"","overlay-type":"","overlay-color":"","overlay-opacity":"","overlay-gradient":""}}},"product_brand":[],"product_cat":[217],"product_tag":[],"class_list":{"0":"post-89089","1":"product","2":"type-product","3":"status-publish","4":"has-post-thumbnail","6":"product_cat-polissacarideos-e-manoproteinas","7":"pa_estilo-de-vino-barrica","8":"pa_estilo-de-vino-branco","9":"pa_estilo-de-vino-rose-pt","10":"pa_estilo-de-vino-tinto-pt","11":"pa_objetivo-melhoramento-sensorial","12":"pa_objetivo-refinado","13":"desktop-align-left","14":"tablet-align-left","15":"mobile-align-left","17":"first","18":"instock","19":"shipping-taxable","20":"product-type-simple"},"acf":[],"_links":{"self":[{"href":"https:\/\/agrovin.com\/pt-pt\/wp-json\/wp\/v2\/product\/89089","targetHints":{"allow":["GET"]}}],"collection":[{"href":"https:\/\/agrovin.com\/pt-pt\/wp-json\/wp\/v2\/product"}],"about":[{"href":"https:\/\/agrovin.com\/pt-pt\/wp-json\/wp\/v2\/types\/product"}],"version-history":[{"count":1,"href":"https:\/\/agrovin.com\/pt-pt\/wp-json\/wp\/v2\/product\/89089\/revisions"}],"predecessor-version":[{"id":116811,"href":"https:\/\/agrovin.com\/pt-pt\/wp-json\/wp\/v2\/product\/89089\/revisions\/116811"}],"wp:featuredmedia":[{"embeddable":true,"href":"https:\/\/agrovin.com\/pt-pt\/wp-json\/wp\/v2\/media\/50514"}],"wp:attachment":[{"href":"https:\/\/agrovin.com\/pt-pt\/wp-json\/wp\/v2\/media?parent=89089"}],"wp:term":[{"taxonomy":"product_brand","embeddable":true,"href":"https:\/\/agrovin.com\/pt-pt\/wp-json\/wp\/v2\/product_brand?post=89089"},{"taxonomy":"product_cat","embeddable":true,"href":"https:\/\/agrovin.com\/pt-pt\/wp-json\/wp\/v2\/product_cat?post=89089"},{"taxonomy":"product_tag","embeddable":true,"href":"https:\/\/agrovin.com\/pt-pt\/wp-json\/wp\/v2\/product_tag?post=89089"}],"curies":[{"name":"wp","href":"https:\/\/api.w.org\/{rel}","templated":true}]}}