{"id":89085,"date":"2021-06-14T07:47:34","date_gmt":"2022-11-04T14:16:28","guid":{"rendered":"https:\/\/staging.agrovin.com\/sem%20categoria\/proveget-bc\/"},"modified":"2025-03-27T16:02:58","modified_gmt":"2025-03-27T14:02:58","slug":"proveget-bc","status":"publish","type":"product","link":"https:\/\/agrovin.com\/pt-pt\/produtos-enologia\/clarificantes\/proveget-bc\/","title":{"rendered":"PROVEGET BC"},"content":{"rendered":"<h3>CARACTER\u00cdSTICAS<\/h3>\n<p>A formula\u00e7\u00e3o com prote\u00edna de ervilha vegetal e bentonite faz com que a Proveget BC flocule a uma taxa elevada produzindo borras mais compactas e rendimentos mais elevados.<\/p>\n<p>A mistura de bentonitas de diferentes naturezas combina a correcta elimina\u00e7\u00e3o de prote\u00ednas com uma maior compacta\u00e7\u00e3o, reduzindo as perdas de vinho.<\/p>\n<p>O Proveget BC \u00e9 um produto sem alerg\u00e9nios. N\u00e3o-GMO.<\/p>\n<h3>CANDIDATURA<\/h3>\n<p>Agente clarificante para a vinifica\u00e7\u00e3o<\/p>\n<h3>DOSAGEM<\/h3>\n<div class=\"page\" title=\"P\u00e1gina 1\">\n<div class=\"section\">\n<div class=\"layoutArea\">\n<div class=\"column\">\n<p>Mostos 40-100 g\/hl<\/p>\n<\/div>\n<\/div>\n<\/div>\n<\/div>\n","protected":false},"excerpt":{"rendered":"<p>Proveget BC \u00e9 um clarificador de fermenta\u00e7\u00e3o \u00e0 base de prote\u00edna de ervilha vegetal e bentonites seleccionadas. O objectivo desta formula\u00e7\u00e3o \u00e9 melhorar substancialmente a limpidez do vinho acabado de fazer num tempo mais curto, eliminar compostos oxid\u00e1veis e oxidados, e contribuir para a estabiliza\u00e7\u00e3o das prote\u00ednas.<\/p>\n","protected":false},"featured_media":50495,"template":"","meta":{"_acf_changed":false,"inline_featured_image":false,"site-sidebar-layout":"default","site-content-layout":"default","ast-site-content-layout":"default","site-content-style":"default","site-sidebar-style":"default","ast-global-header-display":"","ast-banner-title-visibility":"","ast-main-header-display":"","ast-hfb-above-header-display":"","ast-hfb-below-header-display":"","ast-hfb-mobile-header-display":"","site-post-title":"","ast-breadcrumbs-content":"","ast-featured-img":"","footer-sml-layout":"","ast-disable-related-posts":"","theme-transparent-header-meta":"default","adv-header-id-meta":"","stick-header-meta":"","header-above-stick-meta":"","header-main-stick-meta":"","header-below-stick-meta":"","astra-migrate-meta-layouts":"set","ast-page-background-enabled":"default","ast-page-background-meta":{"desktop":{"background-color":"var(--ast-global-color-5)","background-image":"","background-repeat":"repeat","background-position":"center center","background-size":"auto","background-attachment":"scroll","background-type":"","background-media":"","overlay-type":"","overlay-color":"","overlay-opacity":"","overlay-gradient":""},"tablet":{"background-color":"","background-image":"","background-repeat":"repeat","background-position":"center center","background-size":"auto","background-attachment":"scroll","background-type":"","background-media":"","overlay-type":"","overlay-color":"","overlay-opacity":"","overlay-gradient":""},"mobile":{"background-color":"","background-image":"","background-repeat":"repeat","background-position":"center center","background-size":"auto","background-attachment":"scroll","background-type":"","background-media":"","overlay-type":"","overlay-color":"","overlay-opacity":"","overlay-gradient":""}},"ast-content-background-meta":{"desktop":{"background-color":"var(--ast-global-color-4)","background-image":"","background-repeat":"repeat","background-position":"center center","background-size":"auto","background-attachment":"scroll","background-type":"","background-media":"","overlay-type":"","overlay-color":"","overlay-opacity":"","overlay-gradient":""},"tablet":{"background-color":"var(--ast-global-color-4)","background-image":"","background-repeat":"repeat","background-position":"center center","background-size":"auto","background-attachment":"scroll","background-type":"","background-media":"","overlay-type":"","overlay-color":"","overlay-opacity":"","overlay-gradient":""},"mobile":{"background-color":"var(--ast-global-color-4)","background-image":"","background-repeat":"repeat","background-position":"center center","background-size":"auto","background-attachment":"scroll","background-type":"","background-media":"","overlay-type":"","overlay-color":"","overlay-opacity":"","overlay-gradient":""}}},"product_brand":[],"product_cat":[167],"product_tag":[],"class_list":{"0":"post-89085","1":"product","2":"type-product","3":"status-publish","4":"has-post-thumbnail","6":"product_cat-clarificantes","7":"pa_aplicacion-uva-e-mosto-pt","8":"pa_ecologico-eu-autorizada","9":"pa_estilo-de-vino-branco","10":"pa_estilo-de-vino-rose-pt","11":"pa_objetivo-clarificacao","12":"pa_origen-formulacao","13":"pa_vegano-vegan-pt-pt","14":"desktop-align-left","15":"tablet-align-left","16":"mobile-align-left","18":"first","19":"instock","20":"shipping-taxable","21":"product-type-simple"},"acf":[],"_links":{"self":[{"href":"https:\/\/agrovin.com\/pt-pt\/wp-json\/wp\/v2\/product\/89085","targetHints":{"allow":["GET"]}}],"collection":[{"href":"https:\/\/agrovin.com\/pt-pt\/wp-json\/wp\/v2\/product"}],"about":[{"href":"https:\/\/agrovin.com\/pt-pt\/wp-json\/wp\/v2\/types\/product"}],"version-history":[{"count":2,"href":"https:\/\/agrovin.com\/pt-pt\/wp-json\/wp\/v2\/product\/89085\/revisions"}],"predecessor-version":[{"id":118922,"href":"https:\/\/agrovin.com\/pt-pt\/wp-json\/wp\/v2\/product\/89085\/revisions\/118922"}],"wp:featuredmedia":[{"embeddable":true,"href":"https:\/\/agrovin.com\/pt-pt\/wp-json\/wp\/v2\/media\/50495"}],"wp:attachment":[{"href":"https:\/\/agrovin.com\/pt-pt\/wp-json\/wp\/v2\/media?parent=89085"}],"wp:term":[{"taxonomy":"product_brand","embeddable":true,"href":"https:\/\/agrovin.com\/pt-pt\/wp-json\/wp\/v2\/product_brand?post=89085"},{"taxonomy":"product_cat","embeddable":true,"href":"https:\/\/agrovin.com\/pt-pt\/wp-json\/wp\/v2\/product_cat?post=89085"},{"taxonomy":"product_tag","embeddable":true,"href":"https:\/\/agrovin.com\/pt-pt\/wp-json\/wp\/v2\/product_tag?post=89085"}],"curies":[{"name":"wp","href":"https:\/\/api.w.org\/{rel}","templated":true}]}}