{"id":89082,"date":"2021-05-20T15:06:22","date_gmt":"2021-05-20T14:06:22","guid":{"rendered":"https:\/\/staging.agrovin.com\/sem%20categoria\/proveget-premium\/"},"modified":"2024-10-28T23:27:14","modified_gmt":"2024-10-28T21:27:14","slug":"proveget-premium","status":"publish","type":"product","link":"https:\/\/agrovin.com\/pt-pt\/produtos-enologia\/flotacao-produtos-enologia\/proveget-premium\/","title":{"rendered":"PROVEGET PREMIUM"},"content":{"rendered":"<h3>CARACTER\u00cdSTICAS<\/h3>\n<p>Este processo de tratamento permite uma mudan\u00e7a conformacional da prote\u00edna, conseguindo assim uma maior reactividade. Como consequ\u00eancia, a remo\u00e7\u00e3o de part\u00edculas, incluindo elementos oxidados e potencialmente oxid\u00e1veis, \u00e9 acelerada. Al\u00e9m disso, os flocos s\u00e3o compactados de forma mais apertada, o que melhora significativamente o rendimento.<\/p>\n<p>Proveget PREMIUM \u00e9 um produto natural, de origem n\u00e3o animal, obtido a partir de mat\u00e9ria-prima livre de organismos geneticamente modificados (N\u00e3o-OGM).<\/p>\n<h3>CANDIDATURA<\/h3>\n<p>A din\u00e2mica deve ser clarificada.<\/p>\n<p>Clarifica\u00e7\u00e3o de vinhos tintos e brancos.<\/p>\n<h3>DOSAGEM<\/h3>\n<p>Variedade f\u00e1cil de flutuar: 50 &#8211; 100 ml\/hl<br \/>\n(Air\u00e9n, Macabeo, Sauvignon Blanc, etc).<\/p>\n<p>Variedade dif\u00edcil de flutuar: 100- 150 ml\/hl<\/p>\n<p>(Muscatel, Chardonnay, Verdejo, etc.)<\/p>\n<p>Must com m\u00e1 qualidade sanit\u00e1ria: &gt;150 ml\/hl<\/p>\n<p>&nbsp;<\/p>\n<p>Esclarecimento: 50 &#8211; 150ml\/hl<\/p>\n","protected":false},"excerpt":{"rendered":"<p>Proveget Premium \u00e9 um clarificador de vegetais obtido a partir de prote\u00edna de ervilha atrav\u00e9s de um processo de produ\u00e7\u00e3o mais amigo do ambiente. O facto de as temperaturas n\u00e3o alternarem drasticamente causa uma extrac\u00e7\u00e3o que permite que a prote\u00edna seja libertada das estruturas vegetais, fornecendo assim uma frac\u00e7\u00e3o activa mais elevada de prote\u00edna vegetal solubilizada.<\/p>\n","protected":false},"featured_media":50319,"template":"","meta":{"_acf_changed":false,"inline_featured_image":false,"site-sidebar-layout":"default","site-content-layout":"default","ast-site-content-layout":"default","site-content-style":"default","site-sidebar-style":"default","ast-global-header-display":"","ast-banner-title-visibility":"","ast-main-header-display":"","ast-hfb-above-header-display":"","ast-hfb-below-header-display":"","ast-hfb-mobile-header-display":"","site-post-title":"","ast-breadcrumbs-content":"","ast-featured-img":"","footer-sml-layout":"","ast-disable-related-posts":"","theme-transparent-header-meta":"default","adv-header-id-meta":"","stick-header-meta":"","header-above-stick-meta":"","header-main-stick-meta":"","header-below-stick-meta":"","astra-migrate-meta-layouts":"set","ast-page-background-enabled":"default","ast-page-background-meta":{"desktop":{"background-color":"var(--ast-global-color-5)","background-image":"","background-repeat":"repeat","background-position":"center center","background-size":"auto","background-attachment":"scroll","background-type":"","background-media":"","overlay-type":"","overlay-color":"","overlay-opacity":"","overlay-gradient":""},"tablet":{"background-color":"","background-image":"","background-repeat":"repeat","background-position":"center center","background-size":"auto","background-attachment":"scroll","background-type":"","background-media":"","overlay-type":"","overlay-color":"","overlay-opacity":"","overlay-gradient":""},"mobile":{"background-color":"","background-image":"","background-repeat":"repeat","background-position":"center center","background-size":"auto","background-attachment":"scroll","background-type":"","background-media":"","overlay-type":"","overlay-color":"","overlay-opacity":"","overlay-gradient":""}},"ast-content-background-meta":{"desktop":{"background-color":"var(--ast-global-color-4)","background-image":"","background-repeat":"repeat","background-position":"center center","background-size":"auto","background-attachment":"scroll","background-type":"","background-media":"","overlay-type":"","overlay-color":"","overlay-opacity":"","overlay-gradient":""},"tablet":{"background-color":"var(--ast-global-color-4)","background-image":"","background-repeat":"repeat","background-position":"center center","background-size":"auto","background-attachment":"scroll","background-type":"","background-media":"","overlay-type":"","overlay-color":"","overlay-opacity":"","overlay-gradient":""},"mobile":{"background-color":"var(--ast-global-color-4)","background-image":"","background-repeat":"repeat","background-position":"center center","background-size":"auto","background-attachment":"scroll","background-type":"","background-media":"","overlay-type":"","overlay-color":"","overlay-opacity":"","overlay-gradient":""}}},"product_brand":[],"product_cat":[167,686],"product_tag":[],"class_list":{"0":"post-89082","1":"product","2":"type-product","3":"status-publish","4":"has-post-thumbnail","6":"product_cat-clarificantes","7":"product_cat-flotacao-produtos-enologia","8":"pa_aplicacion-uva-e-mosto-pt","9":"pa_ecologico-eu-autorizada","10":"pa_ecologico-nop-usda-autorizada","11":"pa_estilo-de-vino-barrica","12":"pa_estilo-de-vino-branco","13":"pa_estilo-de-vino-espumante","14":"pa_estilo-de-vino-rose-pt","15":"pa_estilo-de-vino-tinto-pt","16":"pa_objetivo-clarificacao","17":"pa_objetivo-estabilidade-da-cor","18":"pa_objetivo-melhoramento-sensorial","19":"pa_origen-vegetal-pt-pt","20":"pa_vegano-vegan-pt-pt","21":"desktop-align-left","22":"tablet-align-left","23":"mobile-align-left","25":"first","26":"instock","27":"shipping-taxable","28":"product-type-simple"},"acf":[],"_links":{"self":[{"href":"https:\/\/agrovin.com\/pt-pt\/wp-json\/wp\/v2\/product\/89082","targetHints":{"allow":["GET"]}}],"collection":[{"href":"https:\/\/agrovin.com\/pt-pt\/wp-json\/wp\/v2\/product"}],"about":[{"href":"https:\/\/agrovin.com\/pt-pt\/wp-json\/wp\/v2\/types\/product"}],"version-history":[{"count":1,"href":"https:\/\/agrovin.com\/pt-pt\/wp-json\/wp\/v2\/product\/89082\/revisions"}],"predecessor-version":[{"id":116871,"href":"https:\/\/agrovin.com\/pt-pt\/wp-json\/wp\/v2\/product\/89082\/revisions\/116871"}],"wp:featuredmedia":[{"embeddable":true,"href":"https:\/\/agrovin.com\/pt-pt\/wp-json\/wp\/v2\/media\/50319"}],"wp:attachment":[{"href":"https:\/\/agrovin.com\/pt-pt\/wp-json\/wp\/v2\/media?parent=89082"}],"wp:term":[{"taxonomy":"product_brand","embeddable":true,"href":"https:\/\/agrovin.com\/pt-pt\/wp-json\/wp\/v2\/product_brand?post=89082"},{"taxonomy":"product_cat","embeddable":true,"href":"https:\/\/agrovin.com\/pt-pt\/wp-json\/wp\/v2\/product_cat?post=89082"},{"taxonomy":"product_tag","embeddable":true,"href":"https:\/\/agrovin.com\/pt-pt\/wp-json\/wp\/v2\/product_tag?post=89082"}],"curies":[{"name":"wp","href":"https:\/\/api.w.org\/{rel}","templated":true}]}}