{"id":89071,"date":"2020-06-03T11:36:41","date_gmt":"2020-06-03T10:36:41","guid":{"rendered":"https:\/\/staging.agrovin.com\/sem%20categoria\/recrescimento-do-actimax\/"},"modified":"2024-06-10T22:34:11","modified_gmt":"2024-06-10T21:34:11","slug":"actimax-regrowth","status":"publish","type":"product","link":"https:\/\/agrovin.com\/pt-pt\/produtos-enologia\/nutrientes\/actimax-regrowth\/","title":{"rendered":"ACTIMAX REGROWTH"},"content":{"rendered":"<h3>CARACTER\u00cdSTICAS<\/h3>\n<p>A sua adi\u00e7\u00e3o fornece as necessidades espec\u00edficas exigidas pela levedura durante a multiplica\u00e7\u00e3o celular, assegurando um r\u00e1pido crescimento da popula\u00e7\u00e3o de leveduras com elevadas capacidades fermentativas.<\/p>\n<p>Al\u00e9m disso, Actimax Regrowth fornece quitosano f\u00fangico (Aspergillus Niger) como clarificador com actividade antimicrobiana para limitar o desenvolvimento de popula\u00e7\u00f5es contaminantes.<\/p>\n<p>A sua composi\u00e7\u00e3o est\u00e1 centrada em satisfazer os requisitos de componentes exigentes da levedura durante o processo de multiplica\u00e7\u00e3o:<\/p>\n<ul>\n<li>A presen\u00e7a de factores de sobreviv\u00eancia tais como ester\u00f3is e \u00e1cidos gordos aumenta a viabilidade da levedura como parte da sua composi\u00e7\u00e3o de membranas lip\u00eddicas. Em situa\u00e7\u00f5es de anaerobiose Saccharomyces cerevisae \u00e9 incapaz de as sintetizar, pelo que uma disponibilidade adequada de ester\u00f3is, como o ergosterol, durante o processo de multiplica\u00e7\u00e3o, facilita a integra\u00e7\u00e3o da levedura, refor\u00e7ando a estrutura flu\u00edda do mosaico da membrana plasm\u00e1tica, melhorando as suas propriedades f\u00edsicas e a sua rela\u00e7\u00e3o com o ambiente.<\/li>\n<li>Os factores de crescimento abrangem os sais minerais naturalmente presentes no citosol actuando como engrenagens naturais da actividade metab\u00f3lica. O seu envolvimento na s\u00edntese de uma multiplicidade de enzimas, bem como na composi\u00e7\u00e3o da membrana celular, tornar\u00e1 estes compostos essenciais para melhorar a taxa de multiplica\u00e7\u00e3o.<\/li>\n<li>Um conte\u00fado adequado de nitrog\u00e9nio facilmente assimil\u00e1vel conduzir\u00e1 a um aumento adicional da taxa de crescimento. O azoto inorg\u00e2nico sob a forma de sais de am\u00f3nio ser\u00e1 a fonte mais facilmente assimil\u00e1vel pela levedura na situa\u00e7\u00e3o de elevada procura da produ\u00e7\u00e3o de biomassa do reactor.<\/li>\n<li>O fornecimento de azoto inorg\u00e2nico com Actimax Regrowth \u00e9 exclusivamente sob a forma de fosfato de am\u00f3nio.<\/li>\n<li>A adi\u00e7\u00e3o de quitosano ir\u00e1 diminuir a carga microbiol\u00f3gica contaminante, melhorando a taxa de multiplica\u00e7\u00e3o da estirpe seleccionada, bem como a pureza do in\u00f3culo. O controlo de bact\u00e9rias e leveduras ind\u00edgenas evitar\u00e1 o consumo de recursos nutricionais, bem como a forma\u00e7\u00e3o de aromas indesej\u00e1veis.<\/li>\n<\/ul>\n<h3>CANDIDATURA<\/h3>\n<p>A aplica\u00e7\u00e3o Actimax Regrowth permite:<\/p>\n<ul>\n<li>Obten\u00e7\u00e3o r\u00e1pida de uma popula\u00e7\u00e3o de leveduras suficiente para a inocula\u00e7\u00e3o garantida do tanque.<\/li>\n<li>Melhor adapta\u00e7\u00e3o das leveduras \u00e0s condi\u00e7\u00f5es do mosto com maiores taxas de sobreviv\u00eancia e in\u00edcio mais r\u00e1pido da fermenta\u00e7\u00e3o.<\/li>\n<li>Obter uma biomassa com maior resist\u00eancia ao etanol, resultando em fins de fermenta\u00e7\u00e3o mais seguros e reduzindo o risco de redu\u00e7\u00e3o de aromas ou produ\u00e7\u00e3o de elevada acidez vol\u00e1til.<\/li>\n<li>A aplica\u00e7\u00e3o no p\u00e9 da cuba para obter uma popula\u00e7\u00e3o de levedura resistente durante o processo de tiragem.<\/li>\n<li>Controlo da flora ind\u00edgena, garantindo a pureza do in\u00f3culo.<\/li>\n<li>Obten\u00e7\u00e3o de uma popula\u00e7\u00e3o suficiente a partir de baixas doses de levedura seca activa, para que um maior n\u00famero de gera\u00e7\u00f5es n\u00e3o afecte a resist\u00eancia das leveduras.<\/li>\n<\/ul>\n<h3>DOSAGEM<\/h3>\n<div class=\"page\" title=\"P\u00e1gina 2\">\n<div class=\"layoutArea\">\n<div class=\"column\">\n<p>Dosagem recomendada em fermenta\u00e7\u00f5es com levedura de inocula\u00e7\u00e3o directa ou com baixa adi\u00e7\u00e3o de levedura seca activa: 20 &#8211; 30 g\/hl<\/p>\n<p>Dose m\u00e1xima autorizada: 60 g\/hl<\/p>\n<p>Dosagem para a cria\u00e7\u00e3o de biomassa em sistemas de produ\u00e7\u00e3o intensiva: 300 g\/hl<\/p>\n<p>&nbsp;<\/p>\n<\/div>\n<\/div>\n<\/div>\n","protected":false},"excerpt":{"rendered":"<p>Actimax Regrowth \u00e9 um nutriente especificamente formulado para utiliza\u00e7\u00e3o em sistemas de produ\u00e7\u00e3o intensiva de biomassa e em fermenta\u00e7\u00f5es onde s\u00e3o utilizadas baixas doses de levedura seca activa.<\/p>\n","protected":false},"featured_media":43867,"template":"","meta":{"_acf_changed":false,"inline_featured_image":false,"site-sidebar-layout":"default","site-content-layout":"default","ast-site-content-layout":"default","site-content-style":"default","site-sidebar-style":"default","ast-global-header-display":"","ast-banner-title-visibility":"","ast-main-header-display":"","ast-hfb-above-header-display":"","ast-hfb-below-header-display":"","ast-hfb-mobile-header-display":"","site-post-title":"","ast-breadcrumbs-content":"","ast-featured-img":"","footer-sml-layout":"","ast-disable-related-posts":"","theme-transparent-header-meta":"default","adv-header-id-meta":"","stick-header-meta":"","header-above-stick-meta":"","header-main-stick-meta":"","header-below-stick-meta":"","astra-migrate-meta-layouts":"default","ast-page-background-enabled":"default","ast-page-background-meta":{"desktop":{"background-color":"var(--ast-global-color-5)","background-image":"","background-repeat":"repeat","background-position":"center center","background-size":"auto","background-attachment":"scroll","background-type":"","background-media":"","overlay-type":"","overlay-color":"","overlay-opacity":"","overlay-gradient":""},"tablet":{"background-color":"","background-image":"","background-repeat":"repeat","background-position":"center center","background-size":"auto","background-attachment":"scroll","background-type":"","background-media":"","overlay-type":"","overlay-color":"","overlay-opacity":"","overlay-gradient":""},"mobile":{"background-color":"","background-image":"","background-repeat":"repeat","background-position":"center center","background-size":"auto","background-attachment":"scroll","background-type":"","background-media":"","overlay-type":"","overlay-color":"","overlay-opacity":"","overlay-gradient":""}},"ast-content-background-meta":{"desktop":{"background-color":"var(--ast-global-color-4)","background-image":"","background-repeat":"repeat","background-position":"center center","background-size":"auto","background-attachment":"scroll","background-type":"","background-media":"","overlay-type":"","overlay-color":"","overlay-opacity":"","overlay-gradient":""},"tablet":{"background-color":"var(--ast-global-color-4)","background-image":"","background-repeat":"repeat","background-position":"center center","background-size":"auto","background-attachment":"scroll","background-type":"","background-media":"","overlay-type":"","overlay-color":"","overlay-opacity":"","overlay-gradient":""},"mobile":{"background-color":"var(--ast-global-color-4)","background-image":"","background-repeat":"repeat","background-position":"center center","background-size":"auto","background-attachment":"scroll","background-type":"","background-media":"","overlay-type":"","overlay-color":"","overlay-opacity":"","overlay-gradient":""}}},"product_brand":[],"product_cat":[212],"product_tag":[298],"class_list":{"0":"post-89071","1":"product","2":"type-product","3":"status-publish","4":"has-post-thumbnail","6":"product_cat-nutrientes","7":"product_tag-nutrientes-combinados","8":"pa_aplicacion-fa-e-fml-pt","9":"pa_composicion-complexo","10":"pa_ecologico-eu-autorizada","11":"pa_estilo-de-vino-branco","12":"pa_estilo-de-vino-espumante","13":"pa_estilo-de-vino-rose-pt","14":"pa_estilo-de-vino-tinto-pt","15":"pa_vegano-vegan-pt-pt","16":"desktop-align-left","17":"tablet-align-left","18":"mobile-align-left","20":"first","21":"instock","22":"shipping-taxable","23":"product-type-simple"},"acf":[],"_links":{"self":[{"href":"https:\/\/agrovin.com\/pt-pt\/wp-json\/wp\/v2\/product\/89071","targetHints":{"allow":["GET"]}}],"collection":[{"href":"https:\/\/agrovin.com\/pt-pt\/wp-json\/wp\/v2\/product"}],"about":[{"href":"https:\/\/agrovin.com\/pt-pt\/wp-json\/wp\/v2\/types\/product"}],"version-history":[{"count":0,"href":"https:\/\/agrovin.com\/pt-pt\/wp-json\/wp\/v2\/product\/89071\/revisions"}],"wp:featuredmedia":[{"embeddable":true,"href":"https:\/\/agrovin.com\/pt-pt\/wp-json\/wp\/v2\/media\/43867"}],"wp:attachment":[{"href":"https:\/\/agrovin.com\/pt-pt\/wp-json\/wp\/v2\/media?parent=89071"}],"wp:term":[{"taxonomy":"product_brand","embeddable":true,"href":"https:\/\/agrovin.com\/pt-pt\/wp-json\/wp\/v2\/product_brand?post=89071"},{"taxonomy":"product_cat","embeddable":true,"href":"https:\/\/agrovin.com\/pt-pt\/wp-json\/wp\/v2\/product_cat?post=89071"},{"taxonomy":"product_tag","embeddable":true,"href":"https:\/\/agrovin.com\/pt-pt\/wp-json\/wp\/v2\/product_tag?post=89071"}],"curies":[{"name":"wp","href":"https:\/\/api.w.org\/{rel}","templated":true}]}}