{"id":89068,"date":"2021-05-20T08:20:11","date_gmt":"2021-05-20T07:20:11","guid":{"rendered":"https:\/\/staging.agrovin.com\/sem%20categoria\/espirito-nuanca\/"},"modified":"2022-11-05T09:44:07","modified_gmt":"2022-11-05T08:44:07","slug":"spirit-nuance","status":"publish","type":"product","link":"https:\/\/agrovin.com\/pt-pt\/produtos-enologia\/alternativos-de-carvalho\/spirit-nuance\/","title":{"rendered":"SPIRIT NUANCE"},"content":{"rendered":"<h3>CARACTER\u00cdSTICAS<\/h3>\n<p>Envolvida na sensa\u00e7\u00e3o de fruta em doses baixas. As notas picantes tamb\u00e9m podem contribuir para a sensa\u00e7\u00e3o de frescura. Em doses mais elevadas, as notas picantes e assadas s\u00e3o mais evidentes.<\/p>\n<p>Espec\u00edfica para aumentar todas as sensa\u00e7\u00f5es na boca. Contribui grandemente para a persist\u00eancia, melhorando as notas de fruta em doses baixas.<\/p>\n<p>De todos os benef\u00edcios do carvalho, podemos destacar os seguintes:<\/p>\n<ul>\n<li>Maior superf\u00edcie de contacto, maior taxa de liberta\u00e7\u00e3o de compostos.<\/li>\n<li>Mat\u00e9ria-prima com a mesma qualidade das pautas e dos chips.<\/li>\n<li>At\u00e9 a torrefac\u00e7\u00e3o.<\/li>\n<li>N\u00e3o cont\u00e9m aglutinantes artificiais.<\/li>\n<li>F\u00e1cil aplica\u00e7\u00e3o, com malha directamente no vinho.<\/li>\n<\/ul>\n<h3>DOSAGEM<\/h3>\n<ul>\n<li>Vinho 0,25-3 g\/l<\/li>\n<\/ul>\n<p>Tanto a dose como a dura\u00e7\u00e3o do tratamento depender\u00e3o do grau de recidiva e da intensidade das caracter\u00edsticas desejadas. Spirit Nuance, devido ao seu formato especial de pellet, facilita curtos per\u00edodos de tratamento.<br \/>\nA dura\u00e7\u00e3o do tratamento pode variar entre 2 e 3 semanas, dependendo do vinho de partida e do efeito pretendido. Recomenda-se o pr\u00e9-teste para determinar a dosagem e as provas frequentes para determinar o tempo \u00f3ptimo de tratamento.<\/p>\n","protected":false},"excerpt":{"rendered":"<p>Spirit Nuance \u00e9 um topping matizado que ir\u00e1 aumentar a sensa\u00e7\u00e3o geral de complexidade. Grande variedade de aromas picantes e subtis tostados.<\/p>\n","protected":false},"featured_media":118680,"template":"","meta":{"_acf_changed":false,"inline_featured_image":false,"site-sidebar-layout":"default","site-content-layout":"default","ast-site-content-layout":"default","site-content-style":"default","site-sidebar-style":"default","ast-global-header-display":"","ast-banner-title-visibility":"","ast-main-header-display":"","ast-hfb-above-header-display":"","ast-hfb-below-header-display":"","ast-hfb-mobile-header-display":"","site-post-title":"","ast-breadcrumbs-content":"","ast-featured-img":"","footer-sml-layout":"","ast-disable-related-posts":"","theme-transparent-header-meta":"default","adv-header-id-meta":"","stick-header-meta":"","header-above-stick-meta":"","header-main-stick-meta":"","header-below-stick-meta":"","astra-migrate-meta-layouts":"default","ast-page-background-enabled":"default","ast-page-background-meta":{"desktop":{"background-color":"var(--ast-global-color-5)","background-image":"","background-repeat":"repeat","background-position":"center center","background-size":"auto","background-attachment":"scroll","background-type":"","background-media":"","overlay-type":"","overlay-color":"","overlay-opacity":"","overlay-gradient":""},"tablet":{"background-color":"","background-image":"","background-repeat":"repeat","background-position":"center center","background-size":"auto","background-attachment":"scroll","background-type":"","background-media":"","overlay-type":"","overlay-color":"","overlay-opacity":"","overlay-gradient":""},"mobile":{"background-color":"","background-image":"","background-repeat":"repeat","background-position":"center center","background-size":"auto","background-attachment":"scroll","background-type":"","background-media":"","overlay-type":"","overlay-color":"","overlay-opacity":"","overlay-gradient":""}},"ast-content-background-meta":{"desktop":{"background-color":"var(--ast-global-color-4)","background-image":"","background-repeat":"repeat","background-position":"center center","background-size":"auto","background-attachment":"scroll","background-type":"","background-media":"","overlay-type":"","overlay-color":"","overlay-opacity":"","overlay-gradient":""},"tablet":{"background-color":"var(--ast-global-color-4)","background-image":"","background-repeat":"repeat","background-position":"center center","background-size":"auto","background-attachment":"scroll","background-type":"","background-media":"","overlay-type":"","overlay-color":"","overlay-opacity":"","overlay-gradient":""},"mobile":{"background-color":"var(--ast-global-color-4)","background-image":"","background-repeat":"repeat","background-position":"center center","background-size":"auto","background-attachment":"scroll","background-type":"","background-media":"","overlay-type":"","overlay-color":"","overlay-opacity":"","overlay-gradient":""}}},"product_brand":[],"product_cat":[222],"product_tag":[],"class_list":{"0":"post-89068","1":"product","2":"type-product","3":"status-publish","4":"has-post-thumbnail","6":"product_cat-alternativos-de-carvalho","7":"pa_ecologico-eu-autorizada","8":"pa_ecologico-nop-usda-autorizada","9":"pa_estilo-de-vino-barrica","10":"pa_estilo-de-vino-branco","11":"pa_estilo-de-vino-rose-pt","12":"pa_estilo-de-vino-tinto-pt","13":"pa_objetivo-refinado","14":"pa_vegano-vegan-pt-pt","15":"desktop-align-left","16":"tablet-align-left","17":"mobile-align-left","19":"first","20":"instock","21":"shipping-taxable","22":"product-type-simple"},"acf":[],"_links":{"self":[{"href":"https:\/\/agrovin.com\/pt-pt\/wp-json\/wp\/v2\/product\/89068","targetHints":{"allow":["GET"]}}],"collection":[{"href":"https:\/\/agrovin.com\/pt-pt\/wp-json\/wp\/v2\/product"}],"about":[{"href":"https:\/\/agrovin.com\/pt-pt\/wp-json\/wp\/v2\/types\/product"}],"version-history":[{"count":0,"href":"https:\/\/agrovin.com\/pt-pt\/wp-json\/wp\/v2\/product\/89068\/revisions"}],"wp:featuredmedia":[{"embeddable":true,"href":"https:\/\/agrovin.com\/pt-pt\/wp-json\/wp\/v2\/media\/118680"}],"wp:attachment":[{"href":"https:\/\/agrovin.com\/pt-pt\/wp-json\/wp\/v2\/media?parent=89068"}],"wp:term":[{"taxonomy":"product_brand","embeddable":true,"href":"https:\/\/agrovin.com\/pt-pt\/wp-json\/wp\/v2\/product_brand?post=89068"},{"taxonomy":"product_cat","embeddable":true,"href":"https:\/\/agrovin.com\/pt-pt\/wp-json\/wp\/v2\/product_cat?post=89068"},{"taxonomy":"product_tag","embeddable":true,"href":"https:\/\/agrovin.com\/pt-pt\/wp-json\/wp\/v2\/product_tag?post=89068"}],"curies":[{"name":"wp","href":"https:\/\/api.w.org\/{rel}","templated":true}]}}