{"id":89056,"date":"2020-06-03T09:32:50","date_gmt":"2020-06-03T08:32:50","guid":{"rendered":"https:\/\/staging.agrovin.com\/sem%20categoria\/tanicol-redsense\/"},"modified":"2022-11-05T11:47:49","modified_gmt":"2022-11-05T10:47:49","slug":"tanicol-redsense","status":"publish","type":"product","link":"https:\/\/agrovin.com\/pt-pt\/produtos-enologia\/taninos\/tanicol-redsense\/","title":{"rendered":"TANICOL REDSENSE"},"content":{"rendered":"<h3>CARACTER\u00cdSTICAS<\/h3>\n<p>Tanicol RedSense consegue uma melhoria sensorial completa; aumenta a intensidade da cor e a estabiliza\u00e7\u00e3o, melhora a estrutura e o corpo e principalmente, gra\u00e7as aos compostos vol\u00e1teis do tanino da \u00e1rvore da fruta vermelha, intensifica o potencial frutado dos vinhos. Aplicado nas fases iniciais da vinifica\u00e7\u00e3o, real\u00e7a os descritores de fruta vermelha e preta, integrando-os nos vinhos da fase de vinifica\u00e7\u00e3o.<\/p>\n<h3>CANDIDATURA<\/h3>\n<p>Na produ\u00e7\u00e3o de vinhos tintos e rosados em que se deseja uma melhoria sensorial completa, aumentando a intensidade da cor, a estabiliza\u00e7\u00e3o da cor ao longo do tempo, a suavidade na boca e, sobretudo, o aumento da complexidade no nariz, melhorando os descritores de fruta vermelha e preta:<\/p>\n<ul>\n<li>Produ\u00e7\u00e3o de vinhos tintos com notas frutadas marcadas, com cores vivas e est\u00e1veis.<\/li>\n<li>Produ\u00e7\u00e3o de vinhos ros\u00e9 muito arom\u00e1ticos e encorpados.<\/li>\n<li>Produ\u00e7\u00e3o de vinhos tintos jovens com macera\u00e7\u00f5es curtas.<\/li>\n<li>Produ\u00e7\u00e3o de vinhos de crianza arom\u00e1ticos.<\/li>\n<li>Macera\u00e7\u00e3o carb\u00f3nica da vinifica\u00e7\u00e3o.<\/li>\n<li>Vinifica\u00e7\u00e3o com macera\u00e7\u00e3o pr\u00e9-fermentativa.<\/li>\n<li>Produ\u00e7\u00e3o de vinhos tintos por termovinifica\u00e7\u00e3o ou Flash Detente.<\/li>\n<li>Produ\u00e7\u00e3o de variedades vermelhas.<\/li>\n<\/ul>\n<h3>DOSAGEM<\/h3>\n<div class=\"page\" title=\"P\u00e1gina 2\">Vinhos tintos: 10-40g\/hl<\/div>\n<div title=\"P\u00e1gina 2\">Vinhos ros\u00e9: 10-20g\/hl<\/div>\n","protected":false},"excerpt":{"rendered":"<p>Tanicol RedSense \u00e9 uma combina\u00e7\u00e3o perfeita de tanino el\u00e1gico (castanheiro), tanino condensado (semente de uva) e tanino de \u00e1rvores de fruto vermelho, ideal para vinhos tintos e ros\u00e9s.<\/p>\n","protected":false},"featured_media":43836,"template":"","meta":{"_acf_changed":false,"inline_featured_image":false,"site-sidebar-layout":"default","site-content-layout":"default","ast-site-content-layout":"default","site-content-style":"default","site-sidebar-style":"default","ast-global-header-display":"","ast-banner-title-visibility":"","ast-main-header-display":"","ast-hfb-above-header-display":"","ast-hfb-below-header-display":"","ast-hfb-mobile-header-display":"","site-post-title":"","ast-breadcrumbs-content":"","ast-featured-img":"","footer-sml-layout":"","ast-disable-related-posts":"","theme-transparent-header-meta":"default","adv-header-id-meta":"","stick-header-meta":"","header-above-stick-meta":"","header-main-stick-meta":"","header-below-stick-meta":"","astra-migrate-meta-layouts":"default","ast-page-background-enabled":"default","ast-page-background-meta":{"desktop":{"background-color":"var(--ast-global-color-5)","background-image":"","background-repeat":"repeat","background-position":"center center","background-size":"auto","background-attachment":"scroll","background-type":"","background-media":"","overlay-type":"","overlay-color":"","overlay-opacity":"","overlay-gradient":""},"tablet":{"background-color":"","background-image":"","background-repeat":"repeat","background-position":"center center","background-size":"auto","background-attachment":"scroll","background-type":"","background-media":"","overlay-type":"","overlay-color":"","overlay-opacity":"","overlay-gradient":""},"mobile":{"background-color":"","background-image":"","background-repeat":"repeat","background-position":"center center","background-size":"auto","background-attachment":"scroll","background-type":"","background-media":"","overlay-type":"","overlay-color":"","overlay-opacity":"","overlay-gradient":""}},"ast-content-background-meta":{"desktop":{"background-color":"var(--ast-global-color-4)","background-image":"","background-repeat":"repeat","background-position":"center center","background-size":"auto","background-attachment":"scroll","background-type":"","background-media":"","overlay-type":"","overlay-color":"","overlay-opacity":"","overlay-gradient":""},"tablet":{"background-color":"var(--ast-global-color-4)","background-image":"","background-repeat":"repeat","background-position":"center center","background-size":"auto","background-attachment":"scroll","background-type":"","background-media":"","overlay-type":"","overlay-color":"","overlay-opacity":"","overlay-gradient":""},"mobile":{"background-color":"var(--ast-global-color-4)","background-image":"","background-repeat":"repeat","background-position":"center center","background-size":"auto","background-attachment":"scroll","background-type":"","background-media":"","overlay-type":"","overlay-color":"","overlay-opacity":"","overlay-gradient":""}}},"product_brand":[],"product_cat":[225],"product_tag":[828,834],"class_list":{"0":"post-89056","1":"product","2":"type-product","3":"status-publish","4":"has-post-thumbnail","6":"product_cat-taninos","7":"product_tag-taninos-antioxidantes-pt-pt","8":"product_tag-taninos-estruturantes","9":"pa_aplicacion-fa-e-fml-pt","10":"pa_ecologico-eu-autorizada","11":"pa_ecologico-nop-usda-autorizada","12":"pa_estilo-de-vino-barrica","13":"pa_estilo-de-vino-rose-pt","14":"pa_estilo-de-vino-tinto-pt","15":"pa_objetivo-aumento-dos-aromas-de-frutas","16":"pa_vegano-vegan-pt-pt","17":"desktop-align-left","18":"tablet-align-left","19":"mobile-align-left","21":"first","22":"instock","23":"shipping-taxable","24":"product-type-simple"},"acf":[],"_links":{"self":[{"href":"https:\/\/agrovin.com\/pt-pt\/wp-json\/wp\/v2\/product\/89056","targetHints":{"allow":["GET"]}}],"collection":[{"href":"https:\/\/agrovin.com\/pt-pt\/wp-json\/wp\/v2\/product"}],"about":[{"href":"https:\/\/agrovin.com\/pt-pt\/wp-json\/wp\/v2\/types\/product"}],"version-history":[{"count":0,"href":"https:\/\/agrovin.com\/pt-pt\/wp-json\/wp\/v2\/product\/89056\/revisions"}],"wp:featuredmedia":[{"embeddable":true,"href":"https:\/\/agrovin.com\/pt-pt\/wp-json\/wp\/v2\/media\/43836"}],"wp:attachment":[{"href":"https:\/\/agrovin.com\/pt-pt\/wp-json\/wp\/v2\/media?parent=89056"}],"wp:term":[{"taxonomy":"product_brand","embeddable":true,"href":"https:\/\/agrovin.com\/pt-pt\/wp-json\/wp\/v2\/product_brand?post=89056"},{"taxonomy":"product_cat","embeddable":true,"href":"https:\/\/agrovin.com\/pt-pt\/wp-json\/wp\/v2\/product_cat?post=89056"},{"taxonomy":"product_tag","embeddable":true,"href":"https:\/\/agrovin.com\/pt-pt\/wp-json\/wp\/v2\/product_tag?post=89056"}],"curies":[{"name":"wp","href":"https:\/\/api.w.org\/{rel}","templated":true}]}}