{"id":89052,"date":"2019-07-08T07:39:15","date_gmt":"2022-11-04T14:14:58","guid":{"rendered":"https:\/\/staging.agrovin.com\/sem%20categoria\/viniferm-elite\/"},"modified":"2022-11-05T12:32:44","modified_gmt":"2022-11-05T11:32:44","slug":"viniferm-elite-rosados","status":"publish","type":"product","link":"https:\/\/agrovin.com\/pt-pt\/produtos-enologia\/leveduras\/viniferm-elite-rosados\/","title":{"rendered":"VINIFERM \u00c9LITE"},"content":{"rendered":"<h3>CARACTER\u00cdSTICAS<\/h3>\n<p>O seu perfil sensorial faz sobressair as caracter\u00edsticas do terroir:<\/p>\n<ul>\n<li>Vinhos sem a\u00e7\u00facares residuais. A sua resist\u00eancia ao etanol leva \u00e0 fermenta\u00e7\u00e3o alco\u00f3lica at\u00e9 os a\u00e7\u00facares estarem completamente esgotados.<\/li>\n<li>Vinhos mais est\u00e1veis do ponto de vista microbiol\u00f3gico. Menor incid\u00eancia de perturba\u00e7\u00f5es (incluindo Brettanomyces).<\/li>\n<li>Vinhos menos alco\u00f3licos. O seu baixo rendimento em a\u00e7\u00facar\/etanol permite que as uvas sejam vindimadas com uma matura\u00e7\u00e3o \u00f3ptima.<\/li>\n<li>Vinhos sem notas de redu\u00e7\u00e3o. N\u00e3o produz sulfureto de hidrog\u00e9nio, evitando a presen\u00e7a de redu\u00e7\u00e3o devido a defici\u00eancias de azoto no ambiente e na matura\u00e7\u00e3o das uvas.<\/li>\n<li>Vinhos varietais. Liberta\u00e7\u00e3o de precursores de tiol, que tamb\u00e9m s\u00e3o definitivos na paleta arom\u00e1tica dos vinhos tintos.<\/li>\n<li>Vinhos redondos, sem bordas, com tanino integrado e boa capacidade de envelhecimento: devido \u00e0 sua produ\u00e7\u00e3o de glicerol e capacidade de lise parietal.<\/li>\n<\/ul>\n<h3>CANDIDATURA<\/h3>\n<p>Vinhos tintos varietais, estruturados e elegantes, elaborados a partir de uvas maduras com um elevado teor alco\u00f3lico potencial e posterior desenvolvimento em madeira.<\/p>\n<h3>DOSAGEM<\/h3>\n<p>Vinifica\u00e7\u00e3o 20-30 g\/hl<\/p>\n","protected":false},"excerpt":{"rendered":"<p>Viniferm ELITE \u00e9 a cepa ideal para aumentar os descritores varietais dos vinhos tintos.<\/p>\n","protected":false},"featured_media":28130,"template":"","meta":{"_acf_changed":false,"inline_featured_image":false,"site-sidebar-layout":"default","site-content-layout":"default","ast-site-content-layout":"default","site-content-style":"default","site-sidebar-style":"default","ast-global-header-display":"","ast-banner-title-visibility":"","ast-main-header-display":"","ast-hfb-above-header-display":"","ast-hfb-below-header-display":"","ast-hfb-mobile-header-display":"","site-post-title":"","ast-breadcrumbs-content":"","ast-featured-img":"","footer-sml-layout":"","ast-disable-related-posts":"","theme-transparent-header-meta":"default","adv-header-id-meta":"","stick-header-meta":"","header-above-stick-meta":"","header-main-stick-meta":"","header-below-stick-meta":"","astra-migrate-meta-layouts":"default","ast-page-background-enabled":"default","ast-page-background-meta":{"desktop":{"background-color":"var(--ast-global-color-5)","background-image":"","background-repeat":"repeat","background-position":"center center","background-size":"auto","background-attachment":"scroll","background-type":"","background-media":"","overlay-type":"","overlay-color":"","overlay-opacity":"","overlay-gradient":""},"tablet":{"background-color":"","background-image":"","background-repeat":"repeat","background-position":"center center","background-size":"auto","background-attachment":"scroll","background-type":"","background-media":"","overlay-type":"","overlay-color":"","overlay-opacity":"","overlay-gradient":""},"mobile":{"background-color":"","background-image":"","background-repeat":"repeat","background-position":"center center","background-size":"auto","background-attachment":"scroll","background-type":"","background-media":"","overlay-type":"","overlay-color":"","overlay-opacity":"","overlay-gradient":""}},"ast-content-background-meta":{"desktop":{"background-color":"var(--ast-global-color-4)","background-image":"","background-repeat":"repeat","background-position":"center center","background-size":"auto","background-attachment":"scroll","background-type":"","background-media":"","overlay-type":"","overlay-color":"","overlay-opacity":"","overlay-gradient":""},"tablet":{"background-color":"var(--ast-global-color-4)","background-image":"","background-repeat":"repeat","background-position":"center center","background-size":"auto","background-attachment":"scroll","background-type":"","background-media":"","overlay-type":"","overlay-color":"","overlay-opacity":"","overlay-gradient":""},"mobile":{"background-color":"var(--ast-global-color-4)","background-image":"","background-repeat":"repeat","background-position":"center center","background-size":"auto","background-attachment":"scroll","background-type":"","background-media":"","overlay-type":"","overlay-color":"","overlay-opacity":"","overlay-gradient":""}}},"product_brand":[],"product_cat":[2088],"product_tag":[350,351,404],"class_list":{"0":"post-89052","1":"product","2":"type-product","3":"status-publish","4":"has-post-thumbnail","6":"product_cat-leveduras","7":"product_tag-aromas-varietales-pt-pt","8":"product_tag-estructura-y-volumen-en-boca-pt-pt","9":"product_tag-seguranca-fermentativa","10":"pa_aplicacion-fa-e-fml-pt","11":"pa_ecologico-eu-autorizada","12":"pa_ecologico-nop-usda-autorizada","13":"pa_estilo-de-vino-rose-pt","14":"pa_estilo-de-vino-tinto-pt","15":"pa_vegano-vegan-pt-pt","16":"desktop-align-left","17":"tablet-align-left","18":"mobile-align-left","20":"first","21":"instock","22":"shipping-taxable","23":"product-type-simple"},"acf":[],"_links":{"self":[{"href":"https:\/\/agrovin.com\/pt-pt\/wp-json\/wp\/v2\/product\/89052","targetHints":{"allow":["GET"]}}],"collection":[{"href":"https:\/\/agrovin.com\/pt-pt\/wp-json\/wp\/v2\/product"}],"about":[{"href":"https:\/\/agrovin.com\/pt-pt\/wp-json\/wp\/v2\/types\/product"}],"version-history":[{"count":0,"href":"https:\/\/agrovin.com\/pt-pt\/wp-json\/wp\/v2\/product\/89052\/revisions"}],"wp:featuredmedia":[{"embeddable":true,"href":"https:\/\/agrovin.com\/pt-pt\/wp-json\/wp\/v2\/media\/28130"}],"wp:attachment":[{"href":"https:\/\/agrovin.com\/pt-pt\/wp-json\/wp\/v2\/media?parent=89052"}],"wp:term":[{"taxonomy":"product_brand","embeddable":true,"href":"https:\/\/agrovin.com\/pt-pt\/wp-json\/wp\/v2\/product_brand?post=89052"},{"taxonomy":"product_cat","embeddable":true,"href":"https:\/\/agrovin.com\/pt-pt\/wp-json\/wp\/v2\/product_cat?post=89052"},{"taxonomy":"product_tag","embeddable":true,"href":"https:\/\/agrovin.com\/pt-pt\/wp-json\/wp\/v2\/product_tag?post=89052"}],"curies":[{"name":"wp","href":"https:\/\/api.w.org\/{rel}","templated":true}]}}