{"id":89047,"date":"2020-06-03T08:13:11","date_gmt":"2022-11-04T14:14:49","guid":{"rendered":"https:\/\/staging.agrovin.com\/sem%20categoria\/viniferm-e-ag-20\/"},"modified":"2025-08-13T08:53:10","modified_gmt":"2025-08-13T06:53:10","slug":"viniferm-oe-ag-20","status":"publish","type":"product","link":"https:\/\/agrovin.com\/pt-pt\/produtos-enologia\/bacterias-lacticas\/viniferm-oe-ag-20\/","title":{"rendered":"VINIFERM OE AG-20"},"content":{"rendered":"<h3>CARACTER\u00cdSTICAS<\/h3>\n<p>A sua elevada preval\u00eancia limita o desenvolvimento de microrganismos indesej\u00e1veis e controla fermenta\u00e7\u00f5es malol\u00e1cticas espont\u00e2neas, eliminando as desvantagens derivadas das mesmas, incluindo o risco de produ\u00e7\u00e3o de aminas biog\u00e9nicas, mesmo em vinhos com elevado pH e elevado teor alco\u00f3lico.<\/p>\n<p>Viniferm \u0152 AG-20 \u00e9 uma selec\u00e7\u00e3o natural de Oenococcus oeni de mostos e vinhos de castas Tempranillo (Tinto Fino) do D.O. Ribera del Duero. Uma cultura fresca de bact\u00e9rias l\u00e1cticas com uma contagem de bact\u00e9rias vi\u00e1vel &gt;5*109 ufc\/ml.<\/p>\n<h3>CANDIDATURA<\/h3>\n<p>Cultura l\u00edquida de Oenococcus oeni especialmente adequada para vinhos tintos de qualidade superior com desenvolvimento em carvalho, onde o car\u00e1cter varietal e a suavidade do paladar devem ser real\u00e7ados. Perfeito para todos os tipos de variedades vermelhas: Tempranillo, Garnacha, Monastrell, Merlot, Cabernet, Sauvignon, Syrah, etc.<\/p>\n<p>Excelentes resultados na fermenta\u00e7\u00e3o malol\u00e1ctica em barril, mantendo as qualidades crom\u00e1ticas e o perfil varietal do vinho. Complexidade e integra\u00e7\u00e3o com a madeira com equil\u00edbrio e presen\u00e7a no paladar.<\/p>\n<p>Adequado para fermenta\u00e7\u00e3o sequencial e co-inocula\u00e7\u00e3o.<\/p>\n<h3>DOSAGEM<\/h3>\n<ul>\n<li>500 ml: Dosagem para 5.000 litros de vinho (50 hl).<\/li>\n<li>1 l: Dosagem para 10.000 litros de vinho (100 hl).<\/li>\n<li>Dosagem para 50.000 litros de vinho (500 hl).<\/li>\n<li>Dosagem para 100.000 litros de vinho (1000 hl).<\/li>\n<\/ul>\n","protected":false},"excerpt":{"rendered":"<p>Viniferm eu AG-20 s\u00e3o culturas l\u00edquidas de bact\u00e9rias l\u00e1cticas prontas a usar, com o m\u00e1ximo respeito pelo car\u00e1cter varietal do vinho, tanto em termos anal\u00edticos como sensoriais.<\/p>\n","protected":false},"featured_media":121630,"template":"","meta":{"_acf_changed":false,"inline_featured_image":false,"site-sidebar-layout":"default","site-content-layout":"default","ast-site-content-layout":"default","site-content-style":"default","site-sidebar-style":"default","ast-global-header-display":"","ast-banner-title-visibility":"","ast-main-header-display":"","ast-hfb-above-header-display":"","ast-hfb-below-header-display":"","ast-hfb-mobile-header-display":"","site-post-title":"","ast-breadcrumbs-content":"","ast-featured-img":"","footer-sml-layout":"","ast-disable-related-posts":"","theme-transparent-header-meta":"default","adv-header-id-meta":"","stick-header-meta":"","header-above-stick-meta":"","header-main-stick-meta":"","header-below-stick-meta":"","astra-migrate-meta-layouts":"set","ast-page-background-enabled":"default","ast-page-background-meta":{"desktop":{"background-color":"var(--ast-global-color-5)","background-image":"","background-repeat":"repeat","background-position":"center center","background-size":"auto","background-attachment":"scroll","background-type":"","background-media":"","overlay-type":"","overlay-color":"","overlay-opacity":"","overlay-gradient":""},"tablet":{"background-color":"","background-image":"","background-repeat":"repeat","background-position":"center center","background-size":"auto","background-attachment":"scroll","background-type":"","background-media":"","overlay-type":"","overlay-color":"","overlay-opacity":"","overlay-gradient":""},"mobile":{"background-color":"","background-image":"","background-repeat":"repeat","background-position":"center center","background-size":"auto","background-attachment":"scroll","background-type":"","background-media":"","overlay-type":"","overlay-color":"","overlay-opacity":"","overlay-gradient":""}},"ast-content-background-meta":{"desktop":{"background-color":"var(--ast-global-color-4)","background-image":"","background-repeat":"repeat","background-position":"center center","background-size":"auto","background-attachment":"scroll","background-type":"","background-media":"","overlay-type":"","overlay-color":"","overlay-opacity":"","overlay-gradient":""},"tablet":{"background-color":"var(--ast-global-color-4)","background-image":"","background-repeat":"repeat","background-position":"center center","background-size":"auto","background-attachment":"scroll","background-type":"","background-media":"","overlay-type":"","overlay-color":"","overlay-opacity":"","overlay-gradient":""},"mobile":{"background-color":"var(--ast-global-color-4)","background-image":"","background-repeat":"repeat","background-position":"center center","background-size":"auto","background-attachment":"scroll","background-type":"","background-media":"","overlay-type":"","overlay-color":"","overlay-opacity":"","overlay-gradient":""}}},"product_brand":[],"product_cat":[157],"product_tag":[],"class_list":{"0":"post-89047","1":"product","2":"type-product","3":"status-publish","4":"has-post-thumbnail","6":"product_cat-bacterias-lacticas","7":"desktop-align-left","8":"tablet-align-left","9":"mobile-align-left","11":"first","12":"instock","13":"shipping-taxable","14":"product-type-simple"},"acf":[],"_links":{"self":[{"href":"https:\/\/agrovin.com\/pt-pt\/wp-json\/wp\/v2\/product\/89047","targetHints":{"allow":["GET"]}}],"collection":[{"href":"https:\/\/agrovin.com\/pt-pt\/wp-json\/wp\/v2\/product"}],"about":[{"href":"https:\/\/agrovin.com\/pt-pt\/wp-json\/wp\/v2\/types\/product"}],"version-history":[{"count":1,"href":"https:\/\/agrovin.com\/pt-pt\/wp-json\/wp\/v2\/product\/89047\/revisions"}],"predecessor-version":[{"id":121650,"href":"https:\/\/agrovin.com\/pt-pt\/wp-json\/wp\/v2\/product\/89047\/revisions\/121650"}],"wp:featuredmedia":[{"embeddable":true,"href":"https:\/\/agrovin.com\/pt-pt\/wp-json\/wp\/v2\/media\/121630"}],"wp:attachment":[{"href":"https:\/\/agrovin.com\/pt-pt\/wp-json\/wp\/v2\/media?parent=89047"}],"wp:term":[{"taxonomy":"product_brand","embeddable":true,"href":"https:\/\/agrovin.com\/pt-pt\/wp-json\/wp\/v2\/product_brand?post=89047"},{"taxonomy":"product_cat","embeddable":true,"href":"https:\/\/agrovin.com\/pt-pt\/wp-json\/wp\/v2\/product_cat?post=89047"},{"taxonomy":"product_tag","embeddable":true,"href":"https:\/\/agrovin.com\/pt-pt\/wp-json\/wp\/v2\/product_tag?post=89047"}],"curies":[{"name":"wp","href":"https:\/\/api.w.org\/{rel}","templated":true}]}}