{"id":89017,"date":"2019-02-28T10:13:51","date_gmt":"2022-11-04T14:14:03","guid":{"rendered":"https:\/\/staging.agrovin.com\/sem%20categoria\/candy-espirito\/"},"modified":"2024-08-23T13:15:44","modified_gmt":"2024-08-23T12:15:44","slug":"spirit-candy","status":"publish","type":"product","link":"https:\/\/agrovin.com\/pt-pt\/produtos-enologia\/alternativos-de-carvalho\/spirit-candy\/","title":{"rendered":"SPIRIT CANDY"},"content":{"rendered":"<h3>CARACTER\u00cdSTICAS<\/h3>\n<p>Envolvida na sensa\u00e7\u00e3o de fruta em doses baixas. Spirit Candy favorece a percep\u00e7\u00e3o de fruta madura. Em doses mais elevadas contribui para a sensa\u00e7\u00e3o de notas de carvalho n\u00e3o tostadas, influenciando a frescura arom\u00e1tica com notas de vegeta\u00e7\u00e3o rasteira e ervas arom\u00e1ticas.<\/p>\n<p>Especificamente para proporcionar do\u00e7ura no paladar. Est\u00e1 tamb\u00e9m sutilmente envolvido na contribui\u00e7\u00e3o de gordura e persist\u00eancia.<\/p>\n<p>De todos os benef\u00edcios do carvalho, podemos destacar os seguintes:<\/p>\n<ul>\n<li>Maior superf\u00edcie de contacto, maior taxa de liberta\u00e7\u00e3o de compostos.<\/li>\n<li>Mat\u00e9ria-prima com a mesma qualidade das pautas e dos chips.<\/li>\n<li>At\u00e9 a torrefac\u00e7\u00e3o.<\/li>\n<li>N\u00e3o cont\u00e9m aglutinantes artificiais.<\/li>\n<li>F\u00e1cil aplica\u00e7\u00e3o, com malha directamente no vinho.<\/li>\n<\/ul>\n<h3>DOSAGEM<\/h3>\n<ul>\n<li>Vinho 0,25-3 g\/l<\/li>\n<\/ul>\n<p>Tanto a dose como a dura\u00e7\u00e3o do tratamento depender\u00e3o do grau de recidiva e da intensidade das caracter\u00edsticas desejadas. Spirit Candy, devido ao seu formato particular de pellet, facilita curtos per\u00edodos de tratamento.<br \/>\nA dura\u00e7\u00e3o do tratamento pode variar entre 2 e 3 semanas, dependendo do vinho de partida e do efeito pretendido. \u00c9 aconselh\u00e1vel realizar testes preliminares a fim de esclarecer<br \/>\ndoseamento e provas frequentes para determinar o tempo \u00f3ptimo de tratamento.<\/p>\n","protected":false},"excerpt":{"rendered":"<p>M\u00e1ximo respeito varietal com uma <strong>fus\u00e3o de baunilha e caramelo<\/strong>. O topping, um formato inovador em alternativas de carvalho, uma ferramenta muito \u00fatil na vinifica\u00e7\u00e3o. O Spirit Candy, devido \u00e0 sua estrutura, porosidade e permeabilidade, produz uma <strong>r\u00e1pida liberta\u00e7\u00e3o<\/strong> de compostos arom\u00e1ticos com uma <strong>dosagem reduzida<\/strong> em compara\u00e7\u00e3o com os formatos actuais. Spirit Candy tem uma alta concentra\u00e7\u00e3o de vanilina e cis-whiskylactone.<\/p>\n<ul>\n<li>Maior superf\u00edcie de contacto, maior taxa de liberta\u00e7\u00e3o de compostos.<\/li>\n<li>Mat\u00e9ria-prima com a mesma qualidade das pautas e dos chips.<\/li>\n<li>N\u00e3o cont\u00e9m aglutinantes artificiais.<\/li>\n<li>F\u00e1cil aplica\u00e7\u00e3o, com malha directamente no vinho.<\/li>\n<\/ul>\n","protected":false},"featured_media":67840,"template":"","meta":{"_acf_changed":false,"inline_featured_image":false,"site-sidebar-layout":"default","site-content-layout":"default","ast-site-content-layout":"default","site-content-style":"default","site-sidebar-style":"default","ast-global-header-display":"","ast-banner-title-visibility":"","ast-main-header-display":"","ast-hfb-above-header-display":"","ast-hfb-below-header-display":"","ast-hfb-mobile-header-display":"","site-post-title":"","ast-breadcrumbs-content":"","ast-featured-img":"","footer-sml-layout":"","ast-disable-related-posts":"","theme-transparent-header-meta":"default","adv-header-id-meta":"","stick-header-meta":"","header-above-stick-meta":"","header-main-stick-meta":"","header-below-stick-meta":"","astra-migrate-meta-layouts":"default","ast-page-background-enabled":"default","ast-page-background-meta":{"desktop":{"background-color":"var(--ast-global-color-5)","background-image":"","background-repeat":"repeat","background-position":"center center","background-size":"auto","background-attachment":"scroll","background-type":"","background-media":"","overlay-type":"","overlay-color":"","overlay-opacity":"","overlay-gradient":""},"tablet":{"background-color":"","background-image":"","background-repeat":"repeat","background-position":"center center","background-size":"auto","background-attachment":"scroll","background-type":"","background-media":"","overlay-type":"","overlay-color":"","overlay-opacity":"","overlay-gradient":""},"mobile":{"background-color":"","background-image":"","background-repeat":"repeat","background-position":"center center","background-size":"auto","background-attachment":"scroll","background-type":"","background-media":"","overlay-type":"","overlay-color":"","overlay-opacity":"","overlay-gradient":""}},"ast-content-background-meta":{"desktop":{"background-color":"var(--ast-global-color-4)","background-image":"","background-repeat":"repeat","background-position":"center center","background-size":"auto","background-attachment":"scroll","background-type":"","background-media":"","overlay-type":"","overlay-color":"","overlay-opacity":"","overlay-gradient":""},"tablet":{"background-color":"var(--ast-global-color-4)","background-image":"","background-repeat":"repeat","background-position":"center center","background-size":"auto","background-attachment":"scroll","background-type":"","background-media":"","overlay-type":"","overlay-color":"","overlay-opacity":"","overlay-gradient":""},"mobile":{"background-color":"var(--ast-global-color-4)","background-image":"","background-repeat":"repeat","background-position":"center center","background-size":"auto","background-attachment":"scroll","background-type":"","background-media":"","overlay-type":"","overlay-color":"","overlay-opacity":"","overlay-gradient":""}}},"product_brand":[],"product_cat":[222],"product_tag":[439],"class_list":{"0":"post-89017","1":"product","2":"type-product","3":"status-publish","4":"has-post-thumbnail","6":"product_cat-alternativos-de-carvalho","7":"product_tag-carvalho-americano","8":"pa_ecologico-eu-autorizada","9":"pa_ecologico-nop-usda-autorizada","10":"pa_estilo-de-vino-barrica","11":"pa_estilo-de-vino-branco","12":"pa_estilo-de-vino-rose-pt","13":"pa_estilo-de-vino-tinto-pt","14":"pa_objetivo-refinado","15":"pa_vegano-vegan-pt-pt","16":"desktop-align-left","17":"tablet-align-left","18":"mobile-align-left","20":"first","21":"instock","22":"featured","23":"shipping-taxable","24":"product-type-simple"},"acf":[],"_links":{"self":[{"href":"https:\/\/agrovin.com\/pt-pt\/wp-json\/wp\/v2\/product\/89017","targetHints":{"allow":["GET"]}}],"collection":[{"href":"https:\/\/agrovin.com\/pt-pt\/wp-json\/wp\/v2\/product"}],"about":[{"href":"https:\/\/agrovin.com\/pt-pt\/wp-json\/wp\/v2\/types\/product"}],"version-history":[{"count":1,"href":"https:\/\/agrovin.com\/pt-pt\/wp-json\/wp\/v2\/product\/89017\/revisions"}],"predecessor-version":[{"id":116225,"href":"https:\/\/agrovin.com\/pt-pt\/wp-json\/wp\/v2\/product\/89017\/revisions\/116225"}],"wp:featuredmedia":[{"embeddable":true,"href":"https:\/\/agrovin.com\/pt-pt\/wp-json\/wp\/v2\/media\/67840"}],"wp:attachment":[{"href":"https:\/\/agrovin.com\/pt-pt\/wp-json\/wp\/v2\/media?parent=89017"}],"wp:term":[{"taxonomy":"product_brand","embeddable":true,"href":"https:\/\/agrovin.com\/pt-pt\/wp-json\/wp\/v2\/product_brand?post=89017"},{"taxonomy":"product_cat","embeddable":true,"href":"https:\/\/agrovin.com\/pt-pt\/wp-json\/wp\/v2\/product_cat?post=89017"},{"taxonomy":"product_tag","embeddable":true,"href":"https:\/\/agrovin.com\/pt-pt\/wp-json\/wp\/v2\/product_tag?post=89017"}],"curies":[{"name":"wp","href":"https:\/\/api.w.org\/{rel}","templated":true}]}}