{"id":89007,"date":"2018-09-12T11:43:29","date_gmt":"2022-11-04T14:13:48","guid":{"rendered":"https:\/\/staging.agrovin.com\/sem%20categoria\/porque-proteger-os-fs\/"},"modified":"2024-08-23T16:24:34","modified_gmt":"2024-08-23T15:24:34","slug":"beco-protect-fs-2","status":"publish","type":"product","link":"https:\/\/agrovin.com\/pt-pt\/produtos-enologia\/filtracao\/beco-protect-fs-2\/","title":{"rendered":"PORQUE PROTEGER OS FS"},"content":{"rendered":"<h3>CARACTER\u00cdSTICAS<\/h3>\n<p>BECO PROTECT FS cartuchos filtrantes de profundidade com camadas de polipropileno de alta qualidade, especialmente plissadas. Um cartucho de suporte interno e externo de polipropileno assegura a m\u00e1xima estabilidade mec\u00e2nica. Todos os materiais utilizados garantem uma filtragem neutra do produto, sem adsor\u00e7\u00e3o ou migra\u00e7\u00e3o de part\u00edculas.<\/p>\n","protected":false},"excerpt":{"rendered":"<h5>CARACTER\u00cdSTICAS:<\/h5>\n<p>Os cartuchos filtrantes de profundidade <strong>BECO PROTECT FS FineStream<\/strong> s\u00e3o cartuchos filtrantes de profundidade inovadores com um desenho \u00fanico que aumenta a superf\u00edcie filtrante. Outra caracter\u00edstica \u00fanica \u00e9 o caudal vari\u00e1vel dos cartuchos filtrantes de profundidade BECO PROTECT FS. O fluxo pode ser do exterior para o interior ou, se o lado de entrada e sa\u00edda da caixa for alterado, do interior para o exterior. O efeito de filtragem \u00e9 preservado. Os cartuchos de filtro de profundidade BECO PROTECT FS s\u00e3o utilizados na ind\u00fastria das bebidas.<\/p>\n<p>&nbsp;<\/p>\n<p><a href=\"https:\/\/agrovin.com\/agrv\/pdf\/filtracion\/cartuchos\/BECOPROTECT_FS.pdf\" target=\"_blank\" rel=\"noopener\"><strong>Especifica\u00e7\u00f5es t\u00e9cnicas<\/strong><\/a><\/p>\n","protected":false},"featured_media":23458,"template":"","meta":{"_acf_changed":false,"inline_featured_image":false,"site-sidebar-layout":"default","site-content-layout":"default","ast-site-content-layout":"default","site-content-style":"default","site-sidebar-style":"default","ast-global-header-display":"","ast-banner-title-visibility":"","ast-main-header-display":"","ast-hfb-above-header-display":"","ast-hfb-below-header-display":"","ast-hfb-mobile-header-display":"","site-post-title":"","ast-breadcrumbs-content":"","ast-featured-img":"","footer-sml-layout":"","ast-disable-related-posts":"","theme-transparent-header-meta":"default","adv-header-id-meta":"","stick-header-meta":"","header-above-stick-meta":"","header-main-stick-meta":"","header-below-stick-meta":"","astra-migrate-meta-layouts":"default","ast-page-background-enabled":"default","ast-page-background-meta":{"desktop":{"background-color":"var(--ast-global-color-5)","background-image":"","background-repeat":"repeat","background-position":"center center","background-size":"auto","background-attachment":"scroll","background-type":"","background-media":"","overlay-type":"","overlay-color":"","overlay-opacity":"","overlay-gradient":""},"tablet":{"background-color":"","background-image":"","background-repeat":"repeat","background-position":"center center","background-size":"auto","background-attachment":"scroll","background-type":"","background-media":"","overlay-type":"","overlay-color":"","overlay-opacity":"","overlay-gradient":""},"mobile":{"background-color":"","background-image":"","background-repeat":"repeat","background-position":"center center","background-size":"auto","background-attachment":"scroll","background-type":"","background-media":"","overlay-type":"","overlay-color":"","overlay-opacity":"","overlay-gradient":""}},"ast-content-background-meta":{"desktop":{"background-color":"var(--ast-global-color-4)","background-image":"","background-repeat":"repeat","background-position":"center center","background-size":"auto","background-attachment":"scroll","background-type":"","background-media":"","overlay-type":"","overlay-color":"","overlay-opacity":"","overlay-gradient":""},"tablet":{"background-color":"var(--ast-global-color-4)","background-image":"","background-repeat":"repeat","background-position":"center center","background-size":"auto","background-attachment":"scroll","background-type":"","background-media":"","overlay-type":"","overlay-color":"","overlay-opacity":"","overlay-gradient":""},"mobile":{"background-color":"var(--ast-global-color-4)","background-image":"","background-repeat":"repeat","background-position":"center center","background-size":"auto","background-attachment":"scroll","background-type":"","background-media":"","overlay-type":"","overlay-color":"","overlay-opacity":"","overlay-gradient":""}}},"product_brand":[],"product_cat":[359],"product_tag":[],"class_list":{"0":"post-89007","1":"product","2":"type-product","3":"status-publish","4":"has-post-thumbnail","6":"product_cat-filtracao","7":"desktop-align-left","8":"tablet-align-left","9":"mobile-align-left","11":"first","12":"instock","13":"virtual","14":"product-type-simple"},"acf":[],"_links":{"self":[{"href":"https:\/\/agrovin.com\/pt-pt\/wp-json\/wp\/v2\/product\/89007","targetHints":{"allow":["GET"]}}],"collection":[{"href":"https:\/\/agrovin.com\/pt-pt\/wp-json\/wp\/v2\/product"}],"about":[{"href":"https:\/\/agrovin.com\/pt-pt\/wp-json\/wp\/v2\/types\/product"}],"version-history":[{"count":1,"href":"https:\/\/agrovin.com\/pt-pt\/wp-json\/wp\/v2\/product\/89007\/revisions"}],"predecessor-version":[{"id":116237,"href":"https:\/\/agrovin.com\/pt-pt\/wp-json\/wp\/v2\/product\/89007\/revisions\/116237"}],"wp:featuredmedia":[{"embeddable":true,"href":"https:\/\/agrovin.com\/pt-pt\/wp-json\/wp\/v2\/media\/23458"}],"wp:attachment":[{"href":"https:\/\/agrovin.com\/pt-pt\/wp-json\/wp\/v2\/media?parent=89007"}],"wp:term":[{"taxonomy":"product_brand","embeddable":true,"href":"https:\/\/agrovin.com\/pt-pt\/wp-json\/wp\/v2\/product_brand?post=89007"},{"taxonomy":"product_cat","embeddable":true,"href":"https:\/\/agrovin.com\/pt-pt\/wp-json\/wp\/v2\/product_cat?post=89007"},{"taxonomy":"product_tag","embeddable":true,"href":"https:\/\/agrovin.com\/pt-pt\/wp-json\/wp\/v2\/product_tag?post=89007"}],"curies":[{"name":"wp","href":"https:\/\/api.w.org\/{rel}","templated":true}]}}