{"id":89002,"date":"2018-07-10T14:04:17","date_gmt":"2022-11-04T14:13:00","guid":{"rendered":"https:\/\/staging.agrovin.com\/sem%20categoria\/flot-proveget\/"},"modified":"2022-11-05T10:13:25","modified_gmt":"2022-11-05T09:13:25","slug":"proveget-flot","status":"publish","type":"product","link":"https:\/\/agrovin.com\/pt-pt\/produtos-enologia\/flotacao-produtos-enologia\/proveget-flot\/","title":{"rendered":"PROVEGET FLOT"},"content":{"rendered":"<h3>CARACTER\u00cdSTICAS<\/h3>\n<p>Proveget FLOT melhora a consist\u00eancia e velocidade da forma\u00e7\u00e3o de flocos, combinando as caracter\u00edsticas electrost\u00e1ticas da prote\u00edna vegetal com as do chitin-glucan, um polissacar\u00eddeo altamente carregado. Como resultado, a remo\u00e7\u00e3o de part\u00edculas do mosto, incluindo elementos potencialmente oxid\u00e1veis, \u00e9 acelerada. Ao melhorar a compacta\u00e7\u00e3o de flocos, o desempenho \u00e9 significativamente melhorado.<\/p>\n<p>Proveget FLOT \u00e9 um produto natural, de origem n\u00e3o animal, obtido a partir de mat\u00e9ria-prima livre de organismos geneticamente modificados (N\u00e3o OGM).<\/p>\n<h3>CANDIDATURA<\/h3>\n<p>A din\u00e2mica deve ser clarificada por flutua\u00e7\u00e3o.<\/p>\n<p>Mostos brancos, ros\u00e9s e vermelhos da termovinifica\u00e7\u00e3o.<\/p>\n<h3>DOSAGEM<\/h3>\n<div class=\"page\" title=\"P\u00e1gina 2\">\n<div class=\"layoutArea\">\n<div class=\"column\">\n<div class=\"page\" title=\"P\u00e1gina 2\">\n<div class=\"layoutArea\">\n<div class=\"column\">\n<p>Deve flutuar: 50-200 ml\/hl<\/p>\n<p>Mosto: 200-500 ml\/hl<\/p>\n<p>Vinho: 100-300 ml\/hl<\/p>\n<\/div>\n<\/div>\n<\/div>\n<\/div>\n<\/div>\n<\/div>\n","protected":false},"excerpt":{"rendered":"<p>Proveget FLOT \u00e9 a solu\u00e7\u00e3o ideal para uma clarifica\u00e7\u00e3o r\u00e1pida e de alto desempenho. \u00c9 uma alternativa \u00e0 utiliza\u00e7\u00e3o de adjuvantes de origem animal, e at\u00e9 melhora as caracter\u00edsticas destes adjuvantes ao remover subst\u00e2ncias potencialmente oxid\u00e1veis de forma mais eficaz.<\/p>\n","protected":false},"featured_media":122248,"template":"","meta":{"_acf_changed":false,"inline_featured_image":false,"site-sidebar-layout":"default","site-content-layout":"default","ast-site-content-layout":"default","site-content-style":"default","site-sidebar-style":"default","ast-global-header-display":"","ast-banner-title-visibility":"","ast-main-header-display":"","ast-hfb-above-header-display":"","ast-hfb-below-header-display":"","ast-hfb-mobile-header-display":"","site-post-title":"","ast-breadcrumbs-content":"","ast-featured-img":"","footer-sml-layout":"","ast-disable-related-posts":"","theme-transparent-header-meta":"default","adv-header-id-meta":"","stick-header-meta":"","header-above-stick-meta":"","header-main-stick-meta":"","header-below-stick-meta":"","astra-migrate-meta-layouts":"default","ast-page-background-enabled":"default","ast-page-background-meta":{"desktop":{"background-color":"var(--ast-global-color-5)","background-image":"","background-repeat":"repeat","background-position":"center center","background-size":"auto","background-attachment":"scroll","background-type":"","background-media":"","overlay-type":"","overlay-color":"","overlay-opacity":"","overlay-gradient":""},"tablet":{"background-color":"","background-image":"","background-repeat":"repeat","background-position":"center center","background-size":"auto","background-attachment":"scroll","background-type":"","background-media":"","overlay-type":"","overlay-color":"","overlay-opacity":"","overlay-gradient":""},"mobile":{"background-color":"","background-image":"","background-repeat":"repeat","background-position":"center center","background-size":"auto","background-attachment":"scroll","background-type":"","background-media":"","overlay-type":"","overlay-color":"","overlay-opacity":"","overlay-gradient":""}},"ast-content-background-meta":{"desktop":{"background-color":"var(--ast-global-color-4)","background-image":"","background-repeat":"repeat","background-position":"center center","background-size":"auto","background-attachment":"scroll","background-type":"","background-media":"","overlay-type":"","overlay-color":"","overlay-opacity":"","overlay-gradient":""},"tablet":{"background-color":"var(--ast-global-color-4)","background-image":"","background-repeat":"repeat","background-position":"center center","background-size":"auto","background-attachment":"scroll","background-type":"","background-media":"","overlay-type":"","overlay-color":"","overlay-opacity":"","overlay-gradient":""},"mobile":{"background-color":"var(--ast-global-color-4)","background-image":"","background-repeat":"repeat","background-position":"center center","background-size":"auto","background-attachment":"scroll","background-type":"","background-media":"","overlay-type":"","overlay-color":"","overlay-opacity":"","overlay-gradient":""}}},"product_brand":[],"product_cat":[686,167],"product_tag":[500],"class_list":{"0":"post-89002","1":"product","2":"type-product","3":"status-publish","4":"has-post-thumbnail","6":"product_cat-flotacao-produtos-enologia","7":"product_cat-clarificantes","8":"product_tag-mosto-pt-pt","9":"pa_aplicacion-uva-e-mosto-pt","10":"pa_estilo-de-vino-branco","11":"pa_estilo-de-vino-rose-pt","12":"pa_estilo-de-vino-tinto-pt","13":"pa_origen-formulacao","14":"pa_vegano-vegan-pt-pt","15":"desktop-align-left","16":"tablet-align-left","17":"mobile-align-left","19":"first","20":"instock","21":"virtual","22":"product-type-simple"},"acf":[],"_links":{"self":[{"href":"https:\/\/agrovin.com\/pt-pt\/wp-json\/wp\/v2\/product\/89002","targetHints":{"allow":["GET"]}}],"collection":[{"href":"https:\/\/agrovin.com\/pt-pt\/wp-json\/wp\/v2\/product"}],"about":[{"href":"https:\/\/agrovin.com\/pt-pt\/wp-json\/wp\/v2\/types\/product"}],"version-history":[{"count":0,"href":"https:\/\/agrovin.com\/pt-pt\/wp-json\/wp\/v2\/product\/89002\/revisions"}],"wp:featuredmedia":[{"embeddable":true,"href":"https:\/\/agrovin.com\/pt-pt\/wp-json\/wp\/v2\/media\/122248"}],"wp:attachment":[{"href":"https:\/\/agrovin.com\/pt-pt\/wp-json\/wp\/v2\/media?parent=89002"}],"wp:term":[{"taxonomy":"product_brand","embeddable":true,"href":"https:\/\/agrovin.com\/pt-pt\/wp-json\/wp\/v2\/product_brand?post=89002"},{"taxonomy":"product_cat","embeddable":true,"href":"https:\/\/agrovin.com\/pt-pt\/wp-json\/wp\/v2\/product_cat?post=89002"},{"taxonomy":"product_tag","embeddable":true,"href":"https:\/\/agrovin.com\/pt-pt\/wp-json\/wp\/v2\/product_tag?post=89002"}],"curies":[{"name":"wp","href":"https:\/\/api.w.org\/{rel}","templated":true}]}}