{"id":88977,"date":"2018-07-09T09:27:33","date_gmt":"2022-11-04T14:12:17","guid":{"rendered":"https:\/\/staging.agrovin.com\/sem%20categoria\/enovin-fl\/"},"modified":"2022-11-05T15:09:01","modified_gmt":"2022-11-05T14:09:01","slug":"enovin-fl","status":"publish","type":"product","link":"https:\/\/agrovin.com\/pt-pt\/produtos-enologia\/flotacao-produtos-enologia\/enovin-fl\/","title":{"rendered":"ENOVIN FL"},"content":{"rendered":"<h3>CARACTER\u00cdSTICAS<\/h3>\n<p>Facilita a r\u00e1pida degrada\u00e7\u00e3o da pectina e a subida \u00e0 superf\u00edcie das part\u00edculas s\u00f3lidas, permitindo a limpeza r\u00e1pida do mosto.<\/p>\n<p>Promove a ac\u00e7\u00e3o complementar de agentes clarificantes (gelatina, silica sol, bentonite).<\/p>\n<p>Garante a forma\u00e7\u00e3o de uma espuma compacta e densa sobre o flutuador e a perfeita separa\u00e7\u00e3o do mosto.<\/p>\n<h3>CANDIDATURA<\/h3>\n<ul>\n<li>Desludamento din\u00e2mico de flutua\u00e7\u00e3o. Devido \u00e0 peculiaridade intr\u00ednseca do sistema de coloniza\u00e7\u00e3o por flutua\u00e7\u00e3o, o mecanismo de ac\u00e7\u00e3o das enzimas \u00e9 diferente de outros processos enol\u00f3gicos: a degrada\u00e7\u00e3o da pectina deve ter lugar muito rapidamente (&lt;4 horas) e deve permanecer sob a forma de pequenos flocos para permitir a sua ascens\u00e3o \u00e0 superf\u00edcie. As actividades de corte desta prepara\u00e7\u00e3o facilitam este processo.<\/li>\n<li>Pode ser utilizado para outros processos din\u00e2micos de desludamento: centrifuga\u00e7\u00e3o.<\/li>\n<\/ul>\n<h3>DOSAGEM<\/h3>\n<div class=\"page\" title=\"P\u00e1gina 1\">\n<div class=\"section\">\n<div class=\"layoutArea\">\n<div class=\"column\">\n<p>Assentamento: &gt; 2 g\/ hl<\/p>\n<p>Flota\u00e7\u00e3o: &gt; 2 g\/ hl<\/p>\n<p>Centrifuga\u00e7\u00e3o: &gt; 2 g\/ hl<\/p>\n<\/div>\n<div class=\"column\">\n<p>&nbsp;<\/p>\n<\/div>\n<\/div>\n<\/div>\n<\/div>\n","protected":false},"excerpt":{"rendered":"<p>O Enovin FL \u00e9 uma prepara\u00e7\u00e3o enzim\u00e1tica l\u00edquida especificamente para processos din\u00e2micos de desludagem e particularmente para flutua\u00e7\u00e3o.<\/p>\n","protected":false},"featured_media":16270,"template":"","meta":{"_acf_changed":false,"inline_featured_image":false,"site-sidebar-layout":"default","site-content-layout":"default","ast-site-content-layout":"default","site-content-style":"default","site-sidebar-style":"default","ast-global-header-display":"","ast-banner-title-visibility":"","ast-main-header-display":"","ast-hfb-above-header-display":"","ast-hfb-below-header-display":"","ast-hfb-mobile-header-display":"","site-post-title":"","ast-breadcrumbs-content":"","ast-featured-img":"","footer-sml-layout":"","ast-disable-related-posts":"","theme-transparent-header-meta":"default","adv-header-id-meta":"","stick-header-meta":"","header-above-stick-meta":"","header-main-stick-meta":"","header-below-stick-meta":"","astra-migrate-meta-layouts":"default","ast-page-background-enabled":"default","ast-page-background-meta":{"desktop":{"background-color":"var(--ast-global-color-5)","background-image":"","background-repeat":"repeat","background-position":"center center","background-size":"auto","background-attachment":"scroll","background-type":"","background-media":"","overlay-type":"","overlay-color":"","overlay-opacity":"","overlay-gradient":""},"tablet":{"background-color":"","background-image":"","background-repeat":"repeat","background-position":"center center","background-size":"auto","background-attachment":"scroll","background-type":"","background-media":"","overlay-type":"","overlay-color":"","overlay-opacity":"","overlay-gradient":""},"mobile":{"background-color":"","background-image":"","background-repeat":"repeat","background-position":"center center","background-size":"auto","background-attachment":"scroll","background-type":"","background-media":"","overlay-type":"","overlay-color":"","overlay-opacity":"","overlay-gradient":""}},"ast-content-background-meta":{"desktop":{"background-color":"var(--ast-global-color-4)","background-image":"","background-repeat":"repeat","background-position":"center center","background-size":"auto","background-attachment":"scroll","background-type":"","background-media":"","overlay-type":"","overlay-color":"","overlay-opacity":"","overlay-gradient":""},"tablet":{"background-color":"var(--ast-global-color-4)","background-image":"","background-repeat":"repeat","background-position":"center center","background-size":"auto","background-attachment":"scroll","background-type":"","background-media":"","overlay-type":"","overlay-color":"","overlay-opacity":"","overlay-gradient":""},"mobile":{"background-color":"var(--ast-global-color-4)","background-image":"","background-repeat":"repeat","background-position":"center center","background-size":"auto","background-attachment":"scroll","background-type":"","background-media":"","overlay-type":"","overlay-color":"","overlay-opacity":"","overlay-gradient":""}}},"product_brand":[],"product_cat":[686,177],"product_tag":[571],"class_list":{"0":"post-88977","1":"product","2":"type-product","3":"status-publish","4":"has-post-thumbnail","6":"product_cat-flotacao-produtos-enologia","7":"product_cat-enzimas-produtos-enologia","8":"product_tag-clarificacao-de-mosto","9":"pa_aplicacion-fa-e-fml-pt","10":"pa_ecologico-eu-autorizada","11":"pa_ecologico-nop-usda-autorizada","12":"pa_estilo-de-vino-branco","13":"pa_estilo-de-vino-rose-pt","14":"pa_estilo-de-vino-tinto-pt","15":"pa_objetivo-flotacao","16":"pa_vegano-vegan-pt-pt","17":"desktop-align-left","18":"tablet-align-left","19":"mobile-align-left","21":"first","22":"instock","23":"virtual","24":"product-type-simple"},"acf":[],"_links":{"self":[{"href":"https:\/\/agrovin.com\/pt-pt\/wp-json\/wp\/v2\/product\/88977","targetHints":{"allow":["GET"]}}],"collection":[{"href":"https:\/\/agrovin.com\/pt-pt\/wp-json\/wp\/v2\/product"}],"about":[{"href":"https:\/\/agrovin.com\/pt-pt\/wp-json\/wp\/v2\/types\/product"}],"version-history":[{"count":0,"href":"https:\/\/agrovin.com\/pt-pt\/wp-json\/wp\/v2\/product\/88977\/revisions"}],"wp:featuredmedia":[{"embeddable":true,"href":"https:\/\/agrovin.com\/pt-pt\/wp-json\/wp\/v2\/media\/16270"}],"wp:attachment":[{"href":"https:\/\/agrovin.com\/pt-pt\/wp-json\/wp\/v2\/media?parent=88977"}],"wp:term":[{"taxonomy":"product_brand","embeddable":true,"href":"https:\/\/agrovin.com\/pt-pt\/wp-json\/wp\/v2\/product_brand?post=88977"},{"taxonomy":"product_cat","embeddable":true,"href":"https:\/\/agrovin.com\/pt-pt\/wp-json\/wp\/v2\/product_cat?post=88977"},{"taxonomy":"product_tag","embeddable":true,"href":"https:\/\/agrovin.com\/pt-pt\/wp-json\/wp\/v2\/product_tag?post=88977"}],"curies":[{"name":"wp","href":"https:\/\/api.w.org\/{rel}","templated":true}]}}