{"id":88957,"date":"2018-06-01T08:08:49","date_gmt":"2022-11-04T14:11:37","guid":{"rendered":"https:\/\/staging.agrovin.com\/sem%20categoria\/bactervin\/"},"modified":"2025-10-06T10:12:36","modified_gmt":"2025-10-06T08:12:36","slug":"bactervin","status":"publish","type":"product","link":"https:\/\/agrovin.com\/pt-pt\/produtos-enologia\/controlo-microbiologico-pt\/bactervin\/","title":{"rendered":"BACTERVIN"},"content":{"rendered":"<h4>CARACTER\u00cdSTICAS<\/h4>\n<p>Permite obter vinhos menos oxidados, protegendo a cor e o aroma, e com uma menor acidez vol\u00e1til, devido aos seus efeitos como vinho:<\/p>\n<ul>\n<li>Antioxidante: possui propriedades redutoras, capturando oxig\u00e9nio e prevenindo a oxida\u00e7\u00e3o.<\/li>\n<li>Anti-oxidase: Destr\u00f3i oxidases, prevenindo fissuras.<\/li>\n<li>Antimicrobiano: exerce uma actividade inibit\u00f3ria sobre leveduras, bact\u00e9rias l\u00e1cticas e bact\u00e9rias ac\u00e9ticas. Bactervin fornece \u00e1cido g\u00e1lico ao vinho, refor\u00e7ando a sua capacidade antioxidante. O rendimento te\u00f3rico de SO2 fornecido por Bactervin \u00e9 de 50%.<\/li>\n<\/ul>\n<h4>CANDIDATURA<\/h4>\n<p>Sobre vinhos de colheitas problem\u00e1ticas com m\u00e1 qualidade sanit\u00e1ria.<\/p>\n<h4>DOSAGEM<\/h4>\n<ul>\n<li>Preventivo 5-10 g\/hl<\/li>\n<li>Curativo 10-15 g\/hl<\/li>\n<li>Dose m\u00e1xima legal: 30 g\/hl<\/li>\n<\/ul>\n<p>O teor total de di\u00f3xido de enxofre n\u00e3o pode exceder 150 mg\/l para os vinhos tintos e 200 mg\/l para os vinhos brancos e ros\u00e9s. Se a quantidade de a\u00e7\u00facar residual (expressa em glucose+frutose) for igual ou superior a 5 g\/l, os valores permitidos s\u00e3o 200 mg\/l para vinhos tintos e 250 mg\/l para vinhos brancos e ros\u00e9s.<\/p>\n","protected":false},"excerpt":{"rendered":"<p>Bactervin \u00e9 um conservante que ajuda a prevenir o desenvolvimento de microrganismos em vinhos com m\u00e1 qualidade sanit\u00e1ria.<\/p>\n","protected":false},"featured_media":21430,"template":"","meta":{"_acf_changed":false,"inline_featured_image":false,"site-sidebar-layout":"default","site-content-layout":"default","ast-site-content-layout":"default","site-content-style":"default","site-sidebar-style":"default","ast-global-header-display":"","ast-banner-title-visibility":"","ast-main-header-display":"","ast-hfb-above-header-display":"","ast-hfb-below-header-display":"","ast-hfb-mobile-header-display":"","site-post-title":"","ast-breadcrumbs-content":"","ast-featured-img":"","footer-sml-layout":"","ast-disable-related-posts":"","theme-transparent-header-meta":"default","adv-header-id-meta":"","stick-header-meta":"","header-above-stick-meta":"","header-main-stick-meta":"","header-below-stick-meta":"","astra-migrate-meta-layouts":"set","ast-page-background-enabled":"default","ast-page-background-meta":{"desktop":{"background-color":"var(--ast-global-color-5)","background-image":"","background-repeat":"repeat","background-position":"center center","background-size":"auto","background-attachment":"scroll","background-type":"","background-media":"","overlay-type":"","overlay-color":"","overlay-opacity":"","overlay-gradient":""},"tablet":{"background-color":"","background-image":"","background-repeat":"repeat","background-position":"center center","background-size":"auto","background-attachment":"scroll","background-type":"","background-media":"","overlay-type":"","overlay-color":"","overlay-opacity":"","overlay-gradient":""},"mobile":{"background-color":"","background-image":"","background-repeat":"repeat","background-position":"center center","background-size":"auto","background-attachment":"scroll","background-type":"","background-media":"","overlay-type":"","overlay-color":"","overlay-opacity":"","overlay-gradient":""}},"ast-content-background-meta":{"desktop":{"background-color":"var(--ast-global-color-4)","background-image":"","background-repeat":"repeat","background-position":"center center","background-size":"auto","background-attachment":"scroll","background-type":"","background-media":"","overlay-type":"","overlay-color":"","overlay-opacity":"","overlay-gradient":""},"tablet":{"background-color":"var(--ast-global-color-4)","background-image":"","background-repeat":"repeat","background-position":"center center","background-size":"auto","background-attachment":"scroll","background-type":"","background-media":"","overlay-type":"","overlay-color":"","overlay-opacity":"","overlay-gradient":""},"mobile":{"background-color":"var(--ast-global-color-4)","background-image":"","background-repeat":"repeat","background-position":"center center","background-size":"auto","background-attachment":"scroll","background-type":"","background-media":"","overlay-type":"","overlay-color":"","overlay-opacity":"","overlay-gradient":""}}},"product_brand":[],"product_cat":[889,162],"product_tag":[],"class_list":{"0":"post-88957","1":"product","2":"type-product","3":"status-publish","4":"has-post-thumbnail","6":"product_cat-controlo-microbiologico-pt","7":"product_cat-antioxidantes","8":"pa_ecologico-eu-autorizada","9":"pa_estilo-de-vino-barrica","10":"pa_estilo-de-vino-branco","11":"pa_estilo-de-vino-espumante","12":"pa_estilo-de-vino-rose-pt","13":"pa_estilo-de-vino-tinto-pt","14":"pa_objetivo-estabilizacao","15":"pa_objetivo-protecao-antioxidante","16":"pa_objetivo-protecao-microbiologica","17":"pa_vegano-vegan-pt-pt","18":"desktop-align-left","19":"tablet-align-left","20":"mobile-align-left","22":"first","23":"instock","24":"virtual","25":"product-type-simple"},"acf":[],"_links":{"self":[{"href":"https:\/\/agrovin.com\/pt-pt\/wp-json\/wp\/v2\/product\/88957","targetHints":{"allow":["GET"]}}],"collection":[{"href":"https:\/\/agrovin.com\/pt-pt\/wp-json\/wp\/v2\/product"}],"about":[{"href":"https:\/\/agrovin.com\/pt-pt\/wp-json\/wp\/v2\/types\/product"}],"version-history":[{"count":1,"href":"https:\/\/agrovin.com\/pt-pt\/wp-json\/wp\/v2\/product\/88957\/revisions"}],"predecessor-version":[{"id":120463,"href":"https:\/\/agrovin.com\/pt-pt\/wp-json\/wp\/v2\/product\/88957\/revisions\/120463"}],"wp:featuredmedia":[{"embeddable":true,"href":"https:\/\/agrovin.com\/pt-pt\/wp-json\/wp\/v2\/media\/21430"}],"wp:attachment":[{"href":"https:\/\/agrovin.com\/pt-pt\/wp-json\/wp\/v2\/media?parent=88957"}],"wp:term":[{"taxonomy":"product_brand","embeddable":true,"href":"https:\/\/agrovin.com\/pt-pt\/wp-json\/wp\/v2\/product_brand?post=88957"},{"taxonomy":"product_cat","embeddable":true,"href":"https:\/\/agrovin.com\/pt-pt\/wp-json\/wp\/v2\/product_cat?post=88957"},{"taxonomy":"product_tag","embeddable":true,"href":"https:\/\/agrovin.com\/pt-pt\/wp-json\/wp\/v2\/product_tag?post=88957"}],"curies":[{"name":"wp","href":"https:\/\/api.w.org\/{rel}","templated":true}]}}