{"id":88947,"date":"2018-06-01T07:49:41","date_gmt":"2022-11-04T14:11:20","guid":{"rendered":"https:\/\/staging.agrovin.com\/sem%20categoria\/redoxvin\/"},"modified":"2022-11-05T13:43:39","modified_gmt":"2022-11-05T12:43:39","slug":"redoxvin","status":"publish","type":"product","link":"https:\/\/agrovin.com\/pt-pt\/produtos-enologia\/antioxidantes\/redoxvin\/","title":{"rendered":"REDOXVIN"},"content":{"rendered":"<h3>CARACTER\u00cdSTICAS<\/h3>\n<p>A combina\u00e7\u00e3o de \u00e1cido asc\u00f3rbico e \u00e1cido c\u00edtrico permite uma r\u00e1pida redu\u00e7\u00e3o do oxig\u00e9nio dissolvido no vinho e evita a forma\u00e7\u00e3o de complexos \u00e0 base de ferro, evitando assim poss\u00edveis turva\u00e7\u00f5es e mesmo o tratamento com ferrocianeto de pot\u00e1ssio. A presen\u00e7a de metabissulfito de pot\u00e1ssio mant\u00e9m constantes os n\u00edveis de SO2 livre. A Redoxvin mant\u00e9m a frescura e o car\u00e1cter frutado dos vinhos.<\/p>\n<h3>CANDIDATURA<\/h3>\n<p>No vinho, especialmente no tratamento de vinhos pouco alco\u00f3licos e de baixa acidez total.<\/p>\n<h3>DOSAGEM<\/h3>\n<ul>\n<li>Efeito antioxidante e antiferrugem 10-15 g\/hl<\/li>\n<li>Estabiliza\u00e7\u00e3o microbiol\u00f3gica 20-30 g\/hl<\/li>\n<li>Vinhos brancos e ros\u00e9s 10-30 g\/hl<\/li>\n<li>Vinhos tintos 10-20 g\/hl<\/li>\n<li>Dose m\u00e1xima legal: 75 g\/hl<\/li>\n<\/ul>\n<p>O teor total de di\u00f3xido de enxofre n\u00e3o pode exceder 150 mg\/l para os vinhos tintos e 200 mg\/l para os vinhos brancos e ros\u00e9s. Se a quantidade de a\u00e7\u00facar residual (expressa em glucose+frutose) for igual ou superior a 5 g\/l, os valores permitidos s\u00e3o 200 mg\/l para vinhos tintos e 250 mg\/l para vinhos brancos e ros\u00e9s.<br \/>\nNOTA: A dosagem de Redoxvin ser\u00e1 determinada em ensaios anteriores, e depender\u00e1 das necessidades de cada vinho.<\/p>\n","protected":false},"excerpt":{"rendered":"<p>Redoxvin previne a oxida\u00e7\u00e3o nos vinhos. Tamb\u00e9m ajuda a alcan\u00e7ar uma melhor cor e estabilidade arom\u00e1tica. Devido \u00e0 ac\u00e7\u00e3o do \u00e1cido c\u00edtrico, mant\u00e9m o ferro num estado reduzido (Fe(II)) e \u00e9, portanto, sol\u00favel, impedindo assim a degrada\u00e7\u00e3o do ferro.<\/p>\n","protected":false},"featured_media":21436,"template":"","meta":{"_acf_changed":false,"inline_featured_image":false,"site-sidebar-layout":"default","site-content-layout":"default","ast-site-content-layout":"default","site-content-style":"default","site-sidebar-style":"default","ast-global-header-display":"","ast-banner-title-visibility":"","ast-main-header-display":"","ast-hfb-above-header-display":"","ast-hfb-below-header-display":"","ast-hfb-mobile-header-display":"","site-post-title":"","ast-breadcrumbs-content":"","ast-featured-img":"","footer-sml-layout":"","ast-disable-related-posts":"","theme-transparent-header-meta":"default","adv-header-id-meta":"","stick-header-meta":"","header-above-stick-meta":"","header-main-stick-meta":"","header-below-stick-meta":"","astra-migrate-meta-layouts":"default","ast-page-background-enabled":"default","ast-page-background-meta":{"desktop":{"background-color":"var(--ast-global-color-5)","background-image":"","background-repeat":"repeat","background-position":"center center","background-size":"auto","background-attachment":"scroll","background-type":"","background-media":"","overlay-type":"","overlay-color":"","overlay-opacity":"","overlay-gradient":""},"tablet":{"background-color":"","background-image":"","background-repeat":"repeat","background-position":"center center","background-size":"auto","background-attachment":"scroll","background-type":"","background-media":"","overlay-type":"","overlay-color":"","overlay-opacity":"","overlay-gradient":""},"mobile":{"background-color":"","background-image":"","background-repeat":"repeat","background-position":"center center","background-size":"auto","background-attachment":"scroll","background-type":"","background-media":"","overlay-type":"","overlay-color":"","overlay-opacity":"","overlay-gradient":""}},"ast-content-background-meta":{"desktop":{"background-color":"var(--ast-global-color-4)","background-image":"","background-repeat":"repeat","background-position":"center center","background-size":"auto","background-attachment":"scroll","background-type":"","background-media":"","overlay-type":"","overlay-color":"","overlay-opacity":"","overlay-gradient":""},"tablet":{"background-color":"var(--ast-global-color-4)","background-image":"","background-repeat":"repeat","background-position":"center center","background-size":"auto","background-attachment":"scroll","background-type":"","background-media":"","overlay-type":"","overlay-color":"","overlay-opacity":"","overlay-gradient":""},"mobile":{"background-color":"var(--ast-global-color-4)","background-image":"","background-repeat":"repeat","background-position":"center center","background-size":"auto","background-attachment":"scroll","background-type":"","background-media":"","overlay-type":"","overlay-color":"","overlay-opacity":"","overlay-gradient":""}}},"product_brand":[],"product_cat":[162],"product_tag":[520],"class_list":{"0":"post-88947","1":"product","2":"type-product","3":"status-publish","4":"has-post-thumbnail","6":"product_cat-antioxidantes","7":"product_tag-vinho","8":"pa_ecologico-eu-autorizada","9":"pa_estilo-de-vino-branco","10":"pa_estilo-de-vino-rose-pt","11":"pa_estilo-de-vino-tinto-pt","12":"pa_objetivo-protecao-microbiologica","13":"pa_vegano-vegan-pt-pt","14":"desktop-align-left","15":"tablet-align-left","16":"mobile-align-left","18":"first","19":"instock","20":"virtual","21":"product-type-simple"},"acf":[],"_links":{"self":[{"href":"https:\/\/agrovin.com\/pt-pt\/wp-json\/wp\/v2\/product\/88947","targetHints":{"allow":["GET"]}}],"collection":[{"href":"https:\/\/agrovin.com\/pt-pt\/wp-json\/wp\/v2\/product"}],"about":[{"href":"https:\/\/agrovin.com\/pt-pt\/wp-json\/wp\/v2\/types\/product"}],"version-history":[{"count":0,"href":"https:\/\/agrovin.com\/pt-pt\/wp-json\/wp\/v2\/product\/88947\/revisions"}],"wp:featuredmedia":[{"embeddable":true,"href":"https:\/\/agrovin.com\/pt-pt\/wp-json\/wp\/v2\/media\/21436"}],"wp:attachment":[{"href":"https:\/\/agrovin.com\/pt-pt\/wp-json\/wp\/v2\/media?parent=88947"}],"wp:term":[{"taxonomy":"product_brand","embeddable":true,"href":"https:\/\/agrovin.com\/pt-pt\/wp-json\/wp\/v2\/product_brand?post=88947"},{"taxonomy":"product_cat","embeddable":true,"href":"https:\/\/agrovin.com\/pt-pt\/wp-json\/wp\/v2\/product_cat?post=88947"},{"taxonomy":"product_tag","embeddable":true,"href":"https:\/\/agrovin.com\/pt-pt\/wp-json\/wp\/v2\/product_tag?post=88947"}],"curies":[{"name":"wp","href":"https:\/\/api.w.org\/{rel}","templated":true}]}}