{"id":87660,"date":"2022-05-25T17:31:13","date_gmt":"2022-05-25T16:31:13","guid":{"rendered":"https:\/\/staging.agrovin.com\/sem%20categoria\/espirito-branco\/"},"modified":"2024-10-28T20:13:12","modified_gmt":"2024-10-28T18:13:12","slug":"spirit-white","status":"publish","type":"product","link":"https:\/\/agrovin.com\/pt-pt\/produtos-enologia\/alternativos-de-carvalho\/spirit-white\/","title":{"rendered":"SPIRIT WHITE"},"content":{"rendered":"<h3>DOSAGEM<\/h3>\n<ul>\n<li>Vinho 0,5 &#8211; 3 g\/l<\/li>\n<\/ul>\n<p>Tanto a dose como a dura\u00e7\u00e3o do tratamento depender\u00e3o do grau de recidiva e da intensidade das caracter\u00edsticas desejadas.<br \/>\nTempo de contacto recomendado: 4 semanas.<br \/>\nRecomenda-se o pr\u00e9-teste para determinar a dosagem e as provas frequentes para determinar o tempo \u00f3ptimo de tratamento.<\/p>\n","protected":false},"excerpt":{"rendered":"<p>&nbsp;<\/p>\n<p class=\"p2\">Spirit White \u00e9 um chip seleccionado para utiliza\u00e7\u00e3o na constru\u00e7\u00e3o e afinamento de vinhos brancos.<\/p>\n<p class=\"p2\">Com tempos de contacto curtos, melhora as notas de fruta fresca e refor\u00e7a a sensa\u00e7\u00e3o \u00e1cida, ao mesmo tempo que refor\u00e7a a estrutura com equil\u00edbrio.<\/p>\n<p class=\"p3\">Recomendado para vinhos brancos em que \u00e9 necess\u00e1rio aumentar a complexidade, as sensa\u00e7\u00f5es \u00e1cidas e a estrutura sem enfatizar a madeira.<\/p>\n","protected":false},"featured_media":118694,"template":"","meta":{"_acf_changed":false,"inline_featured_image":false,"site-sidebar-layout":"default","site-content-layout":"default","ast-site-content-layout":"default","site-content-style":"default","site-sidebar-style":"default","ast-global-header-display":"","ast-banner-title-visibility":"","ast-main-header-display":"","ast-hfb-above-header-display":"","ast-hfb-below-header-display":"","ast-hfb-mobile-header-display":"","site-post-title":"","ast-breadcrumbs-content":"","ast-featured-img":"","footer-sml-layout":"","ast-disable-related-posts":"","theme-transparent-header-meta":"default","adv-header-id-meta":"","stick-header-meta":"","header-above-stick-meta":"","header-main-stick-meta":"","header-below-stick-meta":"","astra-migrate-meta-layouts":"set","ast-page-background-enabled":"default","ast-page-background-meta":{"desktop":{"background-color":"var(--ast-global-color-5)","background-image":"","background-repeat":"repeat","background-position":"center center","background-size":"auto","background-attachment":"scroll","background-type":"","background-media":"","overlay-type":"","overlay-color":"","overlay-opacity":"","overlay-gradient":""},"tablet":{"background-color":"","background-image":"","background-repeat":"repeat","background-position":"center center","background-size":"auto","background-attachment":"scroll","background-type":"","background-media":"","overlay-type":"","overlay-color":"","overlay-opacity":"","overlay-gradient":""},"mobile":{"background-color":"","background-image":"","background-repeat":"repeat","background-position":"center center","background-size":"auto","background-attachment":"scroll","background-type":"","background-media":"","overlay-type":"","overlay-color":"","overlay-opacity":"","overlay-gradient":""}},"ast-content-background-meta":{"desktop":{"background-color":"var(--ast-global-color-4)","background-image":"","background-repeat":"repeat","background-position":"center center","background-size":"auto","background-attachment":"scroll","background-type":"","background-media":"","overlay-type":"","overlay-color":"","overlay-opacity":"","overlay-gradient":""},"tablet":{"background-color":"var(--ast-global-color-4)","background-image":"","background-repeat":"repeat","background-position":"center center","background-size":"auto","background-attachment":"scroll","background-type":"","background-media":"","overlay-type":"","overlay-color":"","overlay-opacity":"","overlay-gradient":""},"mobile":{"background-color":"var(--ast-global-color-4)","background-image":"","background-repeat":"repeat","background-position":"center center","background-size":"auto","background-attachment":"scroll","background-type":"","background-media":"","overlay-type":"","overlay-color":"","overlay-opacity":"","overlay-gradient":""}}},"product_brand":[],"product_cat":[222],"product_tag":[],"class_list":{"0":"post-87660","1":"product","2":"type-product","3":"status-publish","4":"has-post-thumbnail","6":"product_cat-alternativos-de-carvalho","7":"pa_objetivo-definicao","8":"pa_objetivo-fermentacao-exclusiva","9":"desktop-align-left","10":"tablet-align-left","11":"mobile-align-left","13":"first","14":"instock","15":"shipping-taxable","16":"product-type-simple"},"acf":[],"_links":{"self":[{"href":"https:\/\/agrovin.com\/pt-pt\/wp-json\/wp\/v2\/product\/87660","targetHints":{"allow":["GET"]}}],"collection":[{"href":"https:\/\/agrovin.com\/pt-pt\/wp-json\/wp\/v2\/product"}],"about":[{"href":"https:\/\/agrovin.com\/pt-pt\/wp-json\/wp\/v2\/types\/product"}],"version-history":[{"count":1,"href":"https:\/\/agrovin.com\/pt-pt\/wp-json\/wp\/v2\/product\/87660\/revisions"}],"predecessor-version":[{"id":115803,"href":"https:\/\/agrovin.com\/pt-pt\/wp-json\/wp\/v2\/product\/87660\/revisions\/115803"}],"wp:featuredmedia":[{"embeddable":true,"href":"https:\/\/agrovin.com\/pt-pt\/wp-json\/wp\/v2\/media\/118694"}],"wp:attachment":[{"href":"https:\/\/agrovin.com\/pt-pt\/wp-json\/wp\/v2\/media?parent=87660"}],"wp:term":[{"taxonomy":"product_brand","embeddable":true,"href":"https:\/\/agrovin.com\/pt-pt\/wp-json\/wp\/v2\/product_brand?post=87660"},{"taxonomy":"product_cat","embeddable":true,"href":"https:\/\/agrovin.com\/pt-pt\/wp-json\/wp\/v2\/product_cat?post=87660"},{"taxonomy":"product_tag","embeddable":true,"href":"https:\/\/agrovin.com\/pt-pt\/wp-json\/wp\/v2\/product_tag?post=87660"}],"curies":[{"name":"wp","href":"https:\/\/api.w.org\/{rel}","templated":true}]}}