{"id":119311,"date":"2025-04-23T12:49:20","date_gmt":"2025-04-23T10:49:20","guid":{"rendered":"https:\/\/agrovin.com\/?post_type=product&#038;p=119311"},"modified":"2025-07-15T14:49:33","modified_gmt":"2025-07-15T12:49:33","slug":"proveget-lumiere","status":"publish","type":"product","link":"https:\/\/agrovin.com\/pt-pt\/produtos-enologia\/clarificantes\/proveget-lumiere\/","title":{"rendered":"PROVEGET LUMI\u00c8RE"},"content":{"rendered":"<div class=\"page\" title=\"P\u00e1gina 1\">\n<div class=\"section\">\n<div class=\"layoutArea\">\n<div class=\"column\">\n<h2>CARACTER\u00cdSTICAS<\/h2>\n<p>Proveget Lumi\u00e8re \u00e9 uma ferramenta enol\u00f3gica inovadora, projetada para a <strong>remo\u00e7\u00e3o seletiva de polifen\u00f3is<\/strong> respons\u00e1veis pelo escurecimento dos vinhos brancos e ros\u00e9s. Sua formula\u00e7\u00e3o otimiza a estabilidade e a qualidade do vinho por meio de uma combina\u00e7\u00e3o de agentes espec\u00edficos:<\/p>\n<ul>\n<li><strong>Prote\u00edna vegetal de alta reatividade <span class=\"s2\"><em>(Pisum sativum)<\/em><\/span>:<\/strong> eficaz na remo\u00e7\u00e3o de polifen\u00f3is oxidados e oxid\u00e1veis.<\/li>\n<li><strong>Extrato proteico de levedura:<\/strong> atua sobre polifen\u00f3is altamente reativos, reduzindo seu impacto na evolu\u00e7\u00e3o do vinho.<\/li>\n<li><strong>Bentonita natural:<\/strong> favorece a compacta\u00e7\u00e3o das borras.<\/li>\n<li><strong>Levedura inativa <span class=\"s2\"><em>(Saccharomyces cerevisiae)<\/em><\/span>:<\/strong>\u00a0ajuda na prote\u00e7\u00e3o antioxidante e no afinamento, melhorando a sensa\u00e7\u00e3o t\u00e1til.<\/li>\n<\/ul>\n<p>Essa formula\u00e7\u00e3o permite um tratamento eficaz e equilibrado, melhorando a estabilidade e a express\u00e3o arom\u00e1tica do vinho.<\/p>\n<h2><\/h2>\n<h2>BENEF\u00cdCIOS DO PROVEGET LUMI\u00c8RE NA CLARIFICA\u00c7\u00c3O ENOL\u00d3GICA<\/h2>\n<ul>\n<li>Reduz os polifen\u00f3is oxidados e oxid\u00e1veis respons\u00e1veis pelo escurecimento.<\/li>\n<li>Melhora a tonalidade do vinho, real\u00e7ando nuances p\u00e1lidas e brilhantes.<\/li>\n<li>Diminui o enxofre combinado, aumentando a estabilidade do vinho.<\/li>\n<li>Favorece a express\u00e3o arom\u00e1tica e o equil\u00edbrio sensorial.<\/li>\n<li>Substitui eficazmente o PVPP com ingredientes 100% naturais.<\/li>\n<\/ul>\n<p>&nbsp;<\/p>\n<h2>APLICA\u00c7\u00d5ES RECOMENDADAS<\/h2>\n<ul>\n<li>Vinhos brancos e ros\u00e9s com risco de oxida\u00e7\u00e3o.<\/li>\n<li>Processos de flota\u00e7\u00e3o ou clarifica\u00e7\u00e3o para manter frescor e brilho.<\/li>\n<li>Alternativa ecol\u00f3gica para vin\u00edcolas que buscam reduzir aditivos sint\u00e9ticos.<\/li>\n<li>Etapas de afinamento com o objetivo de melhorar a estabilidade e limpidez.<\/li>\n<\/ul>\n<p>&nbsp;<\/p>\n<h2>COMO USAR PROVEGET LUMI\u00c8RE<\/h2>\n<ol>\n<li>Dissolver em \u00e1gua na propor\u00e7\u00e3o 1:10 com agita\u00e7\u00e3o constante.<\/li>\n<li>Deixar repousar por 2 horas.<\/li>\n<li>Incorporar ao tanque e homogeneizar bem.<\/li>\n<\/ol>\n<p><em>Utilizar no mesmo dia do preparo.<\/em><\/p>\n<p><strong>Doses recomendadas:<\/strong><\/p>\n<ul>\n<li><strong>Dose standard:<\/strong> 10\u201350 g\/hL<\/li>\n<li><strong>Dose m\u00e1xima legal:<\/strong> 90 g\/hL<\/li>\n<\/ul>\n<p><em>N\u00e3o provoca instabilidade proteica nas doses recomendadas.<\/em><\/p>\n<\/div>\n<\/div>\n<\/div>\n<\/div>\n","protected":false},"excerpt":{"rendered":"<p>Proveget LUMI\u00c8RE \u00e9 um<strong>\u00a0clarificante vegetal de \u00faltima gera\u00e7\u00e3o<\/strong>, uma alternativa natural e ecol\u00f3gica ao PVPP, desenvolvido especificamente para a <strong>remo\u00e7\u00e3o seletiva de polifen\u00f3is em vinhos brancos e ros\u00e9s<\/strong>.<\/p>\n<p>Sua f\u00f3rmula \u00fanica melhora a estabilidade, o frescor arom\u00e1tico e o aspecto visual do vinho, sem comprometer sua qualidade organol\u00e9ptica.<\/p>\n","protected":false},"featured_media":119317,"template":"","meta":{"_acf_changed":false,"inline_featured_image":false,"site-sidebar-layout":"default","site-content-layout":"default","ast-site-content-layout":"default","site-content-style":"default","site-sidebar-style":"default","ast-global-header-display":"","ast-banner-title-visibility":"","ast-main-header-display":"","ast-hfb-above-header-display":"","ast-hfb-below-header-display":"","ast-hfb-mobile-header-display":"","site-post-title":"","ast-breadcrumbs-content":"","ast-featured-img":"","footer-sml-layout":"","ast-disable-related-posts":"","theme-transparent-header-meta":"default","adv-header-id-meta":"","stick-header-meta":"","header-above-stick-meta":"","header-main-stick-meta":"","header-below-stick-meta":"","astra-migrate-meta-layouts":"set","ast-page-background-enabled":"default","ast-page-background-meta":{"desktop":{"background-color":"var(--ast-global-color-5)","background-image":"","background-repeat":"repeat","background-position":"center center","background-size":"auto","background-attachment":"scroll","background-type":"","background-media":"","overlay-type":"","overlay-color":"","overlay-opacity":"","overlay-gradient":""},"tablet":{"background-color":"","background-image":"","background-repeat":"repeat","background-position":"center center","background-size":"auto","background-attachment":"scroll","background-type":"","background-media":"","overlay-type":"","overlay-color":"","overlay-opacity":"","overlay-gradient":""},"mobile":{"background-color":"","background-image":"","background-repeat":"repeat","background-position":"center center","background-size":"auto","background-attachment":"scroll","background-type":"","background-media":"","overlay-type":"","overlay-color":"","overlay-opacity":"","overlay-gradient":""}},"ast-content-background-meta":{"desktop":{"background-color":"var(--ast-global-color-4)","background-image":"","background-repeat":"repeat","background-position":"center center","background-size":"auto","background-attachment":"scroll","background-type":"","background-media":"","overlay-type":"","overlay-color":"","overlay-opacity":"","overlay-gradient":""},"tablet":{"background-color":"var(--ast-global-color-4)","background-image":"","background-repeat":"repeat","background-position":"center center","background-size":"auto","background-attachment":"scroll","background-type":"","background-media":"","overlay-type":"","overlay-color":"","overlay-opacity":"","overlay-gradient":""},"mobile":{"background-color":"var(--ast-global-color-4)","background-image":"","background-repeat":"repeat","background-position":"center center","background-size":"auto","background-attachment":"scroll","background-type":"","background-media":"","overlay-type":"","overlay-color":"","overlay-opacity":"","overlay-gradient":""}}},"product_brand":[],"product_cat":[167],"product_tag":[737],"class_list":{"0":"post-119311","1":"product","2":"type-product","3":"status-publish","4":"has-post-thumbnail","6":"product_cat-clarificantes","7":"product_tag-vinho-terminado","8":"pa_ecologico-eu-autorizada","9":"pa_ecologico-nop-usda-autorizada","10":"pa_estilo-de-vino-branco","11":"pa_estilo-de-vino-rose-pt","12":"pa_objetivo-clarificacao","13":"pa_objetivo-melhoramento-sensorial","14":"pa_origen-formulacao","15":"pa_origen-vegetal-pt-pt","16":"pa_vegano-vegan-pt-pt","17":"desktop-align-left","18":"tablet-align-left","19":"mobile-align-left","21":"first","22":"instock","23":"virtual","24":"product-type-simple"},"acf":[],"_links":{"self":[{"href":"https:\/\/agrovin.com\/pt-pt\/wp-json\/wp\/v2\/product\/119311","targetHints":{"allow":["GET"]}}],"collection":[{"href":"https:\/\/agrovin.com\/pt-pt\/wp-json\/wp\/v2\/product"}],"about":[{"href":"https:\/\/agrovin.com\/pt-pt\/wp-json\/wp\/v2\/types\/product"}],"version-history":[{"count":2,"href":"https:\/\/agrovin.com\/pt-pt\/wp-json\/wp\/v2\/product\/119311\/revisions"}],"predecessor-version":[{"id":119437,"href":"https:\/\/agrovin.com\/pt-pt\/wp-json\/wp\/v2\/product\/119311\/revisions\/119437"}],"wp:featuredmedia":[{"embeddable":true,"href":"https:\/\/agrovin.com\/pt-pt\/wp-json\/wp\/v2\/media\/119317"}],"wp:attachment":[{"href":"https:\/\/agrovin.com\/pt-pt\/wp-json\/wp\/v2\/media?parent=119311"}],"wp:term":[{"taxonomy":"product_brand","embeddable":true,"href":"https:\/\/agrovin.com\/pt-pt\/wp-json\/wp\/v2\/product_brand?post=119311"},{"taxonomy":"product_cat","embeddable":true,"href":"https:\/\/agrovin.com\/pt-pt\/wp-json\/wp\/v2\/product_cat?post=119311"},{"taxonomy":"product_tag","embeddable":true,"href":"https:\/\/agrovin.com\/pt-pt\/wp-json\/wp\/v2\/product_tag?post=119311"}],"curies":[{"name":"wp","href":"https:\/\/api.w.org\/{rel}","templated":true}]}}