{"id":119223,"date":"2025-04-08T12:22:24","date_gmt":"2025-04-08T10:22:25","guid":{"rendered":"https:\/\/agrovin.com\/?post_type=product&#038;p=119223"},"modified":"2025-06-03T16:38:20","modified_gmt":"2025-06-03T14:38:20","slug":"actimax-flow","status":"publish","type":"product","link":"https:\/\/agrovin.com\/pt-pt\/produtos-enologia\/nutrientes\/actimax-flow\/","title":{"rendered":"ACTIMAX FLOW"},"content":{"rendered":"<h2>CARACTER\u00cdSTICAS<\/h2>\n<p>Actimax FLOW \u00e9 um nutriente org\u00e2nico que fornece de maneira equilibrada fatores essenciais para a levedura. A base nutricional da levedura foca em nutrientes prim\u00e1rios e secund\u00e1rios que favorecem n\u00e3o apenas o desenvolvimento da popula\u00e7\u00e3o de leveduras, mas tamb\u00e9m sua vitalidade e viabilidade.<\/p>\n<p>A aplica\u00e7\u00e3o de Actimax FLOW aumenta o conte\u00fado de FAN (Nitrog\u00eanio Facilmente Assimil\u00e1vel) em quantidade ideal, garantindo uma popula\u00e7\u00e3o adequada de leveduras sem a necessidade de adi\u00e7\u00e3o de sais de am\u00f4nio que podem causar a RCN. Sua assimila\u00e7\u00e3o e armazenamento permitem o consumo gradual pela levedura, permanecendo como reserva de nitrog\u00eanio at\u00e9 o final da fermenta\u00e7\u00e3o alco\u00f3lica.<\/p>\n<p>Sua formula\u00e7\u00e3o permite a libera\u00e7\u00e3o progressiva de amino\u00e1cidos, fortalecendo as gera\u00e7\u00f5es seguintes de leveduras e garantindo um processo fermentativo mais eficiente e equilibrado.<\/p>\n<p>Al\u00e9m disso, Actimax FLOW fornece amino\u00e1cidos prim\u00e1rios essenciais para a s\u00edntese de prote\u00ednas de transporte e enzimas essenciais envolvidas na forma\u00e7\u00e3o e revela\u00e7\u00e3o de aromas.<\/p>\n<h2>BENEF\u00cdCIOS DO ACTIMAX FLOW COMO NUTRIENTE ENOL\u00d3GICO<\/h2>\n<ul>\n<li>Melhora a cin\u00e9tica fermentativa.<\/li>\n<li>Fornece amino\u00e1cidos essenciais para a s\u00edntese de enzimas e prote\u00ednas de transporte.<\/li>\n<li>Favorece a revela\u00e7\u00e3o de aromas varietais.<\/li>\n<li>Permite uma fermenta\u00e7\u00e3o controlada sem necessidade de sais de am\u00f4nio.<\/li>\n<li>Refor\u00e7a a atividade das futuras gera\u00e7\u00f5es de leveduras.<\/li>\n<\/ul>\n<h2>COMPOSI\u00c7\u00c3O<\/h2>\n<p><strong>Base org\u00e2nica:<\/strong> Combina\u00e7\u00e3o de leveduras inativas e autolisadas <em>(Saccharomyces cerevisiae).<\/em><\/p>\n<p><strong>Fornecimento por dose de 30 g\/hL:<\/strong><\/p>\n<ul>\n<li>NFA (Nitrog\u00eanio Facilmente Assimil\u00e1vel): 28 mg\/L<\/li>\n<li>NOPA (Nitrog\u00eanio Org\u00e2nico): 18 mg\/L<\/li>\n<\/ul>\n<h2>USO E APLICA\u00c7\u00c3O DO ACTIMAX FLOW<\/h2>\n<p>Utilizar antes do in\u00edcio da fermenta\u00e7\u00e3o alco\u00f3lica. Altamente recomendado na \u00e1gua de reidrata\u00e7\u00e3o para favorecer o fornecimento fracionado de amino\u00e1cidos.<\/p>\n<p>Recomendado para:<\/p>\n<ul>\n<li>Mostos com necessidades m\u00e9dias de NFA.<\/li>\n<li>Vinifica\u00e7\u00f5es de variedades tintas com alto grau alco\u00f3lico potencial.<\/li>\n<li>Mostos destinados \u00e0 elabora\u00e7\u00e3o de vinhos brancos e ros\u00e9s em baixa temperatura.<\/li>\n<li>Mostos de variedades brancas muito clarificados.<\/li>\n<li>Qualquer tipo de vinifica\u00e7\u00e3o para otimizar as caracter\u00edsticas da cepa de levedura utilizada.<\/li>\n<li>Para potencializar a express\u00e3o varietal em vinhos brancos, ros\u00e9s e tintos.<\/li>\n<\/ul>\n<h2>COMO USAR O ACTIMAX FLOW NA ADEGA<\/h2>\n<p><strong>Dose recomendada:<\/strong> 20\u201330 g\/hL<\/p>\n<p><strong>Prepara\u00e7\u00e3o:<\/strong> Dissolver em 10 vezes seu peso em \u00e1gua ou mosto.<\/p>\n<p><strong>Aplica\u00e7\u00e3o:<\/strong><\/p>\n<ol>\n<li>Adicionar \u00e0 \u00e1gua de reidrata\u00e7\u00e3o da levedura<\/li>\n<li>Incorporar ao tanque antes do in\u00edcio da fermenta\u00e7\u00e3o alco\u00f3lica<\/li>\n<li>Homogeneizar completamente<\/li>\n<\/ol>\n<p><em>Utilizar no mesmo dia da prepara\u00e7\u00e3o.<\/em><\/p>\n","protected":false},"excerpt":{"rendered":"<p><strong>Actimax Flow \u00e9 um nutriente enol\u00f3gico 100% org\u00e2nico<\/strong> desenvolvido para melhorar o desenvolvimento das leveduras durante a fermenta\u00e7\u00e3o alco\u00f3lica.<\/p>\n<p>Sua f\u00f3rmula equilibra o fornecimento de nitrog\u00eanio e amino\u00e1cidos essenciais, aumentando a viabilidade, vitalidade e efici\u00eancia fermentativa das leveduras sem causar efeitos colaterais indesejados como a RCN (Repress\u00e3o Catab\u00f3lica do Nitrog\u00eanio).<\/p>\n","protected":false},"featured_media":119229,"template":"","meta":{"_acf_changed":false,"inline_featured_image":false,"site-sidebar-layout":"default","site-content-layout":"default","ast-site-content-layout":"default","site-content-style":"default","site-sidebar-style":"default","ast-global-header-display":"","ast-banner-title-visibility":"","ast-main-header-display":"","ast-hfb-above-header-display":"","ast-hfb-below-header-display":"","ast-hfb-mobile-header-display":"","site-post-title":"","ast-breadcrumbs-content":"","ast-featured-img":"","footer-sml-layout":"","ast-disable-related-posts":"","theme-transparent-header-meta":"default","adv-header-id-meta":"","stick-header-meta":"","header-above-stick-meta":"","header-main-stick-meta":"","header-below-stick-meta":"","astra-migrate-meta-layouts":"set","ast-page-background-enabled":"default","ast-page-background-meta":{"desktop":{"background-color":"var(--ast-global-color-5)","background-image":"","background-repeat":"repeat","background-position":"center center","background-size":"auto","background-attachment":"scroll","background-type":"","background-media":"","overlay-type":"","overlay-color":"","overlay-opacity":"","overlay-gradient":""},"tablet":{"background-color":"","background-image":"","background-repeat":"repeat","background-position":"center center","background-size":"auto","background-attachment":"scroll","background-type":"","background-media":"","overlay-type":"","overlay-color":"","overlay-opacity":"","overlay-gradient":""},"mobile":{"background-color":"","background-image":"","background-repeat":"repeat","background-position":"center center","background-size":"auto","background-attachment":"scroll","background-type":"","background-media":"","overlay-type":"","overlay-color":"","overlay-opacity":"","overlay-gradient":""}},"ast-content-background-meta":{"desktop":{"background-color":"var(--ast-global-color-4)","background-image":"","background-repeat":"repeat","background-position":"center center","background-size":"auto","background-attachment":"scroll","background-type":"","background-media":"","overlay-type":"","overlay-color":"","overlay-opacity":"","overlay-gradient":""},"tablet":{"background-color":"var(--ast-global-color-4)","background-image":"","background-repeat":"repeat","background-position":"center center","background-size":"auto","background-attachment":"scroll","background-type":"","background-media":"","overlay-type":"","overlay-color":"","overlay-opacity":"","overlay-gradient":""},"mobile":{"background-color":"var(--ast-global-color-4)","background-image":"","background-repeat":"repeat","background-position":"center center","background-size":"auto","background-attachment":"scroll","background-type":"","background-media":"","overlay-type":"","overlay-color":"","overlay-opacity":"","overlay-gradient":""}}},"product_brand":[],"product_cat":[212],"product_tag":[2180],"class_list":{"0":"post-119223","1":"product","2":"type-product","3":"status-publish","4":"has-post-thumbnail","6":"product_cat-nutrientes","7":"product_tag-nutrientes-organicos-pt-pt-2","8":"pa_aplicacion-fa-e-fml-pt","9":"pa_composicion-organico-pt-pt","10":"pa_ecologico-eu-autorizada","11":"pa_ecologico-nop-usda-autorizada","12":"pa_estilo-de-vino-barrica","13":"pa_estilo-de-vino-branco","14":"pa_estilo-de-vino-espumante","15":"pa_estilo-de-vino-rose-pt","16":"pa_estilo-de-vino-tinto-pt","17":"pa_vegano-vegan-pt-pt","18":"desktop-align-left","19":"tablet-align-left","20":"mobile-align-left","22":"first","23":"instock","24":"virtual","25":"product-type-simple"},"acf":[],"_links":{"self":[{"href":"https:\/\/agrovin.com\/pt-pt\/wp-json\/wp\/v2\/product\/119223","targetHints":{"allow":["GET"]}}],"collection":[{"href":"https:\/\/agrovin.com\/pt-pt\/wp-json\/wp\/v2\/product"}],"about":[{"href":"https:\/\/agrovin.com\/pt-pt\/wp-json\/wp\/v2\/types\/product"}],"version-history":[{"count":5,"href":"https:\/\/agrovin.com\/pt-pt\/wp-json\/wp\/v2\/product\/119223\/revisions"}],"predecessor-version":[{"id":120145,"href":"https:\/\/agrovin.com\/pt-pt\/wp-json\/wp\/v2\/product\/119223\/revisions\/120145"}],"wp:featuredmedia":[{"embeddable":true,"href":"https:\/\/agrovin.com\/pt-pt\/wp-json\/wp\/v2\/media\/119229"}],"wp:attachment":[{"href":"https:\/\/agrovin.com\/pt-pt\/wp-json\/wp\/v2\/media?parent=119223"}],"wp:term":[{"taxonomy":"product_brand","embeddable":true,"href":"https:\/\/agrovin.com\/pt-pt\/wp-json\/wp\/v2\/product_brand?post=119223"},{"taxonomy":"product_cat","embeddable":true,"href":"https:\/\/agrovin.com\/pt-pt\/wp-json\/wp\/v2\/product_cat?post=119223"},{"taxonomy":"product_tag","embeddable":true,"href":"https:\/\/agrovin.com\/pt-pt\/wp-json\/wp\/v2\/product_tag?post=119223"}],"curies":[{"name":"wp","href":"https:\/\/api.w.org\/{rel}","templated":true}]}}