{"id":109408,"date":"2023-11-17T12:46:19","date_gmt":"2023-11-17T11:46:20","guid":{"rendered":"https:\/\/agrovin.com\/?post_type=product&#038;p=109408"},"modified":"2024-08-20T11:27:47","modified_gmt":"2024-08-20T10:27:47","slug":"caldevin","status":"publish","type":"product","link":"https:\/\/agrovin.com\/pt-pt\/produtos-enologia\/estabilizantes\/caldevin\/","title":{"rendered":"CALDEVIN"},"content":{"rendered":"<h3>APLICA\u00c7\u00c3O<\/h3>\n<p>Caldevin \u00e9 utilizado em vinhos com problemas potenciais de precipita\u00e7\u00e3o por sais de tartarato de c\u00e1lcio. O seu reduz a concentra\u00e7\u00e3o de c\u00e1lcio inst\u00e1vel.<\/p>\n<h3>DOSAGEM<\/h3>\n<div class=\"page\" title=\"P\u00e1gina 1\">\n<div class=\"section\">\n<div class=\"layoutArea\">\n<div class=\"column\">\n<p>Dose recomendada: 50-100 g\/hl<br \/>\nDose m\u00e1xima legal: 200g\/hl<\/p>\n<h3><strong>INSTRU\u00c7\u00d5ES DE UTILIZA\u00c7\u00c3O<\/strong><\/h3>\n<p>Suspender Caldevin em 5 vezes o seu peso em vinho e adicionar ao volume total de vinho. Agitar durante 60 minutos.<\/p>\n<p>Deixar atuar durante 10 dias a uma temperatura controlada entre 8-14\u00b0C.<\/p>\n<p>Ap\u00f3s o tratamento, o vinho deve ser filtrado para ajudar a eliminar os cristais de tartarato de c\u00e1lcio.<\/p>\n<p><strong>Precau\u00e7\u00f5es de utiliza\u00e7\u00e3o: <\/strong>A efic\u00e1cia do tratamento com Caldevin depende de factores como a limpeza do vinho, a concentra\u00e7\u00e3o de c\u00e1lcio, a temperatura, o tempo de tratamento, etc. Para conhecer a dose eficaz de Caldevin, recomenda-se a realiza\u00e7\u00e3o de ensaios laboratoriais preliminares.<\/p>\n<\/div>\n<\/div>\n<\/div>\n<\/div>\n","protected":false},"excerpt":{"rendered":"<p>Caldevin \u00e9 um adjuvante enol\u00f3gico que favorece a elimina\u00e7\u00e3o do c\u00e1lcio inst\u00e1vel. Provoca a forma\u00e7\u00e3o de cristais de de cristais de tartarato de c\u00e1lcio, reduzindo assim o risco de precipita\u00e7\u00f5es tart\u00e1ricas. O tartarato de c\u00e1lcio micronizado \u00e9 muito seletivo na elimina\u00e7\u00e3o do c\u00e1lcio.<\/p>\n","protected":false},"featured_media":109414,"template":"","meta":{"_acf_changed":false,"inline_featured_image":false,"site-sidebar-layout":"default","site-content-layout":"default","ast-site-content-layout":"default","site-content-style":"default","site-sidebar-style":"default","ast-global-header-display":"","ast-banner-title-visibility":"","ast-main-header-display":"","ast-hfb-above-header-display":"","ast-hfb-below-header-display":"","ast-hfb-mobile-header-display":"","site-post-title":"","ast-breadcrumbs-content":"","ast-featured-img":"","footer-sml-layout":"","ast-disable-related-posts":"","theme-transparent-header-meta":"default","adv-header-id-meta":"","stick-header-meta":"","header-above-stick-meta":"","header-main-stick-meta":"","header-below-stick-meta":"","astra-migrate-meta-layouts":"default","ast-page-background-enabled":"default","ast-page-background-meta":{"desktop":{"background-color":"var(--ast-global-color-5)","background-image":"","background-repeat":"repeat","background-position":"center center","background-size":"auto","background-attachment":"scroll","background-type":"","background-media":"","overlay-type":"","overlay-color":"","overlay-opacity":"","overlay-gradient":""},"tablet":{"background-color":"","background-image":"","background-repeat":"repeat","background-position":"center center","background-size":"auto","background-attachment":"scroll","background-type":"","background-media":"","overlay-type":"","overlay-color":"","overlay-opacity":"","overlay-gradient":""},"mobile":{"background-color":"","background-image":"","background-repeat":"repeat","background-position":"center center","background-size":"auto","background-attachment":"scroll","background-type":"","background-media":"","overlay-type":"","overlay-color":"","overlay-opacity":"","overlay-gradient":""}},"ast-content-background-meta":{"desktop":{"background-color":"var(--ast-global-color-4)","background-image":"","background-repeat":"repeat","background-position":"center center","background-size":"auto","background-attachment":"scroll","background-type":"","background-media":"","overlay-type":"","overlay-color":"","overlay-opacity":"","overlay-gradient":""},"tablet":{"background-color":"var(--ast-global-color-4)","background-image":"","background-repeat":"repeat","background-position":"center center","background-size":"auto","background-attachment":"scroll","background-type":"","background-media":"","overlay-type":"","overlay-color":"","overlay-opacity":"","overlay-gradient":""},"mobile":{"background-color":"var(--ast-global-color-4)","background-image":"","background-repeat":"repeat","background-position":"center center","background-size":"auto","background-attachment":"scroll","background-type":"","background-media":"","overlay-type":"","overlay-color":"","overlay-opacity":"","overlay-gradient":""}}},"product_brand":[],"product_cat":[182],"product_tag":[413],"class_list":{"0":"post-109408","1":"product","2":"type-product","3":"status-publish","4":"has-post-thumbnail","6":"product_cat-estabilizantes","7":"product_tag-estabilidade-tartarica","8":"pa_objetivo-estabilizacao","9":"desktop-align-left","10":"tablet-align-left","11":"mobile-align-left","13":"first","14":"instock","15":"virtual","16":"product-type-simple"},"acf":[],"_links":{"self":[{"href":"https:\/\/agrovin.com\/pt-pt\/wp-json\/wp\/v2\/product\/109408","targetHints":{"allow":["GET"]}}],"collection":[{"href":"https:\/\/agrovin.com\/pt-pt\/wp-json\/wp\/v2\/product"}],"about":[{"href":"https:\/\/agrovin.com\/pt-pt\/wp-json\/wp\/v2\/types\/product"}],"version-history":[{"count":1,"href":"https:\/\/agrovin.com\/pt-pt\/wp-json\/wp\/v2\/product\/109408\/revisions"}],"predecessor-version":[{"id":116031,"href":"https:\/\/agrovin.com\/pt-pt\/wp-json\/wp\/v2\/product\/109408\/revisions\/116031"}],"wp:featuredmedia":[{"embeddable":true,"href":"https:\/\/agrovin.com\/pt-pt\/wp-json\/wp\/v2\/media\/109414"}],"wp:attachment":[{"href":"https:\/\/agrovin.com\/pt-pt\/wp-json\/wp\/v2\/media?parent=109408"}],"wp:term":[{"taxonomy":"product_brand","embeddable":true,"href":"https:\/\/agrovin.com\/pt-pt\/wp-json\/wp\/v2\/product_brand?post=109408"},{"taxonomy":"product_cat","embeddable":true,"href":"https:\/\/agrovin.com\/pt-pt\/wp-json\/wp\/v2\/product_cat?post=109408"},{"taxonomy":"product_tag","embeddable":true,"href":"https:\/\/agrovin.com\/pt-pt\/wp-json\/wp\/v2\/product_tag?post=109408"}],"curies":[{"name":"wp","href":"https:\/\/api.w.org\/{rel}","templated":true}]}}