{"id":109320,"date":"2023-05-10T11:53:14","date_gmt":"2023-05-10T10:53:14","guid":{"rendered":"https:\/\/agrovin.com\/sem%20categoria\/microstab-ml\/"},"modified":"2024-07-07T20:16:42","modified_gmt":"2024-07-07T19:16:42","slug":"microstab-ml","status":"publish","type":"product","link":"https:\/\/agrovin.com\/pt-pt\/produtos-enologia\/controlo-microbiologico-pt\/microstab-ml\/","title":{"rendered":"MICROSTAB ML"},"content":{"rendered":"<h3><strong>APLICA\u00c7\u00c3O<\/strong><\/h3>\n<p>Em vinhos brancos e tintos com o objetivo de:<\/p>\n<ul>\n<li>Controlar a fermenta\u00e7\u00e3o malol\u00e1tica. Atrasa e at\u00e9 inibe a fermenta\u00e7\u00e3o malol\u00e1tica. Permite manter a acidez e o pH inicial dos vinhos e reduz a forma\u00e7\u00e3o de aminas biog\u00e9nicas.<\/li>\n<li>Melhorar a estabilidade microbiol\u00f3gica. Reduz substancialmente a popula\u00e7\u00e3o de bact\u00e9rias do \u00e1cido l\u00e1tico e ajuda a controlar a popula\u00e7\u00e3o de <em>Brettanomyces<\/em>.<\/li>\n<li>Reduzir a dose de SO2. Gra\u00e7as \u00e0 melhoria da estabilidade microbiol\u00f3gica, o MICROSTAB ML ajuda na redu\u00e7\u00e3o das doses de enxofre a aplicar durante a conserva\u00e7\u00e3o dos vinhos.<\/li>\n<\/ul>\n<p>Os vinhos tratados com o MICROSTAB ML, nas doses recomendadas, n\u00e3o modificam o perfil olfativo dos vinhos, evitando poss\u00edveis desvios derivados do desenvolvimento de bact\u00e9rias l\u00e1ticas, al\u00e9m de ajudar a manter a acidez inicial do vinho.<\/p>\n<h3>COMPOSI<strong>\u00c7\u00c3O<\/strong><\/h3>\n<p>\u00c1cido Fum\u00e1rico (E297) e Quitosana<\/p>\n<h3>DOSE<\/h3>\n<p>Vinho : 30-60 g\/hl<\/p>\n<h3>MODO DE EMPREGO<\/h3>\n<ol>\n<li>Ressuspender em 15 vezes o seu peso em vinho com agita\u00e7\u00e3o<\/li>\n<li>Adicionar ao volume total do vinho com homogeneiza\u00e7\u00e3o cont\u00ednua. Garantir uma temperatura acima de 12\u00baC<\/li>\n<\/ol>\n<p>&nbsp;<\/p>\n","protected":false},"excerpt":{"rendered":"<p>Prepara\u00e7\u00e3o espec\u00edfica que potencializa o efeito sin\u00e9rgico do \u00e1cido fum\u00e1rico e da quitosana como estabilizadores biol\u00f3gicos contra bact\u00e9rias l\u00e1cticas.<\/p>\n<p>Combina as propriedades bacteriost\u00e1ticas e bactericidas do \u00e1cido fum\u00e1rico, que atua permeabilizando a membrana das bact\u00e9rias l\u00e1ticas, e o efeito antimicrobiano da quitosana, alterando a estrutura celular.<\/p>\n<p>O MICROSTAB ML permite inibir a fermenta\u00e7\u00e3o malol\u00e1ctica por longos per\u00edodos de tempo, podendo mesmo parar uma fermenta\u00e7\u00e3o malol\u00e1tica j\u00e1 iniciada. Al\u00e9m disso, o MICROSTAB ML reduz as popula\u00e7\u00f5es de Brettanomyces, reduzindo o risco de altera\u00e7\u00f5es devido \u00e0 presen\u00e7a desta levedura contaminante. Gra\u00e7as a esta prepara\u00e7\u00e3o espec\u00edfica, ser\u00e1 poss\u00edvel reduzir a dose de SO2 durante o armazenamento.<\/p>\n","protected":false},"featured_media":104252,"template":"","meta":{"_acf_changed":false,"inline_featured_image":false,"site-sidebar-layout":"default","site-content-layout":"default","ast-site-content-layout":"default","site-content-style":"default","site-sidebar-style":"default","ast-global-header-display":"","ast-banner-title-visibility":"","ast-main-header-display":"","ast-hfb-above-header-display":"","ast-hfb-below-header-display":"","ast-hfb-mobile-header-display":"","site-post-title":"","ast-breadcrumbs-content":"","ast-featured-img":"","footer-sml-layout":"","ast-disable-related-posts":"","theme-transparent-header-meta":"default","adv-header-id-meta":"","stick-header-meta":"","header-above-stick-meta":"","header-main-stick-meta":"","header-below-stick-meta":"","astra-migrate-meta-layouts":"default","ast-page-background-enabled":"default","ast-page-background-meta":{"desktop":{"background-color":"var(--ast-global-color-5)","background-image":"","background-repeat":"repeat","background-position":"center center","background-size":"auto","background-attachment":"scroll","background-type":"","background-media":"","overlay-type":"","overlay-color":"","overlay-opacity":"","overlay-gradient":""},"tablet":{"background-color":"","background-image":"","background-repeat":"repeat","background-position":"center center","background-size":"auto","background-attachment":"scroll","background-type":"","background-media":"","overlay-type":"","overlay-color":"","overlay-opacity":"","overlay-gradient":""},"mobile":{"background-color":"","background-image":"","background-repeat":"repeat","background-position":"center center","background-size":"auto","background-attachment":"scroll","background-type":"","background-media":"","overlay-type":"","overlay-color":"","overlay-opacity":"","overlay-gradient":""}},"ast-content-background-meta":{"desktop":{"background-color":"var(--ast-global-color-4)","background-image":"","background-repeat":"repeat","background-position":"center center","background-size":"auto","background-attachment":"scroll","background-type":"","background-media":"","overlay-type":"","overlay-color":"","overlay-opacity":"","overlay-gradient":""},"tablet":{"background-color":"var(--ast-global-color-4)","background-image":"","background-repeat":"repeat","background-position":"center center","background-size":"auto","background-attachment":"scroll","background-type":"","background-media":"","overlay-type":"","overlay-color":"","overlay-opacity":"","overlay-gradient":""},"mobile":{"background-color":"var(--ast-global-color-4)","background-image":"","background-repeat":"repeat","background-position":"center center","background-size":"auto","background-attachment":"scroll","background-type":"","background-media":"","overlay-type":"","overlay-color":"","overlay-opacity":"","overlay-gradient":""}}},"product_brand":[],"product_cat":[889],"product_tag":[],"class_list":{"0":"post-109320","1":"product","2":"type-product","3":"status-publish","4":"has-post-thumbnail","6":"product_cat-controlo-microbiologico-pt","7":"pa_ecologico-eu-autorizada","8":"pa_estilo-de-vino-branco","9":"pa_estilo-de-vino-tinto-pt","10":"pa_objetivo-estabilizacao","11":"pa_objetivo-protecao-antioxidante","12":"pa_objetivo-protecao-microbiologica","13":"pa_vegano-vegan-pt-pt","14":"desktop-align-left","15":"tablet-align-left","16":"mobile-align-left","18":"first","19":"instock","20":"virtual","21":"product-type-simple"},"acf":[],"_links":{"self":[{"href":"https:\/\/agrovin.com\/pt-pt\/wp-json\/wp\/v2\/product\/109320","targetHints":{"allow":["GET"]}}],"collection":[{"href":"https:\/\/agrovin.com\/pt-pt\/wp-json\/wp\/v2\/product"}],"about":[{"href":"https:\/\/agrovin.com\/pt-pt\/wp-json\/wp\/v2\/types\/product"}],"version-history":[{"count":0,"href":"https:\/\/agrovin.com\/pt-pt\/wp-json\/wp\/v2\/product\/109320\/revisions"}],"wp:featuredmedia":[{"embeddable":true,"href":"https:\/\/agrovin.com\/pt-pt\/wp-json\/wp\/v2\/media\/104252"}],"wp:attachment":[{"href":"https:\/\/agrovin.com\/pt-pt\/wp-json\/wp\/v2\/media?parent=109320"}],"wp:term":[{"taxonomy":"product_brand","embeddable":true,"href":"https:\/\/agrovin.com\/pt-pt\/wp-json\/wp\/v2\/product_brand?post=109320"},{"taxonomy":"product_cat","embeddable":true,"href":"https:\/\/agrovin.com\/pt-pt\/wp-json\/wp\/v2\/product_cat?post=109320"},{"taxonomy":"product_tag","embeddable":true,"href":"https:\/\/agrovin.com\/pt-pt\/wp-json\/wp\/v2\/product_tag?post=109320"}],"curies":[{"name":"wp","href":"https:\/\/api.w.org\/{rel}","templated":true}]}}