{"id":107064,"date":"2023-07-04T15:16:13","date_gmt":"2023-07-04T14:16:16","guid":{"rendered":"https:\/\/agrovin.com\/?post_type=product&#038;p=107064"},"modified":"2023-07-04T16:08:34","modified_gmt":"2023-07-04T15:08:34","slug":"clarifine-vegan","status":"publish","type":"product","link":"https:\/\/agrovin.com\/pt-pt\/produtos-enologia\/clarificantes\/clarifine-vegan\/","title":{"rendered":"CLARIFINE VEGAN"},"content":{"rendered":"<h3 class=\"p1\">APLICA\u00c7\u00c3O<\/h3>\n<p class=\"p1\">Clarifine VEGAN tem um alto poder clarificador, foi desenvolvido para o tratamento de vinhos brancos, ros\u00e9s e tintos.<\/p>\n<p class=\"p2\"><strong>Nos vinhos brancos e ros\u00e9s:<\/strong><\/p>\n<p class=\"p1\">\u2022 Elimina polifen\u00f3is oxidados e oxid\u00e1veis, protegendo o vinho da oxida\u00e7\u00e3o.<\/p>\n<p class=\"p1\">\u2022 Reduz as sensa\u00e7\u00f5es adstringentes e amargas.<\/p>\n<p class=\"p1\">\u2022 Melhora a untuosidade.<\/p>\n<p class=\"p1\"><strong>Nos vinhos tintos:<\/strong><\/p>\n<p class=\"p2\">\u2022 Reduz a carga polifen\u00f3lica, principalmente eliminando os taninos mais reativos.<\/p>\n<p class=\"p2\">\u2022 Diminui as sensa\u00e7\u00f5es adstringentes e amargas.<\/p>\n<p class=\"p2\">\u2022 Melhora a untuosidade.<\/p>\n<h3><\/h3>\n<p>&nbsp;<\/p>\n<h3>DOSE<\/h3>\n<p>Vinho branco e ros\u00e9: 2-10 g\/hl<\/p>\n<p>Vinho tinto: 5-20 g\/hl<\/p>\n<p><strong>Dose m\u00e1xima legal<\/strong><\/p>\n<p>Mosto, vinho branco e vinho ros\u00e9: 60 g\/hl;<\/p>\n<p>Vinho tinto: 100 g\/hl<\/p>\n<h3><\/h3>\n<p>&nbsp;<\/p>\n<h3 class=\"p1\">MODO DE UTILIZA\u00c7\u00c3O<\/h3>\n<p class=\"p2\">1. Diluir a quantidade necess\u00e1ria de Clarifine Vegan em \u00e1gua na propor\u00e7\u00e3o de 1:10 e homogeneizar.<\/p>\n<p class=\"p2\">2. Uma vez dissolvido, adicionar ao volume total e homogeneizar por remontagem.<\/p>\n<p>&nbsp;<\/p>\n<p class=\"p2\"><em>*Nos vinhos brancos e ros\u00e9s, recomenda-se a adi\u00e7\u00e3o de adjuvantes de clarifica\u00e7\u00e3o como a bentonite, o solu\u00e7\u00e3o de s\u00edlica ou o tanino para melhorar a flocula\u00e7\u00e3o.<\/em><\/p>\n<p>&nbsp;<\/p>\n","protected":false},"excerpt":{"rendered":"<p class=\"p1\">Clarifine VEGAN \u00e9 um clarificante complexo \u00e0 base de extrato proteico de levedura e prote\u00edna vegetal, a suautiliza\u00e7\u00e3o d\u00e1 origem a vinhos com elevada clareza e brilho.<\/p>\n<p class=\"p1\">\u00a0A combina\u00e7\u00e3o sin\u00e9rgica de prote\u00ednas confere ao Clarifine VEGAN uma excelente capacidade de clarifica\u00e7\u00e3o, a prote\u00edna vegetal favorece a elimina\u00e7\u00e3o de polifen\u00f3is oxidados e oxid\u00e1veis, enquanto o extrato proteico de levedura melhora as sensa\u00e7\u00f5es t\u00e1teis do vinho, reduzindo a adstring\u00eancia e o amargor.<\/p>\n<p><img fetchpriority=\"high\" decoding=\"async\" class=\"alignnone size-medium wp-image-105389\" src=\"https:\/\/agrovin.com\/wp-content\/uploads\/2023\/06\/PT-Iconos.svg\" alt=\"\" width=\"300\" height=\"300\" \/><\/p>\n","protected":false},"featured_media":107070,"template":"","meta":{"_acf_changed":false,"inline_featured_image":false,"site-sidebar-layout":"default","site-content-layout":"default","ast-site-content-layout":"default","site-content-style":"default","site-sidebar-style":"default","ast-global-header-display":"","ast-banner-title-visibility":"","ast-main-header-display":"","ast-hfb-above-header-display":"","ast-hfb-below-header-display":"","ast-hfb-mobile-header-display":"","site-post-title":"","ast-breadcrumbs-content":"","ast-featured-img":"","footer-sml-layout":"","ast-disable-related-posts":"","theme-transparent-header-meta":"default","adv-header-id-meta":"","stick-header-meta":"","header-above-stick-meta":"","header-main-stick-meta":"","header-below-stick-meta":"","astra-migrate-meta-layouts":"default","ast-page-background-enabled":"default","ast-page-background-meta":{"desktop":{"background-color":"var(--ast-global-color-5)","background-image":"","background-repeat":"repeat","background-position":"center center","background-size":"auto","background-attachment":"scroll","background-type":"","background-media":"","overlay-type":"","overlay-color":"","overlay-opacity":"","overlay-gradient":""},"tablet":{"background-color":"","background-image":"","background-repeat":"repeat","background-position":"center center","background-size":"auto","background-attachment":"scroll","background-type":"","background-media":"","overlay-type":"","overlay-color":"","overlay-opacity":"","overlay-gradient":""},"mobile":{"background-color":"","background-image":"","background-repeat":"repeat","background-position":"center center","background-size":"auto","background-attachment":"scroll","background-type":"","background-media":"","overlay-type":"","overlay-color":"","overlay-opacity":"","overlay-gradient":""}},"ast-content-background-meta":{"desktop":{"background-color":"var(--ast-global-color-4)","background-image":"","background-repeat":"repeat","background-position":"center center","background-size":"auto","background-attachment":"scroll","background-type":"","background-media":"","overlay-type":"","overlay-color":"","overlay-opacity":"","overlay-gradient":""},"tablet":{"background-color":"var(--ast-global-color-4)","background-image":"","background-repeat":"repeat","background-position":"center center","background-size":"auto","background-attachment":"scroll","background-type":"","background-media":"","overlay-type":"","overlay-color":"","overlay-opacity":"","overlay-gradient":""},"mobile":{"background-color":"var(--ast-global-color-4)","background-image":"","background-repeat":"repeat","background-position":"center center","background-size":"auto","background-attachment":"scroll","background-type":"","background-media":"","overlay-type":"","overlay-color":"","overlay-opacity":"","overlay-gradient":""}}},"product_brand":[],"product_cat":[167],"product_tag":[],"class_list":{"0":"post-107064","1":"product","2":"type-product","3":"status-publish","4":"has-post-thumbnail","6":"product_cat-clarificantes","7":"pa_ecologico-eu-autorizada","8":"pa_estilo-de-vino-branco","9":"pa_estilo-de-vino-rose-pt","10":"pa_estilo-de-vino-tinto-pt","11":"pa_objetivo-clarificacao","12":"pa_objetivo-estabilidade-da-cor","13":"pa_objetivo-melhoramento-sensorial","14":"pa_origen-vegetal-pt-pt","15":"pa_vegano-vegan-pt-pt","16":"desktop-align-left","17":"tablet-align-left","18":"mobile-align-left","20":"first","21":"instock","22":"virtual","23":"product-type-simple"},"acf":[],"_links":{"self":[{"href":"https:\/\/agrovin.com\/pt-pt\/wp-json\/wp\/v2\/product\/107064","targetHints":{"allow":["GET"]}}],"collection":[{"href":"https:\/\/agrovin.com\/pt-pt\/wp-json\/wp\/v2\/product"}],"about":[{"href":"https:\/\/agrovin.com\/pt-pt\/wp-json\/wp\/v2\/types\/product"}],"version-history":[{"count":0,"href":"https:\/\/agrovin.com\/pt-pt\/wp-json\/wp\/v2\/product\/107064\/revisions"}],"wp:featuredmedia":[{"embeddable":true,"href":"https:\/\/agrovin.com\/pt-pt\/wp-json\/wp\/v2\/media\/107070"}],"wp:attachment":[{"href":"https:\/\/agrovin.com\/pt-pt\/wp-json\/wp\/v2\/media?parent=107064"}],"wp:term":[{"taxonomy":"product_brand","embeddable":true,"href":"https:\/\/agrovin.com\/pt-pt\/wp-json\/wp\/v2\/product_brand?post=107064"},{"taxonomy":"product_cat","embeddable":true,"href":"https:\/\/agrovin.com\/pt-pt\/wp-json\/wp\/v2\/product_cat?post=107064"},{"taxonomy":"product_tag","embeddable":true,"href":"https:\/\/agrovin.com\/pt-pt\/wp-json\/wp\/v2\/product_tag?post=107064"}],"curies":[{"name":"wp","href":"https:\/\/api.w.org\/{rel}","templated":true}]}}