{"id":105891,"date":"2023-06-22T09:58:16","date_gmt":"2023-06-22T08:58:16","guid":{"rendered":"https:\/\/agrovin.com\/?post_type=product&#038;p=105891"},"modified":"2023-06-23T12:17:40","modified_gmt":"2023-06-23T11:17:40","slug":"fibromarc-c","status":"publish","type":"product","link":"https:\/\/agrovin.com\/pt-pt\/produtos-enologia\/clarificantes\/fibromarc-c\/","title":{"rendered":"Fibromarc C+"},"content":{"rendered":"<h3>APLICA\u00c7\u00c3O<\/h3>\n<p>&nbsp;<\/p>\n<p>FIBROMARC C+ \u00e9 a solu\u00e7\u00e3o enol\u00f3gica perfeita para reduzir a concentra\u00e7\u00e3o de res\u00edduos de pesticidas em mostos e vinhos.<\/p>\n<ul>\n<li>Reduz o risco de paragens de fermenta\u00e7\u00e3o<\/li>\n<li>Promove a produ\u00e7\u00e3o de vinhos sanit\u00e1rios mais seguros<\/li>\n<li>Minimiza o risco de desvios organol\u00e9pticos.<\/li>\n<li>Promove a estabiliza\u00e7\u00e3o tart\u00e1rica<\/li>\n<\/ul>\n<h3><\/h3>\n<h3>POSOLOGIA E INSTRU\u00c7\u00d5ES DE UTILIZA\u00c7\u00c3O<\/h3>\n<p style=\"font-weight: 400;\"><u>Antes da fermenta\u00e7\u00e3o alco\u00f3lica<\/u><\/p>\n<ul style=\"font-weight: 400;\">\n<li>FIBROMARC C+ \u00e9 adicionado \u00e0 tremonha e removido na prensa &#8211; para mostos brancos e rosa &#8211; ou em empilhamento p\u00f3s-fermenta\u00e7\u00e3o &#8211; para tintos &#8211;<\/li>\n<\/ul>\n<p style=\"font-weight: 400;\">\u00a0\u00a0\u00a0\u00a0\u00a0\u00a0Dosagem 0,5-1 g\/l<\/p>\n<p style=\"font-weight: 400;\"><u>Ap\u00f3s fermenta\u00e7\u00e3o alco\u00f3lica<\/u><\/p>\n<ul style=\"font-weight: 400;\">\n<li>FIBROMARC C+ \u00e9 adicionado a um tanque e removido por transfer\u00eancia ap\u00f3s 24 horas de<br \/>\ncontato.<\/li>\n<\/ul>\n<p style=\"font-weight: 400;\">\u00a0\u00a0\u00a0\u00a0\u00a0\u00a0Dosagem: 0,5 \u2013 1,5 g\/l<\/p>\n<p style=\"font-weight: 400;\"><u>Na filtra\u00e7\u00e3o aluvial<\/u><\/p>\n<ul>\n<li style=\"font-weight: 400;\">FIBROMARC C+ \u00e9 usado na forma\u00e7\u00e3o da pr\u00e9-camada com diatom\u00e1ceas Radifil. \u00c9 aplicado formando uma estrutura sandu\u00edche (primeiro uma camada com 0,75 kg de Radifil por m2 de superf\u00edcie do filtro, depois 1- 1,5 kg de FIBROMARC C + por m2 de superf\u00edcie do filtro e, finalmente, outra camada de 0,75 kg de Radifil por m2 de superf\u00edcie do filtro)<\/li>\n<\/ul>\n<h3><\/h3>\n<h3>APRESENTA\u00c7\u00c3O<\/h3>\n<p>Recipientes de 1 kg e 10 kg<\/p>\n<p>&nbsp;<\/p>\n","protected":false},"excerpt":{"rendered":"<p>A a\u00e7\u00e3o conjunta de fibras vegetais de uva branca selecionadas e celulose em FIBROMARC C+, confere a esta ferramenta enol\u00f3gica uma elevada capacidade adsorvente, com uma forte afinidade para res\u00edduos de pesticidas.<\/p>\n","protected":false},"featured_media":105824,"template":"","meta":{"_acf_changed":false,"inline_featured_image":false,"site-sidebar-layout":"default","site-content-layout":"default","ast-site-content-layout":"default","site-content-style":"default","site-sidebar-style":"default","ast-global-header-display":"","ast-banner-title-visibility":"","ast-main-header-display":"","ast-hfb-above-header-display":"","ast-hfb-below-header-display":"","ast-hfb-mobile-header-display":"","site-post-title":"","ast-breadcrumbs-content":"","ast-featured-img":"","footer-sml-layout":"","ast-disable-related-posts":"","theme-transparent-header-meta":"default","adv-header-id-meta":"","stick-header-meta":"","header-above-stick-meta":"","header-main-stick-meta":"","header-below-stick-meta":"","astra-migrate-meta-layouts":"default","ast-page-background-enabled":"default","ast-page-background-meta":{"desktop":{"background-color":"var(--ast-global-color-5)","background-image":"","background-repeat":"repeat","background-position":"center center","background-size":"auto","background-attachment":"scroll","background-type":"","background-media":"","overlay-type":"","overlay-color":"","overlay-opacity":"","overlay-gradient":""},"tablet":{"background-color":"","background-image":"","background-repeat":"repeat","background-position":"center center","background-size":"auto","background-attachment":"scroll","background-type":"","background-media":"","overlay-type":"","overlay-color":"","overlay-opacity":"","overlay-gradient":""},"mobile":{"background-color":"","background-image":"","background-repeat":"repeat","background-position":"center center","background-size":"auto","background-attachment":"scroll","background-type":"","background-media":"","overlay-type":"","overlay-color":"","overlay-opacity":"","overlay-gradient":""}},"ast-content-background-meta":{"desktop":{"background-color":"var(--ast-global-color-4)","background-image":"","background-repeat":"repeat","background-position":"center center","background-size":"auto","background-attachment":"scroll","background-type":"","background-media":"","overlay-type":"","overlay-color":"","overlay-opacity":"","overlay-gradient":""},"tablet":{"background-color":"var(--ast-global-color-4)","background-image":"","background-repeat":"repeat","background-position":"center center","background-size":"auto","background-attachment":"scroll","background-type":"","background-media":"","overlay-type":"","overlay-color":"","overlay-opacity":"","overlay-gradient":""},"mobile":{"background-color":"var(--ast-global-color-4)","background-image":"","background-repeat":"repeat","background-position":"center center","background-size":"auto","background-attachment":"scroll","background-type":"","background-media":"","overlay-type":"","overlay-color":"","overlay-opacity":"","overlay-gradient":""}}},"product_brand":[],"product_cat":[167],"product_tag":[],"class_list":{"0":"post-105891","1":"product","2":"type-product","3":"status-publish","4":"has-post-thumbnail","6":"product_cat-clarificantes","7":"pa_estilo-de-vino-branco","8":"pa_estilo-de-vino-rose-pt","9":"pa_estilo-de-vino-tinto-pt","10":"pa_objetivo-clarificacao","11":"pa_origen-vegetal-pt-pt","12":"pa_vegano-vegan-pt-pt","13":"desktop-align-left","14":"tablet-align-left","15":"mobile-align-left","17":"first","18":"instock","19":"virtual","20":"product-type-simple"},"acf":[],"_links":{"self":[{"href":"https:\/\/agrovin.com\/pt-pt\/wp-json\/wp\/v2\/product\/105891","targetHints":{"allow":["GET"]}}],"collection":[{"href":"https:\/\/agrovin.com\/pt-pt\/wp-json\/wp\/v2\/product"}],"about":[{"href":"https:\/\/agrovin.com\/pt-pt\/wp-json\/wp\/v2\/types\/product"}],"version-history":[{"count":0,"href":"https:\/\/agrovin.com\/pt-pt\/wp-json\/wp\/v2\/product\/105891\/revisions"}],"wp:featuredmedia":[{"embeddable":true,"href":"https:\/\/agrovin.com\/pt-pt\/wp-json\/wp\/v2\/media\/105824"}],"wp:attachment":[{"href":"https:\/\/agrovin.com\/pt-pt\/wp-json\/wp\/v2\/media?parent=105891"}],"wp:term":[{"taxonomy":"product_brand","embeddable":true,"href":"https:\/\/agrovin.com\/pt-pt\/wp-json\/wp\/v2\/product_brand?post=105891"},{"taxonomy":"product_cat","embeddable":true,"href":"https:\/\/agrovin.com\/pt-pt\/wp-json\/wp\/v2\/product_cat?post=105891"},{"taxonomy":"product_tag","embeddable":true,"href":"https:\/\/agrovin.com\/pt-pt\/wp-json\/wp\/v2\/product_tag?post=105891"}],"curies":[{"name":"wp","href":"https:\/\/api.w.org\/{rel}","templated":true}]}}