{"id":104718,"date":"2023-05-23T11:18:37","date_gmt":"2023-05-23T10:18:37","guid":{"rendered":"https:\/\/agrovin.com\/sem%20categoria\/clarifine-proyeast\/"},"modified":"2024-07-08T15:48:45","modified_gmt":"2024-07-08T14:48:45","slug":"clarifine-proyeast","status":"publish","type":"product","link":"https:\/\/agrovin.com\/pt-pt\/produtos-enologia\/clarificantes\/clarifine-proyeast\/","title":{"rendered":"CLARIFINE PROYEAST"},"content":{"rendered":"<h3 class=\"p1\">APLICA\u00c7\u00c3O<\/h3>\n<p class=\"p2\">A sua excelente capacidade de calibra\u00e7\u00e3o favorece a limpeza dos vinhos e aumenta tamb\u00e9m o seu brilho.<\/p>\n<p class=\"p2\">Em vinhos brancos, ros\u00e9s e tintos com o objectivo de:<\/p>\n<p>&#8211; Favorece a elimina\u00e7\u00e3o dos polifen\u00f3is oxidados e oxid\u00e1veis, protegendo o vinho da oxida\u00e7\u00e3o e evitando o acastanhamento e a perda arom\u00e1tica.<\/p>\n<p>&#8211; Afina\u00e7\u00e3o respeitadora, elimina os taninos mais adstringentes, melhorando a untuosidade e respeitando a estrutura do vinho.<\/p>\n<p>&#8211; Melhoria das caracter\u00edsticas sensoriais, obt\u00eam-se vinhos com maior franqueza arom\u00e1tica.<\/p>\n<p>&#8211; N\u00e3o provoca instabilidade proteica.<\/p>\n<h3><\/h3>\n<p>&nbsp;<\/p>\n<h3>DOSE<\/h3>\n<p>Vinho branco e ros\u00e9: 1-10 g\/hl<\/p>\n<p>Vinho tinto: 5-20 g\/hl<\/p>\n<p><strong>Dose m\u00e1xima legal<\/strong><\/p>\n<p>Mosto, vinho branco e vinho ros\u00e9: 30g\/hl; Vinho tinto: 60g\/hl<\/p>\n<h3><\/h3>\n<p>&nbsp;<\/p>\n<h3 class=\"p1\">MODO DE UTILIZA\u00c7\u00c3O<\/h3>\n<p class=\"p2\">1. Diluir a quantidade necess\u00e1ria de Clarifine ProYeast em \u00e1gua na propor\u00e7\u00e3o de 1:10 e homogeneizar.<\/p>\n<p class=\"p2\">2. Uma vez dissolvido, adicionar ao volume total e homogeneizar por remontagem.<\/p>\n<p>&nbsp;<\/p>\n<p class=\"p2\"><em>*Nos vinhos brancos e ros\u00e9s, recomenda-se a adi\u00e7\u00e3o de adjuvantes de clarifica\u00e7\u00e3o como a bentonite, o solu\u00e7\u00e3o de s\u00edlica ou o tanino para melhorar a flocula\u00e7\u00e3o.<\/em><\/p>\n<p>&nbsp;<\/p>\n","protected":false},"excerpt":{"rendered":"<p>Clarifine ProYeast \u00e9 um agente clarificante \u00e0 base de extrato proteico de leveduras <em>Saccharomyces cerevisiae.<\/em><\/p>\n<p>O seu respeitoso processo de extra\u00e7\u00e3o permite obter uma prote\u00edna de levedura, com um peso molecular superior a 15 KDa e com uma excelente capacidade de clarifica\u00e7\u00e3o, adequada para uma clarifica\u00e7\u00e3o subtil de vinhos brancos, ros\u00e9s e tintos.<\/p>\n<p><img fetchpriority=\"high\" decoding=\"async\" class=\"alignnone size-medium wp-image-105389\" src=\"https:\/\/agrovin.com\/wp-content\/uploads\/2023\/06\/PT-Iconos.svg\" alt=\"\" width=\"300\" height=\"300\" \/><\/p>\n","protected":false},"featured_media":104319,"template":"","meta":{"_acf_changed":false,"inline_featured_image":false,"site-sidebar-layout":"default","site-content-layout":"default","ast-site-content-layout":"default","site-content-style":"default","site-sidebar-style":"default","ast-global-header-display":"","ast-banner-title-visibility":"","ast-main-header-display":"","ast-hfb-above-header-display":"","ast-hfb-below-header-display":"","ast-hfb-mobile-header-display":"","site-post-title":"","ast-breadcrumbs-content":"","ast-featured-img":"","footer-sml-layout":"","ast-disable-related-posts":"","theme-transparent-header-meta":"default","adv-header-id-meta":"","stick-header-meta":"","header-above-stick-meta":"","header-main-stick-meta":"","header-below-stick-meta":"","astra-migrate-meta-layouts":"default","ast-page-background-enabled":"default","ast-page-background-meta":{"desktop":{"background-color":"var(--ast-global-color-5)","background-image":"","background-repeat":"repeat","background-position":"center center","background-size":"auto","background-attachment":"scroll","background-type":"","background-media":"","overlay-type":"","overlay-color":"","overlay-opacity":"","overlay-gradient":""},"tablet":{"background-color":"","background-image":"","background-repeat":"repeat","background-position":"center center","background-size":"auto","background-attachment":"scroll","background-type":"","background-media":"","overlay-type":"","overlay-color":"","overlay-opacity":"","overlay-gradient":""},"mobile":{"background-color":"","background-image":"","background-repeat":"repeat","background-position":"center center","background-size":"auto","background-attachment":"scroll","background-type":"","background-media":"","overlay-type":"","overlay-color":"","overlay-opacity":"","overlay-gradient":""}},"ast-content-background-meta":{"desktop":{"background-color":"var(--ast-global-color-4)","background-image":"","background-repeat":"repeat","background-position":"center center","background-size":"auto","background-attachment":"scroll","background-type":"","background-media":"","overlay-type":"","overlay-color":"","overlay-opacity":"","overlay-gradient":""},"tablet":{"background-color":"var(--ast-global-color-4)","background-image":"","background-repeat":"repeat","background-position":"center center","background-size":"auto","background-attachment":"scroll","background-type":"","background-media":"","overlay-type":"","overlay-color":"","overlay-opacity":"","overlay-gradient":""},"mobile":{"background-color":"var(--ast-global-color-4)","background-image":"","background-repeat":"repeat","background-position":"center center","background-size":"auto","background-attachment":"scroll","background-type":"","background-media":"","overlay-type":"","overlay-color":"","overlay-opacity":"","overlay-gradient":""}}},"product_brand":[],"product_cat":[167],"product_tag":[],"class_list":{"0":"post-104718","1":"product","2":"type-product","3":"status-publish","4":"has-post-thumbnail","6":"product_cat-clarificantes","7":"pa_ecologico-eu-autorizada","8":"pa_estilo-de-vino-branco","9":"pa_estilo-de-vino-rose-pt","10":"pa_estilo-de-vino-tinto-pt","11":"pa_objetivo-clarificacao","12":"pa_objetivo-estabilidade-da-cor","13":"pa_objetivo-melhoramento-sensorial","14":"pa_origen-vegetal-pt-pt","15":"pa_vegano-vegan-pt-pt","16":"desktop-align-left","17":"tablet-align-left","18":"mobile-align-left","20":"first","21":"instock","22":"virtual","23":"product-type-simple"},"acf":[],"_links":{"self":[{"href":"https:\/\/agrovin.com\/pt-pt\/wp-json\/wp\/v2\/product\/104718","targetHints":{"allow":["GET"]}}],"collection":[{"href":"https:\/\/agrovin.com\/pt-pt\/wp-json\/wp\/v2\/product"}],"about":[{"href":"https:\/\/agrovin.com\/pt-pt\/wp-json\/wp\/v2\/types\/product"}],"version-history":[{"count":0,"href":"https:\/\/agrovin.com\/pt-pt\/wp-json\/wp\/v2\/product\/104718\/revisions"}],"wp:featuredmedia":[{"embeddable":true,"href":"https:\/\/agrovin.com\/pt-pt\/wp-json\/wp\/v2\/media\/104319"}],"wp:attachment":[{"href":"https:\/\/agrovin.com\/pt-pt\/wp-json\/wp\/v2\/media?parent=104718"}],"wp:term":[{"taxonomy":"product_brand","embeddable":true,"href":"https:\/\/agrovin.com\/pt-pt\/wp-json\/wp\/v2\/product_brand?post=104718"},{"taxonomy":"product_cat","embeddable":true,"href":"https:\/\/agrovin.com\/pt-pt\/wp-json\/wp\/v2\/product_cat?post=104718"},{"taxonomy":"product_tag","embeddable":true,"href":"https:\/\/agrovin.com\/pt-pt\/wp-json\/wp\/v2\/product_tag?post=104718"}],"curies":[{"name":"wp","href":"https:\/\/api.w.org\/{rel}","templated":true}]}}