{"id":104500,"date":"2023-05-11T13:36:46","date_gmt":"2023-05-11T12:36:46","guid":{"rendered":"https:\/\/agrovin.com\/?post_type=product&#038;p=104500"},"modified":"2026-02-03T12:19:44","modified_gmt":"2026-02-03T10:19:44","slug":"acido-fumarico","status":"publish","type":"product","link":"https:\/\/agrovin.com\/pt-pt\/produtos-enologia\/controlo-microbiologico-pt\/acido-fumarico\/","title":{"rendered":"ACIDO FUMARICO"},"content":{"rendered":"<h4>APLICA\u00c7\u00c3O<\/h4>\n<p>Em vinhos brancos e tintos:<\/p>\n<p>1. controlo do crescimento e da actividade das bact\u00e9rias l\u00e1cticas 2.<\/p>\n<p>2. redu\u00e7\u00e3o da dosagem de di\u00f3xido de enxofre.<\/p>\n<p>3. Conserva\u00e7\u00e3o da acidez m\u00e1lica.<\/p>\n<h4>DOSAGEM<\/h4>\n<p>Vinho : 30-60 g\/hl<\/p>\n<h4>INSTRU\u00c7\u00d5ES DE UTILIZA\u00c7\u00c3O<\/h4>\n<p>1) Ressuspender em 15 vezes o seu peso em vinho, com agita\u00e7\u00e3o.<\/p>\n<p>2) Adicionar ao volume total do vinho por homogeneiza\u00e7\u00e3o cont\u00ednua. Assegurar uma temperatura superior a 10\u00baC.<\/p>\n","protected":false},"excerpt":{"rendered":"<p>O \u00e1cido fum\u00e1rico \u00e9 um estabilizador biol\u00f3gico com um efeito bactericida e bacteriost\u00e1tico contra as bact\u00e9rias l\u00e1cticas.<\/p>\n<p>Actua como inibidor da fermenta\u00e7\u00e3o malol\u00e1ctica (FML) em doses baixas e sem repercuss\u00f5es organol\u00e9pticas.<\/p>\n","protected":false},"featured_media":104258,"template":"","meta":{"_acf_changed":false,"inline_featured_image":false,"site-sidebar-layout":"default","site-content-layout":"default","ast-site-content-layout":"default","site-content-style":"default","site-sidebar-style":"default","ast-global-header-display":"","ast-banner-title-visibility":"","ast-main-header-display":"","ast-hfb-above-header-display":"","ast-hfb-below-header-display":"","ast-hfb-mobile-header-display":"","site-post-title":"","ast-breadcrumbs-content":"","ast-featured-img":"","footer-sml-layout":"","ast-disable-related-posts":"","theme-transparent-header-meta":"default","adv-header-id-meta":"","stick-header-meta":"","header-above-stick-meta":"","header-main-stick-meta":"","header-below-stick-meta":"","astra-migrate-meta-layouts":"set","ast-page-background-enabled":"default","ast-page-background-meta":{"desktop":{"background-color":"var(--ast-global-color-5)","background-image":"","background-repeat":"repeat","background-position":"center center","background-size":"auto","background-attachment":"scroll","background-type":"","background-media":"","overlay-type":"","overlay-color":"","overlay-opacity":"","overlay-gradient":""},"tablet":{"background-color":"","background-image":"","background-repeat":"repeat","background-position":"center center","background-size":"auto","background-attachment":"scroll","background-type":"","background-media":"","overlay-type":"","overlay-color":"","overlay-opacity":"","overlay-gradient":""},"mobile":{"background-color":"","background-image":"","background-repeat":"repeat","background-position":"center center","background-size":"auto","background-attachment":"scroll","background-type":"","background-media":"","overlay-type":"","overlay-color":"","overlay-opacity":"","overlay-gradient":""}},"ast-content-background-meta":{"desktop":{"background-color":"var(--ast-global-color-4)","background-image":"","background-repeat":"repeat","background-position":"center center","background-size":"auto","background-attachment":"scroll","background-type":"","background-media":"","overlay-type":"","overlay-color":"","overlay-opacity":"","overlay-gradient":""},"tablet":{"background-color":"var(--ast-global-color-4)","background-image":"","background-repeat":"repeat","background-position":"center center","background-size":"auto","background-attachment":"scroll","background-type":"","background-media":"","overlay-type":"","overlay-color":"","overlay-opacity":"","overlay-gradient":""},"mobile":{"background-color":"var(--ast-global-color-4)","background-image":"","background-repeat":"repeat","background-position":"center center","background-size":"auto","background-attachment":"scroll","background-type":"","background-media":"","overlay-type":"","overlay-color":"","overlay-opacity":"","overlay-gradient":""}}},"product_brand":[],"product_cat":[889],"product_tag":[],"class_list":{"0":"post-104500","1":"product","2":"type-product","3":"status-publish","4":"has-post-thumbnail","6":"product_cat-controlo-microbiologico-pt","7":"pa_ecologico-eu-autorizada","8":"pa_estilo-de-vino-branco","9":"pa_estilo-de-vino-tinto-pt","10":"pa_objetivo-estabilizacao","11":"pa_objetivo-protecao-microbiologica","12":"pa_vegano-vegan-pt-pt","13":"desktop-align-left","14":"tablet-align-left","15":"mobile-align-left","17":"first","18":"instock","19":"virtual","20":"product-type-simple"},"acf":[],"_links":{"self":[{"href":"https:\/\/agrovin.com\/pt-pt\/wp-json\/wp\/v2\/product\/104500","targetHints":{"allow":["GET"]}}],"collection":[{"href":"https:\/\/agrovin.com\/pt-pt\/wp-json\/wp\/v2\/product"}],"about":[{"href":"https:\/\/agrovin.com\/pt-pt\/wp-json\/wp\/v2\/types\/product"}],"version-history":[{"count":2,"href":"https:\/\/agrovin.com\/pt-pt\/wp-json\/wp\/v2\/product\/104500\/revisions"}],"predecessor-version":[{"id":124302,"href":"https:\/\/agrovin.com\/pt-pt\/wp-json\/wp\/v2\/product\/104500\/revisions\/124302"}],"wp:featuredmedia":[{"embeddable":true,"href":"https:\/\/agrovin.com\/pt-pt\/wp-json\/wp\/v2\/media\/104258"}],"wp:attachment":[{"href":"https:\/\/agrovin.com\/pt-pt\/wp-json\/wp\/v2\/media?parent=104500"}],"wp:term":[{"taxonomy":"product_brand","embeddable":true,"href":"https:\/\/agrovin.com\/pt-pt\/wp-json\/wp\/v2\/product_brand?post=104500"},{"taxonomy":"product_cat","embeddable":true,"href":"https:\/\/agrovin.com\/pt-pt\/wp-json\/wp\/v2\/product_cat?post=104500"},{"taxonomy":"product_tag","embeddable":true,"href":"https:\/\/agrovin.com\/pt-pt\/wp-json\/wp\/v2\/product_tag?post=104500"}],"curies":[{"name":"wp","href":"https:\/\/api.w.org\/{rel}","templated":true}]}}