{"id":102265,"date":"2023-02-20T20:59:15","date_gmt":"2023-02-20T20:29:58","guid":{"rendered":"https:\/\/agrovin.com\/?post_type=product&#038;p=102265"},"modified":"2023-02-20T21:29:59","modified_gmt":"2023-02-20T20:29:59","slug":"beco-acf-07","status":"publish","type":"product","link":"https:\/\/agrovin.com\/pt-pt\/produtos-enologia\/filtracao\/beco-acf-07\/","title":{"rendered":"BECO ACF 07"},"content":{"rendered":"<h3>CARACTER\u00cdSTICAS<\/h3>\n<p>Exercem o seu efeito de filtragem na zona anterior e profunda da estrutura material (filtragem est\u00e1tica de profundidade). A porosidade destas placas \u00e9 obtida como resultado da mistura de materiais grosseiros e finos, cuja propor\u00e7\u00e3o \u00e9 pr\u00e9-determinada para cada tipo de placa.<br \/>\nBECO ACF 07 placa de carv\u00e3o activado \u00e9 um material inerte microporoso microporoso, lavado com \u00e1cido e activado por vapor. Durante a descolora\u00e7\u00e3o dos produtos, \u00e9 criada uma liga\u00e7\u00e3o f\u00edsica entre o carv\u00e3o activado e os poluentes ou corantes na sua superf\u00edcie interna, que \u00e9 n\u00e3o polar, adquirindo uma grande afinidade por mol\u00e9culas org\u00e2nicas.<br \/>\nO sistema de filtra\u00e7\u00e3o em profundidade oferece uma s\u00e9rie de vantagens sobre outros m\u00e9todos de filtra\u00e7\u00e3o com placas filtrantes BECO:<br \/>\nOs sistemas de filtra\u00e7\u00e3o por peneira s\u00e3o combinados com o efeito de adsor\u00e7\u00e3o.<br \/>\nA estrutura diferenciada dos poros, dependendo do tipo de filtro, e a m\u00e1xima \u00e1rea de superf\u00edcie interna garantem sempre uma boa efici\u00eancia clarificadora com elevado desempenho.<\/p>\n<p>As vantagens espec\u00edficas da BECO ACF 07:<\/p>\n<ul>\n<li>Elevada capacidade de adsor\u00e7\u00e3o para descolora\u00e7\u00e3o e remo\u00e7\u00e3o de aromas indesejados.<\/li>\n<li>Estrutura fibrosa e porosa diferenciada com uma grande superf\u00edcie interior para uma vasta gama de aplica\u00e7\u00f5es e condi\u00e7\u00f5es de trabalho.<\/li>\n<li>Muito f\u00e1cil de usar, permitindo um manuseamento sem p\u00f3.<\/li>\n<\/ul>\n","protected":false},"excerpt":{"rendered":"<p>A placa filtrante BECO ACF 07 \u00e9 utilizada em processos que requerem uma filtragem rigorosa de l\u00edquidos nas ind\u00fastrias qu\u00edmica, farmac\u00eautica, cosm\u00e9tica, alimentar e biotecnol\u00f3gica. Tem uma elevada capacidade de absor\u00e7\u00e3o devido ao seu elevado teor de carbono activo.<\/p>\n","protected":false},"featured_media":19217,"template":"","meta":{"_acf_changed":false,"inline_featured_image":false,"site-sidebar-layout":"default","site-content-layout":"default","ast-site-content-layout":"default","site-content-style":"default","site-sidebar-style":"default","ast-global-header-display":"","ast-banner-title-visibility":"","ast-main-header-display":"","ast-hfb-above-header-display":"","ast-hfb-below-header-display":"","ast-hfb-mobile-header-display":"","site-post-title":"","ast-breadcrumbs-content":"","ast-featured-img":"","footer-sml-layout":"","ast-disable-related-posts":"","theme-transparent-header-meta":"default","adv-header-id-meta":"","stick-header-meta":"","header-above-stick-meta":"","header-main-stick-meta":"","header-below-stick-meta":"","astra-migrate-meta-layouts":"default","ast-page-background-enabled":"default","ast-page-background-meta":{"desktop":{"background-color":"var(--ast-global-color-5)","background-image":"","background-repeat":"repeat","background-position":"center center","background-size":"auto","background-attachment":"scroll","background-type":"","background-media":"","overlay-type":"","overlay-color":"","overlay-opacity":"","overlay-gradient":""},"tablet":{"background-color":"","background-image":"","background-repeat":"repeat","background-position":"center center","background-size":"auto","background-attachment":"scroll","background-type":"","background-media":"","overlay-type":"","overlay-color":"","overlay-opacity":"","overlay-gradient":""},"mobile":{"background-color":"","background-image":"","background-repeat":"repeat","background-position":"center center","background-size":"auto","background-attachment":"scroll","background-type":"","background-media":"","overlay-type":"","overlay-color":"","overlay-opacity":"","overlay-gradient":""}},"ast-content-background-meta":{"desktop":{"background-color":"var(--ast-global-color-4)","background-image":"","background-repeat":"repeat","background-position":"center center","background-size":"auto","background-attachment":"scroll","background-type":"","background-media":"","overlay-type":"","overlay-color":"","overlay-opacity":"","overlay-gradient":""},"tablet":{"background-color":"var(--ast-global-color-4)","background-image":"","background-repeat":"repeat","background-position":"center center","background-size":"auto","background-attachment":"scroll","background-type":"","background-media":"","overlay-type":"","overlay-color":"","overlay-opacity":"","overlay-gradient":""},"mobile":{"background-color":"var(--ast-global-color-4)","background-image":"","background-repeat":"repeat","background-position":"center center","background-size":"auto","background-attachment":"scroll","background-type":"","background-media":"","overlay-type":"","overlay-color":"","overlay-opacity":"","overlay-gradient":""}}},"product_brand":[],"product_cat":[359],"product_tag":[],"class_list":{"0":"post-102265","1":"product","2":"type-product","3":"status-publish","4":"has-post-thumbnail","6":"product_cat-filtracao","7":"desktop-align-left","8":"tablet-align-left","9":"mobile-align-left","11":"first","12":"instock","13":"shipping-taxable","14":"product-type-simple"},"acf":[],"_links":{"self":[{"href":"https:\/\/agrovin.com\/pt-pt\/wp-json\/wp\/v2\/product\/102265","targetHints":{"allow":["GET"]}}],"collection":[{"href":"https:\/\/agrovin.com\/pt-pt\/wp-json\/wp\/v2\/product"}],"about":[{"href":"https:\/\/agrovin.com\/pt-pt\/wp-json\/wp\/v2\/types\/product"}],"version-history":[{"count":0,"href":"https:\/\/agrovin.com\/pt-pt\/wp-json\/wp\/v2\/product\/102265\/revisions"}],"wp:featuredmedia":[{"embeddable":true,"href":"https:\/\/agrovin.com\/pt-pt\/wp-json\/wp\/v2\/media\/19217"}],"wp:attachment":[{"href":"https:\/\/agrovin.com\/pt-pt\/wp-json\/wp\/v2\/media?parent=102265"}],"wp:term":[{"taxonomy":"product_brand","embeddable":true,"href":"https:\/\/agrovin.com\/pt-pt\/wp-json\/wp\/v2\/product_brand?post=102265"},{"taxonomy":"product_cat","embeddable":true,"href":"https:\/\/agrovin.com\/pt-pt\/wp-json\/wp\/v2\/product_cat?post=102265"},{"taxonomy":"product_tag","embeddable":true,"href":"https:\/\/agrovin.com\/pt-pt\/wp-json\/wp\/v2\/product_tag?post=102265"}],"curies":[{"name":"wp","href":"https:\/\/api.w.org\/{rel}","templated":true}]}}