{"id":102247,"date":"2023-02-20T20:13:23","date_gmt":"2023-02-20T19:36:22","guid":{"rendered":"https:\/\/agrovin.com\/?post_type=product&#038;p=102247"},"modified":"2023-02-20T20:36:23","modified_gmt":"2023-02-20T19:36:23","slug":"europor","status":"publish","type":"product","link":"https:\/\/agrovin.com\/pt-pt\/produtos-enologia\/filtracao\/europor\/","title":{"rendered":"EUROPOR"},"content":{"rendered":"<h3><b>CARACTER\u00cdSTICAS<\/b><\/h3>\n<p>As placas EUROPOR oferecem uma vasta gama de placas filtrantes com porosidade vari\u00e1vel que v\u00e3o desde um nominal de 0,2 \u03bcm a 4 \u03bcm, o que assegura uma capacidade de reten\u00e7\u00e3o de sujidade de alta profundidade e uma redu\u00e7\u00e3o significativa da popula\u00e7\u00e3o microbiana, tornando-as adequadas para uma filtra\u00e7\u00e3o grosseira, para uma redu\u00e7\u00e3o significativa da popula\u00e7\u00e3o microbiana de alimentos l\u00edquidos ou para contribuir para a estabilidade microbiol\u00f3gica dos alimentos l\u00edquidos. A filtra\u00e7\u00e3o de placas \u00e9 frequentemente a fase de pr\u00e9-filtra\u00e7\u00e3o por membrana ou a fase a montante de um processo de ultrafiltra\u00e7\u00e3o. Exercem o seu efeito de filtragem na zona anterior e profunda da estrutura material (filtragem est\u00e1tica de profundidade).<br \/>\nA qualidade e a prepara\u00e7\u00e3o das mat\u00e9rias-primas utilizadas asseguram sempre uma boa efici\u00eancia esclarecedora e rendimentos elevados. A porosidade destas placas \u00e9 obtida como resultado da mistura de materiais grosseiros e finos, cuja propor\u00e7\u00e3o \u00e9 pr\u00e9-determinada para cada tipo de placa.<br \/>\nAs placas do filtro EUROPOR t\u00eam poros assim\u00e9tricos: os poros grandes est\u00e3o localizados no lado de entrada do filtro, os poros pequenos est\u00e3o localizados no lado de sa\u00edda, onde o material se torna mais denso.<br \/>\nO sistema de filtra\u00e7\u00e3o em profundidade oferece, atrav\u00e9s das placas filtrantes EUROPOR, uma s\u00e9rie de vantagens em rela\u00e7\u00e3o a outros m\u00e9todos de filtra\u00e7\u00e3o:<\/p>\n<ul>\n<li>Os sistemas de filtra\u00e7\u00e3o por peneira s\u00e3o combinados com o efeito de adsor\u00e7\u00e3o.<\/li>\n<li>A estrutura diferenciada dos poros, dependendo do tipo de filtro, e a m\u00e1xima \u00e1rea de superf\u00edcie interna garantem sempre uma boa efici\u00eancia clarificadora e um elevado desempenho.<\/li>\n<\/ul>\n","protected":false},"excerpt":{"rendered":"<p class=\"textosbloque\">Placas filtrantes da s\u00e9rie EUROPOR para a ind\u00fastria alimentar e vin\u00edcola. As placas da s\u00e9rie EUROPOR podem ser utilizadas para a filtra\u00e7\u00e3o de qualquer alimento l\u00edquido, desde a filtra\u00e7\u00e3o grosseira at\u00e9 \u00e0 filtra\u00e7\u00e3o destinada a uma redu\u00e7\u00e3o significativa da popula\u00e7\u00e3o microbiana. Op\u00e7\u00e3o econ\u00f3mica e vers\u00e1til para uma filtragem de qualidade.<\/p>\n<p><span class=\"textosbloque\">Tipos de placas Europor, de acordo com a permeabilidade e a classifica\u00e7\u00e3o nominal em microns.<\/span><\/p>\n","protected":false},"featured_media":19217,"template":"","meta":{"_acf_changed":false,"inline_featured_image":false,"site-sidebar-layout":"default","site-content-layout":"default","ast-site-content-layout":"default","site-content-style":"default","site-sidebar-style":"default","ast-global-header-display":"","ast-banner-title-visibility":"","ast-main-header-display":"","ast-hfb-above-header-display":"","ast-hfb-below-header-display":"","ast-hfb-mobile-header-display":"","site-post-title":"","ast-breadcrumbs-content":"","ast-featured-img":"","footer-sml-layout":"","ast-disable-related-posts":"","theme-transparent-header-meta":"default","adv-header-id-meta":"","stick-header-meta":"","header-above-stick-meta":"","header-main-stick-meta":"","header-below-stick-meta":"","astra-migrate-meta-layouts":"default","ast-page-background-enabled":"default","ast-page-background-meta":{"desktop":{"background-color":"var(--ast-global-color-5)","background-image":"","background-repeat":"repeat","background-position":"center center","background-size":"auto","background-attachment":"scroll","background-type":"","background-media":"","overlay-type":"","overlay-color":"","overlay-opacity":"","overlay-gradient":""},"tablet":{"background-color":"","background-image":"","background-repeat":"repeat","background-position":"center center","background-size":"auto","background-attachment":"scroll","background-type":"","background-media":"","overlay-type":"","overlay-color":"","overlay-opacity":"","overlay-gradient":""},"mobile":{"background-color":"","background-image":"","background-repeat":"repeat","background-position":"center center","background-size":"auto","background-attachment":"scroll","background-type":"","background-media":"","overlay-type":"","overlay-color":"","overlay-opacity":"","overlay-gradient":""}},"ast-content-background-meta":{"desktop":{"background-color":"var(--ast-global-color-4)","background-image":"","background-repeat":"repeat","background-position":"center center","background-size":"auto","background-attachment":"scroll","background-type":"","background-media":"","overlay-type":"","overlay-color":"","overlay-opacity":"","overlay-gradient":""},"tablet":{"background-color":"var(--ast-global-color-4)","background-image":"","background-repeat":"repeat","background-position":"center center","background-size":"auto","background-attachment":"scroll","background-type":"","background-media":"","overlay-type":"","overlay-color":"","overlay-opacity":"","overlay-gradient":""},"mobile":{"background-color":"var(--ast-global-color-4)","background-image":"","background-repeat":"repeat","background-position":"center center","background-size":"auto","background-attachment":"scroll","background-type":"","background-media":"","overlay-type":"","overlay-color":"","overlay-opacity":"","overlay-gradient":""}}},"product_brand":[],"product_cat":[359],"product_tag":[],"class_list":{"0":"post-102247","1":"product","2":"type-product","3":"status-publish","4":"has-post-thumbnail","6":"product_cat-filtracao","7":"desktop-align-left","8":"tablet-align-left","9":"mobile-align-left","11":"first","12":"instock","13":"shipping-taxable","14":"product-type-simple"},"acf":[],"_links":{"self":[{"href":"https:\/\/agrovin.com\/pt-pt\/wp-json\/wp\/v2\/product\/102247","targetHints":{"allow":["GET"]}}],"collection":[{"href":"https:\/\/agrovin.com\/pt-pt\/wp-json\/wp\/v2\/product"}],"about":[{"href":"https:\/\/agrovin.com\/pt-pt\/wp-json\/wp\/v2\/types\/product"}],"version-history":[{"count":0,"href":"https:\/\/agrovin.com\/pt-pt\/wp-json\/wp\/v2\/product\/102247\/revisions"}],"wp:featuredmedia":[{"embeddable":true,"href":"https:\/\/agrovin.com\/pt-pt\/wp-json\/wp\/v2\/media\/19217"}],"wp:attachment":[{"href":"https:\/\/agrovin.com\/pt-pt\/wp-json\/wp\/v2\/media?parent=102247"}],"wp:term":[{"taxonomy":"product_brand","embeddable":true,"href":"https:\/\/agrovin.com\/pt-pt\/wp-json\/wp\/v2\/product_brand?post=102247"},{"taxonomy":"product_cat","embeddable":true,"href":"https:\/\/agrovin.com\/pt-pt\/wp-json\/wp\/v2\/product_cat?post=102247"},{"taxonomy":"product_tag","embeddable":true,"href":"https:\/\/agrovin.com\/pt-pt\/wp-json\/wp\/v2\/product_tag?post=102247"}],"curies":[{"name":"wp","href":"https:\/\/api.w.org\/{rel}","templated":true}]}}