{"id":102212,"date":"2023-02-20T11:24:20","date_gmt":"2023-02-20T10:30:32","guid":{"rendered":"https:\/\/agrovin.com\/?post_type=product&#038;p=102212"},"modified":"2024-08-22T18:19:36","modified_gmt":"2024-08-22T17:19:36","slug":"becopad","status":"publish","type":"product","link":"https:\/\/agrovin.com\/pt-pt\/produtos-enologia\/filtracao\/becopad\/","title":{"rendered":"BECOPAD"},"content":{"rendered":"<h3>CARACTER\u00cdSTICAS<\/h3>\n<p>BECOPAD \u00e9 uma nova tecnologia de filtra\u00e7\u00e3o em profundidade sem agregados minerais, desde a filtra\u00e7\u00e3o grosseira \u00e0 filtra\u00e7\u00e3o para redu\u00e7\u00e3o substancial do conte\u00fado microbiano do l\u00edquido alimentar.<br \/>\nA BEGEROW desenvolveu esta inova\u00e7\u00e3o com a sua pr\u00f3pria equipa de investiga\u00e7\u00e3o. Usando a tecnologia \u201cbepure\u00ae\u201d, as fibras de celulose de alta pureza s\u00e3o entrela\u00e7adas para formar uma estrutura \u00fanica e compacta, que n\u00e3o requer a adi\u00e7\u00e3o de componentes inorg\u00e2nicos para reduzir a porosidade e assim alcan\u00e7ar uma maior efici\u00eancia na reten\u00e7\u00e3o de microrganismos. As placas BECOPAD distinguem-se pela sua elevada pureza; o conte\u00fado de i\u00f5es e subst\u00e2ncias que podem alterar o perfil sensorial dos alimentos \u00e9 significativamente mais baixo do que nas placas convencionais.<br \/>\nAo utilizar placas BECOPAD, o volume de \u00e1gua de lavagem \u00e9 reduzido em 50%, os ciclos de filtra\u00e7\u00e3o s\u00e3o prolongados at\u00e9 20%, as perdas por gotejamento s\u00e3o reduzidas at\u00e9 99% e as perdas de cor devido \u00e0 adsor\u00e7\u00e3o s\u00e3o minimizadas. S\u00e3o feitos sem aditivos minerais, o que elimina a contribui\u00e7\u00e3o de i\u00f5es sol\u00faveis (Fe e Al) para o vinho e torna-o um produto biodegrad\u00e1vel.<\/p>\n<h3>CANDIDATURA<\/h3>\n<p>A tecnologia BECOPAD pode ser utilizada para a filtra\u00e7\u00e3o de qualquer alimento l\u00edquido, desde a filtra\u00e7\u00e3o grosseira at\u00e9 \u00e0 filtra\u00e7\u00e3o com o objectivo de reduzir substancialmente o conte\u00fado microbiano.<\/p>\n<ul>\n<li>BECOPAD 115C: Filtra\u00e7\u00e3o com um elevado grau de reten\u00e7\u00e3o de microrganismos. Este meio filtrante de profundidade \u00e9 idealmente utilizado como protec\u00e7\u00e3o de membrana.<\/li>\n<li>BECOPAD 120: Filtrar com um elevado grau de reten\u00e7\u00e3o de microrganismos. Filtra\u00e7\u00e3o para separa\u00e7\u00e3o de bact\u00e9rias em produtos sobrecarregados ou sens\u00edveis.<\/li>\n<li>BECOPAD 170: Filtra\u00e7\u00e3o com um elevado grau de reten\u00e7\u00e3o de microrganismos para enchimento ou armazenamento em caso de alto fluxo de sa\u00edda.<\/li>\n<li>BECOPAD 220: Filtra\u00e7\u00e3o com um elevado grau de reten\u00e7\u00e3o de microrganismos para cargas m\u00e9dias de sa\u00edda.<\/li>\n<li>BECOPAD 270: Filtra\u00e7\u00e3o com um grau vari\u00e1vel de reten\u00e7\u00e3o de microrganismos para cargas de sa\u00edda mais baixas.<\/li>\n<li>BECOPAD 350: Filtra\u00e7\u00e3o com um grau vari\u00e1vel de reten\u00e7\u00e3o de microrganismos, redu\u00e7\u00e3o de leveduras e bact\u00e9rias.<\/li>\n<li>BECOPAD 450: Filtrado de clarifica\u00e7\u00e3o para reten\u00e7\u00e3o de part\u00edculas finas.<\/li>\n<li>BECOPAD 550: Filtrado de clarifica\u00e7\u00e3o para reten\u00e7\u00e3o de part\u00edculas grosseiras.<\/li>\n<\/ul>\n","protected":false},"excerpt":{"rendered":"<p>Placas filtrantes de profundidade sem agregados minerais, para a ind\u00fastria alimentar e vitivin\u00edcola. BECOPAD desenvolve uma nova tecnologia de filtra\u00e7\u00e3o em profundidade sem agregados minerais, desde a filtra\u00e7\u00e3o grosseira \u00e0 filtra\u00e7\u00e3o para redu\u00e7\u00e3o substancial do conte\u00fado microbiano do l\u00edquido alimentar. Utilizando a tecnologia \u201cbepure \u00ae\u201d, as fibras de celulose de alta pureza s\u00e3o entrela\u00e7adas para formar uma estrutura \u00fanica e compacta, que n\u00e3o requer a adi\u00e7\u00e3o de compostos minerais para reduzir a porosidade e assim alcan\u00e7ar uma maior efici\u00eancia na reten\u00e7\u00e3o de microrganismos.<\/p>\n<p>As placas BECOPAD distinguem-se pela sua elevada pureza; o conte\u00fado de i\u00f5es e subst\u00e2ncias que podem alterar o perfil sensorial dos alimentos \u00e9 significativamente mais baixo do que nas placas convencionais. O tipo de filtra\u00e7\u00e3o a ser efectuada em fun\u00e7\u00e3o da limpeza e\/ou percentagem de reten\u00e7\u00e3o de\u00a0microrganismos\u00a0pode ser escolhido entre a vasta gama de placas BECOPAD dispon\u00edveis.<\/p>\n<p><span class=\"filtracion-n\">\u25b8 BECOPAD.<\/span>\u00a0<span class=\"descargar\"><a href=\"https:\/\/agrovin.com\/agrv\/pdf\/filtracion\/placas\/BECOPAD.pdf\" target=\"_blank\" rel=\"noopener noreferrer\">(download)<\/a><\/span><br \/>\n<span class=\"filtracion-n\">\u25b8 BECOPAD \u2013 Vinho.<\/span>\u00a0<span class=\"descargar\"><a href=\"https:\/\/agrovin.com\/agrv\/pdf\/filtracion\/placas\/becopad_vino.pdf\" target=\"_blank\" rel=\"noopener noreferrer\">(download)<\/a><\/span><br \/>\n<span class=\"filtracion-n\">\u25b8 BECOPAD \u2013 O caminho mais puro para grandes vinhos.<\/span>\u00a0<span class=\"descargar\"><a href=\"https:\/\/agrovin.com\/agrv\/pdf\/filtracion\/placas\/beco_camino.pdf\" target=\"_blank\" rel=\"noopener noreferrer\">(download)<\/a><\/span><br \/>\n<span class=\"filtracion-n\">\u25b8 BECOPAD \u2013 A filtra\u00e7\u00e3o mais suave para vinhos premium.<\/span>\u00a0<span class=\"descargar\"><a href=\"https:\/\/agrovin.com\/agrv\/pdf\/filtracion\/placas\/becopad_filtracion.pdf\" target=\"_blank\" rel=\"noopener noreferrer\">(download)<\/a><\/span><br \/>\n<span class=\"filtracion-n\">\u25b8 BECOPAD \u2013 tecnologia de filtragem de \u00faltima gera\u00e7\u00e3o.<\/span>\u00a0<span class=\"descargar\"><a href=\"https:\/\/agrovin.com\/agrv\/pdf\/filtracion\/placas\/becopad_tecnica.pdf\" target=\"_blank\" rel=\"noopener noreferrer\">(download)<\/a><\/span><\/p>\n","protected":false},"featured_media":19217,"template":"","meta":{"_acf_changed":false,"inline_featured_image":false,"site-sidebar-layout":"default","site-content-layout":"default","ast-site-content-layout":"default","site-content-style":"default","site-sidebar-style":"default","ast-global-header-display":"","ast-banner-title-visibility":"","ast-main-header-display":"","ast-hfb-above-header-display":"","ast-hfb-below-header-display":"","ast-hfb-mobile-header-display":"","site-post-title":"","ast-breadcrumbs-content":"","ast-featured-img":"","footer-sml-layout":"","ast-disable-related-posts":"","theme-transparent-header-meta":"default","adv-header-id-meta":"","stick-header-meta":"","header-above-stick-meta":"","header-main-stick-meta":"","header-below-stick-meta":"","astra-migrate-meta-layouts":"default","ast-page-background-enabled":"default","ast-page-background-meta":{"desktop":{"background-color":"var(--ast-global-color-5)","background-image":"","background-repeat":"repeat","background-position":"center center","background-size":"auto","background-attachment":"scroll","background-type":"","background-media":"","overlay-type":"","overlay-color":"","overlay-opacity":"","overlay-gradient":""},"tablet":{"background-color":"","background-image":"","background-repeat":"repeat","background-position":"center center","background-size":"auto","background-attachment":"scroll","background-type":"","background-media":"","overlay-type":"","overlay-color":"","overlay-opacity":"","overlay-gradient":""},"mobile":{"background-color":"","background-image":"","background-repeat":"repeat","background-position":"center center","background-size":"auto","background-attachment":"scroll","background-type":"","background-media":"","overlay-type":"","overlay-color":"","overlay-opacity":"","overlay-gradient":""}},"ast-content-background-meta":{"desktop":{"background-color":"var(--ast-global-color-4)","background-image":"","background-repeat":"repeat","background-position":"center center","background-size":"auto","background-attachment":"scroll","background-type":"","background-media":"","overlay-type":"","overlay-color":"","overlay-opacity":"","overlay-gradient":""},"tablet":{"background-color":"var(--ast-global-color-4)","background-image":"","background-repeat":"repeat","background-position":"center center","background-size":"auto","background-attachment":"scroll","background-type":"","background-media":"","overlay-type":"","overlay-color":"","overlay-opacity":"","overlay-gradient":""},"mobile":{"background-color":"var(--ast-global-color-4)","background-image":"","background-repeat":"repeat","background-position":"center center","background-size":"auto","background-attachment":"scroll","background-type":"","background-media":"","overlay-type":"","overlay-color":"","overlay-opacity":"","overlay-gradient":""}}},"product_brand":[],"product_cat":[359],"product_tag":[],"class_list":{"0":"post-102212","1":"product","2":"type-product","3":"status-publish","4":"has-post-thumbnail","6":"product_cat-filtracao","7":"desktop-align-left","8":"tablet-align-left","9":"mobile-align-left","11":"first","12":"instock","13":"shipping-taxable","14":"product-type-simple"},"acf":[],"_links":{"self":[{"href":"https:\/\/agrovin.com\/pt-pt\/wp-json\/wp\/v2\/product\/102212","targetHints":{"allow":["GET"]}}],"collection":[{"href":"https:\/\/agrovin.com\/pt-pt\/wp-json\/wp\/v2\/product"}],"about":[{"href":"https:\/\/agrovin.com\/pt-pt\/wp-json\/wp\/v2\/types\/product"}],"version-history":[{"count":1,"href":"https:\/\/agrovin.com\/pt-pt\/wp-json\/wp\/v2\/product\/102212\/revisions"}],"predecessor-version":[{"id":116208,"href":"https:\/\/agrovin.com\/pt-pt\/wp-json\/wp\/v2\/product\/102212\/revisions\/116208"}],"wp:featuredmedia":[{"embeddable":true,"href":"https:\/\/agrovin.com\/pt-pt\/wp-json\/wp\/v2\/media\/19217"}],"wp:attachment":[{"href":"https:\/\/agrovin.com\/pt-pt\/wp-json\/wp\/v2\/media?parent=102212"}],"wp:term":[{"taxonomy":"product_brand","embeddable":true,"href":"https:\/\/agrovin.com\/pt-pt\/wp-json\/wp\/v2\/product_brand?post=102212"},{"taxonomy":"product_cat","embeddable":true,"href":"https:\/\/agrovin.com\/pt-pt\/wp-json\/wp\/v2\/product_cat?post=102212"},{"taxonomy":"product_tag","embeddable":true,"href":"https:\/\/agrovin.com\/pt-pt\/wp-json\/wp\/v2\/product_tag?post=102212"}],"curies":[{"name":"wp","href":"https:\/\/api.w.org\/{rel}","templated":true}]}}