{"id":96895,"date":"2023-02-03T12:04:09","date_gmt":"2023-02-03T11:04:09","guid":{"rendered":"https:\/\/staging.agrovin.com\/estabilizacao-e-engarrafamento\/dosagem-no-engarrafamento\/"},"modified":"2023-02-03T12:04:10","modified_gmt":"2023-02-03T11:04:10","slug":"dosagem-no-engarrafamento","status":"publish","type":"page","link":"https:\/\/agrovin.com\/pt-pt\/engarrafamento\/dosagem-no-engarrafamento\/","title":{"rendered":"Dosagem no engarrafamento"},"content":{"rendered":"\t\t<div data-elementor-type=\"wp-page\" data-elementor-id=\"96895\" class=\"elementor elementor-96895 elementor-95402\" data-elementor-post-type=\"page\">\n\t\t\t\t\t\t<section class=\"elementor-section elementor-top-section elementor-element elementor-element-15b3e93 elementor-section-height-min-height elementor-section-boxed elementor-section-height-default elementor-section-items-middle\" data-id=\"15b3e93\" data-element_type=\"section\" data-e-type=\"section\" data-settings=\"{&quot;background_background&quot;:&quot;classic&quot;}\">\n\t\t\t\t\t\t<div class=\"elementor-container elementor-column-gap-default\">\n\t\t\t\t\t<div class=\"elementor-column elementor-col-100 elementor-top-column elementor-element elementor-element-0de79ae\" data-id=\"0de79ae\" data-element_type=\"column\" data-e-type=\"column\">\n\t\t\t<div class=\"elementor-widget-wrap\">\n\t\t\t\t\t\t\t<\/div>\n\t\t<\/div>\n\t\t\t\t\t<\/div>\n\t\t<\/section>\n\t\t\t\t<section class=\"elementor-section elementor-top-section elementor-element elementor-element-5f0f79d elementor-section-boxed elementor-section-height-default elementor-section-height-default\" data-id=\"5f0f79d\" data-element_type=\"section\" data-e-type=\"section\">\n\t\t\t\t\t\t<div class=\"elementor-container elementor-column-gap-default\">\n\t\t\t\t\t<div class=\"elementor-column elementor-col-100 elementor-top-column elementor-element elementor-element-c80836b\" data-id=\"c80836b\" data-element_type=\"column\" data-e-type=\"column\">\n\t\t\t<div class=\"elementor-widget-wrap elementor-element-populated\">\n\t\t\t\t\t\t<div class=\"elementor-element elementor-element-038a0c0 elementor-widget elementor-widget-text-editor\" data-id=\"038a0c0\" data-element_type=\"widget\" data-e-type=\"widget\" data-widget_type=\"text-editor.default\">\n\t\t\t\t<div class=\"elementor-widget-container\">\n\t\t\t\t\t\t\t\t\t<p>O processo de engarrafamento \u00e9 uma etapa crucial no processo de vinifica\u00e7\u00e3o, pois \u00e9 o \u00faltimo momento em que o en\u00f3logo pode actuar sobre o vinho. O vinho engarrafado deve ser est\u00e1vel ao longo do tempo, o que requer a aplica\u00e7\u00e3o de protectores coloidais. A aplica\u00e7\u00e3o destas solu\u00e7\u00f5es enol\u00f3gicas \u00e9 uma fase cr\u00edtica, uma vez que devem ser aplicadas com precis\u00e3o e homogeneizadas correctamente para assegurar a estabiliza\u00e7\u00e3o total de todas as garrafas.<\/p>\n<p>Agrovin desenvolveu o nosso equipamento de dosagem Agatha PRO para a m\u00e1xima seguran\u00e7a e fiabilidade, a fim de fornecer uma solu\u00e7\u00e3o para este problema.  <\/p>\n\t\t\t\t\t\t\t\t<\/div>\n\t\t\t\t<\/div>\n\t\t\t\t<section class=\"elementor-section elementor-inner-section elementor-element elementor-element-15a0487 elementor-section-boxed elementor-section-height-default elementor-section-height-default\" data-id=\"15a0487\" data-element_type=\"section\" data-e-type=\"section\">\n\t\t\t\t\t\t<div class=\"elementor-container elementor-column-gap-extended\">\n\t\t\t\t\t<div class=\"elementor-column elementor-col-50 elementor-inner-column elementor-element elementor-element-dfa10be\" data-id=\"dfa10be\" data-element_type=\"column\" data-e-type=\"column\">\n\t\t\t<div class=\"elementor-widget-wrap elementor-element-populated\">\n\t\t\t\t\t\t<div class=\"elementor-element elementor-element-e652866 elementor-widget elementor-widget-image\" data-id=\"e652866\" data-element_type=\"widget\" data-e-type=\"widget\" data-widget_type=\"image.default\">\n\t\t\t\t<div class=\"elementor-widget-container\">\n\t\t\t\t\t\t\t\t\t\t\t\t\t\t\t<img fetchpriority=\"high\" decoding=\"async\" width=\"600\" height=\"600\" src=\"https:\/\/agrovin.com\/wp-content\/uploads\/2022\/01\/Agatha-PRO-optimizado.png\" class=\"attachment-large size-large wp-image-74629\" alt=\"\" srcset=\"https:\/\/agrovin.com\/wp-content\/uploads\/2022\/01\/Agatha-PRO-optimizado.png 600w, https:\/\/agrovin.com\/wp-content\/uploads\/2022\/01\/Agatha-PRO-optimizado-300x300.png 300w, https:\/\/agrovin.com\/wp-content\/uploads\/2022\/01\/Agatha-PRO-optimizado-150x150.png 150w, https:\/\/agrovin.com\/wp-content\/uploads\/2022\/01\/Agatha-PRO-optimizado-270x270.png 270w, https:\/\/agrovin.com\/wp-content\/uploads\/2022\/01\/Agatha-PRO-optimizado-100x100.png 100w\" sizes=\"(max-width: 600px) 100vw, 600px\" title=\"\">\t\t\t\t\t\t\t\t\t\t\t\t\t\t\t<\/div>\n\t\t\t\t<\/div>\n\t\t\t\t\t<\/div>\n\t\t<\/div>\n\t\t\t\t<div class=\"elementor-column elementor-col-50 elementor-inner-column elementor-element elementor-element-ddf1260\" data-id=\"ddf1260\" data-element_type=\"column\" data-e-type=\"column\">\n\t\t\t<div class=\"elementor-widget-wrap elementor-element-populated\">\n\t\t\t\t\t\t<div class=\"elementor-element elementor-element-9980253 elementor-widget elementor-widget-image\" data-id=\"9980253\" data-element_type=\"widget\" data-e-type=\"widget\" data-widget_type=\"image.default\">\n\t\t\t\t<div class=\"elementor-widget-container\">\n\t\t\t\t\t\t\t\t\t\t\t\t\t\t\t<img decoding=\"async\" width=\"242\" height=\"46\" src=\"https:\/\/agrovin.com\/wp-content\/uploads\/2018\/03\/LOGO-AGATHA-GRANDE.png\" class=\"attachment-large size-large wp-image-41885\" alt=\"\" title=\"\">\t\t\t\t\t\t\t\t\t\t\t\t\t\t\t<\/div>\n\t\t\t\t<\/div>\n\t\t\t\t<div class=\"elementor-element elementor-element-3796da2 elementor-widget elementor-widget-text-editor\" data-id=\"3796da2\" data-element_type=\"widget\" data-e-type=\"widget\" data-widget_type=\"text-editor.default\">\n\t\t\t\t<div class=\"elementor-widget-container\">\n\t\t\t\t\t\t\t\t\t<p>\u00c9 um equipamento de \u00faltima gera\u00e7\u00e3o para uma dosagem precisa em linha de solu\u00e7\u00f5es l\u00edquidas. A dosagem \u00e9 efectuada por bombas electromec\u00e2nicas de pist\u00e3o de alta precis\u00e3o com corpos em a\u00e7o inoxid\u00e1vel resistente \u00e0 corros\u00e3o. As bombas doseadoras t\u00eam uma dupla regula\u00e7\u00e3o (mec\u00e2nica e electr\u00f3nica) para garantir uma maior precis\u00e3o.<\/p>\n\t\t\t\t\t\t\t\t<\/div>\n\t\t\t\t<\/div>\n\t\t\t\t<div class=\"elementor-element elementor-element-9db4630 elementor-widget elementor-widget-button\" data-id=\"9db4630\" data-element_type=\"widget\" data-e-type=\"widget\" data-widget_type=\"button.default\">\n\t\t\t\t<div class=\"elementor-widget-container\">\n\t\t\t\t\t\t\t\t\t<div class=\"elementor-button-wrapper\">\n\t\t\t\t\t<a class=\"elementor-button elementor-button-link elementor-size-sm\" href=\"#\">\n\t\t\t\t\t\t<span class=\"elementor-button-content-wrapper\">\n\t\t\t\t\t\t\t\t\t<span class=\"elementor-button-text\">Ver Agatha PRO<\/span>\n\t\t\t\t\t<\/span>\n\t\t\t\t\t<\/a>\n\t\t\t\t<\/div>\n\t\t\t\t\t\t\t\t<\/div>\n\t\t\t\t<\/div>\n\t\t\t\t\t<\/div>\n\t\t<\/div>\n\t\t\t\t\t<\/div>\n\t\t<\/section>\n\t\t\t\t<div class=\"elementor-element elementor-element-0f45162 elementor-widget elementor-widget-text-editor\" data-id=\"0f45162\" data-element_type=\"widget\" data-e-type=\"widget\" data-widget_type=\"text-editor.default\">\n\t\t\t\t<div class=\"elementor-widget-container\">\n\t\t\t\t\t\t\t\t\t<p>A estrutura m\u00f3vel, na qual o equipamento \u00e9 suportado, permite a sua f\u00e1cil incorpora\u00e7\u00e3o\/inclus\u00e3o na linha de engarrafamento disposta na adega. Dependendo da natureza do produto a ser dosado, o equipamento ser\u00e1 colocado antes ou depois da microfiltra\u00e7\u00e3o. O equipamento tem um ecr\u00e3 t\u00e1ctil atrav\u00e9s do qual o utilizador proceder\u00e1 \u00e0 sua programa\u00e7\u00e3o de forma intuitiva, gra\u00e7as ao seu software especificamente concebido para esta fun\u00e7\u00e3o.<\/p>\n<p>AGATHA PRO tem sensores de fluxo para o produto a ser adicionado, que asseguram uma dosagem precisa e homog\u00e9nea. Tem um alarme sonoro e luminoso em caso de falta de fluxo devido \u00e0 falta de produto.<\/p>\n<p>O equipamento tem a possibilidade de ser interligado \u00e0 linha de engarrafamento, para trabalhar em sinergia e parar a linha se houver qualquer anomalia na adi\u00e7\u00e3o do produto, garantindo assim uma dosagem eficiente. A AGATHA PRO est\u00e1 equipada com um tubo flux\u00edmetro que est\u00e1 ligado \u00e0 linha da adega. Dependendo da leitura do fluxo de vinho, o equipamento ajusta a adi\u00e7\u00e3o do produto. A dosagem come\u00e7a quando o sistema detecta o fluxo e p\u00e1ra quando n\u00e3o h\u00e1 movimento de vinho. Atrav\u00e9s de um sistema de alarme aud\u00edvel, o utilizador saber\u00e1 imediatamente se o produto a ser doseado se esgotou.<\/p>\n\t\t\t\t\t\t\t\t<\/div>\n\t\t\t\t<\/div>\n\t\t\t\t\t<\/div>\n\t\t<\/div>\n\t\t\t\t\t<\/div>\n\t\t<\/section>\n\t\t\t\t<\/div>\n\t\t","protected":false},"excerpt":{"rendered":"<p>O processo de engarrafamento \u00e9 uma etapa crucial no processo de vinifica\u00e7\u00e3o, pois \u00e9 o \u00faltimo momento em que o en\u00f3logo pode actuar sobre o vinho. O vinho engarrafado deve ser est\u00e1vel ao longo do tempo, o que requer a aplica\u00e7\u00e3o de protectores coloidais. A aplica\u00e7\u00e3o destas solu\u00e7\u00f5es enol\u00f3gicas \u00e9 uma fase cr\u00edtica, uma vez [&hellip;]<\/p>\n","protected":false},"author":347,"featured_media":0,"parent":78077,"menu_order":0,"comment_status":"closed","ping_status":"closed","template":"","meta":{"_acf_changed":false,"inline_featured_image":false,"site-sidebar-layout":"no-sidebar","site-content-layout":"page-builder","ast-site-content-layout":"full-width-container","site-content-style":"unboxed","site-sidebar-style":"unboxed","ast-global-header-display":"","ast-banner-title-visibility":"","ast-main-header-display":"","ast-hfb-above-header-display":"","ast-hfb-below-header-display":"","ast-hfb-mobile-header-display":"","site-post-title":"disabled","ast-breadcrumbs-content":"","ast-featured-img":"disabled","footer-sml-layout":"","ast-disable-related-posts":"","theme-transparent-header-meta":"default","adv-header-id-meta":"","stick-header-meta":"","header-above-stick-meta":"","header-main-stick-meta":"","header-below-stick-meta":"","astra-migrate-meta-layouts":"default","ast-page-background-enabled":"default","ast-page-background-meta":{"desktop":{"background-color":"var(--ast-global-color-5)","background-image":"","background-repeat":"repeat","background-position":"center center","background-size":"auto","background-attachment":"scroll","background-type":"","background-media":"","overlay-type":"","overlay-color":"","overlay-opacity":"","overlay-gradient":""},"tablet":{"background-color":"","background-image":"","background-repeat":"repeat","background-position":"center center","background-size":"auto","background-attachment":"scroll","background-type":"","background-media":"","overlay-type":"","overlay-color":"","overlay-opacity":"","overlay-gradient":""},"mobile":{"background-color":"","background-image":"","background-repeat":"repeat","background-position":"center center","background-size":"auto","background-attachment":"scroll","background-type":"","background-media":"","overlay-type":"","overlay-color":"","overlay-opacity":"","overlay-gradient":""}},"ast-content-background-meta":{"desktop":{"background-color":"var(--ast-global-color-4)","background-image":"","background-repeat":"repeat","background-position":"center center","background-size":"auto","background-attachment":"scroll","background-type":"","background-media":"","overlay-type":"","overlay-color":"","overlay-opacity":"","overlay-gradient":""},"tablet":{"background-color":"var(--ast-global-color-4)","background-image":"","background-repeat":"repeat","background-position":"center center","background-size":"auto","background-attachment":"scroll","background-type":"","background-media":"","overlay-type":"","overlay-color":"","overlay-opacity":"","overlay-gradient":""},"mobile":{"background-color":"var(--ast-global-color-4)","background-image":"","background-repeat":"repeat","background-position":"center center","background-size":"auto","background-attachment":"scroll","background-type":"","background-media":"","overlay-type":"","overlay-color":"","overlay-opacity":"","overlay-gradient":""}},"footnotes":""},"class_list":["post-96895","page","type-page","status-publish","hentry"],"acf":[],"_links":{"self":[{"href":"https:\/\/agrovin.com\/pt-pt\/wp-json\/wp\/v2\/pages\/96895","targetHints":{"allow":["GET"]}}],"collection":[{"href":"https:\/\/agrovin.com\/pt-pt\/wp-json\/wp\/v2\/pages"}],"about":[{"href":"https:\/\/agrovin.com\/pt-pt\/wp-json\/wp\/v2\/types\/page"}],"author":[{"embeddable":true,"href":"https:\/\/agrovin.com\/pt-pt\/wp-json\/wp\/v2\/users\/347"}],"replies":[{"embeddable":true,"href":"https:\/\/agrovin.com\/pt-pt\/wp-json\/wp\/v2\/comments?post=96895"}],"version-history":[{"count":0,"href":"https:\/\/agrovin.com\/pt-pt\/wp-json\/wp\/v2\/pages\/96895\/revisions"}],"up":[{"embeddable":true,"href":"https:\/\/agrovin.com\/pt-pt\/wp-json\/wp\/v2\/pages\/78077"}],"wp:attachment":[{"href":"https:\/\/agrovin.com\/pt-pt\/wp-json\/wp\/v2\/media?parent=96895"}],"curies":[{"name":"wp","href":"https:\/\/api.w.org\/{rel}","templated":true}]}}