{"id":96740,"date":"2023-02-02T16:59:02","date_gmt":"2023-02-02T15:59:02","guid":{"rendered":"https:\/\/staging.agrovin.com\/clarificacao-e-afinacao-fina\/estabilidade-coloidal\/"},"modified":"2026-01-12T12:27:50","modified_gmt":"2026-01-12T10:27:50","slug":"estabilidade-coloidal","status":"publish","type":"page","link":"https:\/\/agrovin.com\/pt-pt\/clarificacao-e-afinacao-fina\/estabilidade-coloidal\/","title":{"rendered":"Estabilidade coloidal"},"content":{"rendered":"\t\t<div data-elementor-type=\"wp-page\" data-elementor-id=\"96740\" class=\"elementor elementor-96740 elementor-95313\" data-elementor-post-type=\"page\">\n\t\t\t\t\t\t<section class=\"elementor-section elementor-top-section elementor-element elementor-element-87f43b3 elementor-section-height-min-height elementor-section-boxed elementor-section-height-default elementor-section-items-middle\" data-id=\"87f43b3\" data-element_type=\"section\" data-e-type=\"section\" data-settings=\"{&quot;background_background&quot;:&quot;classic&quot;}\">\n\t\t\t\t\t\t<div class=\"elementor-container elementor-column-gap-default\">\n\t\t\t\t\t<div class=\"elementor-column elementor-col-100 elementor-top-column elementor-element elementor-element-214968e\" data-id=\"214968e\" data-element_type=\"column\" data-e-type=\"column\">\n\t\t\t<div class=\"elementor-widget-wrap\">\n\t\t\t\t\t\t\t<\/div>\n\t\t<\/div>\n\t\t\t\t\t<\/div>\n\t\t<\/section>\n\t\t\t\t<section class=\"elementor-section elementor-top-section elementor-element elementor-element-2c925da elementor-section-boxed elementor-section-height-default elementor-section-height-default\" data-id=\"2c925da\" data-element_type=\"section\" data-e-type=\"section\">\n\t\t\t\t\t\t<div class=\"elementor-container elementor-column-gap-default\">\n\t\t\t\t\t<div class=\"elementor-column elementor-col-100 elementor-top-column elementor-element elementor-element-20c50e2\" data-id=\"20c50e2\" data-element_type=\"column\" data-e-type=\"column\">\n\t\t\t<div class=\"elementor-widget-wrap elementor-element-populated\">\n\t\t\t\t\t\t<section class=\"elementor-section elementor-inner-section elementor-element elementor-element-a526f15 elementor-section-boxed elementor-section-height-default elementor-section-height-default\" data-id=\"a526f15\" data-element_type=\"section\" data-e-type=\"section\">\n\t\t\t\t\t\t<div class=\"elementor-container elementor-column-gap-default\">\n\t\t\t\t\t<div class=\"elementor-column elementor-col-100 elementor-inner-column elementor-element elementor-element-53e396f\" data-id=\"53e396f\" data-element_type=\"column\" data-e-type=\"column\">\n\t\t\t<div class=\"elementor-widget-wrap elementor-element-populated\">\n\t\t\t\t\t\t<div class=\"elementor-element elementor-element-348bef8 elementor-align-left elementor-widget__width-auto elementor-widget elementor-widget-button\" data-id=\"348bef8\" data-element_type=\"widget\" data-e-type=\"widget\" data-widget_type=\"button.default\">\n\t\t\t\t<div class=\"elementor-widget-container\">\n\t\t\t\t\t\t\t\t\t<div class=\"elementor-button-wrapper\">\n\t\t\t\t\t<a class=\"elementor-button elementor-button-link elementor-size-sm\" href=\"https:\/\/agrovin.com\/pt-pt\/\">\n\t\t\t\t\t\t<span class=\"elementor-button-content-wrapper\">\n\t\t\t\t\t\t\t\t\t<span class=\"elementor-button-text\">In\u00edcio \/&nbsp;<\/span>\n\t\t\t\t\t<\/span>\n\t\t\t\t\t<\/a>\n\t\t\t\t<\/div>\n\t\t\t\t\t\t\t\t<\/div>\n\t\t\t\t<\/div>\n\t\t\t\t<div class=\"elementor-element elementor-element-79ee683 elementor-align-left elementor-widget__width-auto elementor-widget elementor-widget-button\" data-id=\"79ee683\" data-element_type=\"widget\" data-e-type=\"widget\" data-widget_type=\"button.default\">\n\t\t\t\t<div class=\"elementor-widget-container\">\n\t\t\t\t\t\t\t\t\t<div class=\"elementor-button-wrapper\">\n\t\t\t\t\t<a class=\"elementor-button elementor-button-link elementor-size-sm\" href=\"https:\/\/agrovin.com\/pt-pt\/clarificacao-e-afinacao-fina\/\">\n\t\t\t\t\t\t<span class=\"elementor-button-content-wrapper\">\n\t\t\t\t\t\t\t\t\t<span class=\"elementor-button-text\">Clarifica\u00e7\u00e3o e estabiliza\u00e7\u00e3o \/<\/span>\n\t\t\t\t\t<\/span>\n\t\t\t\t\t<\/a>\n\t\t\t\t<\/div>\n\t\t\t\t\t\t\t\t<\/div>\n\t\t\t\t<\/div>\n\t\t\t\t<div class=\"elementor-element elementor-element-342938f elementor-align-center elementor-widget__width-auto elementor-widget elementor-widget-button\" data-id=\"342938f\" data-element_type=\"widget\" data-e-type=\"widget\" data-widget_type=\"button.default\">\n\t\t\t\t<div class=\"elementor-widget-container\">\n\t\t\t\t\t\t\t\t\t<div class=\"elementor-button-wrapper\">\n\t\t\t\t\t<a class=\"elementor-button elementor-size-sm\" role=\"button\">\n\t\t\t\t\t\t<span class=\"elementor-button-content-wrapper\">\n\t\t\t\t\t\t\t\t\t<span class=\"elementor-button-text\">Estabilidade coloidal<\/span>\n\t\t\t\t\t<\/span>\n\t\t\t\t\t<\/a>\n\t\t\t\t<\/div>\n\t\t\t\t\t\t\t\t<\/div>\n\t\t\t\t<\/div>\n\t\t\t\t\t<\/div>\n\t\t<\/div>\n\t\t\t\t\t<\/div>\n\t\t<\/section>\n\t\t\t\t<div class=\"elementor-element elementor-element-126b965 elementor-widget elementor-widget-heading\" data-id=\"126b965\" data-element_type=\"widget\" data-e-type=\"widget\" data-widget_type=\"heading.default\">\n\t\t\t\t<div class=\"elementor-widget-container\">\n\t\t\t\t\t<h1 class=\"elementor-heading-title elementor-size-default\">Estabilidade coloidal<\/h1>\t\t\t\t<\/div>\n\t\t\t\t<\/div>\n\t\t\t\t<div class=\"elementor-element elementor-element-6cc41e8 elementor-widget elementor-widget-text-editor\" data-id=\"6cc41e8\" data-element_type=\"widget\" data-e-type=\"widget\" data-widget_type=\"text-editor.default\">\n\t\t\t\t<div class=\"elementor-widget-container\">\n\t\t\t\t\t\t\t\t\t<p>O equil\u00edbrio coloidal \u00e9 talvez um dos mais dif\u00edceis de obter devido \u00e0 composi\u00e7\u00e3o complexa da matriz do vinho e aos diferentes equil\u00edbrios:<\/p>\n\t\t\t\t\t\t\t\t<\/div>\n\t\t\t\t<\/div>\n\t\t\t\t<div class=\"elementor-element elementor-element-1af6a49 elementor-widget elementor-widget-heading\" data-id=\"1af6a49\" data-element_type=\"widget\" data-e-type=\"widget\" data-widget_type=\"heading.default\">\n\t\t\t\t<div class=\"elementor-widget-container\">\n\t\t\t\t\t<h4 class=\"elementor-heading-title elementor-size-default\">Estabilidade proteica de brancos e ros\u00e9s<\/h4>\t\t\t\t<\/div>\n\t\t\t\t<\/div>\n\t\t\t\t<div class=\"elementor-element elementor-element-86925be elementor-widget elementor-widget-text-editor\" data-id=\"86925be\" data-element_type=\"widget\" data-e-type=\"widget\" data-widget_type=\"text-editor.default\">\n\t\t\t\t<div class=\"elementor-widget-container\">\n\t\t\t\t\t\t\t\t\t<p>\u00c9 obtido pela remo\u00e7\u00e3o de prote\u00ednas inst\u00e1veis atrav\u00e9s da sua precipita\u00e7\u00e3o por interac\u00e7\u00f5es electrost\u00e1ticas com compostos inorg\u00e2nicos tais como a bentonite.<\/p>\n\t\t\t\t\t\t\t\t<\/div>\n\t\t\t\t<\/div>\n\t\t\t\t<div class=\"elementor-element elementor-element-f79ae7e elementor-widget elementor-widget-heading\" data-id=\"f79ae7e\" data-element_type=\"widget\" data-e-type=\"widget\" data-widget_type=\"heading.default\">\n\t\t\t\t<div class=\"elementor-widget-container\">\n\t\t\t\t\t<h4 class=\"elementor-heading-title elementor-size-default\">Estabilidade tart\u00e1rica  <\/h4>\t\t\t\t<\/div>\n\t\t\t\t<\/div>\n\t\t\t\t<div class=\"elementor-element elementor-element-47f6e6d elementor-widget elementor-widget-text-editor\" data-id=\"47f6e6d\" data-element_type=\"widget\" data-e-type=\"widget\" data-widget_type=\"text-editor.default\">\n\t\t\t\t<div class=\"elementor-widget-container\">\n\t\t\t\t\t\t\t\t\t<p>Pode ser obtido atrav\u00e9s de diferentes processos:<\/p>\n\t\t\t\t\t\t\t\t<\/div>\n\t\t\t\t<\/div>\n\t\t\t\t<div class=\"elementor-element elementor-element-b821ae2 elementor-icon-list--layout-traditional elementor-list-item-link-full_width elementor-widget elementor-widget-icon-list\" data-id=\"b821ae2\" data-element_type=\"widget\" data-e-type=\"widget\" data-widget_type=\"icon-list.default\">\n\t\t\t\t<div class=\"elementor-widget-container\">\n\t\t\t\t\t\t\t<ul class=\"elementor-icon-list-items\">\n\t\t\t\t\t\t\t<li class=\"elementor-icon-list-item\">\n\t\t\t\t\t\t\t\t\t\t\t<span class=\"elementor-icon-list-icon\">\n\t\t\t\t\t\t\t<i aria-hidden=\"true\" class=\"far fa-window-minimize\"><\/i>\t\t\t\t\t\t<\/span>\n\t\t\t\t\t\t\t\t\t\t<span class=\"elementor-icon-list-text\">F\u00edsica por precipita\u00e7\u00e3o a frio com ou sem adi\u00e7\u00e3o de n\u00facleos de cristaliza\u00e7\u00e3o <a href=\"https:\/\/agrovin.com\/pt-pt\/produtos-enologia\/estabilizantes\/cremorvin\/\">(Cremorvin)<\/a>.  <\/span>\n\t\t\t\t\t\t\t\t\t<\/li>\n\t\t\t\t\t\t\t\t<li class=\"elementor-icon-list-item\">\n\t\t\t\t\t\t\t\t\t\t\t<span class=\"elementor-icon-list-icon\">\n\t\t\t\t\t\t\t<i aria-hidden=\"true\" class=\"far fa-window-minimize\"><\/i>\t\t\t\t\t\t<\/span>\n\t\t\t\t\t\t\t\t\t\t<span class=\"elementor-icon-list-text\">Por adi\u00e7\u00e3o de col\u00f3ides protectores espec\u00edficos que impedem o crescimento de microcristais presentes como col\u00f3ides no vinho: CMC <a href=\"https:\/\/agrovin.com\/pt-pt\/produtos-enologia\/estabilizantes\/estabicel\/\">(Estabicel),<\/a> \u00e1cido metatart\u00e1rico <a href=\"https:\/\/agrovin.com\/pt-pt\/produtos-enologia\/estabilizantes\/metavimon\/\">(Metavimon)<\/a>.<\/span>\n\t\t\t\t\t\t\t\t\t<\/li>\n\t\t\t\t\t\t<\/ul>\n\t\t\t\t\t\t<\/div>\n\t\t\t\t<\/div>\n\t\t\t\t<div class=\"elementor-element elementor-element-bcc168a elementor-widget elementor-widget-heading\" data-id=\"bcc168a\" data-element_type=\"widget\" data-e-type=\"widget\" data-widget_type=\"heading.default\">\n\t\t\t\t<div class=\"elementor-widget-container\">\n\t\t\t\t\t<h4 class=\"elementor-heading-title elementor-size-default\">Estabilidade da mat\u00e9ria corante<\/h4>\t\t\t\t<\/div>\n\t\t\t\t<\/div>\n\t\t\t\t<div class=\"elementor-element elementor-element-b294d4e elementor-widget elementor-widget-text-editor\" data-id=\"b294d4e\" data-element_type=\"widget\" data-e-type=\"widget\" data-widget_type=\"text-editor.default\">\n\t\t\t\t<div class=\"elementor-widget-container\">\n\t\t\t\t\t\t\t\t\t<p>Ter\u00e1 tamb\u00e9m processos espec\u00edficos tais como precipita\u00e7\u00e3o, arrastamento de bentonite ou o uso de goma ar\u00e1bica de qualidade &#8220;Verek&#8221;, <a href=\"https:\/\/agrovin.com\/pt-pt\/produtos-enologia\/estabilizantes\/gomasol-pro\/\" target=\"_blank\" rel=\"noopener\">Gomasol PRO<\/a> e <a href=\"https:\/\/agrovin.com\/pt-pt\/produtos-enologia\/estabilizantes\/gomasol-optima\/\" target=\"_blank\" rel=\"noopener\">Gomasol OPTIMA.<\/a><\/p>\t\t\t\t\t\t\t\t<\/div>\n\t\t\t\t<\/div>\n\t\t\t\t<div class=\"elementor-element elementor-element-5991611 elementor-widget elementor-widget-heading\" data-id=\"5991611\" data-element_type=\"widget\" data-e-type=\"widget\" data-widget_type=\"heading.default\">\n\t\t\t\t<div class=\"elementor-widget-container\">\n\t\t\t\t\t<h2 class=\"elementor-heading-title elementor-size-default\">Protec\u00e7\u00e3o natural dos vinhos  <\/h2>\t\t\t\t<\/div>\n\t\t\t\t<\/div>\n\t\t\t\t<div class=\"elementor-element elementor-element-8402be2 elementor-widget elementor-widget-text-editor\" data-id=\"8402be2\" data-element_type=\"widget\" data-e-type=\"widget\" data-widget_type=\"text-editor.default\">\n\t\t\t\t<div class=\"elementor-widget-container\">\n\t\t\t\t\t\t\t\t\t<p>A mat\u00e9ria corante consiste principalmente nos compostos fen\u00f3licos das uvas (antocianinas e flavan\u00f3is). Os flavan\u00f3is polimerizam-se uns com os outros atrav\u00e9s de pontes etan\u00e1licas (taninos condensados), que reagem com antocianinas para criar compostos com altos pesos moleculares que podem tornar-se inst\u00e1veis.<\/p>\n\t\t\t\t\t\t\t\t<\/div>\n\t\t\t\t<\/div>\n\t\t\t\t<div class=\"elementor-element elementor-element-1fd6d90 elementor-widget elementor-widget-image\" data-id=\"1fd6d90\" data-element_type=\"widget\" data-e-type=\"widget\" data-widget_type=\"image.default\">\n\t\t\t\t<div class=\"elementor-widget-container\">\n\t\t\t\t\t\t\t\t\t\t\t\t\t\t\t<img fetchpriority=\"high\" decoding=\"async\" width=\"1024\" height=\"362\" src=\"https:\/\/agrovin.com\/wp-content\/uploads\/2023\/07\/ESTABILIDADE-DA-MATERIA-CORANTE-1024x362.png\" class=\"attachment-large size-large wp-image-106985\" alt=\"\" srcset=\"https:\/\/agrovin.com\/wp-content\/uploads\/2023\/07\/ESTABILIDADE-DA-MATERIA-CORANTE-1024x362.png 1024w, https:\/\/agrovin.com\/wp-content\/uploads\/2023\/07\/ESTABILIDADE-DA-MATERIA-CORANTE-300x106.png 300w, https:\/\/agrovin.com\/wp-content\/uploads\/2023\/07\/ESTABILIDADE-DA-MATERIA-CORANTE-768x271.png 768w, https:\/\/agrovin.com\/wp-content\/uploads\/2023\/07\/ESTABILIDADE-DA-MATERIA-CORANTE-1536x543.png 1536w, https:\/\/agrovin.com\/wp-content\/uploads\/2023\/07\/ESTABILIDADE-DA-MATERIA-CORANTE-2048x724.png 2048w, https:\/\/agrovin.com\/wp-content\/uploads\/2023\/07\/ESTABILIDADE-DA-MATERIA-CORANTE-270x95.png 270w\" sizes=\"(max-width: 1024px) 100vw, 1024px\" title=\"\">\t\t\t\t\t\t\t\t\t\t\t\t\t\t\t<\/div>\n\t\t\t\t<\/div>\n\t\t\t\t<div class=\"elementor-element elementor-element-58b51b1 elementor-widget elementor-widget-text-editor\" data-id=\"58b51b1\" data-element_type=\"widget\" data-e-type=\"widget\" data-widget_type=\"text-editor.default\">\n\t\t\t\t<div class=\"elementor-widget-container\">\n\t\t\t\t\t\t\t\t\t<p>A flocula\u00e7\u00e3o destes col\u00f3ides inst\u00e1veis pode ser inibida pela adi\u00e7\u00e3o de outros col\u00f3ides que actuam como protectores. O col\u00f3ide protector mais eficaz para a estabiliza\u00e7\u00e3o do corante \u00e9 a goma ar\u00e1bica, um polissac\u00e1rido natural extra\u00eddo das ac\u00e1cias africanas.<\/p>\n<p>GOMASOL Gengivas \u00e1rabes proporcionam excelente estabilidade contra a nebulosidade e a precipita\u00e7\u00e3o causada pela mat\u00e9ria corante. Refor\u00e7am a ac\u00e7\u00e3o do \u00e1cido metatart\u00e1rico e reduzem o risco de fal\u00eancia f\u00e9rrica e c\u00faprica.<\/p>\n\t\t\t\t\t\t\t\t<\/div>\n\t\t\t\t<\/div>\n\t\t\t\t\t<\/div>\n\t\t<\/div>\n\t\t\t\t\t<\/div>\n\t\t<\/section>\n\t\t\t\t<\/div>\n\t\t","protected":false},"excerpt":{"rendered":"<p>In\u00edcio \/&nbsp; Clarifica\u00e7\u00e3o e estabiliza\u00e7\u00e3o \/ Estabilidade coloidal Estabilidade coloidal O equil\u00edbrio coloidal \u00e9 talvez um dos mais dif\u00edceis de obter devido \u00e0 composi\u00e7\u00e3o complexa da matriz do vinho e aos diferentes equil\u00edbrios: Estabilidade proteica de brancos e ros\u00e9s \u00c9 obtido pela remo\u00e7\u00e3o de prote\u00ednas inst\u00e1veis atrav\u00e9s da sua precipita\u00e7\u00e3o por interac\u00e7\u00f5es electrost\u00e1ticas com compostos [&hellip;]<\/p>\n","protected":false},"author":347,"featured_media":0,"parent":78068,"menu_order":0,"comment_status":"closed","ping_status":"closed","template":"","meta":{"_acf_changed":false,"inline_featured_image":false,"site-sidebar-layout":"no-sidebar","site-content-layout":"page-builder","ast-site-content-layout":"full-width-container","site-content-style":"unboxed","site-sidebar-style":"unboxed","ast-global-header-display":"","ast-banner-title-visibility":"","ast-main-header-display":"","ast-hfb-above-header-display":"","ast-hfb-below-header-display":"","ast-hfb-mobile-header-display":"","site-post-title":"disabled","ast-breadcrumbs-content":"","ast-featured-img":"disabled","footer-sml-layout":"","ast-disable-related-posts":"","theme-transparent-header-meta":"default","adv-header-id-meta":"","stick-header-meta":"","header-above-stick-meta":"","header-main-stick-meta":"","header-below-stick-meta":"","astra-migrate-meta-layouts":"default","ast-page-background-enabled":"default","ast-page-background-meta":{"desktop":{"background-color":"var(--ast-global-color-5)","background-image":"","background-repeat":"repeat","background-position":"center center","background-size":"auto","background-attachment":"scroll","background-type":"","background-media":"","overlay-type":"","overlay-color":"","overlay-opacity":"","overlay-gradient":""},"tablet":{"background-color":"","background-image":"","background-repeat":"repeat","background-position":"center center","background-size":"auto","background-attachment":"scroll","background-type":"","background-media":"","overlay-type":"","overlay-color":"","overlay-opacity":"","overlay-gradient":""},"mobile":{"background-color":"","background-image":"","background-repeat":"repeat","background-position":"center center","background-size":"auto","background-attachment":"scroll","background-type":"","background-media":"","overlay-type":"","overlay-color":"","overlay-opacity":"","overlay-gradient":""}},"ast-content-background-meta":{"desktop":{"background-color":"var(--ast-global-color-4)","background-image":"","background-repeat":"repeat","background-position":"center center","background-size":"auto","background-attachment":"scroll","background-type":"","background-media":"","overlay-type":"","overlay-color":"","overlay-opacity":"","overlay-gradient":""},"tablet":{"background-color":"var(--ast-global-color-4)","background-image":"","background-repeat":"repeat","background-position":"center center","background-size":"auto","background-attachment":"scroll","background-type":"","background-media":"","overlay-type":"","overlay-color":"","overlay-opacity":"","overlay-gradient":""},"mobile":{"background-color":"var(--ast-global-color-4)","background-image":"","background-repeat":"repeat","background-position":"center center","background-size":"auto","background-attachment":"scroll","background-type":"","background-media":"","overlay-type":"","overlay-color":"","overlay-opacity":"","overlay-gradient":""}},"footnotes":""},"class_list":["post-96740","page","type-page","status-publish","hentry"],"acf":[],"_links":{"self":[{"href":"https:\/\/agrovin.com\/pt-pt\/wp-json\/wp\/v2\/pages\/96740","targetHints":{"allow":["GET"]}}],"collection":[{"href":"https:\/\/agrovin.com\/pt-pt\/wp-json\/wp\/v2\/pages"}],"about":[{"href":"https:\/\/agrovin.com\/pt-pt\/wp-json\/wp\/v2\/types\/page"}],"author":[{"embeddable":true,"href":"https:\/\/agrovin.com\/pt-pt\/wp-json\/wp\/v2\/users\/347"}],"replies":[{"embeddable":true,"href":"https:\/\/agrovin.com\/pt-pt\/wp-json\/wp\/v2\/comments?post=96740"}],"version-history":[{"count":9,"href":"https:\/\/agrovin.com\/pt-pt\/wp-json\/wp\/v2\/pages\/96740\/revisions"}],"predecessor-version":[{"id":124110,"href":"https:\/\/agrovin.com\/pt-pt\/wp-json\/wp\/v2\/pages\/96740\/revisions\/124110"}],"up":[{"embeddable":true,"href":"https:\/\/agrovin.com\/pt-pt\/wp-json\/wp\/v2\/pages\/78068"}],"wp:attachment":[{"href":"https:\/\/agrovin.com\/pt-pt\/wp-json\/wp\/v2\/media?parent=96740"}],"curies":[{"name":"wp","href":"https:\/\/api.w.org\/{rel}","templated":true}]}}