{"id":87161,"date":"2018-02-20T16:34:14","date_gmt":"2018-02-20T16:34:14","guid":{"rendered":"https:\/\/staging.agrovin.com\/condiciones-de-uso\/"},"modified":"2025-04-03T17:31:36","modified_gmt":"2025-04-03T15:31:36","slug":"condicoes-de-utilizacao","status":"publish","type":"page","link":"https:\/\/agrovin.com\/pt-pt\/condicoes-de-utilizacao\/","title":{"rendered":"Condi\u00e7\u00f5es de utiliza\u00e7\u00e3o"},"content":{"rendered":"\t\t<div data-elementor-type=\"wp-page\" data-elementor-id=\"87161\" class=\"elementor elementor-87161 elementor-110\" data-elementor-post-type=\"page\">\n\t\t\t\t\t\t<section class=\"elementor-section elementor-top-section elementor-element elementor-element-3833ed3b elementor-section-boxed elementor-section-height-default elementor-section-height-default\" data-id=\"3833ed3b\" data-element_type=\"section\" data-e-type=\"section\">\n\t\t\t\t\t\t<div class=\"elementor-container elementor-column-gap-default\">\n\t\t\t\t\t<div class=\"elementor-column elementor-col-100 elementor-top-column elementor-element elementor-element-5a4c0505\" data-id=\"5a4c0505\" data-element_type=\"column\" data-e-type=\"column\">\n\t\t\t<div class=\"elementor-widget-wrap elementor-element-populated\">\n\t\t\t\t\t\t<div class=\"elementor-element elementor-element-5abbe16 elementor-widget elementor-widget-heading\" data-id=\"5abbe16\" data-element_type=\"widget\" data-e-type=\"widget\" data-widget_type=\"heading.default\">\n\t\t\t\t<div class=\"elementor-widget-container\">\n\t\t\t\t\t<h1 class=\"elementor-heading-title elementor-size-default\">Condi\u00e7\u00f5es de utiliza\u00e7\u00e3o<\/h1>\t\t\t\t<\/div>\n\t\t\t\t<\/div>\n\t\t\t\t<div class=\"elementor-element elementor-element-6faee390 elementor-widget elementor-widget-text-editor\" data-id=\"6faee390\" data-element_type=\"widget\" data-e-type=\"widget\" data-widget_type=\"text-editor.default\">\n\t\t\t\t<div class=\"elementor-widget-container\">\n\t\t\t\t\t\t\t\t\t<h2>\u00a0<\/h2><div style=\"margin-top: 1.2em; text-align: justify;\"><p><strong>1.- PROPIEDAD, USO RESPONSABLE Y FINALIDAD DEL SITIO WEB.<\/strong><\/p><p>Este sitio web es propiedad de AGROVIN y su contenido tiene un car\u00e1cter informativo de los servicios prestados por esta Entidad, as\u00ed como facilitar respuesta a los usuarios que soliciten informaci\u00f3n a trav\u00e9s de correo electr\u00f3nico o de los formularios habilitados a estos efectos, la recepci\u00f3n de curriculum vitae y, en su caso, el env\u00edo del bolet\u00edn a los usuarios que realizaran su suscripci\u00f3n, todo ello, sujeto a la pol\u00edtica de la Entidad en materia de protecci\u00f3n de datos y que se detalla en la pol\u00edtica de privacidad de estas condiciones de uso.<\/p><p>El hecho de acceder a este sitio web implica el conocimiento y aceptaci\u00f3n de los siguientes t\u00e9rminos y condiciones de uso de su contenido, as\u00ed como la aceptaci\u00f3n de la pol\u00edtica establecida en materia de protecci\u00f3n de datos cuando se faciliten datos de car\u00e1cter personal propios o de terceros, y atribuye la condici\u00f3n del usuario del Portal y el acceso al mismo implica su aceptaci\u00f3n sin reservas.<\/p><p>Salvo indicaci\u00f3n expresa en contrario, el acceso a la informaci\u00f3n mostrada en las p\u00e1ginas del portal, es totalmente gratuita. AGROVIN, titular del web, se reserva la facultad de efectuar, en cualquier momento y sin necesidad de aviso previo, modificaciones y actualizaciones de la informaci\u00f3n contenida en su web o en la configuraci\u00f3n y presentaci\u00f3n de \u00e9ste.<\/p><p>AGROVIN no garantiza la inexistencia de errores en el acceso a la web, en su contenido o en la actualizaci\u00f3n de \u00e9ste. Sin embargo, pondr\u00e1 todos los medios a su alcance para evitarlos, subsanarlos o actualizarlos.<\/p><p>Tanto el acceso a esta web como el uso que pueda hacerse de la informaci\u00f3n contenida en la misma es responsabilidad exclusiva de quien lo realiza. AGROVIN no responder\u00e1 de ninguna consecuencia, mal funcionamiento, da\u00f1o o perjuicio que pudieran derivarse de dicho acceso o uso de la informaci\u00f3n ajenas a su voluntad.<br \/>El usuario asumir\u00e1 todos los gastos, costes e indemnizaciones que pudieran derivarse de procesos iniciados contra \u00e9l por incumplimiento de lo establecido en las condiciones de uso.<\/p><p>AGROVIN no se responsabiliza del estado de la conexi\u00f3n de acceso o de los contenidos de los enlaces de terceros a los que se hace referencia en la web.<br \/>Los datos correspondientes a la titularidad del sitio web y que dan cumplimiento al art\u00edculo 10 de la LSSI se pueden consultar en el apartado Aviso Legal que se encuentra al pie de p\u00e1gina de este sitio en Internet.<\/p><p>La finalidad de este sitio web es el descrito a continuaci\u00f3n: informar a los usuarios de los servicios ofrecidos por AGROVIN, facilitar la informaci\u00f3n que los usuarios soliciten y el env\u00edo del newsletter a los usuarios que se registren y lo soliciten en caso de ofrecer este servicio, as\u00ed como la recepci\u00f3n de curriculum vitae de los usuarios que deseen trabajar en AGROVIN.<\/p><p><strong>2.- PROPIEDAD INTELECTUAL E INDUSTRIAL.<\/strong><\/p><p>Quedan reservados todos los derechos de Propiedad Industrial e Intelectual de los elementos que integran el dise\u00f1o gr\u00e1fico de su p\u00e1gina web, los men\u00fas, botones de navegaci\u00f3n, el c\u00f3digo HTML, los applets de Java o Java Script, los controles de Actives, los textos, im\u00e1genes, texturas, gr\u00e1ficos y cualquier otro contenido del \u201cweb site\u201d o, en cualquier caso, dispone de autorizaci\u00f3n para la utilizaci\u00f3n de dichos elementos.<\/p><p>Asimismo, AGROVIN es titular de los derechos de propiedad industrial derivados del uso de marcas, signos distintivos y nombres comerciales, excepto los correspondientes a patrocinadores, sponsor, anunciantes, etc., que pudieran aparecer en este sitio web, as\u00ed como los correspondientes a enlaces que puedan realizarse desde esta p\u00e1gina web.<\/p><p>Las fotograf\u00edas que pudieran aparecer en el sitio web o a trav\u00e9s de enlaces a otras p\u00e1ginas, no podr\u00e1n ser utilizadas por el usuario con ninguna finalidad, sin la autorizaci\u00f3n de su propietario. La utilizaci\u00f3n indebida de las mismas por parte del usuario le har\u00e1 responsable \u00fanico frente a AGROVIN y frente a terceros, de los da\u00f1os ocasionados as\u00ed como de los incumplimientos legales que pudieran derivarse de la utilizaci\u00f3n de las mismas.<\/p><p>AGROVIN se reserva los derechos de reproducci\u00f3n, modificaci\u00f3n, adaptaci\u00f3n, comunicaci\u00f3n p\u00fablica, mantenimiento, correcci\u00f3n de errores, cesi\u00f3n, venta, alquiler, pr\u00e9stamo y\/o cualquier otro derecho de propiedad intelectual o industrial que pueda corresponderle sobre los contenidos del web site. Cualquier ejercicio de los anteriores derechos, con independencia del medio o forma en el que se produjeran, requiere autorizaci\u00f3n previa y por escrito de AGROVIN.<\/p><p>En ning\u00fan caso, AGROVIN ser\u00e1 responsable de las posibles infracciones que en materia de propiedad intelectual e industrial pudiera cometer cualquier usuario del web site.<\/p><p>AGROVIN se reserva el derecho a modificar el contenido y elementos que integran su web site, sin necesidad de comunicarlo previamente, cuando lo estime conveniente de acuerdo con el ejercicio de sus servicios.<\/p><p>AGROVIN no se responsabiliza de la integridad y veracidad del contenido de los enlaces a las web sites a los que pueda accederse desde su p\u00e1gina Web.<\/p><p>AGROVIN pone a disposici\u00f3n de los usuarios un grupo de profesionales encargados de actualizar y revisar la veracidad y la integridad del contenido de las informaciones vertidas en el web site. Sin embargo, dada la naturaleza del medio y los posibles riesgos de interrupci\u00f3n del servicio, alteraci\u00f3n del acceso o de los contenidos del web site por parte de terceros, AGROVIN excluye cualquier responsabilidad que pudiera surgir de los contenidos que figuran en su web site.<\/p><p><strong>3.- HIPERENLACES.<\/strong><\/p><p>El establecimiento de cualquier hiperenlace desde una p\u00e1gina web ajena, a cualquiera de las p\u00e1ginas del este sitio web se realizar\u00e1 conforme a las siguientes condiciones:<br \/>\u2022 No se permite la reproducci\u00f3n ni total ni parcial de ninguno de los servicios contenidos en este sitio web.<br \/>\u2022 No se incluir\u00e1 ninguna manifestaci\u00f3n falsa, inexacta o incorrecta sobre las p\u00e1ginas de este sitio web y sus servicios.<br \/>\u2022 AGROVIN no ser\u00e1 responsable de los contenidos, informaciones, manifestaciones, opiniones o servicios puestos a disposici\u00f3n del p\u00fablico en la p\u00e1gina web desde la que se establezca un hiperenlace a este sitio web.<br \/>\u2022 Cualquier hiperenlace se efectuar\u00e1 a la p\u00e1gina principal de este sitio web. En el caso de que existan, los hiperenlaces de este sitio web habr\u00e1n sido validados de forma previa con los titulares de las p\u00e1ginas webs enlazadas, no siendo responsable AGROVIN de las actividades que realicen los usuarios en dichas p\u00e1ginas enlazadas, especialmente en los casos de que sean contrarios a la ley, la moral y el orden p\u00fablico.<\/p><p><strong>4.- VIGENCIA DE LAS CONDICIONES DE USO.<\/strong><\/p><p>Las Condiciones de Uso para el uso de esta web tienen car\u00e1cter indefinido y permanecer\u00e1n vigentes mientras el portal est\u00e9 activo. El usuario reconoce haber le\u00eddo las presentes Condiciones y presta su conformidad con las mismas.<\/p><p><strong>5.- NULIDAD Y EFICACIA DE LAS CL\u00c1USULAS.<\/strong><\/p><p>Si cualquier cl\u00e1usula incluida en estas condiciones fuese declarada total o parcialmente nula o ineficaz, tal nulidad afectar\u00e1 tan s\u00f3lo a dicha disposici\u00f3n o la parte de la misma que resulte nula o ineficaz, subsistiendo en todo lo dem\u00e1s las condiciones.<\/p><p><strong>6.- LEY Y JURISDICCI\u00d3N APLICABLES.<\/strong><\/p><p>Las presentes Condiciones de Uso se rigen por la legislaci\u00f3n espa\u00f1ola. En caso de disputa o controversia relacionada con la interpretaci\u00f3n o aplicaci\u00f3n de estas Condiciones Generales, las partes se someten, con renuncia expresa a cualquier otro fuero, a los Juzgados y Tribunales de la ciudad de Ciudad Real.<\/p><p>\u00a0<\/p><\/div>\t\t\t\t\t\t\t\t<\/div>\n\t\t\t\t<\/div>\n\t\t\t\t\t<\/div>\n\t\t<\/div>\n\t\t\t\t\t<\/div>\n\t\t<\/section>\n\t\t\t\t<\/div>\n\t\t","protected":false},"excerpt":{"rendered":"<p>Condi\u00e7\u00f5es de utiliza\u00e7\u00e3o \u00a0 1.- PROPIEDAD, USO RESPONSABLE Y FINALIDAD DEL SITIO WEB. Este sitio web es propiedad de AGROVIN y su contenido tiene un car\u00e1cter informativo de los servicios prestados por esta Entidad, as\u00ed como facilitar respuesta a los usuarios que soliciten informaci\u00f3n a trav\u00e9s de correo electr\u00f3nico o de los formularios habilitados a [&hellip;]<\/p>\n","protected":false},"author":359,"featured_media":0,"parent":0,"menu_order":0,"comment_status":"closed","ping_status":"closed","template":"elementor_header_footer","meta":{"_acf_changed":false,"inline_featured_image":false,"site-sidebar-layout":"default","site-content-layout":"default","ast-site-content-layout":"default","site-content-style":"default","site-sidebar-style":"default","ast-global-header-display":"","ast-banner-title-visibility":"","ast-main-header-display":"","ast-hfb-above-header-display":"","ast-hfb-below-header-display":"","ast-hfb-mobile-header-display":"","site-post-title":"","ast-breadcrumbs-content":"","ast-featured-img":"","footer-sml-layout":"","ast-disable-related-posts":"","theme-transparent-header-meta":"default","adv-header-id-meta":"","stick-header-meta":"","header-above-stick-meta":"","header-main-stick-meta":"","header-below-stick-meta":"","astra-migrate-meta-layouts":"default","ast-page-background-enabled":"default","ast-page-background-meta":{"desktop":{"background-color":"var(--ast-global-color-5)","background-image":"","background-repeat":"repeat","background-position":"center center","background-size":"auto","background-attachment":"scroll","background-type":"","background-media":"","overlay-type":"","overlay-color":"","overlay-opacity":"","overlay-gradient":""},"tablet":{"background-color":"","background-image":"","background-repeat":"repeat","background-position":"center center","background-size":"auto","background-attachment":"scroll","background-type":"","background-media":"","overlay-type":"","overlay-color":"","overlay-opacity":"","overlay-gradient":""},"mobile":{"background-color":"","background-image":"","background-repeat":"repeat","background-position":"center center","background-size":"auto","background-attachment":"scroll","background-type":"","background-media":"","overlay-type":"","overlay-color":"","overlay-opacity":"","overlay-gradient":""}},"ast-content-background-meta":{"desktop":{"background-color":"var(--ast-global-color-4)","background-image":"","background-repeat":"repeat","background-position":"center center","background-size":"auto","background-attachment":"scroll","background-type":"","background-media":"","overlay-type":"","overlay-color":"","overlay-opacity":"","overlay-gradient":""},"tablet":{"background-color":"var(--ast-global-color-4)","background-image":"","background-repeat":"repeat","background-position":"center center","background-size":"auto","background-attachment":"scroll","background-type":"","background-media":"","overlay-type":"","overlay-color":"","overlay-opacity":"","overlay-gradient":""},"mobile":{"background-color":"var(--ast-global-color-4)","background-image":"","background-repeat":"repeat","background-position":"center center","background-size":"auto","background-attachment":"scroll","background-type":"","background-media":"","overlay-type":"","overlay-color":"","overlay-opacity":"","overlay-gradient":""}},"footnotes":""},"class_list":["post-87161","page","type-page","status-publish","hentry"],"acf":[],"_links":{"self":[{"href":"https:\/\/agrovin.com\/pt-pt\/wp-json\/wp\/v2\/pages\/87161","targetHints":{"allow":["GET"]}}],"collection":[{"href":"https:\/\/agrovin.com\/pt-pt\/wp-json\/wp\/v2\/pages"}],"about":[{"href":"https:\/\/agrovin.com\/pt-pt\/wp-json\/wp\/v2\/types\/page"}],"author":[{"embeddable":true,"href":"https:\/\/agrovin.com\/pt-pt\/wp-json\/wp\/v2\/users\/359"}],"replies":[{"embeddable":true,"href":"https:\/\/agrovin.com\/pt-pt\/wp-json\/wp\/v2\/comments?post=87161"}],"version-history":[{"count":3,"href":"https:\/\/agrovin.com\/pt-pt\/wp-json\/wp\/v2\/pages\/87161\/revisions"}],"predecessor-version":[{"id":119146,"href":"https:\/\/agrovin.com\/pt-pt\/wp-json\/wp\/v2\/pages\/87161\/revisions\/119146"}],"wp:attachment":[{"href":"https:\/\/agrovin.com\/pt-pt\/wp-json\/wp\/v2\/media?parent=87161"}],"curies":[{"name":"wp","href":"https:\/\/api.w.org\/{rel}","templated":true}]}}