{"id":87079,"date":"2018-02-20T16:34:14","date_gmt":"2018-02-20T16:34:14","guid":{"rendered":"https:\/\/staging.agrovin.com\/aviso-legal\/"},"modified":"2025-04-03T17:10:15","modified_gmt":"2025-04-03T15:10:15","slug":"aviso-legal","status":"publish","type":"page","link":"https:\/\/agrovin.com\/pt-pt\/aviso-legal\/","title":{"rendered":"AVISO LEGAL"},"content":{"rendered":"\t\t<div data-elementor-type=\"wp-page\" data-elementor-id=\"87079\" class=\"elementor elementor-87079 elementor-119\" data-elementor-post-type=\"page\">\n\t\t\t\t\t\t<section class=\"elementor-section elementor-top-section elementor-element elementor-element-28312a09 elementor-section-boxed elementor-section-height-default elementor-section-height-default\" data-id=\"28312a09\" data-element_type=\"section\" data-e-type=\"section\">\n\t\t\t\t\t\t<div class=\"elementor-container elementor-column-gap-default\">\n\t\t\t\t\t<div class=\"elementor-column elementor-col-100 elementor-top-column elementor-element elementor-element-517fbd45\" data-id=\"517fbd45\" data-element_type=\"column\" data-e-type=\"column\">\n\t\t\t<div class=\"elementor-widget-wrap elementor-element-populated\">\n\t\t\t\t\t\t<div class=\"elementor-element elementor-element-92894c3 elementor-widget elementor-widget-heading\" data-id=\"92894c3\" data-element_type=\"widget\" data-e-type=\"widget\" data-widget_type=\"heading.default\">\n\t\t\t\t<div class=\"elementor-widget-container\">\n\t\t\t\t\t<h1 class=\"elementor-heading-title elementor-size-default\">Aviso Legal<\/h1>\t\t\t\t<\/div>\n\t\t\t\t<\/div>\n\t\t\t\t<div class=\"elementor-element elementor-element-a16a5a7 elementor-widget elementor-widget-text-editor\" data-id=\"a16a5a7\" data-element_type=\"widget\" data-e-type=\"widget\" data-widget_type=\"text-editor.default\">\n\t\t\t\t<div class=\"elementor-widget-container\">\n\t\t\t\t\t\t\t\t\t<p>Abaixo pode encontrar os dados fiscais da AGROVIN, aviso legal e cl\u00e1usula de informa\u00e7\u00e3o geral para cumprir o artigo 10 da Lei 34\/2002 de Servi\u00e7os da Sociedade da Informa\u00e7\u00e3o e Com\u00e9rcio Electr\u00f3nico.<\/p><div style=\"margin-top: 1.2em; text-align: justify;\"><p>Nome de dom\u00ednio: agrovin.com<\/p><p>Propriet\u00e1rio do website: PRODUCTOS AGROVIN S.A.<\/p><p>N\u00famero de identifica\u00e7\u00e3o fiscal: A13003595<\/p><p>Endere\u00e7o postal completo: Avda. de los Vinos s\/n, P.I. ALCES, 13600 Alc\u00e1zar de San Juan \u2013 Ciudad Real.<\/p><p>Contacto: Tel.: 926550200 \/ Fax: 926546254 \/ e-mail: <a href=\"mailto:central@agrovin.com\">central@agrovin.com<\/a><\/p><p>Dados de Registo da Empresa no Registo Mercantil de Ciudad Real, Tomo 34, Folio 52, Hoja N\u00ba 39, Inscripci\u00f3n 1\u00aa, Libro 15 de Sociedades An\u00f3nimas.<\/p><\/div>\t\t\t\t\t\t\t\t<\/div>\n\t\t\t\t<\/div>\n\t\t\t\t\t<\/div>\n\t\t<\/div>\n\t\t\t\t\t<\/div>\n\t\t<\/section>\n\t\t\t\t<\/div>\n\t\t","protected":false},"excerpt":{"rendered":"<p>Aviso Legal Abaixo pode encontrar os dados fiscais da AGROVIN, aviso legal e cl\u00e1usula de informa\u00e7\u00e3o geral para cumprir o artigo 10 da Lei 34\/2002 de Servi\u00e7os da Sociedade da Informa\u00e7\u00e3o e Com\u00e9rcio Electr\u00f3nico. Nome de dom\u00ednio: agrovin.com Propriet\u00e1rio do website: PRODUCTOS AGROVIN S.A. N\u00famero de identifica\u00e7\u00e3o fiscal: A13003595 Endere\u00e7o postal completo: Avda. de los [&hellip;]<\/p>\n","protected":false},"author":359,"featured_media":0,"parent":0,"menu_order":0,"comment_status":"closed","ping_status":"closed","template":"elementor_header_footer","meta":{"_acf_changed":false,"inline_featured_image":false,"site-sidebar-layout":"default","site-content-layout":"","ast-site-content-layout":"default","site-content-style":"default","site-sidebar-style":"default","ast-global-header-display":"","ast-banner-title-visibility":"","ast-main-header-display":"","ast-hfb-above-header-display":"","ast-hfb-below-header-display":"","ast-hfb-mobile-header-display":"","site-post-title":"","ast-breadcrumbs-content":"","ast-featured-img":"","footer-sml-layout":"","ast-disable-related-posts":"","theme-transparent-header-meta":"","adv-header-id-meta":"","stick-header-meta":"","header-above-stick-meta":"","header-main-stick-meta":"","header-below-stick-meta":"","astra-migrate-meta-layouts":"default","ast-page-background-enabled":"default","ast-page-background-meta":{"desktop":{"background-color":"var(--ast-global-color-5)","background-image":"","background-repeat":"repeat","background-position":"center center","background-size":"auto","background-attachment":"scroll","background-type":"","background-media":"","overlay-type":"","overlay-color":"","overlay-opacity":"","overlay-gradient":""},"tablet":{"background-color":"","background-image":"","background-repeat":"repeat","background-position":"center center","background-size":"auto","background-attachment":"scroll","background-type":"","background-media":"","overlay-type":"","overlay-color":"","overlay-opacity":"","overlay-gradient":""},"mobile":{"background-color":"","background-image":"","background-repeat":"repeat","background-position":"center center","background-size":"auto","background-attachment":"scroll","background-type":"","background-media":"","overlay-type":"","overlay-color":"","overlay-opacity":"","overlay-gradient":""}},"ast-content-background-meta":{"desktop":{"background-color":"var(--ast-global-color-4)","background-image":"","background-repeat":"repeat","background-position":"center center","background-size":"auto","background-attachment":"scroll","background-type":"","background-media":"","overlay-type":"","overlay-color":"","overlay-opacity":"","overlay-gradient":""},"tablet":{"background-color":"var(--ast-global-color-4)","background-image":"","background-repeat":"repeat","background-position":"center center","background-size":"auto","background-attachment":"scroll","background-type":"","background-media":"","overlay-type":"","overlay-color":"","overlay-opacity":"","overlay-gradient":""},"mobile":{"background-color":"var(--ast-global-color-4)","background-image":"","background-repeat":"repeat","background-position":"center center","background-size":"auto","background-attachment":"scroll","background-type":"","background-media":"","overlay-type":"","overlay-color":"","overlay-opacity":"","overlay-gradient":""}},"footnotes":""},"class_list":["post-87079","page","type-page","status-publish","hentry"],"acf":[],"_links":{"self":[{"href":"https:\/\/agrovin.com\/pt-pt\/wp-json\/wp\/v2\/pages\/87079","targetHints":{"allow":["GET"]}}],"collection":[{"href":"https:\/\/agrovin.com\/pt-pt\/wp-json\/wp\/v2\/pages"}],"about":[{"href":"https:\/\/agrovin.com\/pt-pt\/wp-json\/wp\/v2\/types\/page"}],"author":[{"embeddable":true,"href":"https:\/\/agrovin.com\/pt-pt\/wp-json\/wp\/v2\/users\/359"}],"replies":[{"embeddable":true,"href":"https:\/\/agrovin.com\/pt-pt\/wp-json\/wp\/v2\/comments?post=87079"}],"version-history":[{"count":3,"href":"https:\/\/agrovin.com\/pt-pt\/wp-json\/wp\/v2\/pages\/87079\/revisions"}],"predecessor-version":[{"id":119093,"href":"https:\/\/agrovin.com\/pt-pt\/wp-json\/wp\/v2\/pages\/87079\/revisions\/119093"}],"wp:attachment":[{"href":"https:\/\/agrovin.com\/pt-pt\/wp-json\/wp\/v2\/media?parent=87079"}],"curies":[{"name":"wp","href":"https:\/\/api.w.org\/{rel}","templated":true}]}}