{"id":86929,"date":"2021-04-07T08:12:16","date_gmt":"2021-04-07T07:12:16","guid":{"rendered":"https:\/\/staging.agrovin.com\/politica-de-privacidad\/"},"modified":"2025-04-03T17:18:55","modified_gmt":"2025-04-03T15:18:55","slug":"politica-de-privacidade","status":"publish","type":"page","link":"https:\/\/agrovin.com\/pt-pt\/politica-de-privacidade\/","title":{"rendered":"Pol\u00edtica de Privacidade"},"content":{"rendered":"\t\t<div data-elementor-type=\"wp-page\" data-elementor-id=\"86929\" class=\"elementor elementor-86929 elementor-49979\" data-elementor-post-type=\"page\">\n\t\t\t\t\t\t<section class=\"elementor-section elementor-top-section elementor-element elementor-element-18a34a69 elementor-section-boxed elementor-section-height-default elementor-section-height-default\" data-id=\"18a34a69\" data-element_type=\"section\" data-e-type=\"section\">\n\t\t\t\t\t\t<div class=\"elementor-container elementor-column-gap-default\">\n\t\t\t\t\t<div class=\"elementor-column elementor-col-100 elementor-top-column elementor-element elementor-element-7cb43f17\" data-id=\"7cb43f17\" data-element_type=\"column\" data-e-type=\"column\">\n\t\t\t<div class=\"elementor-widget-wrap elementor-element-populated\">\n\t\t\t\t\t\t<div class=\"elementor-element elementor-element-3206a85 elementor-widget elementor-widget-heading\" data-id=\"3206a85\" data-element_type=\"widget\" data-e-type=\"widget\" data-widget_type=\"heading.default\">\n\t\t\t\t<div class=\"elementor-widget-container\">\n\t\t\t\t\t<h1 class=\"elementor-heading-title elementor-size-default\">Pol\u00edtica de Privacidade<\/h1>\t\t\t\t<\/div>\n\t\t\t\t<\/div>\n\t\t\t\t<div class=\"elementor-element elementor-element-31426b3d elementor-widget elementor-widget-text-editor\" data-id=\"31426b3d\" data-element_type=\"widget\" data-e-type=\"widget\" data-widget_type=\"text-editor.default\">\n\t\t\t\t<div class=\"elementor-widget-container\">\n\t\t\t\t\t\t\t\t\t<p>\u00a0<\/p><p><strong>DADOS PESSOAIS E COOKIES.<\/strong><\/p><p>Em conformidade com as disposi\u00e7\u00f5es dos regulamentos de protec\u00e7\u00e3o de dados, informamo-lo sobre os seguintes aspectos:<\/p><p>Identifica\u00e7\u00e3o do Controlador de Dados:<\/p><ul><li>Identidade: PRODUCTOS AGROVIN, S.A.<\/li><li>Endere\u00e7o: AVDA. DE LOS VINOS S\/N &#8211; 13600 &#8211; ALC\u00c1ZAR DE SAN JUAN<\/li><li>Telefone: 926 550 200<\/li><li>Endere\u00e7o de correio electr\u00f3nico: <a href=\"mailto:central@agrovin.com\">central@agrovin.com<\/a><\/li><\/ul><p>Conte\u00fado e aceita\u00e7\u00e3o<br \/>Os utilizadores s\u00e3o informados do tratamento e protec\u00e7\u00e3o dos dados pessoais recolhidos atrav\u00e9s do Website, para que possam determinar livre e voluntariamente se desejam fornecer os seus dados pessoais atrav\u00e9s deste Website.<br \/>O acesso e utiliza\u00e7\u00e3o do Website implica a aceita\u00e7\u00e3o total pelo Utilizador deste documento sobre o Processamento de Dados Pessoais e \u00e9 obrigado a cumprir integralmente os termos e condi\u00e7\u00f5es aqui contidos. Portanto, o Utilizador deve ler atentamente este documento de Processamento de Dados Pessoais cada vez que pretende utilizar o Website, uma vez que este pode sofrer modifica\u00e7\u00f5es.<br \/>Este documento de Processamento de Dados Pessoais ser\u00e1 v\u00e1lido apenas para os dados pessoais obtidos no Website, e n\u00e3o ser\u00e1 aplic\u00e1vel a informa\u00e7\u00f5es recolhidas por terceiros noutros websites, mesmo que estes estejam ligados ao Website.<\/p><p>Finalidade do tratamento dos seus dados pessoais:<br \/>Para gerir a navega\u00e7\u00e3o do Utilizador atrav\u00e9s do Website, bem como para desenvolver adequadamente a gest\u00e3o profissional e a rela\u00e7\u00e3o comercial, bem como o contacto com o cliente para permitir a presta\u00e7\u00e3o do servi\u00e7o. Desejamos utilizar os seus dados para lhe oferecer produtos e servi\u00e7os relacionados com os solicitados por si, mesmo ap\u00f3s a cessa\u00e7\u00e3o da rela\u00e7\u00e3o comercial\/contratual, por um per\u00edodo de 5 anos, de acordo com os requisitos legais. Os dados pessoais s\u00e3o tamb\u00e9m obtidos para gerir o ficheiro curricular e poder introduzir os processos de selec\u00e7\u00e3o de pessoal que possam ser desenvolvidos de acordo com as necessidades da empresa, bem como para os fins indicados em cada um dos formul\u00e1rios fornecidos no Website.<\/p><p>PRODUCTOS AGROVIN, S.A. processar\u00e1 os dados pessoais fornecidos pelo utilizador atrav\u00e9s dos formul\u00e1rios correspondentes ou por e-mail, a fim de responder aos pedidos enviados, gerir os CVs que possamos receber, bem como enviar informa\u00e7\u00f5es relacionadas com os nossos produtos e servi\u00e7os.<br \/>A entidade utilizar\u00e1 tamb\u00e9m, quando apropriado, as suas informa\u00e7\u00f5es para lhe fornecer os produtos adquiridos e para lhe facturar os mesmos.<br \/>\u00c9 garantida a confidencialidade dos dados pessoais fornecidos e o cumprimento de todos os regulamentos aplic\u00e1veis para o efeito.<br \/>Os utilizadores garantem e s\u00e3o respons\u00e1veis, em qualquer caso, pela veracidade, exactid\u00e3o, validade e autenticidade dos Dados Pessoais fornecidos, e comprometem-se a mant\u00ea-los devidamente actualizados. Do mesmo modo, os utilizadores garantem que t\u00eam mais de 14 anos de idade. No entanto, os utilizadores da loja garantem que s\u00e3o maiores de idade e que s\u00e3o plenamente capazes de celebrar contratos.<br \/>Da mesma forma, ao clicar no bot\u00e3o &#8220;Enviar&#8221; (ou equivalente) incorporado nos formul\u00e1rios acima mencionados, o Utilizador declara que as informa\u00e7\u00f5es e dados a\u00ed fornecidos s\u00e3o exactos e verdadeiros.<br \/>Os dados fornecidos ser\u00e3o mantidos enquanto a rela\u00e7\u00e3o comercial for mantida ou durante os anos necess\u00e1rios para o cumprimento das obriga\u00e7\u00f5es legais.<br \/>No caso de dados de natureza pessoal serem fornecidos por pessoas que n\u00e3o sejam os propriet\u00e1rios de tais dados, o utilizador deve, antes da sua inclus\u00e3o, informar as referidas pessoas dos pontos contidos nos par\u00e1grafos anteriores. Nestes casos, o utilizador garante que os dados informados s\u00e3o de idade superior a 14 anos e que a informa\u00e7\u00e3o \u00e9 exacta e verdadeira.\u00a0 PRODUCTOS AGROVIN, S.A. estar\u00e1 isenta de qualquer responsabilidade pelo n\u00e3o cumprimento destas exig\u00eancias por parte do utilizador.<\/p><p>Legitima\u00e7\u00e3o para o processamento dos seus dados:<br \/>A base jur\u00eddica para o tratamento dos seus dados \u00e9 o interesse leg\u00edtimo em responder aos pedidos por si enviados.<br \/>Da mesma forma, \u00e9 solicitado o consentimento expresso para os fins n\u00e3o contemplados nos casos anteriores, tais como o envio de informa\u00e7\u00f5es comerciais. Se der o seu consentimento, atrav\u00e9s da caixa que aparecer\u00e1 nos formul\u00e1rios de recolha de dados, PRODUCTOS AGROVIN, S.A. poder\u00e1 contactar o utilizador por correio normal, e-mail, SMS, ou qualquer outro meio de comunica\u00e7\u00e3o electr\u00f3nica equivalente, para enviar comunica\u00e7\u00f5es comerciais relacionadas com os produtos e\/ou servi\u00e7os que oferecemos.<br \/>Se em determinado momento o Utilizador n\u00e3o desejar continuar a receber comunica\u00e7\u00f5es desta natureza, pode revogar o seu consentimento, enviando uma notifica\u00e7\u00e3o para o seguinte endere\u00e7o <a>central@agrovin.com<\/a>, fornecendo uma c\u00f3pia de um documento comprovativo da sua identidade, ou utilizando a liga\u00e7\u00e3o fornecida para o efeito nas comunica\u00e7\u00f5es comerciais que recebe.<br \/>Pode revogar o seu consentimento para o tratamento dos seus dados em qualquer altura, contactando-nos para o seguinte endere\u00e7o\u00a0<a href=\"mailto:central@agrovin.com\">central@agrovin.com<\/a><\/p><p>Comunica\u00e7\u00e3o ou transfer\u00eancia de dados e transfer\u00eancias internacionais de dados:<br \/>Os dados pessoais do Utilizador n\u00e3o ser\u00e3o comunicados a empresas terceiras sem que estas os informem e obtenham o seu consentimento pr\u00e9vio, a menos que haja um requisito legal.\u00a0Esta informa\u00e7\u00e3o ser\u00e1 encontrada nos diferentes formul\u00e1rios de recolha de dados, oferecendo previamente ao Utilizador a possibilidade de aceitar ou n\u00e3o a transfer\u00eancia, dependendo da finalidade.<br \/>N\u00e3o h\u00e1 transfer\u00eancias internacionais de dados.<\/p><p>Biscoitos<br \/>Tal como outros websites com conte\u00fado comercial, o Website utiliza uma tecnologia chamada &#8220;cookies&#8221;. Informa\u00e7\u00e3o detalhada sobre como PRODUCTOS AGROVIN, S.A. utiliza cookies est\u00e1 dispon\u00edvel para o Utilizador na Pol\u00edtica de Cookies. Pode consultar a Pol\u00edtica de Cookies <a href=\"https:\/\/agrovin.com\/pt-pt\/politica-de-cookie\/\" target=\"_blank\" rel=\"noopener noreferrer\">aqui.<\/a><\/p><p>Direitos:<br \/>Qualquer pessoa tem o direito de obter confirma\u00e7\u00e3o sobre se na PRODUCTOS AGROVIN, S.A. estamos a tratar dados pessoais que lhe dizem respeito e, em caso afirmativo, o direito de aceder aos seus dados pessoais, \u00e0s finalidades do tratamento, e \u00e0s categorias de dados pessoais em quest\u00e3o.<br \/>Tem tamb\u00e9m o direito de solicitar a rectifica\u00e7\u00e3o de dados inexactos ou, se for caso disso, de solicitar o seu apagamento quando os dados j\u00e1 n\u00e3o forem necess\u00e1rios para os fins para os quais foram recolhidos; o consentimento em que se baseia o tratamento tiver sido retirado ou o utilizador se opuser ao tratamento; os dados pessoais tiverem sido tratados ilegalmente; ou devem ser apagados para cumprir uma obriga\u00e7\u00e3o legal ao abrigo da legisla\u00e7\u00e3o da Uni\u00e3o ou dos Estados-Membros.<br \/>Pode solicitar a restri\u00e7\u00e3o do tratamento dos seus dados quando: contestar a exactid\u00e3o dos dados pessoais durante um per\u00edodo de tempo que permita ao respons\u00e1vel pelo tratamento verificar a exactid\u00e3o dos dados pessoais; o tratamento for ilegal e a pessoa em causa se opuser ao apagamento dos dados pessoais e solicitar, em vez disso, a restri\u00e7\u00e3o da sua utiliza\u00e7\u00e3o; o respons\u00e1vel pelo tratamento j\u00e1 n\u00e3o precisar dos dados pessoais para os fins do tratamento, mas a pessoa em causa precisar deles para o estabelecimento, exerc\u00edcio ou defesa de reivindica\u00e7\u00f5es; ou a pessoa em causa se tiver oposto ao tratamento, enquanto n\u00f3s verificamos se os motivos leg\u00edtimos do respons\u00e1vel pelo tratamento se sobrep\u00f5em aos da pessoa em causa. Nesses casos, reteremos os dados apenas para efeitos de persegui\u00e7\u00e3o ou defesa de reclama\u00e7\u00f5es.<br \/>Em determinadas circunst\u00e2ncias e por raz\u00f5es relacionadas com a sua situa\u00e7\u00e3o particular, poder\u00e1 opor-se ao tratamento dos seus dados. PRODUCTOS AGROVIN, S.A. deixar\u00e1 de processar os dados, excepto por raz\u00f5es leg\u00edtimas imperiosas, ou pelo exerc\u00edcio ou defesa de poss\u00edveis reclama\u00e7\u00f5es.<br \/>Ter\u00e1 o direito de receber os dados pessoais que lhe digam respeito que forneceu num formato estruturado e de os transmitir a outro respons\u00e1vel pelo tratamento sem ser impedido pelo respons\u00e1vel pelo tratamento a quem os forneceu, sempre que o tratamento se baseie no consentimento; ou o tratamento seja efectuado por meios automatizados.<br \/>Quando as pessoas em causa exercem os seus direitos de acesso, rectifica\u00e7\u00e3o, apagamento e oposi\u00e7\u00e3o, restri\u00e7\u00e3o do tratamento, portabilidade dos dados e o direito de n\u00e3o estarem sujeitas a decis\u00f5es individualizadas automatizadas, devem comunic\u00e1-lo por correio electr\u00f3nico para o seguinte endere\u00e7o <a href=\"mailto:central@agrovin.com\">central@agrovin.com<\/a>.<\/p><p>Se acredita que os seus dados pessoais n\u00e3o foram processados de acordo com os regulamentos, pode contactar\u00a0<a href=\"mailto:central@agrovin.com\">central@agrovin.com<\/a>. Pode tamb\u00e9m apresentar uma queixa junto da Ag\u00eancia Espanhola de Protec\u00e7\u00e3o de Dados, especialmente quando n\u00e3o tiver obtido satisfa\u00e7\u00e3o no exerc\u00edcio dos seus direitos, atrav\u00e9s da sede electr\u00f3nica em <a href=\"https:\/\/www.aepd.es\/\" target=\"_blank\" rel=\"noopener noreferrer\">www.aepd.es<\/a>.<\/p><p>Origem:<br \/>Os dados pessoais que processamos em PRODUCTOS AGROVIN, S.A. prov\u00eam da parte interessada e s\u00e3o fornecidos atrav\u00e9s dos formul\u00e1rios fornecidos no website.<\/p><p>Confidencialidade<br \/>Os dados pessoais que PRODUCTOS AGROVIN, S.A. possa recolher atrav\u00e9s do Website ou atrav\u00e9s das diferentes comunica\u00e7\u00f5es que mantenha com o Utilizador ser\u00e3o tratados com absoluta confidencialidade, PRODUCTOS AGROVIN, S.A. comprometendo-se a mant\u00ea-los em segredo e garantindo o dever de os manter, adoptando todas as medidas necess\u00e1rias para evitar a sua altera\u00e7\u00e3o, perda, tratamento ou acesso n\u00e3o autorizado, em conformidade com as disposi\u00e7\u00f5es da legisla\u00e7\u00e3o aplic\u00e1vel.<\/p><p>Seguran\u00e7a<br \/>PRODUCTOS AGROVIN, S.A. implementou e mant\u00e9m n\u00edveis de seguran\u00e7a adequados para proteger os dados pessoais do Utilizador contra perda acidental e acesso, processamento ou divulga\u00e7\u00e3o n\u00e3o autorizados, tendo em conta o estado da tecnologia, a natureza dos dados armazenados e os riscos a que est\u00e3o expostos.<\/p>\t\t\t\t\t\t\t\t<\/div>\n\t\t\t\t<\/div>\n\t\t\t\t\t<\/div>\n\t\t<\/div>\n\t\t\t\t\t<\/div>\n\t\t<\/section>\n\t\t\t\t<\/div>\n\t\t","protected":false},"excerpt":{"rendered":"<p>Pol\u00edtica de Privacidade \u00a0 DADOS PESSOAIS E COOKIES. Em conformidade com as disposi\u00e7\u00f5es dos regulamentos de protec\u00e7\u00e3o de dados, informamo-lo sobre os seguintes aspectos: Identifica\u00e7\u00e3o do Controlador de Dados: Identidade: PRODUCTOS AGROVIN, S.A. Endere\u00e7o: AVDA. DE LOS VINOS S\/N &#8211; 13600 &#8211; ALC\u00c1ZAR DE SAN JUAN Telefone: 926 550 200 Endere\u00e7o de correio electr\u00f3nico: central@agrovin.com [&hellip;]<\/p>\n","protected":false},"author":359,"featured_media":0,"parent":0,"menu_order":0,"comment_status":"closed","ping_status":"closed","template":"elementor_header_footer","meta":{"_acf_changed":false,"inline_featured_image":false,"site-sidebar-layout":"default","site-content-layout":"","ast-site-content-layout":"default","site-content-style":"default","site-sidebar-style":"default","ast-global-header-display":"","ast-banner-title-visibility":"","ast-main-header-display":"","ast-hfb-above-header-display":"","ast-hfb-below-header-display":"","ast-hfb-mobile-header-display":"","site-post-title":"","ast-breadcrumbs-content":"","ast-featured-img":"","footer-sml-layout":"","ast-disable-related-posts":"","theme-transparent-header-meta":"","adv-header-id-meta":"","stick-header-meta":"","header-above-stick-meta":"","header-main-stick-meta":"","header-below-stick-meta":"","astra-migrate-meta-layouts":"default","ast-page-background-enabled":"default","ast-page-background-meta":{"desktop":{"background-color":"var(--ast-global-color-5)","background-image":"","background-repeat":"repeat","background-position":"center center","background-size":"auto","background-attachment":"scroll","background-type":"","background-media":"","overlay-type":"","overlay-color":"","overlay-opacity":"","overlay-gradient":""},"tablet":{"background-color":"","background-image":"","background-repeat":"repeat","background-position":"center center","background-size":"auto","background-attachment":"scroll","background-type":"","background-media":"","overlay-type":"","overlay-color":"","overlay-opacity":"","overlay-gradient":""},"mobile":{"background-color":"","background-image":"","background-repeat":"repeat","background-position":"center center","background-size":"auto","background-attachment":"scroll","background-type":"","background-media":"","overlay-type":"","overlay-color":"","overlay-opacity":"","overlay-gradient":""}},"ast-content-background-meta":{"desktop":{"background-color":"var(--ast-global-color-4)","background-image":"","background-repeat":"repeat","background-position":"center center","background-size":"auto","background-attachment":"scroll","background-type":"","background-media":"","overlay-type":"","overlay-color":"","overlay-opacity":"","overlay-gradient":""},"tablet":{"background-color":"var(--ast-global-color-4)","background-image":"","background-repeat":"repeat","background-position":"center center","background-size":"auto","background-attachment":"scroll","background-type":"","background-media":"","overlay-type":"","overlay-color":"","overlay-opacity":"","overlay-gradient":""},"mobile":{"background-color":"var(--ast-global-color-4)","background-image":"","background-repeat":"repeat","background-position":"center center","background-size":"auto","background-attachment":"scroll","background-type":"","background-media":"","overlay-type":"","overlay-color":"","overlay-opacity":"","overlay-gradient":""}},"footnotes":""},"class_list":["post-86929","page","type-page","status-publish","hentry"],"acf":[],"_links":{"self":[{"href":"https:\/\/agrovin.com\/pt-pt\/wp-json\/wp\/v2\/pages\/86929","targetHints":{"allow":["GET"]}}],"collection":[{"href":"https:\/\/agrovin.com\/pt-pt\/wp-json\/wp\/v2\/pages"}],"about":[{"href":"https:\/\/agrovin.com\/pt-pt\/wp-json\/wp\/v2\/types\/page"}],"author":[{"embeddable":true,"href":"https:\/\/agrovin.com\/pt-pt\/wp-json\/wp\/v2\/users\/359"}],"replies":[{"embeddable":true,"href":"https:\/\/agrovin.com\/pt-pt\/wp-json\/wp\/v2\/comments?post=86929"}],"version-history":[{"count":3,"href":"https:\/\/agrovin.com\/pt-pt\/wp-json\/wp\/v2\/pages\/86929\/revisions"}],"predecessor-version":[{"id":119119,"href":"https:\/\/agrovin.com\/pt-pt\/wp-json\/wp\/v2\/pages\/86929\/revisions\/119119"}],"wp:attachment":[{"href":"https:\/\/agrovin.com\/pt-pt\/wp-json\/wp\/v2\/media?parent=86929"}],"curies":[{"name":"wp","href":"https:\/\/api.w.org\/{rel}","templated":true}]}}