{"id":78159,"date":"2022-06-09T17:42:59","date_gmt":"2022-06-09T16:42:59","guid":{"rendered":"https:\/\/staging.agrovin.com\/sistema-de-maceracao-eco-inovadora-baseado-na-tecnologia-de-ultra-sons-lfhp-para-id-em-enologia\/"},"modified":"2025-06-25T10:45:06","modified_gmt":"2025-06-25T08:45:06","slug":"sistema-de-maceracao-eco-inovadora-baseado-na-tecnologia-de-ultra-sons-lfhp-para-id-em-enologia","status":"publish","type":"page","link":"https:\/\/agrovin.com\/pt-pt\/projectos-de-id\/sistema-de-maceracao-eco-inovadora-baseado-na-tecnologia-de-ultra-sons-lfhp-para-id-em-enologia\/","title":{"rendered":"Sistema de macera\u00e7\u00e3o eco-inovadora baseado na tecnologia de ultra-sons lfhp para a vinifica\u00e7\u00e3o"},"content":{"rendered":"\t\t<div data-elementor-type=\"wp-page\" data-elementor-id=\"78159\" class=\"elementor elementor-78159 elementor-64419\" data-elementor-post-type=\"page\">\n\t\t\t\t\t\t<section class=\"elementor-section elementor-top-section elementor-element elementor-element-a41bd65 elementor-section-height-min-height elementor-section-boxed elementor-section-height-default elementor-section-items-middle\" data-id=\"a41bd65\" data-element_type=\"section\" data-e-type=\"section\" data-settings=\"{&quot;background_background&quot;:&quot;classic&quot;}\">\n\t\t\t\t\t\t<div class=\"elementor-container elementor-column-gap-default\">\n\t\t\t\t\t<div class=\"elementor-column elementor-col-100 elementor-top-column elementor-element elementor-element-6193e3a\" data-id=\"6193e3a\" data-element_type=\"column\" data-e-type=\"column\">\n\t\t\t<div class=\"elementor-widget-wrap\">\n\t\t\t\t\t\t\t<\/div>\n\t\t<\/div>\n\t\t\t\t\t<\/div>\n\t\t<\/section>\n\t\t\t\t<section class=\"elementor-section elementor-top-section elementor-element elementor-element-986b3a2 elementor-section-boxed elementor-section-height-default elementor-section-height-default\" data-id=\"986b3a2\" data-element_type=\"section\" data-e-type=\"section\">\n\t\t\t\t\t\t<div class=\"elementor-container elementor-column-gap-default\">\n\t\t\t\t\t<div class=\"elementor-column elementor-col-100 elementor-top-column elementor-element elementor-element-a537cfa\" data-id=\"a537cfa\" data-element_type=\"column\" data-e-type=\"column\">\n\t\t\t<div class=\"elementor-widget-wrap elementor-element-populated\">\n\t\t\t\t\t\t<div class=\"elementor-element elementor-element-fe18418 elementor-widget elementor-widget-heading\" data-id=\"fe18418\" data-element_type=\"widget\" data-e-type=\"widget\" data-widget_type=\"heading.default\">\n\t\t\t\t<div class=\"elementor-widget-container\">\n\t\t\t\t\t<h1 class=\"elementor-heading-title elementor-size-default\">Sistema de macera\u00e7\u00e3o eco-inovador baseado na tecnologia de ultrassons lfhp para I+D enol\u00f3gico <\/h1>\t\t\t\t<\/div>\n\t\t\t\t<\/div>\n\t\t\t\t<div class=\"elementor-element elementor-element-a90a6fe elementor-widget elementor-widget-text-editor\" data-id=\"a90a6fe\" data-element_type=\"widget\" data-e-type=\"widget\" data-widget_type=\"text-editor.default\">\n\t\t\t\t<div class=\"elementor-widget-container\">\n\t\t\t\t\t\t\t\t\t<p><strong>OBJETIVO: <\/strong>O objetivo priorit\u00e1rio do projeto \u00e9 otimizar os recursos dispon\u00edveis para as adegas no momento da vindima, poupar nos custos de produ\u00e7\u00e3o, obter um produto diferenciador e maximizar a qualidade. O nome ULTRAWINE define uma tecnologia inovadora que visa a r\u00e1pida extra\u00e7\u00e3o polifen\u00f3lica e arom\u00e1tica da uva. A cor e o aroma dos vinhos s\u00e3o dois dos par\u00e2metros organol\u00e9pticos mais valorizados pelo consumidor, pois fornecem informa\u00e7\u00f5es sobre o seu processo de produ\u00e7\u00e3o e evolu\u00e7\u00e3o ao longo do tempo.<\/p><p><strong>CONVOCAT\u00d3RIA: <\/strong>PROGRAMA HORIZON H2020 \u2013 SME- INSTRUMENT.<\/p><p><strong>T\u00cdTULO DO PROJETO:<\/strong> Sistema de macera\u00e7\u00e3o eco-inovador baseado na tecnologia LFHP \u200b\u200bUltrassom para vinifica\u00e7\u00e3o.<\/p><p><strong> Data de in\u00edcio: <\/strong>01\/06\/2015<\/p><p><strong>Data de t\u00e9rmino: <\/strong>01\/06\/2017<\/p><p><strong>ACR\u00d3NIMO: <\/strong>ULTRAWINE.<\/p>\t\t\t\t\t\t\t\t<\/div>\n\t\t\t\t<\/div>\n\t\t\t\t<div class=\"elementor-element elementor-element-0ebcf75 elementor-widget elementor-widget-button\" data-id=\"0ebcf75\" data-element_type=\"widget\" data-e-type=\"widget\" data-widget_type=\"button.default\">\n\t\t\t\t<div class=\"elementor-widget-container\">\n\t\t\t\t\t\t\t\t\t<div class=\"elementor-button-wrapper\">\n\t\t\t\t\t<a class=\"elementor-button elementor-button-link elementor-size-sm\" href=\"https:\/\/agrovin.com\/agrv\/pdf\/ficha_proyectos\/Ficha_tecnica_RESINAS20152.pdf\" target=\"_blank\" rel=\"nofollow\" download=\"https:\/\/agrovin.com\/agrv\/pdf\/ficha_proyectos\/Ficha_tecnica_PLAN_INNOVACION2.pdf\">\n\t\t\t\t\t\t<span class=\"elementor-button-content-wrapper\">\n\t\t\t\t\t\t\t\t\t<span class=\"elementor-button-text\">Ficha t\u00e9cnica do projecto<\/span>\n\t\t\t\t\t<\/span>\n\t\t\t\t\t<\/a>\n\t\t\t\t<\/div>\n\t\t\t\t\t\t\t\t<\/div>\n\t\t\t\t<\/div>\n\t\t\t\t\t<\/div>\n\t\t<\/div>\n\t\t\t\t\t<\/div>\n\t\t<\/section>\n\t\t\t\t<section class=\"elementor-section elementor-top-section elementor-element elementor-element-7935991 elementor-section-boxed elementor-section-height-default elementor-section-height-default\" data-id=\"7935991\" data-element_type=\"section\" data-e-type=\"section\">\n\t\t\t\t\t\t<div class=\"elementor-container elementor-column-gap-default\">\n\t\t\t\t\t<div class=\"elementor-column elementor-col-33 elementor-top-column elementor-element elementor-element-612d65c\" data-id=\"612d65c\" data-element_type=\"column\" data-e-type=\"column\">\n\t\t\t<div class=\"elementor-widget-wrap elementor-element-populated\">\n\t\t\t\t\t\t<div class=\"elementor-element elementor-element-18f42ab elementor-widget elementor-widget-image\" data-id=\"18f42ab\" data-element_type=\"widget\" data-e-type=\"widget\" data-widget_type=\"image.default\">\n\t\t\t\t<div class=\"elementor-widget-container\">\n\t\t\t\t\t\t\t\t\t\t\t\t\t\t\t<img fetchpriority=\"high\" decoding=\"async\" width=\"474\" height=\"196\" src=\"https:\/\/agrovin.com\/wp-content\/uploads\/2022\/02\/horizon.jpg\" class=\"attachment-large size-large wp-image-75379\" alt=\"\" srcset=\"https:\/\/agrovin.com\/wp-content\/uploads\/2022\/02\/horizon.jpg 474w, https:\/\/agrovin.com\/wp-content\/uploads\/2022\/02\/horizon-300x124.jpg 300w, https:\/\/agrovin.com\/wp-content\/uploads\/2022\/02\/horizon-270x112.jpg 270w\" sizes=\"(max-width: 474px) 100vw, 474px\" title=\"\">\t\t\t\t\t\t\t\t\t\t\t\t\t\t\t<\/div>\n\t\t\t\t<\/div>\n\t\t\t\t\t<\/div>\n\t\t<\/div>\n\t\t\t\t<div class=\"elementor-column elementor-col-33 elementor-top-column elementor-element elementor-element-0b63432\" data-id=\"0b63432\" data-element_type=\"column\" data-e-type=\"column\">\n\t\t\t<div class=\"elementor-widget-wrap elementor-element-populated\">\n\t\t\t\t\t\t<div class=\"elementor-element elementor-element-bddb387 elementor-widget elementor-widget-image\" data-id=\"bddb387\" data-element_type=\"widget\" data-e-type=\"widget\" data-widget_type=\"image.default\">\n\t\t\t\t<div class=\"elementor-widget-container\">\n\t\t\t\t\t\t\t\t\t\t\t\t\t\t\t<img decoding=\"async\" width=\"302\" height=\"78\" src=\"https:\/\/agrovin.com\/wp-content\/uploads\/2022\/02\/H2020.jpg\" class=\"attachment-large size-large wp-image-75384\" alt=\"\" srcset=\"https:\/\/agrovin.com\/wp-content\/uploads\/2022\/02\/H2020.jpg 302w, https:\/\/agrovin.com\/wp-content\/uploads\/2022\/02\/H2020-300x77.jpg 300w, https:\/\/agrovin.com\/wp-content\/uploads\/2022\/02\/H2020-270x70.jpg 270w\" sizes=\"(max-width: 302px) 100vw, 302px\" title=\"\">\t\t\t\t\t\t\t\t\t\t\t\t\t\t\t<\/div>\n\t\t\t\t<\/div>\n\t\t\t\t\t<\/div>\n\t\t<\/div>\n\t\t\t\t<div class=\"elementor-column elementor-col-33 elementor-top-column elementor-element elementor-element-3ee3c46\" data-id=\"3ee3c46\" data-element_type=\"column\" data-e-type=\"column\">\n\t\t\t<div class=\"elementor-widget-wrap\">\n\t\t\t\t\t\t\t<\/div>\n\t\t<\/div>\n\t\t\t\t\t<\/div>\n\t\t<\/section>\n\t\t\t\t<\/div>\n\t\t","protected":false},"excerpt":{"rendered":"<p>Sistema de macera\u00e7\u00e3o eco-inovador baseado na tecnologia de ultrassons lfhp para I+D enol\u00f3gico OBJETIVO: O objetivo priorit\u00e1rio do projeto \u00e9 otimizar os recursos dispon\u00edveis para as adegas no momento da vindima, poupar nos custos de produ\u00e7\u00e3o, obter um produto diferenciador e maximizar a qualidade. O nome ULTRAWINE define uma tecnologia inovadora que visa a r\u00e1pida [&hellip;]<\/p>\n","protected":false},"author":359,"featured_media":0,"parent":78149,"menu_order":0,"comment_status":"closed","ping_status":"closed","template":"","meta":{"_acf_changed":false,"inline_featured_image":false,"site-sidebar-layout":"no-sidebar","site-content-layout":"page-builder","ast-site-content-layout":"full-width-container","site-content-style":"unboxed","site-sidebar-style":"unboxed","ast-global-header-display":"","ast-banner-title-visibility":"","ast-main-header-display":"","ast-hfb-above-header-display":"","ast-hfb-below-header-display":"","ast-hfb-mobile-header-display":"","site-post-title":"disabled","ast-breadcrumbs-content":"","ast-featured-img":"disabled","footer-sml-layout":"","ast-disable-related-posts":"","theme-transparent-header-meta":"default","adv-header-id-meta":"","stick-header-meta":"","header-above-stick-meta":"","header-main-stick-meta":"","header-below-stick-meta":"","astra-migrate-meta-layouts":"set","ast-page-background-enabled":"default","ast-page-background-meta":{"desktop":{"background-color":"var(--ast-global-color-5)","background-image":"","background-repeat":"repeat","background-position":"center center","background-size":"auto","background-attachment":"scroll","background-type":"","background-media":"","overlay-type":"","overlay-color":"","overlay-opacity":"","overlay-gradient":""},"tablet":{"background-color":"","background-image":"","background-repeat":"repeat","background-position":"center center","background-size":"auto","background-attachment":"scroll","background-type":"","background-media":"","overlay-type":"","overlay-color":"","overlay-opacity":"","overlay-gradient":""},"mobile":{"background-color":"","background-image":"","background-repeat":"repeat","background-position":"center center","background-size":"auto","background-attachment":"scroll","background-type":"","background-media":"","overlay-type":"","overlay-color":"","overlay-opacity":"","overlay-gradient":""}},"ast-content-background-meta":{"desktop":{"background-color":"var(--ast-global-color-4)","background-image":"","background-repeat":"repeat","background-position":"center center","background-size":"auto","background-attachment":"scroll","background-type":"","background-media":"","overlay-type":"","overlay-color":"","overlay-opacity":"","overlay-gradient":""},"tablet":{"background-color":"var(--ast-global-color-4)","background-image":"","background-repeat":"repeat","background-position":"center center","background-size":"auto","background-attachment":"scroll","background-type":"","background-media":"","overlay-type":"","overlay-color":"","overlay-opacity":"","overlay-gradient":""},"mobile":{"background-color":"var(--ast-global-color-4)","background-image":"","background-repeat":"repeat","background-position":"center center","background-size":"auto","background-attachment":"scroll","background-type":"","background-media":"","overlay-type":"","overlay-color":"","overlay-opacity":"","overlay-gradient":""}},"footnotes":""},"class_list":["post-78159","page","type-page","status-publish","hentry"],"acf":[],"_links":{"self":[{"href":"https:\/\/agrovin.com\/pt-pt\/wp-json\/wp\/v2\/pages\/78159","targetHints":{"allow":["GET"]}}],"collection":[{"href":"https:\/\/agrovin.com\/pt-pt\/wp-json\/wp\/v2\/pages"}],"about":[{"href":"https:\/\/agrovin.com\/pt-pt\/wp-json\/wp\/v2\/types\/page"}],"author":[{"embeddable":true,"href":"https:\/\/agrovin.com\/pt-pt\/wp-json\/wp\/v2\/users\/359"}],"replies":[{"embeddable":true,"href":"https:\/\/agrovin.com\/pt-pt\/wp-json\/wp\/v2\/comments?post=78159"}],"version-history":[{"count":1,"href":"https:\/\/agrovin.com\/pt-pt\/wp-json\/wp\/v2\/pages\/78159\/revisions"}],"predecessor-version":[{"id":120339,"href":"https:\/\/agrovin.com\/pt-pt\/wp-json\/wp\/v2\/pages\/78159\/revisions\/120339"}],"up":[{"embeddable":true,"href":"https:\/\/agrovin.com\/pt-pt\/wp-json\/wp\/v2\/pages\/78149"}],"wp:attachment":[{"href":"https:\/\/agrovin.com\/pt-pt\/wp-json\/wp\/v2\/media?parent=78159"}],"curies":[{"name":"wp","href":"https:\/\/api.w.org\/{rel}","templated":true}]}}