{"id":78154,"date":"2022-06-09T17:37:36","date_gmt":"2022-06-09T16:37:36","guid":{"rendered":"https:\/\/staging.agrovin.com\/projectos-de-idi\/factores-que-influenciam-a-qualidade-do-brandy-e-novos-sistemas-de-producao-de-brandy-desde-a-vinha-ao-engarrafamento\/"},"modified":"2025-06-25T10:44:01","modified_gmt":"2025-06-25T08:44:01","slug":"factores-que-influenciam-a-qualidade-do-brandy-e-novos-sistemas-de-producao-de-brandy-desde-a-vinha-ao-engarrafamento","status":"publish","type":"page","link":"https:\/\/agrovin.com\/pt-pt\/projectos-de-id\/factores-que-influenciam-a-qualidade-do-brandy-e-novos-sistemas-de-producao-de-brandy-desde-a-vinha-ao-engarrafamento\/","title":{"rendered":"Factores que influenciam a qualidade do brandy e novos sistemas de produ\u00e7\u00e3o de brandy, desde a vinha ao engarrafamento"},"content":{"rendered":"\t\t<div data-elementor-type=\"wp-page\" data-elementor-id=\"78154\" class=\"elementor elementor-78154 elementor-64442\" data-elementor-post-type=\"page\">\n\t\t\t\t\t\t<section class=\"elementor-section elementor-top-section elementor-element elementor-element-ec735a8 elementor-section-height-min-height elementor-section-boxed elementor-section-height-default elementor-section-items-middle\" data-id=\"ec735a8\" data-element_type=\"section\" data-e-type=\"section\" data-settings=\"{&quot;background_background&quot;:&quot;classic&quot;}\">\n\t\t\t\t\t\t<div class=\"elementor-container elementor-column-gap-default\">\n\t\t\t\t\t<div class=\"elementor-column elementor-col-100 elementor-top-column elementor-element elementor-element-d941932\" data-id=\"d941932\" data-element_type=\"column\" data-e-type=\"column\">\n\t\t\t<div class=\"elementor-widget-wrap\">\n\t\t\t\t\t\t\t<\/div>\n\t\t<\/div>\n\t\t\t\t\t<\/div>\n\t\t<\/section>\n\t\t\t\t<section class=\"elementor-section elementor-top-section elementor-element elementor-element-a4d5b87 elementor-section-boxed elementor-section-height-default elementor-section-height-default\" data-id=\"a4d5b87\" data-element_type=\"section\" data-e-type=\"section\">\n\t\t\t\t\t\t<div class=\"elementor-container elementor-column-gap-default\">\n\t\t\t\t\t<div class=\"elementor-column elementor-col-100 elementor-top-column elementor-element elementor-element-e7e0fa0\" data-id=\"e7e0fa0\" data-element_type=\"column\" data-e-type=\"column\">\n\t\t\t<div class=\"elementor-widget-wrap elementor-element-populated\">\n\t\t\t\t\t\t<div class=\"elementor-element elementor-element-21115cc elementor-widget elementor-widget-heading\" data-id=\"21115cc\" data-element_type=\"widget\" data-e-type=\"widget\" data-widget_type=\"heading.default\">\n\t\t\t\t<div class=\"elementor-widget-container\">\n\t\t\t\t\t<h1 class=\"elementor-heading-title elementor-size-default\">Fatores que influenciam a qualidade do brandy e novos sistemas de produ\u00e7\u00e3o do mesmo, desde a vinha ao engarrafamento. <\/h1>\t\t\t\t<\/div>\n\t\t\t\t<\/div>\n\t\t\t\t<div class=\"elementor-element elementor-element-73d2b83 elementor-widget elementor-widget-heading\" data-id=\"73d2b83\" data-element_type=\"widget\" data-e-type=\"widget\" data-widget_type=\"heading.default\">\n\t\t\t\t<div class=\"elementor-widget-container\">\n\t\t\t\t\t<h2 class=\"elementor-heading-title elementor-size-default\">OBJECTIVO:<\/h2>\t\t\t\t<\/div>\n\t\t\t\t<\/div>\n\t\t\t\t<div class=\"elementor-element elementor-element-1de7290 elementor-widget elementor-widget-text-editor\" data-id=\"1de7290\" data-element_type=\"widget\" data-e-type=\"widget\" data-widget_type=\"text-editor.default\">\n\t\t\t\t<div class=\"elementor-widget-container\">\n\t\t\t\t\t\t\t\t\t<p>O projecto do cons\u00f3rcio BESTBRANDY visa empreender um projecto de I&amp;D abrangente 2016-2018 sobre a melhoria de produtos e processos na vinha, vinifica\u00e7\u00e3o, destila\u00e7\u00e3o, envelhecimento e embalagem de aguardente, com o objectivo de melhorar a competitividade das empresas participantes, gerando conhecimento e aplicando o que j\u00e1 existe de um ponto de vista cient\u00edfico-t\u00e9cnico. Os seguintes centros de investiga\u00e7\u00e3o est\u00e3o a participar neste projecto como entidades subcontratadas: Universidade Polit\u00e9cnica de Madrid, CEBAS-CSIC Murcia, Universidade de C\u00e1dis, IFAPA Rancho de la Merced e INIA, com o objectivo de impulsionar a colabora\u00e7\u00e3o p\u00fablico-privada para o per\u00edodo 2016-2018, capaz de cumprir os ambiciosos objectivos t\u00e9cnicos estabelecidos no relat\u00f3rio t\u00e9cnico apresentado ao convite \u00e0 apresenta\u00e7\u00e3o de propostas multi-regional Innterconecta 2016.<\/p>\t\t\t\t\t\t\t\t<\/div>\n\t\t\t\t<\/div>\n\t\t\t\t<div class=\"elementor-element elementor-element-f28869b elementor-widget elementor-widget-heading\" data-id=\"f28869b\" data-element_type=\"widget\" data-e-type=\"widget\" data-widget_type=\"heading.default\">\n\t\t\t\t<div class=\"elementor-widget-container\">\n\t\t\t\t\t<h2 class=\"elementor-heading-title elementor-size-default\">CHAMADA DE TRABALHOS:<\/h2>\t\t\t\t<\/div>\n\t\t\t\t<\/div>\n\t\t\t\t<div class=\"elementor-element elementor-element-1c1232d elementor-widget elementor-widget-text-editor\" data-id=\"1c1232d\" data-element_type=\"widget\" data-e-type=\"widget\" data-widget_type=\"text-editor.default\">\n\t\t\t\t<div class=\"elementor-widget-container\">\n\t\t\t\t\t\t\t\t\t<p>CDTI PROGRAMA FEDER-INNTERCONECTA 2016.<\/p>\t\t\t\t\t\t\t\t<\/div>\n\t\t\t\t<\/div>\n\t\t\t\t<div class=\"elementor-element elementor-element-b335b1d elementor-widget elementor-widget-heading\" data-id=\"b335b1d\" data-element_type=\"widget\" data-e-type=\"widget\" data-widget_type=\"heading.default\">\n\t\t\t\t<div class=\"elementor-widget-container\">\n\t\t\t\t\t<h2 class=\"elementor-heading-title elementor-size-default\">T\u00cdTULO DO PROJECTO:<\/h2>\t\t\t\t<\/div>\n\t\t\t\t<\/div>\n\t\t\t\t<div class=\"elementor-element elementor-element-ad91d09 elementor-widget elementor-widget-text-editor\" data-id=\"ad91d09\" data-element_type=\"widget\" data-e-type=\"widget\" data-widget_type=\"text-editor.default\">\n\t\t\t\t<div class=\"elementor-widget-container\">\n\t\t\t\t\t\t\t\t\t<p>Factores que influyen en la calidad del brandy y nuevos sistemas de elaboraci\u00f3n del mismo, desde el vi\u00f1edo al envasado.<\/p>\t\t\t\t\t\t\t\t<\/div>\n\t\t\t\t<\/div>\n\t\t\t\t<div class=\"elementor-element elementor-element-5e837bb elementor-widget elementor-widget-heading\" data-id=\"5e837bb\" data-element_type=\"widget\" data-e-type=\"widget\" data-widget_type=\"heading.default\">\n\t\t\t\t<div class=\"elementor-widget-container\">\n\t\t\t\t\t<h2 class=\"elementor-heading-title elementor-size-default\">DURA\u00c7\u00c3O:<\/h2>\t\t\t\t<\/div>\n\t\t\t\t<\/div>\n\t\t\t\t<div class=\"elementor-element elementor-element-5acaa46 elementor-widget elementor-widget-text-editor\" data-id=\"5acaa46\" data-element_type=\"widget\" data-e-type=\"widget\" data-widget_type=\"text-editor.default\">\n\t\t\t\t<div class=\"elementor-widget-container\">\n\t\t\t\t\t\t\t\t\t<p>1\/7\/2016 al 31\/12\/2018<\/p>\t\t\t\t\t\t\t\t<\/div>\n\t\t\t\t<\/div>\n\t\t\t\t<div class=\"elementor-element elementor-element-9d1c477 elementor-widget elementor-widget-heading\" data-id=\"9d1c477\" data-element_type=\"widget\" data-e-type=\"widget\" data-widget_type=\"heading.default\">\n\t\t\t\t<div class=\"elementor-widget-container\">\n\t\t\t\t\t<h2 class=\"elementor-heading-title elementor-size-default\">ACRONYM:<\/h2>\t\t\t\t<\/div>\n\t\t\t\t<\/div>\n\t\t\t\t<div class=\"elementor-element elementor-element-2ca9963 elementor-widget elementor-widget-text-editor\" data-id=\"2ca9963\" data-element_type=\"widget\" data-e-type=\"widget\" data-widget_type=\"text-editor.default\">\n\t\t\t\t<div class=\"elementor-widget-container\">\n\t\t\t\t\t\t\t\t\t<p>BESTBRANDY<\/p>\t\t\t\t\t\t\t\t<\/div>\n\t\t\t\t<\/div>\n\t\t\t\t<div class=\"elementor-element elementor-element-5666aa4 elementor-widget elementor-widget-button\" data-id=\"5666aa4\" data-element_type=\"widget\" data-e-type=\"widget\" data-widget_type=\"button.default\">\n\t\t\t\t<div class=\"elementor-widget-container\">\n\t\t\t\t\t\t\t\t\t<div class=\"elementor-button-wrapper\">\n\t\t\t\t\t<a class=\"elementor-button elementor-button-link elementor-size-sm\" href=\"https:\/\/agrovin.com\/agrv\/pdf\/ficha_proyectos\/Ficha_tecnica_BESTBRANDY2.pdf\" target=\"_blank\" rel=\"nofollow\" download=\"https:\/\/agrovin.com\/agrv\/pdf\/ficha_proyectos\/Ficha_tecnica_BESTBRANDY2.pdf\">\n\t\t\t\t\t\t<span class=\"elementor-button-content-wrapper\">\n\t\t\t\t\t\t\t\t\t<span class=\"elementor-button-text\">FICHA T\u00c9CNICA DO PROJECTO<\/span>\n\t\t\t\t\t<\/span>\n\t\t\t\t\t<\/a>\n\t\t\t\t<\/div>\n\t\t\t\t\t\t\t\t<\/div>\n\t\t\t\t<\/div>\n\t\t\t\t\t<\/div>\n\t\t<\/div>\n\t\t\t\t\t<\/div>\n\t\t<\/section>\n\t\t\t\t<section class=\"elementor-section elementor-top-section elementor-element elementor-element-3b2b625 elementor-section-boxed elementor-section-height-default elementor-section-height-default\" data-id=\"3b2b625\" data-element_type=\"section\" data-e-type=\"section\">\n\t\t\t\t\t\t<div class=\"elementor-container elementor-column-gap-default\">\n\t\t\t\t\t<div class=\"elementor-column elementor-col-100 elementor-top-column elementor-element elementor-element-f50fb92\" data-id=\"f50fb92\" data-element_type=\"column\" data-e-type=\"column\">\n\t\t\t<div class=\"elementor-widget-wrap elementor-element-populated\">\n\t\t\t\t\t\t<div class=\"elementor-element elementor-element-7c70004 elementor-widget elementor-widget-text-editor\" data-id=\"7c70004\" data-element_type=\"widget\" data-e-type=\"widget\" data-widget_type=\"text-editor.default\">\n\t\t\t\t<div class=\"elementor-widget-container\">\n\t\t\t\t\t\t\t\t\t<h3>Entrevista com Mar Albendea Roa, Directora de Laborat\u00f3rio &#8211; AGROVIN:<\/h3><div><div><p><strong><em>&#8220;Este projeto significar\u00e1 um enorme avan\u00e7o na produ\u00e7\u00e3o de Brandy de qualidade devido \u00e0 investiga\u00e7\u00e3o realizada na vinha e nas t\u00e9cnicas de produ\u00e7\u00e3o&#8221;<\/em><\/strong>\u00a0<\/p><h4><strong>1.<\/strong><strong>Em que consiste a contribui\u00e7\u00e3o e a atividade da Agrovin no projeto?<\/strong><\/h4><\/div><div><p><em>No desenvolvimento de estrat\u00e9gias que permitam obter brandys de qualidade reduzindo os custos de produ\u00e7\u00e3o. Especificamente, os t\u00e9cnicos especializados da nossa empresa contribu\u00edram com os seus conhecimentos de microbiologia enol\u00f3gica, nutri\u00e7\u00e3o de leveduras e t\u00e9cnicas de ponta no setor, como a aplica\u00e7\u00e3o de ultrassons.<\/em><\/p><h4><strong>2. Qual \u00e9 o seu papel no projeto dentro da equipa t\u00e9cnica da sua empresa Agrovin?<\/strong><\/h4><\/div><div><p><em>Respons\u00e1vel pelo projeto. Estive diretamente envolvido no desenvolvimento de cada uma das experi\u00eancias, acompanhamento das an\u00e1lises e elabora\u00e7\u00e3o de relat\u00f3rios.<\/em><\/p><h4><strong>3. O que significa para a Agrovin participar num projeto desta magnitude?<\/strong><\/h4><\/div><div><p><em>A participa\u00e7\u00e3o da Agrovin neste projeto demonstra a firme aposta da nossa empresa no investimento em projetos de I+D+i como motor de inova\u00e7\u00e3o e melhoria cont\u00ednua no setor vin\u00edcola.<\/em><\/p><h4><strong>4. Quais s\u00e3o os seus objetivos espec\u00edficos no \u00e2mbito da Bestbrandy?<\/strong><\/h4><\/div><div><p><em>Desenvolver novas estrat\u00e9gias de vinifica\u00e7\u00e3o que permitam aumentar o rendimento alco\u00f3lico dos vinhos e desenvolver estrat\u00e9gias que acelerem o envelhecimento do Brandy em barricas.<\/em><\/p><h4><strong>5. Como coordena o seu trabalho com todas as empresas que fazem parte do cons\u00f3rcio? E com os centros de investiga\u00e7\u00e3o?<\/strong><\/h4><\/div><div><p><em>Atrav\u00e9s de reuni\u00f5es de acompanhamento, via e-mail e por telefone.<\/em><\/p><h4><strong>6. O que acha que a contribui\u00e7\u00e3o da Bestbrandy significar\u00e1 para o setor do Brandy espanhol?<\/strong><\/h4><\/div><div><p><em>Este projeto significar\u00e1 um enorme avan\u00e7o na produ\u00e7\u00e3o de Brandy de qualidade devido \u00e0 investiga\u00e7\u00e3o realizada na vinha e nas t\u00e9cnicas de produ\u00e7\u00e3o. Para al\u00e9m deste valor acrescentado, os custos de produ\u00e7\u00e3o ser\u00e3o reduzidos atrav\u00e9s da utiliza\u00e7\u00e3o de t\u00e9cnicas e tecnologias de ponta no setor que reduzem o consumo de energia e o trabalho dos operadores na adega. E para a ind\u00fastria do vinho em geral? Melhoria cont\u00ednua na qualidade de todos os processos que comp\u00f5em a produ\u00e7\u00e3o de vinhos para a produ\u00e7\u00e3o de Brandy.<\/em><\/p><\/div><h4><strong>7. Por fim, alguns meses ap\u00f3s o t\u00e9rmino do projeto, que objetivos considera que j\u00e1 foram alcan\u00e7ados?<\/strong><\/h4><div><p><em>Utiliza\u00e7\u00e3o de novas t\u00e9cnicas que permitem reduzir o tempo de envelhecimento dos Brandys em barricas. A t\u00e9cnica de ultrassom (Perseo System) permite obter produtos \u201cpr\u00e9-envelhecidos\u201d em poucas horas, que precisar\u00e3o de passar menos tempo no barril. A utiliza\u00e7\u00e3o desta t\u00e9cnica postula-se como uma vantagem competitiva na produ\u00e7\u00e3o destes destilados ao permitir a redu\u00e7\u00e3o dos custos de produ\u00e7\u00e3o.<\/em><\/p><h4><strong>8. Pessoalmente<\/strong><strong>, para si e para a sua carreira profissional, pode enumerar os aspetos mais positivos que est\u00e1 a retirar da sua participa\u00e7\u00e3o na Bestbrandy.<\/strong><\/h4><\/div><div><p>Colabora\u00e7\u00e3o com prestigiados centros de investiga\u00e7\u00e3o e adegas espanholas.<br \/>Aceda a toda a informa\u00e7\u00e3o sobre o Projeto em: <a href=\"http:\/\/bestbrandy.es\/\" target=\"_blank\" rel=\"noopener\">https:\/\/bestbrandy.es\/<\/a><\/p><\/div><\/div>\t\t\t\t\t\t\t\t<\/div>\n\t\t\t\t<\/div>\n\t\t\t\t\t<\/div>\n\t\t<\/div>\n\t\t\t\t\t<\/div>\n\t\t<\/section>\n\t\t\t\t<section class=\"elementor-section elementor-top-section elementor-element elementor-element-88f4a71 elementor-section-boxed elementor-section-height-default elementor-section-height-default\" data-id=\"88f4a71\" data-element_type=\"section\" data-e-type=\"section\">\n\t\t\t\t\t\t<div class=\"elementor-container elementor-column-gap-default\">\n\t\t\t\t\t<div class=\"elementor-column elementor-col-33 elementor-top-column elementor-element elementor-element-5affb30\" data-id=\"5affb30\" data-element_type=\"column\" data-e-type=\"column\">\n\t\t\t<div class=\"elementor-widget-wrap elementor-element-populated\">\n\t\t\t\t\t\t<div class=\"elementor-element elementor-element-80cce10 elementor-widget elementor-widget-image\" data-id=\"80cce10\" data-element_type=\"widget\" data-e-type=\"widget\" data-widget_type=\"image.default\">\n\t\t\t\t<div class=\"elementor-widget-container\">\n\t\t\t\t\t\t\t\t\t\t\t\t\t\t\t<img decoding=\"async\" width=\"336\" height=\"87\" src=\"https:\/\/agrovin.com\/wp-content\/uploads\/2022\/02\/BESTBRANDY-1.jpg\" class=\"attachment-large size-large wp-image-75364\" alt=\"\" srcset=\"https:\/\/agrovin.com\/wp-content\/uploads\/2022\/02\/BESTBRANDY-1.jpg 336w, https:\/\/agrovin.com\/wp-content\/uploads\/2022\/02\/BESTBRANDY-1-300x78.jpg 300w, https:\/\/agrovin.com\/wp-content\/uploads\/2022\/02\/BESTBRANDY-1-270x70.jpg 270w\" sizes=\"(max-width: 336px) 100vw, 336px\" title=\"\">\t\t\t\t\t\t\t\t\t\t\t\t\t\t\t<\/div>\n\t\t\t\t<\/div>\n\t\t\t\t<div class=\"elementor-element elementor-element-3b787fd elementor-widget elementor-widget-image\" data-id=\"3b787fd\" data-element_type=\"widget\" data-e-type=\"widget\" data-widget_type=\"image.default\">\n\t\t\t\t<div class=\"elementor-widget-container\">\n\t\t\t\t\t\t\t\t\t\t\t\t\t\t\t<img decoding=\"async\" width=\"299\" height=\"76\" src=\"https:\/\/agrovin.com\/wp-content\/uploads\/2022\/02\/agrovin-ue.jpg\" class=\"attachment-large size-large wp-image-74879\" alt=\"\" srcset=\"https:\/\/agrovin.com\/wp-content\/uploads\/2022\/02\/agrovin-ue.jpg 299w, https:\/\/agrovin.com\/wp-content\/uploads\/2022\/02\/agrovin-ue-270x69.jpg 270w\" sizes=\"(max-width: 299px) 100vw, 299px\" title=\"\">\t\t\t\t\t\t\t\t\t\t\t\t\t\t\t<\/div>\n\t\t\t\t<\/div>\n\t\t\t\t\t<\/div>\n\t\t<\/div>\n\t\t\t\t<div class=\"elementor-column elementor-col-33 elementor-top-column elementor-element elementor-element-b501eba\" data-id=\"b501eba\" data-element_type=\"column\" data-e-type=\"column\">\n\t\t\t<div class=\"elementor-widget-wrap elementor-element-populated\">\n\t\t\t\t\t\t<div class=\"elementor-element elementor-element-4f1f5a9 elementor-widget elementor-widget-image\" data-id=\"4f1f5a9\" data-element_type=\"widget\" data-e-type=\"widget\" data-widget_type=\"image.default\">\n\t\t\t\t<div class=\"elementor-widget-container\">\n\t\t\t\t\t\t\t\t\t\t\t\t\t\t\t<img decoding=\"async\" width=\"350\" height=\"100\" src=\"https:\/\/agrovin.com\/wp-content\/uploads\/2022\/02\/CDTI-350x100-1.jpg\" class=\"attachment-large size-large wp-image-75369\" alt=\"\" srcset=\"https:\/\/agrovin.com\/wp-content\/uploads\/2022\/02\/CDTI-350x100-1.jpg 350w, https:\/\/agrovin.com\/wp-content\/uploads\/2022\/02\/CDTI-350x100-1-300x86.jpg 300w, https:\/\/agrovin.com\/wp-content\/uploads\/2022\/02\/CDTI-350x100-1-270x77.jpg 270w\" sizes=\"(max-width: 350px) 100vw, 350px\" title=\"\">\t\t\t\t\t\t\t\t\t\t\t\t\t\t\t<\/div>\n\t\t\t\t<\/div>\n\t\t\t\t\t<\/div>\n\t\t<\/div>\n\t\t\t\t<div class=\"elementor-column elementor-col-33 elementor-top-column elementor-element elementor-element-cf15c80\" data-id=\"cf15c80\" data-element_type=\"column\" data-e-type=\"column\">\n\t\t\t<div class=\"elementor-widget-wrap\">\n\t\t\t\t\t\t\t<\/div>\n\t\t<\/div>\n\t\t\t\t\t<\/div>\n\t\t<\/section>\n\t\t\t\t<\/div>\n\t\t","protected":false},"excerpt":{"rendered":"<p>Fatores que influenciam a qualidade do brandy e novos sistemas de produ\u00e7\u00e3o do mesmo, desde a vinha ao engarrafamento. OBJECTIVO: O projecto do cons\u00f3rcio BESTBRANDY visa empreender um projecto de I&amp;D abrangente 2016-2018 sobre a melhoria de produtos e processos na vinha, vinifica\u00e7\u00e3o, destila\u00e7\u00e3o, envelhecimento e embalagem de aguardente, com o objectivo de melhorar a [&hellip;]<\/p>\n","protected":false},"author":359,"featured_media":0,"parent":78149,"menu_order":0,"comment_status":"closed","ping_status":"closed","template":"","meta":{"_acf_changed":false,"inline_featured_image":false,"site-sidebar-layout":"no-sidebar","site-content-layout":"page-builder","ast-site-content-layout":"full-width-container","site-content-style":"unboxed","site-sidebar-style":"unboxed","ast-global-header-display":"","ast-banner-title-visibility":"","ast-main-header-display":"","ast-hfb-above-header-display":"","ast-hfb-below-header-display":"","ast-hfb-mobile-header-display":"","site-post-title":"disabled","ast-breadcrumbs-content":"","ast-featured-img":"disabled","footer-sml-layout":"","ast-disable-related-posts":"","theme-transparent-header-meta":"default","adv-header-id-meta":"","stick-header-meta":"","header-above-stick-meta":"","header-main-stick-meta":"","header-below-stick-meta":"","astra-migrate-meta-layouts":"set","ast-page-background-enabled":"default","ast-page-background-meta":{"desktop":{"background-color":"var(--ast-global-color-5)","background-image":"","background-repeat":"repeat","background-position":"center center","background-size":"auto","background-attachment":"scroll","background-type":"","background-media":"","overlay-type":"","overlay-color":"","overlay-opacity":"","overlay-gradient":""},"tablet":{"background-color":"","background-image":"","background-repeat":"repeat","background-position":"center center","background-size":"auto","background-attachment":"scroll","background-type":"","background-media":"","overlay-type":"","overlay-color":"","overlay-opacity":"","overlay-gradient":""},"mobile":{"background-color":"","background-image":"","background-repeat":"repeat","background-position":"center center","background-size":"auto","background-attachment":"scroll","background-type":"","background-media":"","overlay-type":"","overlay-color":"","overlay-opacity":"","overlay-gradient":""}},"ast-content-background-meta":{"desktop":{"background-color":"var(--ast-global-color-4)","background-image":"","background-repeat":"repeat","background-position":"center center","background-size":"auto","background-attachment":"scroll","background-type":"","background-media":"","overlay-type":"","overlay-color":"","overlay-opacity":"","overlay-gradient":""},"tablet":{"background-color":"var(--ast-global-color-4)","background-image":"","background-repeat":"repeat","background-position":"center center","background-size":"auto","background-attachment":"scroll","background-type":"","background-media":"","overlay-type":"","overlay-color":"","overlay-opacity":"","overlay-gradient":""},"mobile":{"background-color":"var(--ast-global-color-4)","background-image":"","background-repeat":"repeat","background-position":"center center","background-size":"auto","background-attachment":"scroll","background-type":"","background-media":"","overlay-type":"","overlay-color":"","overlay-opacity":"","overlay-gradient":""}},"footnotes":""},"class_list":["post-78154","page","type-page","status-publish","hentry"],"acf":[],"_links":{"self":[{"href":"https:\/\/agrovin.com\/pt-pt\/wp-json\/wp\/v2\/pages\/78154","targetHints":{"allow":["GET"]}}],"collection":[{"href":"https:\/\/agrovin.com\/pt-pt\/wp-json\/wp\/v2\/pages"}],"about":[{"href":"https:\/\/agrovin.com\/pt-pt\/wp-json\/wp\/v2\/types\/page"}],"author":[{"embeddable":true,"href":"https:\/\/agrovin.com\/pt-pt\/wp-json\/wp\/v2\/users\/359"}],"replies":[{"embeddable":true,"href":"https:\/\/agrovin.com\/pt-pt\/wp-json\/wp\/v2\/comments?post=78154"}],"version-history":[{"count":4,"href":"https:\/\/agrovin.com\/pt-pt\/wp-json\/wp\/v2\/pages\/78154\/revisions"}],"predecessor-version":[{"id":120337,"href":"https:\/\/agrovin.com\/pt-pt\/wp-json\/wp\/v2\/pages\/78154\/revisions\/120337"}],"up":[{"embeddable":true,"href":"https:\/\/agrovin.com\/pt-pt\/wp-json\/wp\/v2\/pages\/78149"}],"wp:attachment":[{"href":"https:\/\/agrovin.com\/pt-pt\/wp-json\/wp\/v2\/media?parent=78154"}],"curies":[{"name":"wp","href":"https:\/\/api.w.org\/{rel}","templated":true}]}}